{"id":9859,"date":"2019-11-21T09:16:00","date_gmt":"2019-11-21T08:16:00","guid":{"rendered":"http:\/\/nowyduninow.info.pl\/?page_id=9859"},"modified":"2024-03-26T15:28:56","modified_gmt":"2024-03-26T14:28:56","slug":"krajowe-projekty-partnerskie","status":"publish","type":"page","link":"https:\/\/nowyduninow.info.pl\/archiwum\/?page_id=9859","title":{"rendered":"Krajowe projekty partnerskie"},"content":{"rendered":"<p>W imieniu <strong>Parafii Rzymskokatolickiej pw. \u015aw. Miko\u0142aja w Nowym Duninowie z<\/strong>apraszamy do sk\u0142adania ofert na roboty budowlane w ramach zada\u0144 pn.:<\/p>\n<p><strong>Konserwacja polichromii wewn\u0105trz ko\u015bcio\u0142a pw. Niepokalanego Pocz\u0119cia NMP -etap I<br \/>\n<\/strong><\/p>\n<p>Z<a href=\"https:\/\/nowyduninow.info.pl\/wp-content\/uploads\/2024\/03\/zap-ofertowe-etap-I.pdf\">apytanie ofertowe &#8211; etap I<\/a><\/p>\n<ul>\n<li><a href=\"https:\/\/nowyduninow.info.pl\/wp-content\/uploads\/2024\/03\/formularz-oferty-Etap-I-26.03.2024.pdf\">Formularz oferty<\/a><\/li>\n<li><a href=\"https:\/\/nowyduninow.info.pl\/wp-content\/uploads\/2024\/03\/wykaz-rob\u00f3t-Etap-I-26.03.2024.pdf\">Wykaz rob\u00f3t<\/a><\/li>\n<li><a href=\"https:\/\/nowyduninow.info.pl\/wp-content\/uploads\/2024\/03\/Przedmiar-I.pdf\">Przedmiar rob\u00f3t <\/a><\/li>\n<li><a href=\"https:\/\/nowyduninow.info.pl\/wp-content\/uploads\/2024\/03\/Umowa-z-wykonawc\u0105-Nowy-Dunin\u00f3w-Etap-I-26.03.2024.pdf\">Umowa z wykonawc\u0105<\/a><\/li>\n<li><a href=\"https:\/\/nowyduninow.info.pl\/wp-content\/uploads\/2024\/03\/O\u015bwiadczenie-wykluczenie-Etap-I-26.03.2024.pdf\">O\u015bwiadczenie &#8211; wykluczenie<\/a><\/li>\n<li><a href=\"https:\/\/nowyduninow.info.pl\/wp-content\/uploads\/2024\/03\/Oswiadczenie-o-zasobie-ludzkim-Etap-I-26.03.2024.pdf\">O\u015bwiadczenie o zasobie ludzkim<\/a><\/li>\n<li><a href=\"https:\/\/nowyduninow.info.pl\/wp-content\/uploads\/2024\/03\/Oswiadczenie-o-wizji-Etap-I-26.03.2024.pdf\">O\u015bwiadczenie o wizji <\/a><\/li>\n<li><a href=\"https:\/\/nowyduninow.info.pl\/wp-content\/uploads\/2024\/03\/Oswiadczenie-o-posiadaniu-ubezpieczenia-Etap-I-26.03.2024.pdf\">O\u015bwiadczenie o posiadaniu ubezpieczenia<\/a><\/li>\n<\/ul>\n<p><strong>Konserwacja polichromii wewn\u0105trz ko\u015bcio\u0142a pw. Niepokalanego Pocz\u0119cia NMP -etap II<\/strong><\/p>\n<p><a href=\"https:\/\/nowyduninow.info.pl\/archiwum\/wp-content\/uploads\/2019\/11\/ZAPYTANIE_OFERTOWE_Nowy-Dunin\u00f3w-Etap-II-26.03.2024.pdf\">Zapytanie ofertowe &#8211; etap II<\/a><\/p>\n<ul>\n<li>F<a href=\"https:\/\/nowyduninow.info.pl\/archiwum\/wp-content\/uploads\/2019\/11\/formularz-oferty-Etap-II-26.03.2024.pdf\">ormularz oferty<\/a><\/li>\n<li>W<a href=\"https:\/\/nowyduninow.info.pl\/archiwum\/wp-content\/uploads\/2019\/11\/wykaz-rob\u00f3t-Etap-II-26.03.2024.pdf\">ykaz rob\u00f3t<\/a><\/li>\n<li><a href=\"https:\/\/nowyduninow.info.pl\/archiwum\/wp-content\/uploads\/2019\/11\/Przedmiar-II.pdf\">Przedmiar<\/a> rob\u00f3t<\/li>\n<li><a href=\"https:\/\/nowyduninow.info.pl\/archiwum\/wp-content\/uploads\/2019\/11\/Umowa-z-wykonawc\u0105-Nowy-Dunin\u00f3w-Etap-II-26.03.2024.pdf\">Umowa z wykonawc\u0105<\/a><\/li>\n<li><a href=\"https:\/\/nowyduninow.info.pl\/archiwum\/wp-content\/uploads\/2019\/11\/O\u015bwiadczenie-wykluczenie-Etap-II-26.03.2024.pdf\">O\u015bwiadczenie &#8211; wykluczenie<\/a><\/li>\n<li><a href=\"https:\/\/nowyduninow.info.pl\/archiwum\/wp-content\/uploads\/2019\/11\/Oswiadczenie-o-zasobie-ludzkim-Etap-II-26.03.2024.pdf\">O\u015bwiadczenie o zasobie ludzkim<\/a><\/li>\n<li><a href=\"https:\/\/nowyduninow.info.pl\/archiwum\/wp-content\/uploads\/2019\/11\/Oswiadczenie-o-wizji-Etap-II-26.03.2024.pdf\">O\u015bwiadczenie o wizji<\/a><\/li>\n<li><a href=\"https:\/\/nowyduninow.info.pl\/archiwum\/wp-content\/uploads\/2019\/11\/Oswiadczenie-o-posiadaniu-ubezpieczenia-Etap-II-26.03.2024.pdf\">O\u015bwiadczenie o posiadaniu ubezpieczenia<\/a><\/li>\n<li><a href=\"https:\/\/nowyduninow.info.pl\/archiwum\/wp-content\/uploads\/2019\/11\/Scan-Decyzja-budowlana-na-remont-konserwatorski-wn\u0119trza2.pdf\">Decyzja budowlana na remont konserwatorski wn\u0119trza<\/a><\/li>\n<li><a href=\"https:\/\/nowyduninow.info.pl\/archiwum\/wp-content\/uploads\/2019\/11\/Scan-Decyzja-konserwatora-na-prace-konserwatorskie-i-roboty1.pdf\">Decyzja konserwatora na prace konserwatorskie i roboty<\/a><\/li>\n<\/ul>\n<p>&nbsp;<\/p>\n<hr \/>\n<p>&nbsp;<\/p>\n<p><a href=\"https:\/\/nowyduninow.info.pl\/wp-content\/uploads\/2024\/03\/Gmina-Nowy-Dunin\u00f3w-tablica-OSP.jpg\"><img decoding=\"async\" loading=\"lazy\" class=\"aligncenter size-full wp-image-16576\" src=\"https:\/\/nowyduninow.info.pl\/wp-content\/uploads\/2024\/03\/Gmina-Nowy-Dunin\u00f3w-tablica-OSP_534.jpg\" alt=\"Gmina Nowy Dunin\u00f3w - tablica OSP_534\" width=\"534\" height=\"386\" \/><\/a><\/p>\n<hr \/>\n<p>&nbsp;<\/p>\n<p><a href=\"https:\/\/nowyduninow.info.pl\/wp-content\/uploads\/2019\/11\/tablica_mazowsze_dla_klimatu_wzor2048.jpg\"><img decoding=\"async\" loading=\"lazy\" class=\"aligncenter size-full wp-image-16162\" src=\"https:\/\/nowyduninow.info.pl\/wp-content\/uploads\/2019\/11\/tablica_mazowsze_dla_klimatu_537_soczewka.jpg\" alt=\"tablica_mazowsze_dla_klimatu_537_soczewka\" width=\"534\" height=\"378\" \/><\/a><\/p>\n<hr \/>\n<p>&nbsp;<\/p>\n<p><a href=\"https:\/\/nowyduninow.info.pl\/wp-content\/uploads\/2019\/11\/tablica_mazowsze_dla_klimatu_Soczewka2048.jpg\"><img decoding=\"async\" loading=\"lazy\" class=\"aligncenter size-full wp-image-16167\" src=\"https:\/\/nowyduninow.info.pl\/wp-content\/uploads\/2019\/11\/tablica_mazowsze_dla_klimatu_Soczewka534.jpg\" alt=\"tablica_mazowsze_dla_klimatu_Soczewka534\" width=\"534\" height=\"378\" \/><\/a><\/p>\n<hr \/>\n<p>&nbsp;<\/p>\n<p><a href=\"https:\/\/nowyduninow.info.pl\/wp-content\/uploads\/2019\/11\/tablica-Dunin\u00f3w-Du\u017cy_klimat_2048.jpg\"><img decoding=\"async\" loading=\"lazy\" class=\"aligncenter size-full wp-image-16169\" src=\"https:\/\/nowyduninow.info.pl\/wp-content\/uploads\/2019\/11\/tablica-Dunin\u00f3w-Du\u017cy_klimat_534.jpg\" alt=\"tablica - Dunin\u00f3w Du\u017cy_klimat_534\" width=\"534\" height=\"378\" \/><\/a><\/p>\n<hr \/>\n<p>&nbsp;<\/p>\n<p><a href=\"https:\/\/nowyduninow.info.pl\/wp-content\/uploads\/2019\/11\/tablica-\u015arodo\u0144_klimat_2048.jpg\"><img decoding=\"async\" loading=\"lazy\" class=\"aligncenter size-full wp-image-16170\" src=\"https:\/\/nowyduninow.info.pl\/wp-content\/uploads\/2019\/11\/tablica-\u015arodo\u0144_klimat_534.jpg\" alt=\"tablica - \u015arodo\u0144_klimat_534\" width=\"534\" height=\"378\" \/><\/a><\/p>\n<hr \/>\n<p><strong>Zadanie: \u201eDoko\u0144czenie budowy \u015bwietlicy wiejskiej w m. Wola Brwile\u0144ska\u201d <\/strong>dofinansowane ze \u015brodk\u00f3w Samorz\u0105du Wojew\u00f3dztwa Mazowieckiego w 80% warto\u015bci koszt\u00f3w kwalifikowanych zadania.<\/p>\n<p>Ca\u0142kowita warto\u015b\u0107 koszt\u00f3w kwalifikowanych zadania wynosi 124\u00a0113,15 z\u0142 brutto.<\/p>\n<p><strong>Zadanie wsp\u00f3\u0142finansowane ze \u015brodk\u00f3w Samorz\u0105du Wojew\u00f3dztwa Mazowieckiego\u201d<\/strong><\/p>\n<p><a href=\"https:\/\/nowyduninow.info.pl\/wp-content\/uploads\/2023\/10\/Centra_Edukacyjne_Wola-Brwile\u0144ska__2023.jpg\"><img decoding=\"async\" loading=\"lazy\" class=\"aligncenter size-full wp-image-16149\" src=\"https:\/\/nowyduninow.info.pl\/wp-content\/uploads\/2023\/10\/Centra_Edukacyjne_Wola-Brwile\u0144ska__2023-kopia.jpg\" alt=\"Centra_Edukacyjne_Wola Brwile\u0144ska__2023 kopia\" width=\"534\" height=\"410\" \/><\/a><\/p>\n<hr \/>\n<p>&nbsp;<\/p>\n<p><a href=\"https:\/\/nowyduninow.info.pl\/wp-content\/uploads\/2019\/11\/Tablica_nd_1200.jpg\"><img decoding=\"async\" loading=\"lazy\" class=\"aligncenter size-full wp-image-14755\" src=\"https:\/\/nowyduninow.info.pl\/wp-content\/uploads\/2019\/11\/Tablica_nd_534.jpg\" alt=\"Tablica_nd_534\" width=\"534\" height=\"378\" \/><\/a><\/p>\n<p><a href=\"https:\/\/nowyduninow.info.pl\/wp-content\/uploads\/2019\/11\/JPG_Na-stron\u0119_droga-Trzcianno.jpg\"><img decoding=\"async\" loading=\"lazy\" class=\"aligncenter size-full wp-image-12660\" src=\"https:\/\/nowyduninow.info.pl\/wp-content\/uploads\/2019\/11\/JPG_Na-stron\u0119_droga-Trzcianno_534.jpg\" alt=\"JPG_Na-stron\u0119_droga-Trzcianno_534\" width=\"534\" height=\"364\" \/><\/a><a href=\"https:\/\/nowyduninow.info.pl\/wp-content\/uploads\/2019\/11\/Tablica-na-stron\u0119-MIWOPiM-2021-1.jpg\"><img decoding=\"async\" loading=\"lazy\" class=\"aligncenter size-full wp-image-12666\" src=\"https:\/\/nowyduninow.info.pl\/wp-content\/uploads\/2019\/11\/Tablica-na-stron\u0119-MIWOPiM-2021-1_534.jpg\" alt=\"Tablica na stron\u0119 MIWOPiM 2021-1_534\" width=\"534\" height=\"364\" \/><\/a><\/p>\n<p><a href=\"https:\/\/nowyduninow.info.pl\/wp-content\/uploads\/2019\/11\/inwentaryzacja_tablica.jpg\"><img decoding=\"async\" loading=\"lazy\" class=\"aligncenter size-full wp-image-11268\" src=\"https:\/\/nowyduninow.info.pl\/wp-content\/uploads\/2019\/11\/inwentaryzacja_tablica_534.jpg\" alt=\"inwentaryzacja_tablica_534\" width=\"534\" height=\"365\" \/><\/a><a href=\"https:\/\/nowyduninow.info.pl\/wp-content\/uploads\/2019\/11\/tablica_ochrona_powietrza_2018.jpg\"><img decoding=\"async\" loading=\"lazy\" class=\"aligncenter size-full wp-image-9861\" src=\"https:\/\/nowyduninow.info.pl\/wp-content\/uploads\/2019\/11\/tablica_ochrona_powietrza_534.jpg\" alt=\"tablica_ochrona_powietrza_534\" width=\"534\" height=\"362\" \/><\/a><a href=\"https:\/\/nowyduninow.info.pl\/wp-content\/uploads\/2019\/11\/tablica_ochrona_powietrza_2018.jpg\"><img decoding=\"async\" loading=\"lazy\" class=\"aligncenter size-full wp-image-9868\" src=\"https:\/\/nowyduninow.info.pl\/wp-content\/uploads\/2019\/11\/powiat_osp.jpg\" alt=\"powiat_osp\" width=\"534\" height=\"510\" \/><\/a><\/p>\n<hr \/>\n<p><a href=\"https:\/\/www.mazovia.pl\/rolnictwo\/mazowiecki-instrument-aktywizacji-solectw-mazowsze\/mias-mazowsze-2019\/\"><img decoding=\"async\" loading=\"lazy\" class=\"aligncenter size-full wp-image-9884\" src=\"https:\/\/nowyduninow.info.pl\/wp-content\/uploads\/2019\/11\/logo_mias.jpg\" alt=\"logo_mias\" width=\"534\" height=\"104\" \/><\/a><\/p>\n<p><strong><span style=\"text-decoration: underline;\">Zestawienie \u2013 MIAS MAZOWSZE 2019<\/span><\/strong><\/p>\n<p>Wnioski o przyznanie pomocy finansowej ze \u015brodk\u00f3w w\u0142asnych bud\u017cetu wojew\u00f3dztwa mazowieckiego w ramach \u201eMazowieckiego Instrumentu Aktywizacji So\u0142ectw MAZOWSZE 2019\u201d<\/p>\n<ol>\n<li><strong>Zadanie pn. Wyposa\u017cenie \u015bwietlicy wiejskiej w m. Dzierz\u0105zna \u00a0<\/strong><\/li>\n<\/ol>\n<p><strong>So\u0142ectwo: <\/strong>Dzierz\u0105zna<\/p>\n<p><strong>Zakres: <\/strong>zostanie zakupione wyposa\u017cenie \u015bwietlicy tj. sto\u0142y, krzes\u0142a, telewizor i zestaw nag\u0142a\u015bniaj\u0105cy.<\/p>\n<p><strong>Kwota<\/strong>: realizacji zadania 20.000z\u0142 . Kwota dofinansowania 10.000z\u0142<\/p>\n<ol start=\"2\">\n<li><strong>Zadanie pn. Zakup wyposa\u017cenia promocyjno \u2013 wystawowego <\/strong><\/li>\n<\/ol>\n<p><strong>So\u0142ectwo: <\/strong>Trzcianno-Je\u017cewo<\/p>\n<p><strong>Zakres: <\/strong>zostanie zakupione wyposa\u017cenie promocyjno-wystawowe dla potrzeb so\u0142ectwa tj. du\u017cy namiot ogrodowy oraz du\u017ce parasole wraz z \u0142awkami i stolikiem min. 11 komplet\u00f3w<\/p>\n<p><strong>Kwota:<\/strong> realizacji zadania 20.000z\u0142 . Kwota dofinansowania 10.000z\u0142<\/p>\n<ol start=\"3\">\n<li><strong>Zadanie pn. <\/strong><strong>Remont \u015bwietlicy wiejskiej w m. Lipianki <\/strong><\/li>\n<\/ol>\n<p><strong>So\u0142ectwo: <\/strong>Lipianki<\/p>\n<p><strong>Zakres: <\/strong>zostanie zakupiony materia\u0142 dla potrzeb remontu sali g\u0142\u00f3wnej o wymiarach 12,8&#215;8,0m \u015bwietlicy wiejskiej w m. Lipianki gm. Nowy Dunin\u00f3w tj. g\u0142ad\u017a szpachlowa, grunt, farba, naro\u017cniki, grzejniki z termostatami oraz materia\u0142ami na przerobienia ga\u0142\u0105zek grzejnik\u00f3w, lakier do lakierowania boazerii na suficie, pod\u0142oga panelowa wraz z podk\u0142adem i listwami, przewody elektryczne wraz z oprawami, gniazdami i wy\u0142\u0105cznikami potrzebnymi do wymiany instalacji elektrycznej sali, materia\u0142y uzupe\u0142niaj\u0105ce tj. profile, ko\u0142ki, p\u0142yty g-k.<\/p>\n<p><strong>Kwota:<\/strong> realizacji zadania 20.000z\u0142 . Kwota dofinansowania 10.000z\u0142<\/p>\n<ol start=\"4\">\n<li><strong>Zadanie pn. <\/strong><strong>Zagospodarowanie terenu pla\u017cy w m. Soczewka \u2013 Etap II<\/strong><\/li>\n<\/ol>\n<p><strong>So\u0142ectwo:<\/strong> Soczewka \u2013 Brwilno Dolne<\/p>\n<p><strong>Zakres: <\/strong>obejmuje budow\u0119 wewn\u0119trznej linii o\u015bwietleniowej oraz zasilaj\u0105cej zaplecze dla ratownik\u00f3w, zakup wie\u017cy ratowniczej oraz ma\u0142ej zje\u017cd\u017calni wodnej<\/p>\n<p><strong>Kwota:<\/strong> realizacji zadania 20.000z\u0142 . Kwota dofinansowania 10.000z\u0142<\/p>\n<ol start=\"5\">\n<li><strong>Zadanie pn. Zakup i monta\u017c stolarki okiennej i drzwiowej w budynku \u015bwietlicy wiejskiej w m. Wola Brwile\u0144ska <\/strong><\/li>\n<\/ol>\n<p><strong>\u00a0\u00a0\u00a0\u00a0 So\u0142ectwo:<\/strong> Wola Brwile\u0144ska<\/p>\n<p><strong>\u00a0\u00a0\u00a0\u00a0 Zakres:<\/strong> zostanie zakupiony i zamontowany materia\u0142 dla potrzeb budowanej \u015bwietlicy wiejskiej w m. Wola Brwile\u0144ska tj. stolarka okienna oraz drzwiowa.<\/p>\n<p><strong>Kwota:<\/strong> realizacji zadania 20.000z\u0142 . Kwota dofinansowania 10.000z\u0142<a href=\"https:\/\/nowyduninow.info.pl\/wp-content\/uploads\/2019\/11\/JPG_Na-stron\u0119_droga-Trzcianno.jpg\"><img decoding=\"async\" loading=\"lazy\" class=\"aligncenter size-full wp-image-12660\" src=\"https:\/\/nowyduninow.info.pl\/wp-content\/uploads\/2019\/11\/JPG_Na-stron\u0119_droga-Trzcianno_534.jpg\" alt=\"JPG_Na-stron\u0119_droga-Trzcianno_534\" width=\"534\" height=\"364\" \/><\/a><\/p>\n","protected":false},"excerpt":{"rendered":"<p>W imieniu Parafii Rzymskokatolickiej pw. \u015aw. Miko\u0142aja w Nowym Duninowie zapraszamy do sk\u0142adania ofert na roboty budowlane w ramach zada\u0144 pn.:<\/p>\n<p>Konserwacja polichromii wewn\u0105trz ko\u015bcio\u0142a pw. Niepokalanego Pocz\u0119cia NMP -etap I<\/p>\n<p>Zapytanie ofertowe &#8211; etap I<\/p>\n<p>\tFormularz oferty<br \/>\n\tWykaz  [&#8230;]<\/p>\n","protected":false},"author":1,"featured_media":0,"parent":0,"menu_order":0,"comment_status":"closed","ping_status":"closed","template":"","meta":[],"_links":{"self":[{"href":"https:\/\/nowyduninow.info.pl\/archiwum\/index.php?rest_route=\/wp\/v2\/pages\/9859"}],"collection":[{"href":"https:\/\/nowyduninow.info.pl\/archiwum\/index.php?rest_route=\/wp\/v2\/pages"}],"about":[{"href":"https:\/\/nowyduninow.info.pl\/archiwum\/index.php?rest_route=\/wp\/v2\/types\/page"}],"author":[{"embeddable":true,"href":"https:\/\/nowyduninow.info.pl\/archiwum\/index.php?rest_route=\/wp\/v2\/users\/1"}],"replies":[{"embeddable":true,"href":"https:\/\/nowyduninow.info.pl\/archiwum\/index.php?rest_route=%2Fwp%2Fv2%2Fcomments&post=9859"}],"version-history":[{"count":17,"href":"https:\/\/nowyduninow.info.pl\/archiwum\/index.php?rest_route=\/wp\/v2\/pages\/9859\/revisions"}],"predecessor-version":[{"id":16675,"href":"https:\/\/nowyduninow.info.pl\/archiwum\/index.php?rest_route=\/wp\/v2\/pages\/9859\/revisions\/16675"}],"wp:attachment":[{"href":"https:\/\/nowyduninow.info.pl\/archiwum\/index.php?rest_route=%2Fwp%2Fv2%2Fmedia&parent=9859"}],"curies":[{"name":"wp","href":"https:\/\/api.w.org\/{rel}","templated":true}]}}