{"id":9670,"date":"2019-09-06T14:34:35","date_gmt":"2019-09-06T12:34:35","guid":{"rendered":"http:\/\/nowyduninow.info.pl\/?page_id=9670"},"modified":"2019-09-06T14:34:35","modified_gmt":"2019-09-06T12:34:35","slug":"rodo","status":"publish","type":"page","link":"https:\/\/nowyduninow.info.pl\/archiwum\/?page_id=9670","title":{"rendered":"RODO"},"content":{"rendered":"<p><strong> Klauzula informacyjna dla Klient\u00f3w Urz\u0119du Gminy w Nowym Duninowie<br \/>\ndotycz\u0105ca ochrony danych osobowych<\/strong><\/p>\n<p>Zgodnie z art. 13 ust. 1 i 2 Rozporz\u0105dzenia Parlamentu Europejskiego i Rady (UE) 2016\/679 z dnia 27 kwietnia 2016 r. w sprawie ochrony os\u00f3b fizycznych w zwi\u0105zku z przetwarzaniem danych osobowych i w sprawie swobodnego przep\u0142ywu takich danych oraz uchylenia dyrektywy 95\/46\/WE ( og\u00f3lne rozporz\u0105dzenie o ochronie danych ), dalej RODO, informujemy, \u017ce:<\/p>\n<p><strong> \u00a0 <\/strong><\/p>\n<ol>\n<li>Administratorem Pa\u0144stwa danych osobowych jest W\u00f3jt Gminy Nowy Dunin\u00f3w z siedzib\u0105 przy ul. Osiedlowej 1, 09-505 Nowy Dunin\u00f3w.<\/li>\n<\/ol>\n<ol>\n<li>Z Inspektorem Ochrony Danych Osobowych mog\u0105 si\u0119 Pa\u0144stwo skontaktowa\u0107 poprzez e-mail: <a href=\"mailto:inspektor@nowyduninow.info.pl\">inspektor@nowyduninow.info.pl <\/a> ; pod numerem telefonu 24\u00a0261 02 36 lub pisemnie na adres siedziby Administratora.<\/li>\n<li>Przetwarzamy Pa\u0144stwa dane osobowe wy\u0142\u0105cznie w celu wykonania zada\u0144 Administratora, kt\u00f3re wynikaj\u0105 z obowi\u0105zuj\u0105cych przepis\u00f3w prawa, w celu realizacji zawartych um\u00f3w lub na podstawie udzielonej zgody (art. 6 ust. 1 lit. a-c i e RODO).<\/li>\n<li>W zwi\u0105zku z przetwarzaniem danych w celu wskazanym w pkt 3 Pa\u0144stwa dane osobowe mog\u0105 by\u0107 udost\u0119pniane innym odbiorcom lub kategoriom odbiorc\u00f3w danych osobowych. Odbiorcami Pa\u0144stwa danych mog\u0105 by\u0107 tylko instytucje uprawnione na podstawie przepis\u00f3w prawa lub podmioty, kt\u00f3rym Administrator powierzy\u0142 przetwarzanie danych na podstawie zawartej umowy.<\/li>\n<\/ol>\n<ol start=\"5\">\n<li>Pa\u0144stwa dane osobowe b\u0119d\u0105 przetwarzane przez okres niezb\u0119dny do realizacji wskazanego w pkt 3 celu przetwarzania, w tym r\u00f3wnie\u017c obowi\u0105zku archiwizacyjnego wynikaj\u0105cego z przepis\u00f3w obowi\u0105zuj\u0105cego prawa.<\/li>\n<li>W zwi\u0105zku z przetwarzaniem przez Administratora Pa\u0144stwa danych osobowych, maj\u0105 Pa\u0144stwo prawo dost\u0119pu do swoich danych osobowych oraz prawo ich sprostowania, usuni\u0119cia lub ograniczenia przetwarzania, wniesienia sprzeciwu wobec przetwarzania, a tak\u017ce prawo do przenoszenia danych.<\/li>\n<\/ol>\n<ol>\n<li>W przypadkach, w kt\u00f3rych przetwarzamy Pa\u0144stwa dane osobowe na podstawie Pa\u0144stwa zgody na przetwarzanie danych osobowych,\u00a0 przys\u0142uguje Pa\u0144stwu prawo do cofni\u0119cia tej zgody \u00a0w dowolnym momencie, co nie wp\u0142ywa na zgodno\u015b\u0107 z prawem przetwarzania, kt\u00f3rego dokonano na podstawie zgody przed jej cofni\u0119ciem.<\/li>\n<li>Maj\u0105 Pa\u0144stwo prawo wniesienia skargi do organu nadzorczego, tj. Prezesa Urz\u0119du Ochrony Danych Osobowych. Mog\u0105 to Pa\u0144stwo zrobi\u0107, je\u015bli uznaj\u0105, \u017ce przetwarzamy Pa\u0144stwa dane osobowe z naruszeniem przepis\u00f3w prawa.<\/li>\n<li>Podanie przez Pa\u0144stwa danych osobowych jest obowi\u0105zkowe w sytuacji, gdy przetwarzamy Pa\u0144stwa dane osobowe na podstawie przepis\u00f3w prawa lub, gdy jest to warunkiem zawarcia umowy. W sytuacji, gdy przetwarzamy Pa\u0144stwa dane osobowe na podstawie Pa\u0144stwa zgody, podanie danych osobowych jest dobrowolne, jednak niezb\u0119dne do podj\u0119cia przez nas dalszych czynno\u015bci.<\/li>\n<li>Pa\u0144stwa danych osobowych nie b\u0119dziemy przetwarza\u0107 w spos\u00f3b zautomatyzowany i dane osobowe nie b\u0119d\u0105 profilowane.<\/li>\n<li>Pa\u0144stwa dane osobowe nie b\u0119d\u0105 przekazywane do pa\u0144stwa trzeciego\/organizacji mi\u0119dzynarodowej.<\/li>\n<\/ol>\n<hr \/>\n<p style=\"text-align: justify;\"><strong><span style=\"color: #800000;\">Wi\u0119cej informacji w Biuletynie Informacji Publicznej pod adresem: <a style=\"color: #800000;\" href=\"https:\/\/ugnowyduninow.bip.org.pl\/\" target=\"_blank\">https:\/\/ugnowyduninow.bip.org.pl,<\/a> w zak\u0142adce: Urz\u0105d Gminy\/ochrona danych osobowych.<\/span><\/strong><\/p>\n","protected":false},"excerpt":{"rendered":"<p> Klauzula informacyjna dla Klient\u00f3w Urz\u0119du Gminy w Nowym Duninowie<br \/>\ndotycz\u0105ca ochrony danych osobowych<\/p>\n<p>Zgodnie z art. 13 ust. 1 i 2 Rozporz\u0105dzenia Parlamentu Europejskiego i Rady (UE) 2016\/679 z dnia 27 kwietnia 2016 r. w sprawie ochrony os\u00f3b fizycznych w zwi\u0105zku z przetwarzaniem danych  [&#8230;]<\/p>\n","protected":false},"author":1,"featured_media":0,"parent":0,"menu_order":0,"comment_status":"closed","ping_status":"closed","template":"","meta":[],"_links":{"self":[{"href":"https:\/\/nowyduninow.info.pl\/archiwum\/index.php?rest_route=\/wp\/v2\/pages\/9670"}],"collection":[{"href":"https:\/\/nowyduninow.info.pl\/archiwum\/index.php?rest_route=\/wp\/v2\/pages"}],"about":[{"href":"https:\/\/nowyduninow.info.pl\/archiwum\/index.php?rest_route=\/wp\/v2\/types\/page"}],"author":[{"embeddable":true,"href":"https:\/\/nowyduninow.info.pl\/archiwum\/index.php?rest_route=\/wp\/v2\/users\/1"}],"replies":[{"embeddable":true,"href":"https:\/\/nowyduninow.info.pl\/archiwum\/index.php?rest_route=%2Fwp%2Fv2%2Fcomments&post=9670"}],"version-history":[{"count":1,"href":"https:\/\/nowyduninow.info.pl\/archiwum\/index.php?rest_route=\/wp\/v2\/pages\/9670\/revisions"}],"predecessor-version":[{"id":9671,"href":"https:\/\/nowyduninow.info.pl\/archiwum\/index.php?rest_route=\/wp\/v2\/pages\/9670\/revisions\/9671"}],"wp:attachment":[{"href":"https:\/\/nowyduninow.info.pl\/archiwum\/index.php?rest_route=%2Fwp%2Fv2%2Fmedia&parent=9670"}],"curies":[{"name":"wp","href":"https:\/\/api.w.org\/{rel}","templated":true}]}}