{"id":9559,"date":"2019-08-22T12:26:58","date_gmt":"2019-08-22T10:26:58","guid":{"rendered":"http:\/\/nowyduninow.info.pl\/?page_id=9559"},"modified":"2019-08-22T12:27:29","modified_gmt":"2019-08-22T10:27:29","slug":"infrastruktura-rekreacyjna","status":"publish","type":"page","link":"https:\/\/nowyduninow.info.pl\/archiwum\/?page_id=9559","title":{"rendered":"Infrastruktura rekreacyjna"},"content":{"rendered":"<p style=\"text-align: justify;\"><span class=\"fbPhotosPhotoCaption\" tabindex=\"0\" data-ft=\"{&quot;tn&quot;:&quot;K&quot;}\"><span class=\"hasCaption\"><a href=\"https:\/\/nowyduninow.info.pl\/archiwum\/wp-content\/uploads\/2019\/08\/ogrodek_www.jpg\"><img decoding=\"async\" loading=\"lazy\" class=\"aligncenter wp-image-9561 size-full\" src=\"https:\/\/nowyduninow.info.pl\/archiwum\/wp-content\/uploads\/2019\/08\/ogrodek_www_534.jpg\" alt=\"ogrodek_www_534\" width=\"534\" height=\"286\" \/><\/a><\/span><\/span><\/p>\n<hr \/>\n<p style=\"text-align: justify;\"><span id=\"fbPhotoSnowliftCaption\" class=\"fbPhotosPhotoCaption\" tabindex=\"0\" data-ft=\"{&quot;tn&quot;:&quot;K&quot;}\"><span class=\"hasCaption\">Szanowni Pa\u0144stwo, w Nowym Duninowie przy ul. W\u0142oc\u0142awskiej 3A (obok boiska sportowego) powsta\u0142a wyj\u0105tkowa infrastruktura rekreacyjno-wypoczynkowa i turystyczna, kt\u00f3ra przyczyni si\u0119 na pewno do aktywnego sp\u0119dzania czasu przez mieszka\u0144c\u00f3w oraz go\u015bci.<br \/>\nTeren na kt\u00f3rym zosta\u0142a zlokalizowana, tj. w s\u0105siedztwie zabytkowego parku i obiektu sportowego, idealnie wpisuje si\u0119 w za\u0142o\u017cenia projektu, czyli pobud<span class=\"text_exposed_show\">zanie aktywno\u015bci i rozwoju r\u00f3\u017cnych form rekreacji.<br \/>\nWarto sprawdzi\u0107 osobi\u015bcie. Np. 24 sierpnia tam w\u0142a\u015bnie zako\u0144czymy <a href=\"https:\/\/www.facebook.com\/events\/378513536145353\/?acontext=%7B%22action_history%22%3A%22null%22%7D&amp;__tn__=%2CdK%2AF-R&amp;eid=ARCg6Yr4Zu6XC9VYfOgHyd9tJm95xaeObLVBlDAuyxHZ2qQOFYeLZsHwvrZF8mVdzEKlWk9zf9NFcEyF\" data-hovercard=\"\/ajax\/hovercard\/event.php?id=378513536145353&amp;extragetparams=%7B%22__tn__%22%3A%22%2CdK%2AF-R%22%2C%22eid%22%3A%22ARCg6Yr4Zu6XC9VYfOgHyd9tJm95xaeObLVBlDAuyxHZ2qQOFYeLZsHwvrZF8mVdzEKlWk9zf9NFcEyF%22%2C%22directed_target_id%22%3Anull%2C%22groups_location%22%3Anull%7D\" data-hovercard-prefer-more-content-show=\"1\">Wakacyjny Rodzinny Rajd Rowerowy<\/a>. 23 sierpnia 2019 o godz. 17.00 zapraszamy na teren wypoczynku i rekreacji na spotkanie integracyjne. Wymienimy si\u0119 do\u015bwiadczeniami z zakresu turystyki, promocji, rekreacji. Zastanowimy si\u0119 wsp\u00f3lnie nad tym jak efektywnie wykorzysta\u0107 wybudowan\u0105 infrastruktur\u0119.<\/span><\/span><\/span><\/p>\n","protected":false},"excerpt":{"rendered":"<p>Szanowni Pa\u0144stwo, w Nowym Duninowie przy ul. W\u0142oc\u0142awskiej 3A (obok boiska sportowego) powsta\u0142a wyj\u0105tkowa infrastruktura rekreacyjno-wypoczynkowa i turystyczna, kt\u00f3ra przyczyni si\u0119 na pewno do aktywnego sp\u0119dzania czasu przez mieszka\u0144c\u00f3w oraz go\u015bci.<br \/>\nTeren na kt\u00f3rym zosta\u0142a zlokalizowana, tj.  [&#8230;]<\/p>\n","protected":false},"author":1,"featured_media":0,"parent":0,"menu_order":0,"comment_status":"closed","ping_status":"closed","template":"","meta":[],"_links":{"self":[{"href":"https:\/\/nowyduninow.info.pl\/archiwum\/index.php?rest_route=\/wp\/v2\/pages\/9559"}],"collection":[{"href":"https:\/\/nowyduninow.info.pl\/archiwum\/index.php?rest_route=\/wp\/v2\/pages"}],"about":[{"href":"https:\/\/nowyduninow.info.pl\/archiwum\/index.php?rest_route=\/wp\/v2\/types\/page"}],"author":[{"embeddable":true,"href":"https:\/\/nowyduninow.info.pl\/archiwum\/index.php?rest_route=\/wp\/v2\/users\/1"}],"replies":[{"embeddable":true,"href":"https:\/\/nowyduninow.info.pl\/archiwum\/index.php?rest_route=%2Fwp%2Fv2%2Fcomments&post=9559"}],"version-history":[{"count":1,"href":"https:\/\/nowyduninow.info.pl\/archiwum\/index.php?rest_route=\/wp\/v2\/pages\/9559\/revisions"}],"predecessor-version":[{"id":9562,"href":"https:\/\/nowyduninow.info.pl\/archiwum\/index.php?rest_route=\/wp\/v2\/pages\/9559\/revisions\/9562"}],"wp:attachment":[{"href":"https:\/\/nowyduninow.info.pl\/archiwum\/index.php?rest_route=%2Fwp%2Fv2%2Fmedia&parent=9559"}],"curies":[{"name":"wp","href":"https:\/\/api.w.org\/{rel}","templated":true}]}}