{"id":9473,"date":"2019-07-23T10:17:53","date_gmt":"2019-07-23T08:17:53","guid":{"rendered":"http:\/\/nowyduninow.info.pl\/?page_id=9473"},"modified":"2019-08-03T09:22:06","modified_gmt":"2019-08-03T07:22:06","slug":"turniej-wolnych-druzyn","status":"publish","type":"page","link":"https:\/\/nowyduninow.info.pl\/archiwum\/?page_id=9473","title":{"rendered":"Turniej Wolnych Dru\u017cyn"},"content":{"rendered":"<p>3 sierpnia 2019 r. godz. 9.00<\/p>\n<p>Ostatnie przygotowania do Turniej Wolnych Dru\u017cyn i Piknik Wakacyjny 2019 w toku. Nadwi\u015bla\u0144skie Stowarzyszenie w Woli Brwile\u0144skiej w pe\u0142nym rynsztunku stanie w Soczewce d\u0142ugo przed Wami. Demix potwierdzi\u0142 &#8211; gra dzi\u015b na ca\u0142ego ze sceny w Soczewce. Pogoda b\u0119dzie pi\u0119kna, a Osp Dzierzazna, gdyby zasz\u0142a taka potrzeba, och\u0142odzi Was. Przypominamy dru\u017cynom, kt\u00f3re si\u0119 zg\u0142osi\u0142y do Turnieju, \u017ce trzeba uzupe\u0142ni\u0107 karty zg\u0142osze\u0144 i wykona\u0107 kilka podpis\u00f3w przed Turniejem. Nieletnim przypominamy o zgodach opiekun\u00f3w na start w Turnieju (do wydrukowania tu: https:\/\/nowyduninow.info.pl\/archiwum\/?page_id=9473 &#8211; mo\u017cna napisa\u0107 odr\u0119cznie).<br \/>\nEwa Kowalak nagrody ju\u017c ma? Bo Wis\u0142a Nowy Dunin\u00f3w na pewno przygotowana.<br \/>\nOto lista dru\u017cyn, kt\u00f3re wystartuj\u0105 dzi\u015b w Turniej Wolnych Dru\u017cyn i Piknik Wakacyjny 2019:<br \/>\n1. WIS\u0141A \u2013 kpt. Mateusz Lewandowicz<br \/>\n2. ORLIK TEAM \u2013 kpt. Pawe\u0142 S\u0142owi\u0144ski<br \/>\n3. PI\u0118KNI I M\u0141ODZI \u2013 kpt. Patryk Opala<br \/>\n4. KOPENLAGE \u2013 kpt. Marcin Bartosiak<br \/>\n5. LACHMANIAK \u2013 Mateusz Ziemi\u0144ski<br \/>\n6. TELIGI \u2013 Jakub Raniszewski<br \/>\n7. KASZTANY \u2013 Sylwester Zakrzewski<br \/>\n8. HURT-PAP EGOLIT KUTNO \u2013 Jacek \u015awiderski<br \/>\n9. FC PESEL \u2013 kpt. Jacek Kruszewski<br \/>\nDo zobaczenia po godz. 15.00 w Soczewce &#8211; przy szkole<\/p>\n<p>Wa\u017cna informacja dla dzieciak\u00f3w: b\u0119d\u0105 dmucha\u0144ce, a Pani Kasia Ludwiczak przygotowuje dla Was razem z OSP Dzierz\u0105zna konkursy, gry i zabawy. We\u017acie wygodne buty i dobre humory. Czekamy na Was dzi\u015b od godz. 16.00 \ud83d\ude42<\/p>\n<hr \/>\n<hr \/>\n<p style=\"text-align: justify;\"><img decoding=\"async\" loading=\"lazy\" class=\"aligncenter size-full wp-image-9490\" src=\"https:\/\/nowyduninow.info.pl\/archiwum\/wp-content\/uploads\/2019\/07\/534_plakat_twd_piknik_soczewskav2-kopia.jpg\" alt=\"534_plakat_twd_piknik_soczewskav2 kopia\" width=\"534\" height=\"755\" \/>3 sierpnia 2019 r. spotkamy si\u0119 na VI &#8222;Turnieju Wolnych Dru\u017cyn&#8221; o Puchar W\u00f3jta Gminy Nowy Dunin\u00f3w. Jest to Turniej otwarty bez ogranicze\u0144 wiekowych.<\/p>\n<p style=\"text-align: justify;\">Ilo\u015b\u0107 dru\u017cyn jest ograniczona. Decyduje kolejno\u015b\u0107 zg\u0142osze\u0144. Zg\u0142oszenia przyjmujemy do dnia 30 lipca 2019 r. do godz. 15.00. Pami\u0119tajcie o zasadzie &#8211; w dru\u017cynie mo\u017ce gra\u0107 tylko jeden zawodnik zrzeszony (czynnie uprawiaj\u0105cy pi\u0142k\u0119 no\u017cn\u0105).<\/p>\n<p><strong>Regulamin<\/strong> Turnieju:<\/p>\n<ul>\n<li><a href=\"https:\/\/nowyduninow.info.pl\/archiwum\/wp-content\/uploads\/2019\/07\/regulamin_twd_2019v2.pdf\" target=\"_blank\">pdf<\/a><\/li>\n<\/ul>\n<p>Karta <strong>Zg\u0142oszenia<\/strong>:<\/p>\n<ul>\n<li><a href=\"https:\/\/nowyduninow.info.pl\/archiwum\/wp-content\/uploads\/2019\/07\/zgloszenie_twd_2019_v2.pdf\" target=\"_blank\">pdf<\/a><\/li>\n<li><a href=\"https:\/\/nowyduninow.info.pl\/archiwum\/wp-content\/uploads\/2019\/07\/zgloszenie_twd_2019_v2.doc\" target=\"_blank\">doc<\/a><\/li>\n<li><a href=\"https:\/\/nowyduninow.info.pl\/archiwum\/wp-content\/uploads\/2019\/07\/zgloszenie_twd_2019_v2.jpg\" target=\"_blank\">jpg<\/a><\/li>\n<\/ul>\n<p><strong>Zgoda<\/strong> <strong>opiekuna<\/strong> na udzia\u0142 w Turnieju:<\/p>\n<ul>\n<li><a href=\"https:\/\/nowyduninow.info.pl\/archiwum\/wp-content\/uploads\/2019\/07\/zgoda_przetwarzanie_twd_2019_v2.jpg\" target=\"_blank\">pdf<\/a><\/li>\n<li><a href=\"https:\/\/nowyduninow.info.pl\/archiwum\/wp-content\/uploads\/2019\/07\/zgoda_przetwarzanie_twd_2019_v2.doc\" target=\"_blank\">doc<\/a><\/li>\n<li><a href=\"https:\/\/nowyduninow.info.pl\/archiwum\/wp-content\/uploads\/2019\/07\/zgoda_przetwarzanie_twd_2019_v2.jpg\" target=\"_blank\">jpg<\/a><\/li>\n<\/ul>\n","protected":false},"excerpt":{"rendered":"<p>3 sierpnia 2019 r. godz. 9.00<\/p>\n<p>Ostatnie przygotowania do Turniej Wolnych Dru\u017cyn i Piknik Wakacyjny 2019 w toku. Nadwi\u015bla\u0144skie Stowarzyszenie w Woli Brwile\u0144skiej w pe\u0142nym rynsztunku stanie w Soczewce d\u0142ugo przed Wami. Demix potwierdzi\u0142 &#8211; gra dzi\u015b na ca\u0142ego ze sceny w Soczewce. Pogoda b\u0119dzie  [&#8230;]<\/p>\n","protected":false},"author":1,"featured_media":0,"parent":0,"menu_order":0,"comment_status":"closed","ping_status":"closed","template":"","meta":[],"_links":{"self":[{"href":"https:\/\/nowyduninow.info.pl\/archiwum\/index.php?rest_route=\/wp\/v2\/pages\/9473"}],"collection":[{"href":"https:\/\/nowyduninow.info.pl\/archiwum\/index.php?rest_route=\/wp\/v2\/pages"}],"about":[{"href":"https:\/\/nowyduninow.info.pl\/archiwum\/index.php?rest_route=\/wp\/v2\/types\/page"}],"author":[{"embeddable":true,"href":"https:\/\/nowyduninow.info.pl\/archiwum\/index.php?rest_route=\/wp\/v2\/users\/1"}],"replies":[{"embeddable":true,"href":"https:\/\/nowyduninow.info.pl\/archiwum\/index.php?rest_route=%2Fwp%2Fv2%2Fcomments&post=9473"}],"version-history":[{"count":6,"href":"https:\/\/nowyduninow.info.pl\/archiwum\/index.php?rest_route=\/wp\/v2\/pages\/9473\/revisions"}],"predecessor-version":[{"id":9532,"href":"https:\/\/nowyduninow.info.pl\/archiwum\/index.php?rest_route=\/wp\/v2\/pages\/9473\/revisions\/9532"}],"wp:attachment":[{"href":"https:\/\/nowyduninow.info.pl\/archiwum\/index.php?rest_route=%2Fwp%2Fv2%2Fmedia&parent=9473"}],"curies":[{"name":"wp","href":"https:\/\/api.w.org\/{rel}","templated":true}]}}