{"id":90,"date":"2014-02-26T10:53:59","date_gmt":"2014-02-26T09:53:59","guid":{"rendered":"http:\/\/mckomptech.nazwa.pl\/nowyduninow\/?page_id=90"},"modified":"2025-10-16T10:41:08","modified_gmt":"2025-10-16T08:41:08","slug":"inwestycje","status":"publish","type":"page","link":"https:\/\/nowyduninow.info.pl\/archiwum\/?page_id=90","title":{"rendered":"Nasze projekty"},"content":{"rendered":"<p><a href=\"https:\/\/nowyduninow.info.pl\/archiwum\/wp-content\/uploads\/2014\/02\/aktywny-maluch.jpg\"><img decoding=\"async\" loading=\"lazy\" src=\"https:\/\/nowyduninow.info.pl\/archiwum\/wp-content\/uploads\/2014\/02\/aktywny-maluch-1024x181.jpg\" alt=\"aktywny maluch\" width=\"544\" height=\"101\" class=\"aligncenter size-large wp-image-20015\" \/><\/a><\/p>\n<p><!DOCTYPE html><br \/>\n<html lang=\"pl\"><br \/>\n<head><br \/>\n    <meta charset=\"UTF-8\"><br \/>\n    <title>Podw\u00f3jna Linia<\/title><\/p>\n<style>\n        .double-line {\n            border-top: 3px double black;\n            margin: 20px 0;\n        }\n    <\/style>\n<p><\/head><br \/>\n<body><\/p>\n<p>\n<strong>Gmina Nowy Dunin\u00f3w otrzyma\u0142a dofinansowanie na zadanie polegaj\u0105ce na tworzeniu miejsc opieki nad dzie\u0107mi w wieku do lat 3 w ramach Programu rozwoju instytucji opieki nad dzie\u0107mi w wieku do lat 3 Aktywny Maluch 2022-2029 pn. \u201eUtworzenie Klubu Dzieci\u0119cego \u201eMali odkrywcy\u201d.<\/strong><br \/>\nW ramach realizacji projektu zostan\u0105 przeprowadzone nast\u0119puj\u0105ce dzia\u0142ania:<br \/>\n\u2022\tUtworzenie klubu dzieci\u0119cego w obiekcie Szko\u0142y Podstawowej w Soczewce, przy ulicy Ks. Paw\u0142a Kwiatkowskiego 1, 09-506 Soczewka,<br \/>\n\u2022\tZakup wyposa\u017cenia (w tym m. in. meble, wyposa\u017cenie wypoczynkowe, wyposa\u017cenie sanitarne, wyposa\u017cenie kuchenne, zabawki), w zakresie niezb\u0119dnym do prawid\u0142owego funkcjonowania klubu dzieci\u0119cego,<br \/>\n\u2022\tWyposa\u017cenie i monta\u017c placu zabaw wraz z bezpieczn\u0105 nawierzchni\u0105 i ogrodzeniem,<br \/>\n\u2022\tZagospodarowanie terenu wok\u00f3\u0142 budynku.<\/p>\n<p><strong>Celem projektu jest utworzenie 10 nowych miejsc opieki nad dzie\u0107mi w wieku do lat 3<br \/>\ni dofinansowanie funkcjonowania tych miejsc w okresie 36 miesi\u0119cy.<\/strong><\/p>\n<p><strong>Do kogo skierowany jest projekt? Kto z niego skorzysta?<\/strong><br \/>\nDzieci, w tym dzieci z niepe\u0142nosprawno\u015bciami lub wymagaj\u0105ce szczeg\u00f3lnej opieki, do uko\u0144czenia roku szkolnego, w kt\u00f3rym dziecko uko\u0144czy 3 rok \u017cycia lub d\u0142u\u017cej, zgodnie z ustaw\u0105 z dnia 4 lutego 2011 r. o opiece nad dzie\u0107mi w wieku do lat 3 oraz z ustaw\u0105 z dnia 12 marca 2022 r. o pomocy obywatelom Ukrainy w zwi\u0105zku z konfliktem zbrojnym na terytorium tego pa\u0144stwa; rodzice; opiekunowie.<\/p>\n<p>Dofinansowanie na utworzenie Klubu Dzieci\u0119cego \u2013 warto\u015b\u0107 zadania: <strong>707 594,40 z\u0142<\/strong><\/p>\n<p>Warto\u015b\u0107 dofinansowania z KPO: <strong>575 280,00 z\u0142<\/strong><\/p>\n<p>\u015arodki z bud\u017cetu pa\u0144stwa: <strong>132 314,40 z\u0142<\/strong><br \/>\nDofinansowanie na bie\u017c\u0105ce funkcjonowanie Klubu Dzieci\u0119cego \u2013 <strong>300 960,00 z\u0142<\/strong><\/p>\n<p>#FunduszeUE  #FunduszeEuropejskie  #NextGenerationEU<\/p>\n<div class=\"double-line\"><\/div>\n<p><\/body><br \/>\n<\/html><\/p>\n<p>W\u00f3jt podpisa\u0142 umowy z Mazowieckim Oddzia\u0142em Wojew\u00f3dzkim w Warszawie Narodowego Funduszu Zdrowia na dofinansowanie do realizacji dw\u00f3ch program\u00f3w polityki zdrowotnej:<\/p>\n<ol>\n<li>\u201eProgram profilaktyki wad postawy dla uczni\u00f3w klas V szko\u0142y podstawowej w 2019 r.\u201d<\/li>\n<li>\u201eProgram profilaktyki pr\u00f3chnicy dla dzieci z gminy Nowy Dunin\u00f3w w latach 2019-2021 realizowany przez Gmin\u0119 Nowy Dunin\u00f3w\u201d<\/li>\n<\/ol>\n<p><strong>\u201eProgram profilaktyki wad postawy dla uczni\u00f3w klas V szko\u0142y podstawowej \u00a0w 2019 r.\u201d<\/strong> &#8211; skierowany jest do uczni\u00f3w V klas szko\u0142y podstawowej na terenie gminy Nowy Dunin\u00f3w ( 1 szko\u0142a podstawowa ) oraz ich rodzic\u00f3w\/opiekun\u00f3w prawnych, w roku szkolnym 2018\/2019. W ramach projektu zaplanowano:<\/p>\n<ol>\n<li>zaj\u0119cia edukacyjne dla rodzic\u00f3w\/opiekun\u00f3w prawnych i dzieci z grupy docelowej z zakresu profilaktyki wad postawy;<\/li>\n<li>gimnastyk\u0119 korekcyjn\u0105 prowadzon\u0105 przez nauczycieli realizuj\u0105cych gimnastyk\u0119 korekcyjn\u0105 w szkole;<\/li>\n<li>badania przesiewowe w\u015br\u00f3d uczni\u00f3w stanowi\u0105cych grup\u0119 docelow\u0105;<\/li>\n<li>zaj\u0119cia grupowe kinezyterapii &#8211; \u0107wiczenia grupowe prowadzone przez fizjoterapeut\u0119 w szkole;<\/li>\n<li>zaj\u0119cia kinezyterapii \u2013 praca indywidualna w siedzibie realizatora;<\/li>\n<li>wydanie skierowania do poradni specjalistycznej w ramach NFZ.<\/li>\n<\/ol>\n<p>Planowana warto\u015b\u0107 projektu wynosi <strong>15 250,00 z\u0142.<\/strong><\/p>\n<p><strong>\u201eProgram profilaktyki pr\u00f3chnicy dla dzieci z gminy Nowy Dunin\u00f3w w latach 2019-2021 realizowany przez Gmin\u0119 Nowy Dunin\u00f3w\u201d \u2013 <\/strong>w roku 2019 skierowany do dzieci w wieku od 6 do 8 lat b\u0119d\u0105cych mieszka\u0144cami gminy Nowy Dunin\u00f3w oraz ich rodzic\u00f3w\/opiekun\u00f3w prawnych. W ramach projektu zaplanowano:<\/p>\n<ol>\n<li>zaj\u0119cia edukacyjne dla rodzic\u00f3w\/opiekun\u00f3w prawnych i dzieci z grupy docelowej z zakresu profilaktyki wad postawy;<\/li>\n<li>badanie stomatologiczne z instruktarzem higieny jamy ustnej;<\/li>\n<li>lakowanie bruzd pierwszych trzonowc\u00f3w sta\u0142ych;<\/li>\n<li>badanie stomatologiczne kontrolne w ramach NFZ.<\/li>\n<\/ol>\n<p>Planowana warto\u015b\u0107 projektu w 2019 r. wynosi <strong>25 440,00 z\u0142.<\/strong><\/p>\n<p>Ca\u0142kowita warto\u015b\u0107 projektu wynosi <strong>40\u00a0200,00 z\u0142.<\/strong><\/p>\n<p>NFZ dofinansuje projekty w wysoko\u015bci 80 % ich warto\u015bci.<\/p>\n<p>W dniu 11 kwietnia 2019 r. W\u00f3jt og\u0142osi\u0142 nab\u00f3r na realizatora ww. projekt\u00f3w. Nab\u00f3r do projekt\u00f3w rozpocznie si\u0119 jeszcze w miesi\u0105cu kwietniu bie\u017c\u0105cego roku.<\/p>\n<hr \/>\n<p>&nbsp;<\/p>\n<p><a href=\"https:\/\/nowyduninow.info.pl\/archiwum\/wp-content\/uploads\/2014\/02\/placzabaw534.jpg\"><img decoding=\"async\" loading=\"lazy\" class=\"size-medium wp-image-1345 aligncenter\" src=\"https:\/\/nowyduninow.info.pl\/archiwum\/wp-content\/uploads\/2014\/02\/placzabaw534-300x205.jpg\" alt=\"placzabaw534\" width=\"300\" height=\"205\" \/><\/a><\/p>\n<p>&nbsp;<\/p>\n<hr \/>\n<p style=\"text-align: justify;\">Plan rozwoju lokalnego na lata 2007 &#8211; 2013 to zbi\u00f3r planowanych przez nasze w\u0142adze samorz\u0105dowe inwestycji. Dokument ten nie pozostaje jednak bez zmian. W 2007 roku, podczas prac nad du\u017cym projektem realizowanym wraz ze Zwi\u0105zkiem Gmin Regionu P\u0142ockiego (Og\u00f3lnodost\u0119pne strefy rekreacji) koniecznym sta\u0142o si\u0119 wprowadzenie zmian tak\u017ce do naszego Planu. St\u0105d Uchwa\u0142a podj\u0119ta 23.03.2007 roku.<\/p>\n<p style=\"text-align: justify;\">Poni\u017cej linki do dokument\u00f3w opisuj\u0105cych nasze<strong>\u00a0zamierzenia na lata 2007 \u2013 2013:<\/strong><\/p>\n<ol style=\"text-align: justify;\">\n<li><a href=\"http:\/\/www.nowyduninow.info.pl\/file.php\/?file=prl_lata20072013.pdf\">Planu Rozwoju Lokalnego Gminy Nowy Dunin\u00f3w na lata 2007-2013<\/a><\/li>\n<li><a href=\"https:\/\/nowyduninow.info.pl\/archiwum\/file.php?file=zal_2do_wpi26_10_2006.pdf\">Za\u0142\u0105cznik Nr 2 do Uchwa\u0142y Nr 289\/XLII\/06 Rady Gminy w Nowym Duninowie z dnia 26.10.2006 r. &#8211; ZA\u0141O\u017bENIA WIELOLETNIEGO PLANU INWESTYCYJNEGO na lata 2007-2013<\/a><\/li>\n<li><a href=\"https:\/\/nowyduninow.info.pl\/archiwum\/file.php?file=uch_2007_wpi_prl_zmiany23_03_2007_uchwalony.pdf\">UCHWA\u0141A Nr 41\/VI\/07 Rady Gminy w Nowym Duninowie z dnia 23 marca 2007 r. w sprawie: wprowadzenia zmian do Uchwa\u0142y nr 289\/XLII\/06 Rady Gminy Nowy Dunin\u00f3w z dnia 26 pa\u017adziernika 2006 r. w sprawie przyj\u0119cia Planu Rozwoju Lokalnego Gminy Nowy Dunin\u00f3w na lata 2007-2013.<\/a><\/li>\n<\/ol>\n<p style=\"text-align: justify;\">\n","protected":false},"excerpt":{"rendered":"<p>    Podw\u00f3jna Linia<\/p>\n<p>        .double-line {<br \/>\n            border-top: 3px double black;<br \/>\n            margin: 20px 0;<br \/>\n        }<\/p>\n<p>Gmina Nowy Dunin\u00f3w otrzyma\u0142a dofinansowanie na zadanie polegaj\u0105ce na tworzeniu miejsc opieki nad dzie\u0107mi w wieku do lat 3 w ramach  [&#8230;]<\/p>\n","protected":false},"author":1,"featured_media":0,"parent":0,"menu_order":0,"comment_status":"open","ping_status":"open","template":"","meta":[],"_links":{"self":[{"href":"https:\/\/nowyduninow.info.pl\/archiwum\/index.php?rest_route=\/wp\/v2\/pages\/90"}],"collection":[{"href":"https:\/\/nowyduninow.info.pl\/archiwum\/index.php?rest_route=\/wp\/v2\/pages"}],"about":[{"href":"https:\/\/nowyduninow.info.pl\/archiwum\/index.php?rest_route=\/wp\/v2\/types\/page"}],"author":[{"embeddable":true,"href":"https:\/\/nowyduninow.info.pl\/archiwum\/index.php?rest_route=\/wp\/v2\/users\/1"}],"replies":[{"embeddable":true,"href":"https:\/\/nowyduninow.info.pl\/archiwum\/index.php?rest_route=%2Fwp%2Fv2%2Fcomments&post=90"}],"version-history":[{"count":17,"href":"https:\/\/nowyduninow.info.pl\/archiwum\/index.php?rest_route=\/wp\/v2\/pages\/90\/revisions"}],"predecessor-version":[{"id":20486,"href":"https:\/\/nowyduninow.info.pl\/archiwum\/index.php?rest_route=\/wp\/v2\/pages\/90\/revisions\/20486"}],"wp:attachment":[{"href":"https:\/\/nowyduninow.info.pl\/archiwum\/index.php?rest_route=%2Fwp%2Fv2%2Fmedia&parent=90"}],"curies":[{"name":"wp","href":"https:\/\/api.w.org\/{rel}","templated":true}]}}