{"id":9,"date":"2014-02-25T14:54:10","date_gmt":"2014-02-25T13:54:10","guid":{"rendered":"http:\/\/mckomptech.nazwa.pl\/nowyduninow\/?page_id=9"},"modified":"2025-08-06T14:23:18","modified_gmt":"2025-08-06T12:23:18","slug":"kontakt","status":"publish","type":"page","link":"https:\/\/nowyduninow.info.pl\/archiwum\/?page_id=9","title":{"rendered":"Kontakt"},"content":{"rendered":"<p style=\"text-align: left;\"><strong><span style=\"color: #222222;\">Urz\u0105d Gminy\u00a0<\/span><span style=\"color: #222222;\">w Nowym Duninowie<\/span><\/strong><br style=\"color: #222222;\" \/><span style=\"color: #222222;\">ul. Osiedlowa 1<\/span><br style=\"color: #222222;\" \/><span style=\"color: #222222;\">09 -505 Nowy Dunin\u00f3w<\/span><\/p>\n<p style=\"text-align: left;\"><b style=\"color: #222222;\">tel. <\/b><span style=\"color: #222222;\">(024) 261 02 36 lub <\/span><span style=\"color: #222222;\">(024) 261 02 72<\/span><\/p>\n<p style=\"text-align: left;\">fax.: <span style=\"color: #222222;\">(024) 261 02 36 lub <\/span><span style=\"color: #222222;\">(024) 261 02 72<\/span> wew. 106<\/p>\n<p style=\"text-align: left;\"><span style=\"font-size: small;\">Urz\u0105d Gminy czynny jest od poniedzia\u0142ku do pi\u0105tku<br \/>\nw godzinach od 7<sup> 00 <\/sup> &#8211; 15<sup> 00<\/sup> , w \u015brody od 9<sup> \u00a000<\/sup> do 17<sup> \u00a000<\/sup><\/span><\/p>\n<p style=\"text-align: left;\"><a href=\"http:\/\/ugnowyduninow.bip.org.pl\/\" target=\"_blank\"><span style=\"color: #ff0000;\">Biuletyn Informacji Publicznej<\/span><span style=\"color: #ff0000;\">:<\/span> http:\/\/ugnowyduninow.bip.org.pl\/<\/a><\/p>\n<p style=\"text-align: left;\"><b style=\"color: #222222;\">e-mail:<br \/>\n<\/b><a style=\"color: #000000;\" href=\"mailto:ug@nowyduninow.info.pl\">Urz\u0105d Gminy &#8211; ug@nowyduninow.info.pl<br \/>\n<\/a><a href=\"mailto:promocja@nowyduninow.info.pl\">Administrator strony<\/a> &#8211; k.zoltowska@nowyduninow.info.pl<\/p>\n<p style=\"text-align: left;\">Adres <strong>skrytki e-PUAP<\/strong>: \/ugnowyduninow\/skrytka<\/p>\n<p style=\"text-align: left;\">Adres do e-dor\u0119cze\u0144:\u00a0<strong>AE:PL-15111-35601-RCHDV-18<\/strong><\/p>\n<p style=\"text-align: left;\">==============================&#8212;<\/p>\n<p><span style=\"font-size: small;\"> <span style=\"color: #2b8000;\"> <strong> W\u00f3jt Gminy Karol Gutkowicz<\/strong><br \/>\n<\/span> tel. 0 24 261 \u2013 02 \u2013 36<\/span><\/p>\n<p><span style=\"font-size: small;\"><br \/>\n<\/span><\/p>\n<p><span style=\"font-size: small;\"> <span style=\"color: #2b8000;\"> <strong> Sekretarz<\/strong> <strong>Gminy<\/strong> Monika Berger<\/span><br \/>\ntel. 0 24 261 \u2013 02 \u2013 72 w. 103<\/span><\/p>\n<p>512 372 511<\/p>\n<p><span style=\"font-size: small;\"> <span style=\"color: #2b8000;\"> <strong> Skarbnik Gminy<\/strong> Sylwia Zawadzka<\/span> <\/span><\/p>\n<p><span style=\"font-size: small;\"> tel.0 24 261 \u2013 02 \u2013 72 w. 104<\/span><\/p>\n<p>789 803 862<\/p>\n<div align=\"center\"><img decoding=\"async\" src=\"http:\/\/ugnowyduninow.bip.org.pl\/obrazy\/liniazielona.gif\" alt=\"\" border=\"0\" \/><\/div>\n<p><span style=\"font-size: small;\"> <span style=\"color: #2b8000;\"> <strong> Referat Finansowy<\/strong> :<\/span> <\/span><\/p>\n<p><span style=\"font-size: small;\"> <span style=\"color: #2b8000;\"> Ksi\u0119gowo\u015b\u0107<\/span><br \/>\ntel. 0 24 261 \u2013 02 \u2013 36 w. 114<\/span><\/p>\n<p>512 372 509<\/p>\n<p><span style=\"font-size: small;\"> <span style=\"color: #2b8000;\"> Podatki<\/span><br \/>\ntel. 0 24 261 \u2013 02 \u2013 36 w. 105<\/span><\/p>\n<p>509 220 386<br \/>\n<span style=\"font-size: small;\"> <span style=\"color: #2b8000;\"> Egzekucja op\u0142at za gospodarowanie odpadami<\/span> <\/span><\/p>\n<p><span style=\"font-size: small;\"> tel. 0 24 261 \u2013 02 \u2013 36 w. 122<\/span><\/p>\n<p>512 372 516<\/p>\n<p><span style=\"font-size: small;\"> <span style=\"color: #2b8000;\"> Ewidencja dzia\u0142alno\u015bci gospodarczej<\/span><br \/>\ntel. 0 24 261 \u2013 02 \u2013 36 w. 115<\/span><\/p>\n<p>512 372 508<\/p>\n<div align=\"center\"><span style=\"font-size: small;\"> <span style=\"color: #2b8000;\"> <strong> <img decoding=\"async\" src=\"http:\/\/ugnowyduninow.bip.org.pl\/obrazy\/liniazielona.gif\" alt=\"\" border=\"0\" \/> <\/strong> <\/span> <\/span><\/div>\n<p><span style=\"font-size: small;\"> <span style=\"color: #2b8000;\"> <strong> Urz\u0105d Stanu Cywilnego<\/strong> <\/span><br \/>\ntel. 0 24 261 \u2013 02 \u2013 36 w. 107<\/span><\/p>\n<p>512 372 521<\/p>\n<div align=\"center\"><span style=\"font-size: small;\"> <span style=\"color: #2b8000;\"> <img decoding=\"async\" src=\"http:\/\/ugnowyduninow.bip.org.pl\/obrazy\/liniazielona.gif\" alt=\"\" border=\"0\" \/> <\/span> <\/span><\/div>\n<p><span style=\"font-size: small;\"> <span style=\"color: #2b8000;\"><strong> Referat Rozwoju Gospodarczego<\/strong><br \/>\n<\/span> <\/span><\/p>\n<p><span style=\"font-size: small;\"> <span style=\"color: #2b8000;\"> Gospodarka odpadami<\/span> <\/span><\/p>\n<p><span style=\"font-size: small;\"> tel. 0 24 261 \u2013 02 \u2013 36 w. 122<\/span><\/p>\n<p>512 372 516<\/p>\n<p><span style=\"font-size: small;\"> <span style=\"color: #2b8000;\"> Rolnictwo, Gospodarka Gruntami, Ochrona \u015arodowiska i Planowanie Przestrzenne<\/span><br \/>\ntel. 0 24 261 \u2013 02 \u2013 36 w. 113<\/span><\/p>\n<p>512372517<\/p>\n<p><span style=\"font-size: small;\"> <span style=\"color: #2b8000;\"> Inwestycje, Gospodarka Komunalna i Zam\u00f3wienia Publiczne<\/span><br \/>\ntel. 0 24 261 \u2013 02 \u2013 36 w. 110<\/span><\/p>\n<p>506 613 661<\/p>\n<div align=\"center\"><span style=\"font-size: small;\"> <img decoding=\"async\" src=\"http:\/\/ugnowyduninow.bip.org.pl\/obrazy\/liniazielona.gif\" alt=\"\" border=\"0\" \/> <\/span><\/div>\n<p><span style=\"font-size: small;\"> <span style=\"color: #2b8000;\"><strong> Referat Organizacyjny i Spraw Obywatelskich:<\/strong> <\/span> <\/span><\/p>\n<p><span style=\"font-size: small;\"><span style=\"color: #2b8000;\"> Sekretariat, Archiwum Zak\u0142adowe<\/span><\/span><b><span style=\"font-size: small;\"><span style=\"color: #2b8000;\"><br \/>\n<\/span> <\/span> <\/b><\/p>\n<p><span style=\"font-size: small;\"> tel. 0 24 261 \u2013 02 \u2013 36 w. 101<\/span><\/p>\n<p><span style=\"font-size: small;\"> <span style=\"color: #2b8000;\"> Ewidencja Ludno\u015bci <\/span> <\/span><\/p>\n<p><span style=\"font-size: small;\"> tel. 0 24 261 \u2013 02 \u2013 36 w. 107<\/span><\/p>\n<p>512 372 521<\/p>\n<p><span style=\"font-size: small;\"> <span style=\"color: #2b8000;\"> <span style=\"color: #008000;\"> Promocja, Turystyka, Sport, Informatyka, Teleinformatyka<\/span><strong><br \/>\n<\/strong> <\/span> tel. 0 24 261 \u2013 02 \u2013 36 w. 120<\/span><\/p>\n<p>512 372 522<\/p>\n<p><span style=\"font-size: small;\"><span style=\"color: #008000;\"> Obrona<\/span><span style=\"color: #2b8000;\"> Cywilna<\/span><span style=\"color: #2b8000;\"><br \/>\n<\/span> tel. 0 24 261 \u2013 02 \u2013 36 w. 108<br \/>\n<\/span><\/p>\n<p>501 579 142<\/p>\n<div align=\"center\"><img decoding=\"async\" style=\"text-align: left;\" src=\"http:\/\/ugnowyduninow.bip.org.pl\/obrazy\/liniazielona.gif\" alt=\"\" border=\"0\" \/><\/div>\n<p>&nbsp;<\/p>\n<p><span style=\"font-size: small;\"><strong><span style=\"color: #2b8000;\">Inspektor Ochrony Danych Osobowych<\/span><\/strong><\/span><\/p>\n<p>tel. 0 24 261 &#8211; 02 &#8211; 36 w. 117<\/p>\n<p>789 803 866<\/p>\n<div align=\"center\"><img decoding=\"async\" src=\"http:\/\/ugnowyduninow.bip.org.pl\/obrazy\/liniazielona.gif\" alt=\"\" border=\"0\" \/><\/div>\n<div align=\"center\">\n<p style=\"text-align: left;\"><span style=\"color: #2b8000; font-size: small;\"><b>Ekodoradca<\/b><\/span><\/p>\n<p style=\"text-align: left;\">452 075 811<\/p>\n<\/div>\n<div align=\"center\"><img decoding=\"async\" src=\"http:\/\/ugnowyduninow.bip.org.pl\/obrazy\/liniazielona.gif\" alt=\"\" border=\"0\" \/><\/div>\n<div align=\"center\"><\/div>\n<p><span style=\"font-size: small;\"><strong><span style=\"color: #2b8000;\">Biuro Rady Gminy<\/span> <\/strong> <\/span><\/p>\n<p><span style=\"font-size: small;\"> <span style=\"color: #2b8000;\"> <strong> Przewodnicz\u0105cy Rady Gminy <\/strong> Andrzej Pietrzak<br \/>\n<\/span> tel. 0 24 261 \u2013 02 \u2013 36 w. 111<\/span><\/p>\n<p>Pracownik biura rady gminy<\/p>\n<p>tel. 24 261-02-36 w. 111<\/p>\n<p>512 372 519<\/p>\n<p>&nbsp;<\/p>\n<div align=\"center\"><strong><span style=\"color: #008000;\"><img decoding=\"async\" src=\"http:\/\/ugnowyduninow.bip.org.pl\/obrazy\/liniazielona.gif\" alt=\"\" border=\"0\" \/><\/span><\/strong><\/div>\n<p><strong><span style=\"color: #008000;\">Konserwatorzy:<\/span><\/strong><\/p>\n<p>Wojciech Kijek 504 297 384<\/p>\n<p>Roman \u0141uczak 504 423 801<\/p>\n<p>S\u0142awomir Ciszewski 509 220 405<\/p>\n<p>Krzysztof Mierzejewski 888 820 921<br \/>\n<img decoding=\"async\" src=\"http:\/\/ugnowyduninow.bip.org.pl\/obrazy\/liniazielona.gif\" alt=\"\" border=\"0\" \/><\/p>\n<p><span style=\"font-size: small;\"><span style=\"color: #2b8000;\"><strong>Gminny O\u015brodek Pomocy Spo\u0142ecznej<br \/>\n<\/strong> <\/span> tel. 0 24 261 \u2013 02 \u2013 36 w. 109 lub 24\/ 261 14 14<br \/>\n<\/span><\/p>\n<p><span style=\"font-size: small;\"> <span style=\"color: #2b8000;\"> <strong> Gminna Biblioteka Publiczna<\/strong> w Nowym Duninowie<\/span> <\/span><\/p>\n<p><span style=\"font-size: small;\"> <span style=\"color: #2b8000;\"> ul. Gostyni\u0144ska 1<\/span> <\/span><\/p>\n<p><span style=\"font-size: small;\"> <span style=\"color: #2b8000;\"> 09-505 Nowy Dunin\u00f3w<br \/>\n<\/span> tel. 0 24 261 \u2013 02 \u2013 38<\/span><\/p>\n<p><span style=\"font-size: small;\"><span style=\"color: #2b8000;\"><strong>Gminny O\u015brodek Kultury <\/strong> w Nowym Duninowie z siedzib\u0105 w Soczewce<\/span> <\/span><\/p>\n<p><span style=\"font-size: small;\"> <span style=\"color: #2b8000;\"> <strong> \u015awietlica\u00a0Socjoterapeutyczna<\/strong> <\/span> <\/span><\/p>\n<p><span style=\"color: #008000;\">ul. im. Ks. Paw\u0142a Kwiatkowskiego 1<\/span><\/p>\n<p><span style=\"font-size: small;\"><span style=\"color: #2b8000;\">09-506 Soczewka<br \/>\n<\/span> tel. 0 24 261 \u2013 01 \u2013 51 lub\u00a0 <\/span>506 613 534<\/p>\n<p><span style=\"font-size: small;\"><span style=\"color: #2b8000;\"><strong>Zesp\u00f3\u0142 Szk\u00f3\u0142 w Nowym Duninowie <\/strong>im. ks. Kardyna\u0142a Stefana Wyszy\u0144skiego w Nowym Duninowie<\/span><br \/>\n09-505 Nowy Dunin\u00f3w<br \/>\nul. Gostyni\u0144ska 1<br \/>\ntel. 0 24 261 \u2013 02 \u2013 14 lub <span style=\"font-size: small;\">0 24 261 \u2013 17 \u2013 71<\/span><br \/>\n<\/span><\/p>\n<p><span style=\"font-size: small;\"><span style=\"color: #2b8000;\"><strong>Szko\u0142a Filialna w Soczewce<\/strong> <\/span><br \/>\n09-506 Soczewka<br \/>\ntel. 0 24 261 \u2013 01 \u2013 22<\/span><\/p>\n<p style=\"text-align: left;\"><span style=\"font-size: small;\"><br \/>\n<\/span><\/p>\n","protected":false},"excerpt":{"rendered":"<p>Urz\u0105d Gminy\u00a0w Nowym Duninowieul. Osiedlowa 109 -505 Nowy Dunin\u00f3w<br \/>\ntel. (024) 261 02 36 lub (024) 261 02 72<br \/>\nfax.: (024) 261 02 36 lub (024) 261 02 72 wew. 106<br \/>\nUrz\u0105d Gminy czynny jest od poniedzia\u0142ku do pi\u0105tku<br \/>\nw godzinach od 7 00  &#8211; 15 00 , w \u015brody od 9 \u00a000 do 17 \u00a000<br \/>\nBiuletyn Informacji  [&#8230;]<\/p>\n","protected":false},"author":1,"featured_media":0,"parent":0,"menu_order":0,"comment_status":"open","ping_status":"open","template":"","meta":[],"_links":{"self":[{"href":"https:\/\/nowyduninow.info.pl\/archiwum\/index.php?rest_route=\/wp\/v2\/pages\/9"}],"collection":[{"href":"https:\/\/nowyduninow.info.pl\/archiwum\/index.php?rest_route=\/wp\/v2\/pages"}],"about":[{"href":"https:\/\/nowyduninow.info.pl\/archiwum\/index.php?rest_route=\/wp\/v2\/types\/page"}],"author":[{"embeddable":true,"href":"https:\/\/nowyduninow.info.pl\/archiwum\/index.php?rest_route=\/wp\/v2\/users\/1"}],"replies":[{"embeddable":true,"href":"https:\/\/nowyduninow.info.pl\/archiwum\/index.php?rest_route=%2Fwp%2Fv2%2Fcomments&post=9"}],"version-history":[{"count":24,"href":"https:\/\/nowyduninow.info.pl\/archiwum\/index.php?rest_route=\/wp\/v2\/pages\/9\/revisions"}],"predecessor-version":[{"id":20432,"href":"https:\/\/nowyduninow.info.pl\/archiwum\/index.php?rest_route=\/wp\/v2\/pages\/9\/revisions\/20432"}],"wp:attachment":[{"href":"https:\/\/nowyduninow.info.pl\/archiwum\/index.php?rest_route=%2Fwp%2Fv2%2Fmedia&parent=9"}],"curies":[{"name":"wp","href":"https:\/\/api.w.org\/{rel}","templated":true}]}}