{"id":88,"date":"2014-02-26T10:53:50","date_gmt":"2014-02-26T09:53:50","guid":{"rendered":"http:\/\/mckomptech.nazwa.pl\/nowyduninow\/?page_id=88"},"modified":"2025-10-23T15:00:37","modified_gmt":"2025-10-23T13:00:37","slug":"wfosigw-w-gminie-nowy-duninow","status":"publish","type":"page","link":"https:\/\/nowyduninow.info.pl\/archiwum\/?page_id=88","title":{"rendered":"WFO\u015aiGW w gminie Nowy Dunin\u00f3w"},"content":{"rendered":"<p><a href=\"https:\/\/nowyduninow.info.pl\/archiwum\/wp-content\/uploads\/2014\/02\/2025-600-1-1.png\"><img decoding=\"async\" loading=\"lazy\" src=\"https:\/\/nowyduninow.info.pl\/archiwum\/wp-content\/uploads\/2014\/02\/2025-600-1-1-1024x724.png\" alt=\"2025-600-1-1\" width=\"525\" height=\"371\" class=\"aligncenter size-large wp-image-20494\" \/><\/a><a href=\"https:\/\/nowyduninow.info.pl\/archiwum\/wp-content\/uploads\/2014\/02\/2025-600-2-1.png\"><img decoding=\"async\" loading=\"lazy\" src=\"https:\/\/nowyduninow.info.pl\/archiwum\/wp-content\/uploads\/2014\/02\/2025-600-2-1-1024x724.png\" alt=\"2025-600-2-1\" width=\"525\" height=\"371\" class=\"aligncenter size-large wp-image-20495\" \/><\/a><a href=\"https:\/\/nowyduninow.info.pl\/archiwum\/wp-content\/uploads\/2014\/02\/2025-600-3-1.png\"><img decoding=\"async\" loading=\"lazy\" src=\"https:\/\/nowyduninow.info.pl\/archiwum\/wp-content\/uploads\/2014\/02\/2025-600-3-1-1024x724.png\" alt=\"2025-600-3-1\" width=\"525\" height=\"371\" class=\"aligncenter size-large wp-image-20496\" \/><\/a><\/p>\n<div><a href=\"https:\/\/nowyduninow.info.pl\/archiwum\/wp-content\/uploads\/2025\/10\/IMG_6387.jpeg\"><img decoding=\"async\" loading=\"lazy\" src=\"https:\/\/nowyduninow.info.pl\/archiwum\/wp-content\/uploads\/2025\/10\/IMG_6387-1024x724.jpeg\" alt=\"IMG_6387\" width=\"512\" height=\"362\" class=\"aligncenter size-large wp-image-20465\" \/><\/a><\/div>\n<div><\/div>\n<div><\/div>\n<div><\/div>\n<div><\/div>\n<div><a href=\"https:\/\/nowyduninow.info.pl\/archiwum\/wp-content\/uploads\/2014\/02\/Tablica.jpg.jpg\"><img decoding=\"async\" loading=\"lazy\" class=\"aligncenter wp-image-18765 \" src=\"https:\/\/nowyduninow.info.pl\/archiwum\/wp-content\/uploads\/2014\/02\/Tablica.jpg-1024x724.jpg\" alt=\"Tablica.jpg\" width=\"575\" height=\"407\" \/><\/a><a href=\"https:\/\/nowyduninow.info.pl\/wp-content\/uploads\/2014\/02\/tablica-azbest-2.jpg\"><img decoding=\"async\" loading=\"lazy\" class=\"aligncenter  wp-image-16392\" src=\"https:\/\/nowyduninow.info.pl\/wp-content\/uploads\/2014\/02\/tablica-azbest-2-1024x724.jpg\" alt=\"tablica azbest 2\" width=\"566\" height=\"400\" \/><\/a>\u00a0<a href=\"https:\/\/wfosigw.pl\/\"><img decoding=\"async\" loading=\"lazy\" class=\"aligncenter size-full wp-image-16342\" src=\"https:\/\/nowyduninow.info.pl\/wp-content\/uploads\/2023\/10\/Tablice-A4-z-kwot\u0105_Strona_564.jpg\" alt=\"Tablice A4 z kwot\u0105_Strona_564\" width=\"564\" height=\"339\" \/><\/a><\/div>\n<div><\/div>\n<div><a href=\"https:\/\/wfosigw.pl\/\"><img decoding=\"async\" loading=\"lazy\" class=\"aligncenter size-full wp-image-16024\" src=\"https:\/\/nowyduninow.info.pl\/wp-content\/uploads\/2014\/02\/wfos_534_azbest.jpg\" alt=\"wfos_534_azbest\" width=\"534\" height=\"378\" \/><\/a><\/div>\n<div><a href=\"https:\/\/wfosigw.pl\/\"><img decoding=\"async\" loading=\"lazy\" class=\"aligncenter size-full wp-image-16001\" src=\"https:\/\/nowyduninow.info.pl\/wp-content\/uploads\/2014\/02\/Tablica-Azbest-534.jpg\" alt=\"Azbest\" width=\"534\" height=\"378\" \/><\/a><\/div>\n<div><\/div>\n<hr \/>\n<p><img decoding=\"async\" loading=\"lazy\" class=\"aligncenter wp-image-9927 size-full\" src=\"https:\/\/nowyduninow.info.pl\/wp-content\/uploads\/2014\/02\/jezyki_2019_534.jpg\" alt=\"jezyki_2019_534\" width=\"534\" height=\"327\" \/><\/p>\n<hr \/>\n<p><strong><em><span style=\"text-decoration: underline;\"><img decoding=\"async\" loading=\"lazy\" class=\"alignright size-medium wp-image-5575\" src=\"https:\/\/nowyduninow.info.pl\/wp-content\/uploads\/2016\/12\/534logoWFOSiGWwWarszawie-300x108.jpg\" alt=\"534logoWFOSiGWwWarszawie\" width=\"300\" height=\"108\" \/>Program unieszkodliwiania odpad\u00f3w azbestowo-cementowych na terenie dzia\u0142ania Zwi\u0105zku Gmin Regionu P\u0142ockiego&#8221; <\/span>&#8211; <\/em><\/strong><strong><em>&#8222;Usuwanie i unieszkodliwianie odpad\u00f3w azbestowo-cementowych na terenie Zwi\u0105zku Gmin Regionu P\u0142ockiego&#8221;<\/em><\/strong><em> Cz\u0119\u015b\u0107 I, Cz\u0119\u015b\u0107 II, Cz\u0119\u015b\u0107 III, polegaj\u0105ca na realizacji ww. zam\u00f3wienia na terenie Gmin tj. Gminy Nowy Dunin\u00f3w, Gminy Brudze\u0144 Du\u017cy, Gminy S\u0142upno, Gminy Stara Bia\u0142a, Gminy \u0141\u0105ck, Gminy Staro\u017areby, Gminy Bulkowo, Gminy i Miasta Wyszogr\u00f3d, Miasta i Gminy G\u0105bin, Miasta I Gminy Drobin, Gminy Pacyna, Gminy Gostynin, Gminy Czerwi\u0144sk nad Wis\u0142\u0105. <\/em><em>\u00a0<\/em><\/p>\n<p>\u201eProgram unieszkodliwiania odpad\u00f3w azbestowo \u2013 cementowych na terenie dzia\u0142ania Zwi\u0105zku Gmin Regionu P\u0142ockiego dofinansowano przez Wojew\u00f3dzki Fundusz Ochrony \u015arodowiska i Gospodarki Wodnej w Warszawie, w formie dotacji, w kwocie \u00a0<strong>194\u00a0048,46<\/strong> z\u0142.\u201d<\/p>\n<p><strong>Cel programu<\/strong><\/p>\n<ul>\n<li>Oczyszczenie z azbestu i wyrob\u00f3w zawieraj\u0105cych ten odpad na terenie gmin:<br \/>\nCz\u0119\u015b\u0107 I: Stara Bia\u0142a, Brudze\u0144 Du\u017cy, Drobin, Staro\u017areby<br \/>\nCz\u0119\u015b\u0107 II: S\u0142upno, Wyszogr\u00f3d, Bulkowo, Czerwi\u0144sk nad Wis\u0142\u0105<br \/>\nCz\u0119\u015b\u0107 III: Nowy Dunin\u00f3w, \u0141\u0105ck, G\u0105bin, Pacyna, Gostynin<\/li>\n<\/ul>\n<ul>\n<li>wyeliminowanie negatywnych skutk\u00f3w zdrowotnych oddzia\u0142ywania azbestu na mieszka\u0144c\u00f3w<\/li>\n<\/ul>\n<p><strong>Wykonawca <\/strong><\/p>\n<p>LOGISTYKA ODPAD\u00d3W Sp. z o.o.<\/p>\n<ol>\n<li>Adama Mickiewicza 29<\/li>\n<\/ol>\n<p>40-085 Katowice<strong>\u00a0 <\/strong><\/p>\n<p><strong>Termin realizacji zadania \u00a0<\/strong><\/p>\n<p>od 15.10.2018 r. do 5 grudnia 2018 r.<\/p>\n<p><strong>Zakres czynno\u015bci obejmowa\u0142:<\/strong><\/p>\n<p><strong>-Demonta\u017c, odbi\u00f3r <\/strong>pokry\u0107 dachowych oraz p\u0142yt azbestowo &#8211; cementowych stanowi\u0105cych os\u0142on\u0119 balkon\u00f3w zawieraj\u0105cych azbest na wskazywanych przez Zamawiaj\u0105cego budynkach zabudowy indywidualnej (oraz inwentarskich)<br \/>\ni budynkach nale\u017c\u0105cych do wsp\u00f3lnot mieszkaniowych zlokalizowanych na terenie ZGRP,<\/p>\n<p>&#8211;<strong>Odbi\u00f3r <\/strong>pokry\u0107 dachowych oraz p\u0142yt azbestowo &#8211; cementowych stanowi\u0105cych os\u0142on\u0119 balkon\u00f3w zawieraj\u0105cych azbest na wskazywanych przez Zamawiaj\u0105cego budynkach zabudowy indywidualnej (oraz inwentarskich) i budynkach nale\u017c\u0105cych do wsp\u00f3lnot mieszkaniowych zlokalizowanych na terenie ZGRP,<\/p>\n<p><strong>-Transport<\/strong> zebranych odpad\u00f3w zawieraj\u0105cych azbest do miejsc ich unieszkodliwienia<\/p>\n<p><strong>-Zdeponowanie na sk\u0142adowisku odpad\u00f3w <\/strong>przetransportowanych odpad\u00f3w zawieraj\u0105cych azbest,<\/p>\n<p>W czasie realizacji zadania pn. \u201eUsuwanie i unieszkodliwianie odpad\u00f3w azbestowo-cementowych na terenie Zwi\u0105zku Gmin Regionu P\u0142ockiego\u201d ilo\u015b\u0107 wyrob\u00f3w zawieraj\u0105cych azbest przewidziana do demonta\u017cu, odbioru, za\u0142adunku, transportu i zdeponowania na sk\u0142adowisku mo\u017ce kszta\u0142towa\u0107 si\u0119 pomi\u0119dzy nast\u0119puj\u0105cymi wielko\u015bciami dla ka\u017cdej z cz\u0119\u015bci:<\/p>\n<p>&nbsp;<\/p>\n<p>Cz\u0119\u015b\u0107 I \u2013 ok. 308,200 Mg<\/p>\n<p>Cz\u0119\u015b\u0107 II \u2013 ok. 180,573 Mg<\/p>\n<p>Cz\u0119\u015b\u0107 III \u2013 ok. 183,421 Mg<\/p>\n<p><strong>Efekt ekologiczny:<\/strong><\/p>\n<p>Ilo\u015b\u0107 odpad\u00f3w azbestowych przeznaczonych do utylizacji 672,20 Mg<\/p>\n<p><strong>Koszt ca\u0142kowity zadania: <\/strong>\u00a0242\u00a0560,57 z\u0142<\/p>\n<hr \/>\n<p>&nbsp;<\/p>\n<p><a href=\"https:\/\/nowyduninow.info.pl\/wp-content\/uploads\/2014\/02\/wfosigw_kanalizacjaND.jpg\"><img decoding=\"async\" loading=\"lazy\" class=\"aligncenter size-full wp-image-8464\" src=\"https:\/\/nowyduninow.info.pl\/wp-content\/uploads\/2014\/02\/wfosigw_kanalizacjaND534.jpg\" alt=\"wfosigw_kanalizacjaND534\" width=\"534\" height=\"374\" \/><\/a><\/p>\n<p><img decoding=\"async\" loading=\"lazy\" class=\"aligncenter size-full wp-image-5956\" src=\"https:\/\/nowyduninow.info.pl\/wp-content\/uploads\/2014\/02\/azbest_wfosigw.jpg\" alt=\"azbest_wfosigw\" width=\"500\" height=\"353\" \/><\/p>\n<hr \/>\n<p>&nbsp;<\/p>\n<p><a href=\"https:\/\/nowyduninow.info.pl\/wp-content\/uploads\/2014\/02\/tabliczka-A4-WFOSIGW_na_www_534.png\" target=\"_blank\"><img decoding=\"async\" loading=\"lazy\" class=\"aligncenter wp-image-5233 size-full\" src=\"https:\/\/nowyduninow.info.pl\/wp-content\/uploads\/2014\/02\/tabliczka-A4-WFOSIGW_na_www_534.png\" alt=\"tabliczka A4 - WFOSIGW_na_www_534\" width=\"534\" height=\"381\" \/><\/a><\/p>\n<hr \/>\n<p>&nbsp;<\/p>\n<p><a href=\"https:\/\/nowyduninow.info.pl\/wp-content\/uploads\/2014\/02\/wfo\u015b.jpg\"><img decoding=\"async\" loading=\"lazy\" class=\" size-full wp-image-3767 aligncenter\" src=\"https:\/\/nowyduninow.info.pl\/wp-content\/uploads\/2014\/02\/wfo\u015b.jpg\" alt=\"wfo\u015b\" width=\"500\" height=\"347\" \/><\/a><\/p>\n<p><span style=\"color: #800000;\"><a style=\"color: #800000;\" title=\"dofinansowanie - azbest\" href=\"https:\/\/nowyduninow.info.pl\/wp-content\/uploads\/2014\/02\/zgrp-wfo\u015b.pdf\" target=\"_blank\"><strong>Wi\u0119cej<\/strong><\/a><\/span><\/p>\n<hr \/>\n<p>&nbsp;<\/p>\n<p style=\"text-align: center;\"><a title=\"wfosigw\" href=\"https:\/\/www.wfosigw.pl\/\" target=\"_blank\"><img decoding=\"async\" loading=\"lazy\" class=\" wp-image-3382  aligncenter\" src=\"https:\/\/nowyduninow.info.pl\/wp-content\/uploads\/2014\/02\/Tabliczka-A4-OSP-1024x724.jpg\" alt=\"Tabliczka A4 - OSP\" width=\"463\" height=\"328\" \/><\/a><\/p>\n<hr \/>\n<p>&nbsp;<\/p>\n<p><a href=\"https:\/\/www.wfosigw.pl\/\" target=\"_blank\"><img decoding=\"async\" loading=\"lazy\" class=\" wp-image-3336 size-full aligncenter\" src=\"https:\/\/nowyduninow.info.pl\/wp-content\/uploads\/2014\/02\/wfosigw3PGNa.jpg\" alt=\"wfosigw3PGNa\" width=\"500\" height=\"360\" \/><\/a><\/p>\n<hr \/>\n<p>&nbsp;<\/p>\n<p>&nbsp;<\/p>\n<p>&nbsp;<\/p>\n<p><a href=\"https:\/\/www.wfosigw.pl\/\" target=\"_blank\"><img decoding=\"async\" loading=\"lazy\" class=\"  aligncenter wp-image-2598\" src=\"https:\/\/nowyduninow.info.pl\/wp-content\/uploads\/2015\/09\/wfosigw_park_nd_tablica_kwota-300x215.jpg\" alt=\"wfosigw_park_nd_tablica_kwota\" width=\"438\" height=\"314\" \/><\/a><\/p>\n<hr \/>\n<p>&nbsp;<\/p>\n<p><a href=\"https:\/\/www.wfosigw.pl\/\" target=\"_blank\"><img decoding=\"async\" loading=\"lazy\" class=\"aligncenter size-full wp-image-1498\" src=\"https:\/\/nowyduninow.info.pl\/wp-content\/uploads\/2014\/02\/azbest_wfosigw_534.jpg\" alt=\"azbest_wfosigw_534\" width=\"536\" height=\"325\" \/><\/a><\/p>\n<hr \/>\n<p>&nbsp;<\/p>\n<p><a href=\"https:\/\/www.wfosigw.pl\" target=\"_blank\"><img decoding=\"async\" loading=\"lazy\" class=\"aligncenter wp-image-1218 size-full\" src=\"https:\/\/nowyduninow.info.pl\/wp-content\/uploads\/2014\/02\/osp_wfosigw_2014_534.jpg\" alt=\"osp_wfosigw_2014_534\" width=\"534\" height=\"348\" \/><\/a><\/p>\n<hr \/>\n<p style=\"text-align: center;\"><a href=\"https:\/\/www.wfosigw.pl\" target=\"_blank\"><img decoding=\"async\" loading=\"lazy\" class=\"aligncenter wp-image-1063 size-full\" src=\"https:\/\/nowyduninow.info.pl\/wp-content\/uploads\/2014\/02\/wf_park_soczewka_534_kwota.jpg\" alt=\"Wojewodzki Fundusz Ochrony \u015arodowiska i Gospodarki Wodnej w Warszawie\" width=\"534\" height=\"383\" \/><\/a><\/p>\n<p style=\"text-align: center;\">Inne projekty zrealizowane w gminie Nowy Dunin\u00f3w<\/p>\n<h5 style=\"text-align: center;\"><strong><span style=\"color: #008000;\">wsp\u00f3\u0142finansowane przez<\/span><\/strong><\/h5>\n<h5 style=\"text-align: center;\"><strong><span style=\"color: #008000;\">Wojew\u00f3dzki Fundusz Ochrony \u015arodowiska i Gospodarki Wodnej w Warszawie<\/span><\/strong>:<\/h5>\n<hr style=\"color: #363636;\" \/>\n<ul>\n<li>Zabiegi piel\u0119gnacyjne w parku zabytkowym w m. Soczewka gm. Nowy Dunin\u00f3w<\/li>\n<li>Doposa\u017cenie w sprz\u0119t ratowniczo &#8211; ga\u015bniczy jednostki OSP w Nowym Duninowie<\/li>\n<li>Termomodernizacja budynku stra\u017cnicy w Nowym Duninowie<\/li>\n<li>Budowa sieci sanitarnej wraz z przy\u0142\u0105czami w m. Soczewka, Brwilno Dolne, i cz\u0119\u015bci Woli Brwile\u0144skiej gm. Nowy Dunin\u00f3w. Etap I Soczewka i cz\u0119\u015b\u0107 Brwilna Dolnego<\/li>\n<li>Budowa sieci kanalizacji sanitarnej z przy\u0142\u0105czami w m. Nowy Dunin\u00f3w &#8211; ul. P\u0142ocka gm. Nowy Dunin\u00f3w<\/li>\n<li>Budowa sieci wodoci\u0105gowej wraz z przy\u0142\u0105czami w m. Je\u017cewo gm. Nowy Dunin\u00f3w<a href=\"https:\/\/nowyduninow.info.pl\/wp-content\/uploads\/2014\/02\/wfosigw_kanalizacjaND.jpg\"><img decoding=\"async\" loading=\"lazy\" class=\"aligncenter size-full wp-image-8464\" src=\"https:\/\/nowyduninow.info.pl\/wp-content\/uploads\/2014\/02\/wfosigw_kanalizacjaND534.jpg\" alt=\"wfosigw_kanalizacjaND534\" width=\"534\" height=\"374\" \/><\/a><\/li>\n<\/ul>\n","protected":false},"excerpt":{"rendered":"<p>\u00a0<\/p>\n<p>Program unieszkodliwiania odpad\u00f3w azbestowo-cementowych na terenie dzia\u0142ania Zwi\u0105zku Gmin Regionu P\u0142ockiego&#8221; &#8211; &#8222;Usuwanie i unieszkodliwianie odpad\u00f3w azbestowo-cementowych na terenie Zwi\u0105zku Gmin Regionu P\u0142ockiego&#8221; Cz\u0119\u015b\u0107 I, Cz\u0119\u015b\u0107 II, Cz\u0119\u015b\u0107 III, polegaj\u0105ca na  [&#8230;]<\/p>\n","protected":false},"author":1,"featured_media":0,"parent":0,"menu_order":0,"comment_status":"open","ping_status":"open","template":"","meta":[],"_links":{"self":[{"href":"https:\/\/nowyduninow.info.pl\/archiwum\/index.php?rest_route=\/wp\/v2\/pages\/88"}],"collection":[{"href":"https:\/\/nowyduninow.info.pl\/archiwum\/index.php?rest_route=\/wp\/v2\/pages"}],"about":[{"href":"https:\/\/nowyduninow.info.pl\/archiwum\/index.php?rest_route=\/wp\/v2\/types\/page"}],"author":[{"embeddable":true,"href":"https:\/\/nowyduninow.info.pl\/archiwum\/index.php?rest_route=\/wp\/v2\/users\/1"}],"replies":[{"embeddable":true,"href":"https:\/\/nowyduninow.info.pl\/archiwum\/index.php?rest_route=%2Fwp%2Fv2%2Fcomments&post=88"}],"version-history":[{"count":52,"href":"https:\/\/nowyduninow.info.pl\/archiwum\/index.php?rest_route=\/wp\/v2\/pages\/88\/revisions"}],"predecessor-version":[{"id":20500,"href":"https:\/\/nowyduninow.info.pl\/archiwum\/index.php?rest_route=\/wp\/v2\/pages\/88\/revisions\/20500"}],"wp:attachment":[{"href":"https:\/\/nowyduninow.info.pl\/archiwum\/index.php?rest_route=%2Fwp%2Fv2%2Fmedia&parent=88"}],"curies":[{"name":"wp","href":"https:\/\/api.w.org\/{rel}","templated":true}]}}