{"id":854,"date":"2014-09-02T12:30:43","date_gmt":"2014-09-02T10:30:43","guid":{"rendered":"http:\/\/nowyduninow.info.pl\/?page_id=854"},"modified":"2019-09-27T12:12:16","modified_gmt":"2019-09-27T10:12:16","slug":"film","status":"publish","type":"page","link":"https:\/\/nowyduninow.info.pl\/archiwum\/?page_id=854","title":{"rendered":"Film"},"content":{"rendered":"<hr \/>\n<h6 style=\"text-align: center;\"><strong><span style=\"color: #008000;\">B\u0142\u0119kitno &#8211; zielona per\u0142a Mazowsza. Gmina Nowy Dunin\u00f3w.<\/span><\/strong><\/h6>\n<hr \/>\n<h6 style=\"text-align: center;\">\u00a0Mieszka\u0144cy gminy Nowy Dunin\u00f3w oraz Samorz\u0105d Wojew\u00f3dztwa Mazowieckiego zapraszaj\u0105.<\/h6>\n<p>Przyjed\u017a i wracaj do nas &#8211; prezentacja gminy Nowy Dunin\u00f3w &#8211; regionu p\u00f3\u0142nocno &#8211; zachodniego Mazowsza podczas Integracyjnego Pikniku Rodzinnego w Soczewce:<br \/>\n<iframe loading=\"lazy\" src=\"https:\/\/www.youtube.com\/embed\/cB5QCemzamU?rel=0\" width=\"534\" height=\"300\" frameborder=\"0\" allowfullscreen=\"allowfullscreen\"><\/iframe><\/p>\n<hr \/>\n<p>&nbsp;<\/p>\n<p><a href=\"http:\/\/www.prow.mazovia.pl\/\"><img decoding=\"async\" loading=\"lazy\" class=\"aligncenter size-full wp-image-1148\" src=\"https:\/\/nowyduninow.info.pl\/archiwum\/wp-content\/uploads\/2014\/09\/wyklejka_publikacja_b_t-e1416906515463.jpg\" alt=\"wyklejka_publikacja_b_t\" width=\"534\" height=\"78\" \/><\/a><\/p>\n<p><iframe loading=\"lazy\" src=\"\/\/www.youtube.com\/embed\/7fHnA9H-ZMI?rel=0\" width=\"534\" height=\"300\" frameborder=\"0\" allowfullscreen=\"allowfullscreen\"><\/iframe><\/p>\n<hr \/>\n<p style=\"text-align: center;\">\u201eEuropejski Fundusz Rolny na rzecz Rozwoju Obszar\u00f3w Wiejskich. Europa inwestuj\u0105ca w obszary wiejskie.\u201d<\/p>\n<p style=\"text-align: center;\">Film wsp\u00f3\u0142finansowany ze \u015brodk\u00f3w Unii Europejskiej w ramach Osi 4 Leader dzia\u0142anie \u201eWdra\u017canie lokalnych strategii rozwoju\u201d dla ma\u0142ych projekt\u00f3w Programu Rozwoju Obszar\u00f3w Wiejskich na lata 2007-2013.<\/p>\n<p style=\"text-align: center;\">Publikacja wydana przez gmin\u0119 Nowy Dunin\u00f3w.<\/p>\n<p style=\"text-align: center;\">Instytucja Zarz\u0105dzaj\u0105ca Programem Rozwoju Obszar\u00f3w Wiejskich na lata 2007 \u2013 2013 \u2013 Ministerstwo Rolnictwa i Rozwoju Wsi.<\/p>\n<hr \/>\n<p>&nbsp;<\/p>\n","protected":false},"excerpt":{"rendered":"<p>B\u0142\u0119kitno &#8211; zielona per\u0142a Mazowsza. Gmina Nowy Dunin\u00f3w.<\/p>\n<p>\u00a0Mieszka\u0144cy gminy Nowy Dunin\u00f3w oraz Samorz\u0105d Wojew\u00f3dztwa Mazowieckiego zapraszaj\u0105.<br \/>\nPrzyjed\u017a i wracaj do nas &#8211; prezentacja gminy Nowy Dunin\u00f3w &#8211; regionu p\u00f3\u0142nocno &#8211; zachodniego Mazowsza podczas Integracyjnego Pikniku Rodzinnego w  [&#8230;]<\/p>\n","protected":false},"author":1,"featured_media":0,"parent":0,"menu_order":0,"comment_status":"open","ping_status":"closed","template":"","meta":[],"_links":{"self":[{"href":"https:\/\/nowyduninow.info.pl\/archiwum\/index.php?rest_route=\/wp\/v2\/pages\/854"}],"collection":[{"href":"https:\/\/nowyduninow.info.pl\/archiwum\/index.php?rest_route=\/wp\/v2\/pages"}],"about":[{"href":"https:\/\/nowyduninow.info.pl\/archiwum\/index.php?rest_route=\/wp\/v2\/types\/page"}],"author":[{"embeddable":true,"href":"https:\/\/nowyduninow.info.pl\/archiwum\/index.php?rest_route=\/wp\/v2\/users\/1"}],"replies":[{"embeddable":true,"href":"https:\/\/nowyduninow.info.pl\/archiwum\/index.php?rest_route=%2Fwp%2Fv2%2Fcomments&post=854"}],"version-history":[{"count":12,"href":"https:\/\/nowyduninow.info.pl\/archiwum\/index.php?rest_route=\/wp\/v2\/pages\/854\/revisions"}],"predecessor-version":[{"id":9707,"href":"https:\/\/nowyduninow.info.pl\/archiwum\/index.php?rest_route=\/wp\/v2\/pages\/854\/revisions\/9707"}],"wp:attachment":[{"href":"https:\/\/nowyduninow.info.pl\/archiwum\/index.php?rest_route=%2Fwp%2Fv2%2Fmedia&parent=854"}],"curies":[{"name":"wp","href":"https:\/\/api.w.org\/{rel}","templated":true}]}}