{"id":850,"date":"2014-09-02T12:29:58","date_gmt":"2014-09-02T10:29:58","guid":{"rendered":"http:\/\/nowyduninow.info.pl\/?page_id=850"},"modified":"2014-11-25T11:12:15","modified_gmt":"2014-11-25T10:12:15","slug":"dzialki-rekreacyjne","status":"publish","type":"page","link":"https:\/\/nowyduninow.info.pl\/archiwum\/?page_id=850","title":{"rendered":"Dzia\u0142ki rekreacyjne"},"content":{"rendered":"<p>Pe\u0142na informacja w przygotowaniu. Wcze\u015bniejsze publikacje o ofercie sprzeda\u017cy zostan\u0105 zebrane w tym w\u0142a\u015bnie miejscu.<\/p>\n<p>&nbsp;<\/p>\n<hr \/>\n<p><a href=\"http:\/\/www.prow.mazovia.pl\/\"><img decoding=\"async\" loading=\"lazy\" class=\"aligncenter size-full wp-image-1148\" src=\"https:\/\/nowyduninow.info.pl\/archiwum\/wp-content\/uploads\/2014\/09\/wyklejka_publikacja_b_t-e1416906515463.jpg\" alt=\"wyklejka_publikacja_b_t\" width=\"534\" height=\"78\" \/><\/a><\/p>\n","protected":false},"excerpt":{"rendered":"<p>Pe\u0142na informacja w przygotowaniu. Wcze\u015bniejsze publikacje o ofercie sprzeda\u017cy zostan\u0105 zebrane w tym w\u0142a\u015bnie miejscu.<\/p>\n<p>&nbsp;<\/p>\n","protected":false},"author":1,"featured_media":0,"parent":0,"menu_order":0,"comment_status":"open","ping_status":"closed","template":"","meta":[],"_links":{"self":[{"href":"https:\/\/nowyduninow.info.pl\/archiwum\/index.php?rest_route=\/wp\/v2\/pages\/850"}],"collection":[{"href":"https:\/\/nowyduninow.info.pl\/archiwum\/index.php?rest_route=\/wp\/v2\/pages"}],"about":[{"href":"https:\/\/nowyduninow.info.pl\/archiwum\/index.php?rest_route=\/wp\/v2\/types\/page"}],"author":[{"embeddable":true,"href":"https:\/\/nowyduninow.info.pl\/archiwum\/index.php?rest_route=\/wp\/v2\/users\/1"}],"replies":[{"embeddable":true,"href":"https:\/\/nowyduninow.info.pl\/archiwum\/index.php?rest_route=%2Fwp%2Fv2%2Fcomments&post=850"}],"version-history":[{"count":3,"href":"https:\/\/nowyduninow.info.pl\/archiwum\/index.php?rest_route=\/wp\/v2\/pages\/850\/revisions"}],"predecessor-version":[{"id":1160,"href":"https:\/\/nowyduninow.info.pl\/archiwum\/index.php?rest_route=\/wp\/v2\/pages\/850\/revisions\/1160"}],"wp:attachment":[{"href":"https:\/\/nowyduninow.info.pl\/archiwum\/index.php?rest_route=%2Fwp%2Fv2%2Fmedia&parent=850"}],"curies":[{"name":"wp","href":"https:\/\/api.w.org\/{rel}","templated":true}]}}