{"id":84,"date":"2014-02-26T10:53:30","date_gmt":"2014-02-26T09:53:30","guid":{"rendered":"http:\/\/mckomptech.nazwa.pl\/nowyduninow\/?page_id=84"},"modified":"2023-11-10T09:38:33","modified_gmt":"2023-11-10T08:38:33","slug":"oferty","status":"publish","type":"page","link":"https:\/\/nowyduninow.info.pl\/archiwum\/?page_id=84","title":{"rendered":"OFERTY"},"content":{"rendered":"<p><span style=\"color: #ff0000;\">Od po\u0142udniowego zachodu P\u0142ock graniczy z Dzierz\u0105zn\u0105<\/span><span style=\"color: #363636;\">.<\/span><\/p>\n<p><br style=\"color: #363636;\" \/><span style=\"color: #363636;\">Dalej rozci\u0105gaj\u0105 si\u0119 nieprzebyte\u00a0<\/span><b style=\"color: #363636;\">lasy Gostyni\u0144sko \u2013 W\u0142oc\u0142awskiego Parku Krajobrazowego<\/b><span style=\"color: #363636;\">. Jednym z najbardziej wyj\u0105tkowych i jednocze\u015bnie urokliwych miejsc w Parku jest<\/span><b style=\"color: #363636;\">Rezerwat Jastrz\u0105bek<\/b><span style=\"color: #363636;\">. Na terenach bagiennych rezerwatu znale\u017a\u0107 mo\u017cna rzadkie i chronione gatunki ro\u015blin (m.in.rosiczki i wid\u0142aki). W\u015br\u00f3d ptactwa wodnego natomiast (szczeg\u00f3lnie w okolicach jezior Jezi\u00f3rko i Sende\u0144) kr\u00f3luj\u0105 kaczki. Spotkacie tu r\u00f3wnie\u017c dostojn\u0105 czapl\u0119 siw\u0105 oraz bociany bia\u0142e i czarne.<\/span><\/p>\n<p><br style=\"color: #363636;\" \/><span style=\"color: #363636;\">Urozmaicon\u0105 pod wzgl\u0119dem swej rze\u017aby okolic\u0119 porasta bogaty drzewostan z przewag\u0105 sosny, d\u0119b\u00f3w, modrzewi i brzozy. Widok majestatycznych drzew \u2013 \u015bwiadk\u00f3w historii tego regionu zapiera dech.<\/span><\/p>\n<hr style=\"color: #363636;\" \/>\n<p><a style=\"color: #000000;\" href=\"http:\/\/www.nowyduninow.info.pl\/gfx\/dzierzazna2011.jpg\"><img decoding=\"async\" loading=\"lazy\" class=\"margin-left: 10px; alignright\" src=\"https:\/\/nowyduninow.info.pl\/gfx\/dzierzazna2011m.jpg\" alt=\"Dzierz\u0105zna\" width=\"209\" height=\"158\" \/><\/a><span style=\"color: #363636;\">W takim s\u0105siedztwie warto zamieszka\u0107.\u00a0<\/span><i style=\"color: #363636;\">Dzierz\u0105zna, ze swym spokojem, wy\u015bpiewanym przez las i ptaki porankiem stanowi jedno z pi\u0119kniejszych miejsc w pobli\u017cu P\u0142ocka<\/i><span style=\"color: #363636;\">. Tu mo\u017cna schowa\u0107 si\u0119 przed ca\u0142ym \u015bwiatem, a jednocze\u015bnie korzysta\u0107 z wszystkich d\u00f3br cywilizacji.\u00a0<\/span><b style=\"color: #363636;\">Wodoci\u0105g, kanalizacja, linia energetyczna<\/b><span style=\"color: #363636;\">\u00a0i wybudowana niedawno<\/span><b style=\"color: #363636;\">droga asfaltowa \u0142\u0105cz\u0105ca si\u0119 z drog\u0105 krajow\u0105 nr 62<\/b><span style=\"color: #363636;\">\u00a0gwarantuj\u0105 wygodne codzienne \u017cycie. Pi\u0119kna okolica i mikroklimat las\u00f3w zapewniaj\u0105 \u015bwietne warunki do wypoczynku.<br \/>\n<\/span><\/p>\n","protected":false},"excerpt":{"rendered":"<p>Od po\u0142udniowego zachodu P\u0142ock graniczy z Dzierz\u0105zn\u0105.<\/p>\n<p>Dalej rozci\u0105gaj\u0105 si\u0119 nieprzebyte\u00a0lasy Gostyni\u0144sko \u2013 W\u0142oc\u0142awskiego Parku Krajobrazowego. Jednym z najbardziej wyj\u0105tkowych i jednocze\u015bnie urokliwych miejsc w Parku jestRezerwat Jastrz\u0105bek. Na terenach bagiennych rezerwatu znale\u017a\u0107 mo\u017cna rzadkie i  [&#8230;]<\/p>\n","protected":false},"author":1,"featured_media":0,"parent":0,"menu_order":0,"comment_status":"open","ping_status":"open","template":"","meta":[],"_links":{"self":[{"href":"https:\/\/nowyduninow.info.pl\/archiwum\/index.php?rest_route=\/wp\/v2\/pages\/84"}],"collection":[{"href":"https:\/\/nowyduninow.info.pl\/archiwum\/index.php?rest_route=\/wp\/v2\/pages"}],"about":[{"href":"https:\/\/nowyduninow.info.pl\/archiwum\/index.php?rest_route=\/wp\/v2\/types\/page"}],"author":[{"embeddable":true,"href":"https:\/\/nowyduninow.info.pl\/archiwum\/index.php?rest_route=\/wp\/v2\/users\/1"}],"replies":[{"embeddable":true,"href":"https:\/\/nowyduninow.info.pl\/archiwum\/index.php?rest_route=%2Fwp%2Fv2%2Fcomments&post=84"}],"version-history":[{"count":6,"href":"https:\/\/nowyduninow.info.pl\/archiwum\/index.php?rest_route=\/wp\/v2\/pages\/84\/revisions"}],"predecessor-version":[{"id":16217,"href":"https:\/\/nowyduninow.info.pl\/archiwum\/index.php?rest_route=\/wp\/v2\/pages\/84\/revisions\/16217"}],"wp:attachment":[{"href":"https:\/\/nowyduninow.info.pl\/archiwum\/index.php?rest_route=%2Fwp%2Fv2%2Fmedia&parent=84"}],"curies":[{"name":"wp","href":"https:\/\/api.w.org\/{rel}","templated":true}]}}