{"id":837,"date":"2014-09-02T12:29:34","date_gmt":"2014-09-02T10:29:34","guid":{"rendered":"http:\/\/nowyduninow.info.pl\/?page_id=837"},"modified":"2014-11-25T10:31:15","modified_gmt":"2014-11-25T09:31:15","slug":"tereny-inwestycyjne","status":"publish","type":"page","link":"https:\/\/nowyduninow.info.pl\/archiwum\/?page_id=837","title":{"rendered":"Tereny inwestycyjne"},"content":{"rendered":"<p>Witamy Pa\u0144stwa w dziale dla inwestor\u00f3w.<\/p>\n<p>Referat Rozwoju Gospodarczego przygotowuje pe\u0142ne zestawienie teren\u00f3w przeznaczonych pod inwestycje na terenie gminy Nowy Dunin\u00f3w.<\/p>\n<hr \/>\n<p><a href=\"http:\/\/www.prow.mazovia.pl\/\"><img decoding=\"async\" loading=\"lazy\" class=\"aligncenter size-full wp-image-1148\" src=\"https:\/\/nowyduninow.info.pl\/archiwum\/wp-content\/uploads\/2014\/09\/wyklejka_publikacja_b_t-e1416906515463.jpg\" alt=\"wyklejka_publikacja_b_t\" width=\"534\" height=\"78\" \/><\/a><\/p>\n<p>&nbsp;<\/p>\n","protected":false},"excerpt":{"rendered":"<p>Witamy Pa\u0144stwa w dziale dla inwestor\u00f3w.<\/p>\n<p>Referat Rozwoju Gospodarczego przygotowuje pe\u0142ne zestawienie teren\u00f3w przeznaczonych pod inwestycje na terenie gminy Nowy Dunin\u00f3w.<\/p>\n<p>&nbsp;<\/p>\n","protected":false},"author":1,"featured_media":0,"parent":0,"menu_order":0,"comment_status":"open","ping_status":"closed","template":"","meta":[],"_links":{"self":[{"href":"https:\/\/nowyduninow.info.pl\/archiwum\/index.php?rest_route=\/wp\/v2\/pages\/837"}],"collection":[{"href":"https:\/\/nowyduninow.info.pl\/archiwum\/index.php?rest_route=\/wp\/v2\/pages"}],"about":[{"href":"https:\/\/nowyduninow.info.pl\/archiwum\/index.php?rest_route=\/wp\/v2\/types\/page"}],"author":[{"embeddable":true,"href":"https:\/\/nowyduninow.info.pl\/archiwum\/index.php?rest_route=\/wp\/v2\/users\/1"}],"replies":[{"embeddable":true,"href":"https:\/\/nowyduninow.info.pl\/archiwum\/index.php?rest_route=%2Fwp%2Fv2%2Fcomments&post=837"}],"version-history":[{"count":3,"href":"https:\/\/nowyduninow.info.pl\/archiwum\/index.php?rest_route=\/wp\/v2\/pages\/837\/revisions"}],"predecessor-version":[{"id":1158,"href":"https:\/\/nowyduninow.info.pl\/archiwum\/index.php?rest_route=\/wp\/v2\/pages\/837\/revisions\/1158"}],"wp:attachment":[{"href":"https:\/\/nowyduninow.info.pl\/archiwum\/index.php?rest_route=%2Fwp%2Fv2%2Fmedia&parent=837"}],"curies":[{"name":"wp","href":"https:\/\/api.w.org\/{rel}","templated":true}]}}