{"id":8063,"date":"2018-06-30T21:09:08","date_gmt":"2018-06-30T19:09:08","guid":{"rendered":"http:\/\/nowyduninow.info.pl\/?page_id=8063"},"modified":"2018-06-30T21:09:53","modified_gmt":"2018-06-30T19:09:53","slug":"regaty-zeglarskie-2018","status":"publish","type":"page","link":"https:\/\/nowyduninow.info.pl\/archiwum\/?page_id=8063","title":{"rendered":"Regaty \u017beglarskie 2018"},"content":{"rendered":"<p style=\"text-align: justify;\"><strong><span style=\"color: #800000;\">Ju\u017c 14 lipca, tj. za dwa tygodnie spotykamy si\u0119 o godz. 10.00 w porcie po raz dwudziesty trzeci.<\/span> <\/strong>To jest dopiero wynik. Wielu z Was zd\u0105\u017cy\u0142o w tym czasie za\u0142o\u017cy\u0107 rodziny, a nawet wychowa\u0107 dzieci i doczeka\u0107 wnuk\u00f3w. To s\u0105 dopiero wspomnienia. Macie zdj\u0119cia z pierwszych edycji Regat? Wysy\u0142ajcie na FB lub poczt\u0105 elektroniczn\u0105: promocja@nowyduninow.info.pl. B\u0119dziemy razem wspomina\u0107.<\/p>\n<p>W tym roku gra zesp\u00f3\u0142 <strong><span style=\"color: #800000;\">CLASSIC<\/span><\/strong>.<\/p>\n<p>A teraz kilka informacji dla \u017ceglarzy i nie tylko.<\/p>\n<p>&nbsp;<\/p>\n<hr \/>\n\n\t\t<style type=\"text\/css\">\n\t\t\t#gallery-1 {\n\t\t\t\tmargin: auto;\n\t\t\t}\n\t\t\t#gallery-1 .gallery-item {\n\t\t\t\tfloat: left;\n\t\t\t\tmargin-top: 10px;\n\t\t\t\ttext-align: center;\n\t\t\t\twidth: 20%;\n\t\t\t}\n\t\t\t#gallery-1 img {\n\t\t\t\tborder: 2px solid #cfcfcf;\n\t\t\t}\n\t\t\t#gallery-1 .gallery-caption {\n\t\t\t\tmargin-left: 0;\n\t\t\t}\n\t\t\t\/* see gallery_shortcode() in wp-includes\/media.php *\/\n\t\t<\/style>\n\t\t<div id='gallery-1' class='gallery galleryid-8063 gallery-columns-5 gallery-size-thumbnail'><dl class='gallery-item'>\n\t\t\t<dt class='gallery-icon '>\n\t\t\t\t<a href='https:\/\/nowyduninow.info.pl\/wp-content\/uploads\/2018\/06\/Druk-bezadresowy-3-20181.jpg'>Druk bezadresowy 3 2018<\/a>\n\t\t\t<\/dt><\/dl><dl class='gallery-item'>\n\t\t\t<dt class='gallery-icon '>\n\t\t\t\t<a href='https:\/\/nowyduninow.info.pl\/wp-content\/uploads\/2018\/06\/Druk-bezadresowy_program-2018.jpg'>Druk bezadresowy_program 2018<\/a>\n\t\t\t<\/dt><\/dl><dl class='gallery-item'>\n\t\t\t<dt class='gallery-icon '>\n\t\t\t\t<a href='https:\/\/nowyduninow.info.pl\/wp-content\/uploads\/2018\/06\/zawiadomienie_regaty2018_loga-1.jpg'>zawiadomienie_regaty2018_loga-1<\/a>\n\t\t\t<\/dt><\/dl><dl class='gallery-item'>\n\t\t\t<dt class='gallery-icon '>\n\t\t\t\t<a href='https:\/\/nowyduninow.info.pl\/wp-content\/uploads\/2018\/06\/zawiadomienie_regaty2018_loga-2.jpg'>zawiadomienie_regaty2018_loga-2<\/a>\n\t\t\t<\/dt><\/dl><dl class='gallery-item'>\n\t\t\t<dt class='gallery-icon '>\n\t\t\t\t<a href='https:\/\/nowyduninow.info.pl\/wp-content\/uploads\/2018\/06\/zawiadomienie_regaty2018_loga-3.jpg'>zawiadomienie_regaty2018_loga-3<\/a>\n\t\t\t<\/dt><\/dl><br style=\"clear: both\" \/>\n\t\t<\/div>\n\n","protected":false},"excerpt":{"rendered":"<p>Ju\u017c 14 lipca, tj. za dwa tygodnie spotykamy si\u0119 o godz. 10.00 w porcie po raz dwudziesty trzeci. To jest dopiero wynik. Wielu z Was zd\u0105\u017cy\u0142o w tym czasie za\u0142o\u017cy\u0107 rodziny, a nawet wychowa\u0107 dzieci i doczeka\u0107 wnuk\u00f3w. To s\u0105 dopiero wspomnienia. Macie zdj\u0119cia z pierwszych edycji Regat? Wysy\u0142ajcie na FB  [&#8230;]<\/p>\n","protected":false},"author":1,"featured_media":0,"parent":0,"menu_order":0,"comment_status":"open","ping_status":"closed","template":"","meta":[],"_links":{"self":[{"href":"https:\/\/nowyduninow.info.pl\/archiwum\/index.php?rest_route=\/wp\/v2\/pages\/8063"}],"collection":[{"href":"https:\/\/nowyduninow.info.pl\/archiwum\/index.php?rest_route=\/wp\/v2\/pages"}],"about":[{"href":"https:\/\/nowyduninow.info.pl\/archiwum\/index.php?rest_route=\/wp\/v2\/types\/page"}],"author":[{"embeddable":true,"href":"https:\/\/nowyduninow.info.pl\/archiwum\/index.php?rest_route=\/wp\/v2\/users\/1"}],"replies":[{"embeddable":true,"href":"https:\/\/nowyduninow.info.pl\/archiwum\/index.php?rest_route=%2Fwp%2Fv2%2Fcomments&post=8063"}],"version-history":[{"count":1,"href":"https:\/\/nowyduninow.info.pl\/archiwum\/index.php?rest_route=\/wp\/v2\/pages\/8063\/revisions"}],"predecessor-version":[{"id":8072,"href":"https:\/\/nowyduninow.info.pl\/archiwum\/index.php?rest_route=\/wp\/v2\/pages\/8063\/revisions\/8072"}],"wp:attachment":[{"href":"https:\/\/nowyduninow.info.pl\/archiwum\/index.php?rest_route=%2Fwp%2Fv2%2Fmedia&parent=8063"}],"curies":[{"name":"wp","href":"https:\/\/api.w.org\/{rel}","templated":true}]}}