{"id":68,"date":"2014-02-26T10:32:02","date_gmt":"2014-02-26T09:32:02","guid":{"rendered":"http:\/\/mckomptech.nazwa.pl\/nowyduninow\/?page_id=68"},"modified":"2015-10-09T09:58:23","modified_gmt":"2015-10-09T07:58:23","slug":"gminna-biblioteka-publiczna","status":"publish","type":"page","link":"https:\/\/nowyduninow.info.pl\/archiwum\/?page_id=68","title":{"rendered":"Gminna Biblioteka Publiczna"},"content":{"rendered":"<ul>\n<li><span style=\"color: #800000;\">Gminna Biblioteka Publiczna w Nowym Duninowie<\/span><\/li>\n<\/ul>\n<p><b>Kierownik <\/b>Krystyna Pruszy\u0144ska<\/p>\n<p>kontakt<\/p>\n<p>ul. Gostyni\u0144ska 1<\/p>\n<p>09-505 Nowy Dunin\u00f3w, tel. 24\/261 02 38<\/p>\n<hr \/>\n<p style=\"text-align: center;\">\u00a0<b>Gminna Biblioteka Publiczna w Nowym Duninowie bierze udzia\u0142 w programie <span style=\"color: #ff6600;\">Akademia Orange dla bibliotek<\/span><\/b><\/p>\n<p style=\"text-align: center;\">Wi\u0119cej informacji pod adresem: <span style=\"color: #003366;\">http:\/\/biblioteki.fundacja.orange.pl\/<\/span><\/p>\n<p style=\"text-align: center;\"><a href=\"https:\/\/nowyduninow.info.pl\/archiwum\/wp-content\/uploads\/2014\/02\/orange.png\"><img decoding=\"async\" loading=\"lazy\" class=\"alignnone size-full wp-image-1315\" src=\"https:\/\/nowyduninow.info.pl\/archiwum\/wp-content\/uploads\/2014\/02\/orange.png\" alt=\"orange\" width=\"168\" height=\"49\" \/><\/a><\/p>\n<p style=\"text-align: center;\"><span style=\"color: #ff6600;\"><strong>Internet w GBP w Nowym Duninowie jest dost\u0119pny za darmo dla wszystkich.<\/strong><\/span><\/p>\n<p style=\"text-align: justify;\">W Gminnej Bibliotece Publicznej w Nowym Duniowie realizowany jest Program \u201eOrange dla bibliotek\u201d prowadzony przez Fundacj\u0119 Orange. Celem programu \u201eOrange dla Bibliotek\u201d jest wspieranie rozwoju spo\u0142ecze\u0144stwa informacyjnego poprzez udost\u0119pnianie bibliotekom gminnym nowych technologii komunikacyjnych i promocj\u0119 ich wykorzystania tak, by biblioteki sta\u0142y si\u0119 nowoczesnymi, centrami informacyjnymi, kulturalnymi i edukacyjnymi. Fundacja jest organizacj\u0105 pozarz\u0105dow\u0105, kt\u00f3rej jednym ze statutowych zada\u0144 jest wyr\u00f3wnywanie szans w dost\u0119pie do edukacji.<\/p>\n<hr \/>\n<p>&nbsp;<\/p>\n<ul>\n<li><a href=\"http:\/\/szukamksi\u0105\u017cki.pl\" target=\"_blank\"><span style=\"color: #800000;\">Zasoby Gminnej Biblioteki Publicznej w Nowym Duninowie<\/span> &#8211; <strong>katalog<\/strong><\/a><\/li>\n<\/ul>\n","protected":false},"excerpt":{"rendered":"<p>\tGminna Biblioteka Publiczna w Nowym Duninowie<\/p>\n<p>Kierownik Krystyna Pruszy\u0144ska<\/p>\n<p>kontakt<\/p>\n<p>ul. Gostyni\u0144ska 1<\/p>\n<p>09-505 Nowy Dunin\u00f3w, tel. 24\/261 02 38<\/p>\n<p>\u00a0Gminna Biblioteka Publiczna w Nowym Duninowie bierze udzia\u0142 w programie Akademia Orange dla bibliotek<br \/>\nWi\u0119cej informacji pod adresem:  [&#8230;]<\/p>\n","protected":false},"author":1,"featured_media":0,"parent":0,"menu_order":0,"comment_status":"open","ping_status":"open","template":"","meta":[],"_links":{"self":[{"href":"https:\/\/nowyduninow.info.pl\/archiwum\/index.php?rest_route=\/wp\/v2\/pages\/68"}],"collection":[{"href":"https:\/\/nowyduninow.info.pl\/archiwum\/index.php?rest_route=\/wp\/v2\/pages"}],"about":[{"href":"https:\/\/nowyduninow.info.pl\/archiwum\/index.php?rest_route=\/wp\/v2\/types\/page"}],"author":[{"embeddable":true,"href":"https:\/\/nowyduninow.info.pl\/archiwum\/index.php?rest_route=\/wp\/v2\/users\/1"}],"replies":[{"embeddable":true,"href":"https:\/\/nowyduninow.info.pl\/archiwum\/index.php?rest_route=%2Fwp%2Fv2%2Fcomments&post=68"}],"version-history":[{"count":7,"href":"https:\/\/nowyduninow.info.pl\/archiwum\/index.php?rest_route=\/wp\/v2\/pages\/68\/revisions"}],"predecessor-version":[{"id":2989,"href":"https:\/\/nowyduninow.info.pl\/archiwum\/index.php?rest_route=\/wp\/v2\/pages\/68\/revisions\/2989"}],"wp:attachment":[{"href":"https:\/\/nowyduninow.info.pl\/archiwum\/index.php?rest_route=%2Fwp%2Fv2%2Fmedia&parent=68"}],"curies":[{"name":"wp","href":"https:\/\/api.w.org\/{rel}","templated":true}]}}