{"id":5908,"date":"2017-04-20T12:30:57","date_gmt":"2017-04-20T10:30:57","guid":{"rendered":"http:\/\/nowyduninow.info.pl\/?page_id=5908"},"modified":"2023-05-05T14:52:05","modified_gmt":"2023-05-05T12:52:05","slug":"kalendarz-imprez","status":"publish","type":"page","link":"https:\/\/nowyduninow.info.pl\/archiwum\/?page_id=5908","title":{"rendered":"Kalendarz imprez"},"content":{"rendered":"<ul>\n<li style=\"text-align: justify;\"><strong><span style=\"color: #008000;\">Kalendarz imprez &#8211; rok 2023,<\/span><\/strong> a w nim 30 wydarze\u0144 na terenie gminy Nowy Dunin\u00f3w zaplanowanych od marca do grudnia. Jak to bywa w \u017cyciu, b\u0119d\u0105 zapewne zmiany. O nich b\u0119dziemy informowali w odpowiednim czasie. &#8211;<a title=\"Kalendarz imprez zaktualizowany\" href=\"https:\/\/nowyduninow.info.pl\/archiwum\/wp-content\/uploads\/2017\/04\/kalendarz_imprez_2023_v3_042023.pdf\" target=\"_blank\"><span style=\"color: #993300;\"><strong> kalendarz_imprez_2023_v3_042023 &#8211; pobierz.<\/strong><\/span><\/a><\/li>\n<li style=\"text-align: justify;\"><span style=\"color: #008000;\"><strong>Kalendarz imprez &#8211; rok 2022<\/strong>. Wracamy po 2 latach przerwy. W za\u0142\u0105czniku znajdziecie pa\u0144stwo wszystkie wydarzenia, kt\u00f3re zg\u0142osili do nas organizatorzy.<\/span><span style=\"color: #993300;\"><a style=\"color: #993300;\" title=\"Kalendarz imprez 2022 - plik pdf\" href=\"https:\/\/nowyduninow.info.pl\/wp-content\/uploads\/2022\/05\/kalendarz_imprez_2022_v_18052022.pdf\"><span style=\"text-decoration: underline;\"><strong><span style=\"text-decoration: underline;\">Pobierz plik<\/span><\/strong><\/span><\/a> <span style=\"text-decoration: underline;\"><strong><span style=\"text-decoration: underline;\">pdf (aktualizacja 18 maja 2022 r.)<\/span><\/strong><\/span><\/span><\/li>\n<\/ul>\n<hr \/>\n<p>&nbsp;<\/p>\n\n\t\t<style type=\"text\/css\">\n\t\t\t#gallery-1 {\n\t\t\t\tmargin: auto;\n\t\t\t}\n\t\t\t#gallery-1 .gallery-item {\n\t\t\t\tfloat: left;\n\t\t\t\tmargin-top: 10px;\n\t\t\t\ttext-align: center;\n\t\t\t\twidth: 20%;\n\t\t\t}\n\t\t\t#gallery-1 img {\n\t\t\t\tborder: 2px solid #cfcfcf;\n\t\t\t}\n\t\t\t#gallery-1 .gallery-caption {\n\t\t\t\tmargin-left: 0;\n\t\t\t}\n\t\t\t\/* see gallery_shortcode() in wp-includes\/media.php *\/\n\t\t<\/style>\n\t\t<div id='gallery-1' class='gallery galleryid-5908 gallery-columns-5 gallery-size-thumbnail'><dl class='gallery-item'>\n\t\t\t<dt class='gallery-icon '>\n\t\t\t\t<a href='https:\/\/nowyduninow.info.pl\/wp-content\/uploads\/2017\/04\/IMG_6505.jpg'>IMG_6505<\/a>\n\t\t\t<\/dt><\/dl><dl class='gallery-item'>\n\t\t\t<dt class='gallery-icon '>\n\t\t\t\t<a href='https:\/\/nowyduninow.info.pl\/wp-content\/uploads\/2017\/04\/2082_2019-07-13_8779_km_org.jpg'>2082_2019 07 13_8779_km_org<\/a>\n\t\t\t<\/dt><\/dl><dl class='gallery-item'>\n\t\t\t<dt class='gallery-icon '>\n\t\t\t\t<a href='https:\/\/nowyduninow.info.pl\/wp-content\/uploads\/2017\/04\/814_2019_06_22_km_org.jpg'>814_2019_06_22_km_org<\/a>\n\t\t\t<\/dt><\/dl><dl class='gallery-item'>\n\t\t\t<dt class='gallery-icon '>\n\t\t\t\t<a href='https:\/\/nowyduninow.info.pl\/wp-content\/uploads\/2017\/04\/802_2019-07-13_0962_km_org.jpg'>802_2019 07 13_0962_km_org<\/a>\n\t\t\t<\/dt><\/dl><dl class='gallery-item'>\n\t\t\t<dt class='gallery-icon '>\n\t\t\t\t<a href='https:\/\/nowyduninow.info.pl\/wp-content\/uploads\/2017\/04\/770_2019_06_22_km_org.jpg'>770_2019_06_22_km_org<\/a>\n\t\t\t<\/dt><\/dl><br style=\"clear: both\" \/><dl class='gallery-item'>\n\t\t\t<dt class='gallery-icon '>\n\t\t\t\t<a href='https:\/\/nowyduninow.info.pl\/wp-content\/uploads\/2017\/04\/583_2019_05_18_org_km.jpg'>583_2019_05_18_org_km<\/a>\n\t\t\t<\/dt><\/dl><dl class='gallery-item'>\n\t\t\t<dt class='gallery-icon '>\n\t\t\t\t<a href='https:\/\/nowyduninow.info.pl\/wp-content\/uploads\/2017\/04\/440_2019_05_18_org_km.jpg'>440_2019_05_18_org_km<\/a>\n\t\t\t<\/dt><\/dl><dl class='gallery-item'>\n\t\t\t<dt class='gallery-icon '>\n\t\t\t\t<a href='https:\/\/nowyduninow.info.pl\/wp-content\/uploads\/2017\/04\/390_2019_06_15_km_org.jpg'>390_2019_06_15_km_org<\/a>\n\t\t\t<\/dt><\/dl><dl class='gallery-item'>\n\t\t\t<dt class='gallery-icon '>\n\t\t\t\t<a href='https:\/\/nowyduninow.info.pl\/wp-content\/uploads\/2017\/04\/368_2019-07-13_0423_km_org.jpg'>368_2019 07 13_0423_km_org<\/a>\n\t\t\t<\/dt><\/dl><dl class='gallery-item'>\n\t\t\t<dt class='gallery-icon '>\n\t\t\t\t<a href='https:\/\/nowyduninow.info.pl\/wp-content\/uploads\/2017\/04\/219_2019-08-31_3429_km_org.jpg'>219_2019 08 31_3429_km_org<\/a>\n\t\t\t<\/dt><\/dl><br style=\"clear: both\" \/><dl class='gallery-item'>\n\t\t\t<dt class='gallery-icon '>\n\t\t\t\t<a href='https:\/\/nowyduninow.info.pl\/wp-content\/uploads\/2017\/04\/212_2019_05_18_net_km.jpg'>212_2019_05_18_net_km<\/a>\n\t\t\t<\/dt><\/dl><dl class='gallery-item'>\n\t\t\t<dt class='gallery-icon '>\n\t\t\t\t<a href='https:\/\/nowyduninow.info.pl\/wp-content\/uploads\/2017\/04\/212_2019-07-13_0249_km_org.jpg'>212_2019 07 13_0249_km_org<\/a>\n\t\t\t<\/dt><\/dl><dl class='gallery-item'>\n\t\t\t<dt class='gallery-icon '>\n\t\t\t\t<a href='https:\/\/nowyduninow.info.pl\/wp-content\/uploads\/2017\/04\/167_2019_06_15_km_org.jpg'>167_2019_06_15_km_org<\/a>\n\t\t\t<\/dt><\/dl><dl class='gallery-item'>\n\t\t\t<dt class='gallery-icon '>\n\t\t\t\t<a href='https:\/\/nowyduninow.info.pl\/wp-content\/uploads\/2017\/04\/151_2019_08_03_org_km.jpg'>151_2019_08_03_org_km<\/a>\n\t\t\t<\/dt><\/dl><dl class='gallery-item'>\n\t\t\t<dt class='gallery-icon '>\n\t\t\t\t<a href='https:\/\/nowyduninow.info.pl\/wp-content\/uploads\/2017\/04\/135_2019-08-31_3265_km_org.jpg'>135_2019 08 31_3265_km_org<\/a>\n\t\t\t<\/dt><\/dl><br style=\"clear: both\" \/><dl class='gallery-item'>\n\t\t\t<dt class='gallery-icon '>\n\t\t\t\t<a href='https:\/\/nowyduninow.info.pl\/wp-content\/uploads\/2017\/04\/116_2019_06_15_km_org.jpg'>116_2019_06_15_km_org<\/a>\n\t\t\t<\/dt><\/dl><dl class='gallery-item'>\n\t\t\t<dt class='gallery-icon '>\n\t\t\t\t<a href='https:\/\/nowyduninow.info.pl\/wp-content\/uploads\/2017\/04\/113_2019_06_15_km_org.jpg'>113_2019_06_15_km_org<\/a>\n\t\t\t<\/dt><\/dl><dl class='gallery-item'>\n\t\t\t<dt class='gallery-icon '>\n\t\t\t\t<a href='https:\/\/nowyduninow.info.pl\/wp-content\/uploads\/2017\/04\/105_2019_06_08_org_km.jpg'>105_2019_06_08_org_km<\/a>\n\t\t\t<\/dt><\/dl><dl class='gallery-item'>\n\t\t\t<dt class='gallery-icon '>\n\t\t\t\t<a href='https:\/\/nowyduninow.info.pl\/wp-content\/uploads\/2017\/04\/87_2019-08-31_3169_km_org.jpg'>87_2019 08 31_3169_km_org<\/a>\n\t\t\t<\/dt><\/dl><dl class='gallery-item'>\n\t\t\t<dt class='gallery-icon '>\n\t\t\t\t<a href='https:\/\/nowyduninow.info.pl\/wp-content\/uploads\/2017\/04\/74_2019_08_03_org_km.jpg'>74_2019_08_03_org_km<\/a>\n\t\t\t<\/dt><\/dl><br style=\"clear: both\" \/><dl class='gallery-item'>\n\t\t\t<dt class='gallery-icon '>\n\t\t\t\t<a href='https:\/\/nowyduninow.info.pl\/wp-content\/uploads\/2017\/04\/61_2019-07-13_0067_km_org.jpg'>61_2019 07 13_0067_km_org<\/a>\n\t\t\t<\/dt><\/dl><dl class='gallery-item'>\n\t\t\t<dt class='gallery-icon '>\n\t\t\t\t<a href='https:\/\/nowyduninow.info.pl\/wp-content\/uploads\/2017\/04\/38_IMG_4194_km_org.jpg'>38_IMG_4194_km_org<\/a>\n\t\t\t<\/dt><\/dl><dl class='gallery-item'>\n\t\t\t<dt class='gallery-icon '>\n\t\t\t\t<a href='https:\/\/nowyduninow.info.pl\/wp-content\/uploads\/2017\/04\/38_2019-08-31_3068_km_org.jpg'>38_2019 08 31_3068_km_org<\/a>\n\t\t\t<\/dt><\/dl><dl class='gallery-item'>\n\t\t\t<dt class='gallery-icon '>\n\t\t\t\t<a href='https:\/\/nowyduninow.info.pl\/wp-content\/uploads\/2017\/04\/35_2019_08_03_org_km.jpg'>35_2019_08_03_org_km<\/a>\n\t\t\t<\/dt><\/dl><dl class='gallery-item'>\n\t\t\t<dt class='gallery-icon '>\n\t\t\t\t<a href='https:\/\/nowyduninow.info.pl\/wp-content\/uploads\/2017\/04\/25_IMG_4181_km_org.jpg'>25_IMG_4181_km_org<\/a>\n\t\t\t<\/dt><\/dl><br style=\"clear: both\" \/><dl class='gallery-item'>\n\t\t\t<dt class='gallery-icon '>\n\t\t\t\t<a href='https:\/\/nowyduninow.info.pl\/wp-content\/uploads\/2017\/04\/019_2019_06_08_org_km.jpg'>019_2019_06_08_org_km<\/a>\n\t\t\t<\/dt><\/dl><dl class='gallery-item'>\n\t\t\t<dt class='gallery-icon '>\n\t\t\t\t<a href='https:\/\/nowyduninow.info.pl\/wp-content\/uploads\/2023\/04\/kalendarz_imprez_2023_v2_042023_Strona_2.jpg'>kalendarz_imprez_2023_v2_042023_Strona_2<\/a>\n\t\t\t<\/dt><\/dl><dl class='gallery-item'>\n\t\t\t<dt class='gallery-icon '>\n\t\t\t\t<a href='https:\/\/nowyduninow.info.pl\/wp-content\/uploads\/2023\/04\/kalendarz_imprez_2023_v2_042023_Strona_1.jpg'>kalendarz_imprez_2023_v2_042023_Strona_1<\/a>\n\t\t\t<\/dt><\/dl>\n\t\t\t<br style='clear: both' \/>\n\t\t<\/div>\n\n<hr \/>\n<p><span style=\"color: #ff0000;\">Kalendarz imprez roku 2020 &#8211; wszystkie wydarzenia, kt\u00f3rych organizatorem mia\u0142 by\u0107 w\u00f3jt gminy i gmina Nowy Dunin\u00f3w, zosta\u0142y odwo\u0142ane. Wi\u0119cej: <a href=\"https:\/\/nowyduninow.info.pl\/?p=10348\" target=\"_blank\">https:\/\/nowyduninow.info.pl<\/a><\/span><\/p>\n<hr \/>\n","protected":false},"excerpt":{"rendered":"<p>\tKalendarz imprez &#8211; rok 2023, a w nim 30 wydarze\u0144 na terenie gminy Nowy Dunin\u00f3w zaplanowanych od marca do grudnia. Jak to bywa w \u017cyciu, b\u0119d\u0105 zapewne zmiany. O nich b\u0119dziemy informowali w odpowiednim czasie. &#8211; kalendarz_imprez_2023_v3_042023 &#8211; pobierz.<br \/>\n\tKalendarz imprez &#8211; rok 2022. Wracamy po 2  [&#8230;]<\/p>\n","protected":false},"author":1,"featured_media":0,"parent":0,"menu_order":0,"comment_status":"open","ping_status":"closed","template":"","meta":[],"_links":{"self":[{"href":"https:\/\/nowyduninow.info.pl\/archiwum\/index.php?rest_route=\/wp\/v2\/pages\/5908"}],"collection":[{"href":"https:\/\/nowyduninow.info.pl\/archiwum\/index.php?rest_route=\/wp\/v2\/pages"}],"about":[{"href":"https:\/\/nowyduninow.info.pl\/archiwum\/index.php?rest_route=\/wp\/v2\/types\/page"}],"author":[{"embeddable":true,"href":"https:\/\/nowyduninow.info.pl\/archiwum\/index.php?rest_route=\/wp\/v2\/users\/1"}],"replies":[{"embeddable":true,"href":"https:\/\/nowyduninow.info.pl\/archiwum\/index.php?rest_route=%2Fwp%2Fv2%2Fcomments&post=5908"}],"version-history":[{"count":20,"href":"https:\/\/nowyduninow.info.pl\/archiwum\/index.php?rest_route=\/wp\/v2\/pages\/5908\/revisions"}],"predecessor-version":[{"id":15311,"href":"https:\/\/nowyduninow.info.pl\/archiwum\/index.php?rest_route=\/wp\/v2\/pages\/5908\/revisions\/15311"}],"wp:attachment":[{"href":"https:\/\/nowyduninow.info.pl\/archiwum\/index.php?rest_route=%2Fwp%2Fv2%2Fmedia&parent=5908"}],"curies":[{"name":"wp","href":"https:\/\/api.w.org\/{rel}","templated":true}]}}