{"id":4676,"date":"2016-08-24T14:06:49","date_gmt":"2016-08-24T12:06:49","guid":{"rendered":"http:\/\/nowyduninow.info.pl\/?page_id=4676"},"modified":"2019-08-30T12:01:25","modified_gmt":"2019-08-30T10:01:25","slug":"stypendiazasilki","status":"publish","type":"page","link":"https:\/\/nowyduninow.info.pl\/archiwum\/?page_id=4676","title":{"rendered":"Stypendia\/zasi\u0142ki"},"content":{"rendered":"<p>Informacje dotycz\u0105ce stypendi\u00f3w i zasi\u0142k\u00f3w szkolnych zamieszczone s\u0105 w Biuletynie Informacji Publicznej &#8211; <strong><a href=\"https:\/\/ugnowyduninow.bip.org.pl\/?tree=374,stypendia\/zasi%C5%82ki%20szkolne\" target=\"_blank\">wejd\u017a do BIP<\/a><\/strong><\/p>\n<p>&nbsp;<\/p>\n","protected":false},"excerpt":{"rendered":"<p>Informacje dotycz\u0105ce stypendi\u00f3w i zasi\u0142k\u00f3w szkolnych zamieszczone s\u0105 w Biuletynie Informacji Publicznej &#8211; wejd\u017a do BIP<\/p>\n<p>&nbsp;<\/p>\n","protected":false},"author":1,"featured_media":0,"parent":0,"menu_order":0,"comment_status":"open","ping_status":"closed","template":"","meta":[],"_links":{"self":[{"href":"https:\/\/nowyduninow.info.pl\/archiwum\/index.php?rest_route=\/wp\/v2\/pages\/4676"}],"collection":[{"href":"https:\/\/nowyduninow.info.pl\/archiwum\/index.php?rest_route=\/wp\/v2\/pages"}],"about":[{"href":"https:\/\/nowyduninow.info.pl\/archiwum\/index.php?rest_route=\/wp\/v2\/types\/page"}],"author":[{"embeddable":true,"href":"https:\/\/nowyduninow.info.pl\/archiwum\/index.php?rest_route=\/wp\/v2\/users\/1"}],"replies":[{"embeddable":true,"href":"https:\/\/nowyduninow.info.pl\/archiwum\/index.php?rest_route=%2Fwp%2Fv2%2Fcomments&post=4676"}],"version-history":[{"count":8,"href":"https:\/\/nowyduninow.info.pl\/archiwum\/index.php?rest_route=\/wp\/v2\/pages\/4676\/revisions"}],"predecessor-version":[{"id":9614,"href":"https:\/\/nowyduninow.info.pl\/archiwum\/index.php?rest_route=\/wp\/v2\/pages\/4676\/revisions\/9614"}],"wp:attachment":[{"href":"https:\/\/nowyduninow.info.pl\/archiwum\/index.php?rest_route=%2Fwp%2Fv2%2Fmedia&parent=4676"}],"curies":[{"name":"wp","href":"https:\/\/api.w.org\/{rel}","templated":true}]}}