{"id":339,"date":"2014-04-23T15:22:20","date_gmt":"2014-04-23T13:22:20","guid":{"rendered":"http:\/\/mckomptech.nazwa.pl\/nowyduninow\/?page_id=339"},"modified":"2017-02-03T15:10:08","modified_gmt":"2017-02-03T14:10:08","slug":"regaty-zeglarskie","status":"publish","type":"page","link":"https:\/\/nowyduninow.info.pl\/archiwum\/?page_id=339","title":{"rendered":"Regaty \u017ceglarskie"},"content":{"rendered":"<div id=\"attachment_4485\" style=\"width: 544px\" class=\"wp-caption aligncenter\"><a href=\"https:\/\/nowyduninow.info.pl\/archiwum\/galeria\/regaty2016\/index.html\" target=\"_blank\"><img aria-describedby=\"caption-attachment-4485\" decoding=\"async\" loading=\"lazy\" class=\"size-full wp-image-4485\" src=\"https:\/\/nowyduninow.info.pl\/archiwum\/wp-content\/uploads\/2016\/07\/regaty_link1.jpg\" alt=\"Regaty \u017beglarskie 2016. Cz\u0119\u015b\u0107 pierwsza fotoreporta\u017cu.\" width=\"534\" height=\"298\" \/><\/a><p id=\"caption-attachment-4485\" class=\"wp-caption-text\">Regaty \u017beglarskie 2016. Cz\u0119\u015b\u0107 pierwsza fotoreporta\u017cu.<\/p><\/div>\n<p style=\"text-align: justify;\"><strong><strong>By\u0142 czas gdy Regaty \u017beglarskie w Nowym Duninowie by\u0142y ma\u0142o znanym w naszym powiecie wydarzeniem lokalnym. Wiedzieli o nich \u017ceglarze z P\u0142ocka, miejscowych O\u015brodk\u00f3w \u017ceglarskich, W\u0142oc\u0142awka oraz mieszka\u0144cy gminy, kt\u00f3rzy jednak nielicznie odwiedzali w tym dniu port.<\/strong><\/strong><\/p>\n<p style=\"text-align: justify;\"><strong>Galeri\u0119 zdj\u0119\u0107\u00a0mo\u017cecie Pa\u0144stwo ogl\u0105da\u0107 na naszej stronie w dziale Imprezy &#8211; fotoreporta\u017ce<\/strong><\/p>\n<p style=\"text-align: justify;\"><strong>REGATY \u017bEGLARSKIE \u2013 SPOS\u00d3B NA PROMOCJ\u0118!<\/strong><\/p>\n<p style=\"text-align: justify;\">Pierwsze Regaty o Puchar W\u00f3jta Gminy Nowy Dunin\u00f3w odby\u0142y si\u0119 w roku 1996 roku. Przez kilka nast\u0119pnych lat organizatorzy usilnie pracowali nad tym, by podnie\u015b\u0107 presti\u017c imprezy. W\u0142o\u017cyli w to wiele wysi\u0142ku i uda\u0142o si\u0119.<\/p>\n<p style=\"text-align: justify;\">W 2001 roku Starosta P\u0142ocki podj\u0105\u0142 decyzj\u0119 o wsp\u00f3\u0142uczestnictwie w imprezie. By\u0142y to pierwsze Regaty o Puchar Starosty P\u0142ockiego i VI o Puchar W\u00f3jta Gminy Nowy Dunin\u00f3w. Niezaprzeczalnie fakt ten wp\u0142yn\u0105\u0142 na dalsze losy Regat i poni\u00f3s\u0142 ich presti\u017c.\u00a0W\u0105ski kr\u0105g os\u00f3b zaanga\u017cowanych w przygotowanie Regat oraz uczestnik\u00f3w z roku na rok powi\u0119ksza\u0142 si\u0119, a Regaty w Nowym Duninowie przybiera\u0142y coraz to nowe formy. Po kilku latach nie by\u0142y to ju\u017c wy\u0142\u0105cznie wy\u015bcigi \u0142odzi \u017ceglarskich. Do braci \u017ceglarskiej przy\u0142\u0105cza\u0142y si\u0119 coraz to wi\u0119ksze rzesze os\u00f3b mniej lub bardziej zainteresowanych tym sportem. W\u00f3jtowi naszej gminy uda\u0142o si\u0119 te\u017c zainteresowa\u0107 Regatami w Nowym Duninowie samorz\u0105dowc\u00f3w s\u0105siednich gmin i powiat\u00f3w. To wspania\u0142a reklama dla \u017ceglarstwa, kt\u00f3re dla wodniak\u00f3w najcz\u0119\u015bciej jest nie tylko form\u0105 sp\u0119dzania wolnego czasu, ale \u201esposobem na \u017cycie\u201d.<\/p>\n<p style=\"text-align: justify;\">Wiele lat dobrej wsp\u00f3\u0142pracy z Urz\u0119dem Marsza\u0142kowskim Wojew\u00f3dztwa Mazowieckiego zaowocowa\u0142o tak\u017ce przy organizacji najwa\u017cniejszej dla gminy Imprezy. Marsza\u0142ek Wojew\u00f3dztwa Mazowieckiego Pan Adam Struzik, zwi\u0105zany z naszym regionem od wielu lat i dobrze znany mieszka\u0144com nie tylko gminy Nowy Dunin\u00f3w w 2003 roku po raz pierwszy wr\u0119czy\u0142 Puchar Marsza\u0142ka Wojew\u00f3dztwa Mazowieckiego dla najszybszego jachtu.<\/p>\n<p style=\"text-align: justify;\">Nie mo\u017cna te\u017c nie wspomnie\u0107 i podzi\u0119kowa\u0107 wspania\u0142ym sponsorom Regat. Dzi\u0119ki nim trud \u017ceglarzy po zmaganiach na Zalewie mo\u017ce by\u0107 odpowiednio wynagrodzony, i to dzi\u0119ki nim mo\u017cliwe jest zapewnienie udzia\u0142u w imprezie znanych zespo\u0142\u00f3w muzycznych i zapewnienie innych atrakcji towarzysz\u0105cych.<\/p>\n<p style=\"text-align: justify;\">To nieprawda, \u017ce nie ma nic pi\u0119kniejszego od galopuj\u0105cego konia. Je\u015bli kto\u015b uczestniczy\u0142 kiedykolwiek w Regatach \u017beglarskich w Nowym Duninowie przekona\u0142 si\u0119 o tym na pewno.<\/p>\n<p style=\"text-align: justify;\">I tak od pierwszych Regat organizowanych w Duninowie przez\u00a0Oddzia\u0142 \u017beglarsko \u2013 Motorowodny PTTK MORKA min\u0119\u0142o ponad 10 lat. To ju\u017c nie ta sama impreza \u017ceglarska. Dzi\u0119ki w\u0142adzom samorz\u0105dowym, pracownikom Urz\u0119du Gminy i wszystkim, kt\u00f3rzy w\u0142\u0105czaj\u0105 si\u0119 w przygotowania mamy dzi\u015b wspania\u0142e wydarzenie, kt\u00f3re przyczyni\u0142o si\u0119 do promocji niezaprzeczalnych walor\u00f3w naszej gminy, o kt\u00f3rej ma\u0142o kto kiedy\u015b s\u0142ysza\u0142.<\/p>\n<p style=\"text-align: justify;\">Trudno jest rozstawa\u0107 si\u0119 rankiem z portem w Duninowie.<\/p>\n<p style=\"text-align: justify;\">Ale przecie\u017c Regaty s\u0105 co roku!<\/p>\n<div id=\"attachment_4499\" style=\"width: 544px\" class=\"wp-caption aligncenter\"><a href=\"https:\/\/nowyduninow.info.pl\/archiwum\/galeria\/regaty2016\/index.html\" target=\"_blank\"><img aria-describedby=\"caption-attachment-4499\" decoding=\"async\" loading=\"lazy\" class=\"size-full wp-image-4499\" src=\"https:\/\/nowyduninow.info.pl\/archiwum\/wp-content\/uploads\/2016\/07\/regaty_link2.jpg\" alt=\"Regaty \u017beglarskie 2016. Cz\u0119\u015b\u0107 2 fotoreporta\u017cu.\" width=\"534\" height=\"310\" \/><\/a><p id=\"caption-attachment-4499\" class=\"wp-caption-text\">Regaty \u017beglarskie 2016. Cz\u0119\u015b\u0107 2 fotoreporta\u017cu.<\/p><\/div>\n","protected":false},"excerpt":{"rendered":"<p>By\u0142 czas gdy Regaty \u017beglarskie w Nowym Duninowie by\u0142y ma\u0142o znanym w naszym powiecie wydarzeniem lokalnym. Wiedzieli o nich \u017ceglarze z P\u0142ocka, miejscowych O\u015brodk\u00f3w \u017ceglarskich, W\u0142oc\u0142awka oraz mieszka\u0144cy gminy, kt\u00f3rzy jednak nielicznie odwiedzali w tym dniu port.<br \/>\nGaleri\u0119 zdj\u0119\u0107\u00a0mo\u017cecie Pa\u0144stwo  [&#8230;]<\/p>\n","protected":false},"author":1,"featured_media":0,"parent":0,"menu_order":0,"comment_status":"open","ping_status":"open","template":"","meta":[],"_links":{"self":[{"href":"https:\/\/nowyduninow.info.pl\/archiwum\/index.php?rest_route=\/wp\/v2\/pages\/339"}],"collection":[{"href":"https:\/\/nowyduninow.info.pl\/archiwum\/index.php?rest_route=\/wp\/v2\/pages"}],"about":[{"href":"https:\/\/nowyduninow.info.pl\/archiwum\/index.php?rest_route=\/wp\/v2\/types\/page"}],"author":[{"embeddable":true,"href":"https:\/\/nowyduninow.info.pl\/archiwum\/index.php?rest_route=\/wp\/v2\/users\/1"}],"replies":[{"embeddable":true,"href":"https:\/\/nowyduninow.info.pl\/archiwum\/index.php?rest_route=%2Fwp%2Fv2%2Fcomments&post=339"}],"version-history":[{"count":9,"href":"https:\/\/nowyduninow.info.pl\/archiwum\/index.php?rest_route=\/wp\/v2\/pages\/339\/revisions"}],"predecessor-version":[{"id":5584,"href":"https:\/\/nowyduninow.info.pl\/archiwum\/index.php?rest_route=\/wp\/v2\/pages\/339\/revisions\/5584"}],"wp:attachment":[{"href":"https:\/\/nowyduninow.info.pl\/archiwum\/index.php?rest_route=%2Fwp%2Fv2%2Fmedia&parent=339"}],"curies":[{"name":"wp","href":"https:\/\/api.w.org\/{rel}","templated":true}]}}