{"id":326,"date":"2014-04-23T15:04:52","date_gmt":"2014-04-23T13:04:52","guid":{"rendered":"http:\/\/mckomptech.nazwa.pl\/nowyduninow\/?page_id=326"},"modified":"2021-02-25T10:07:09","modified_gmt":"2021-02-25T09:07:09","slug":"ochrona-przeciwpowodziowa-informacje","status":"publish","type":"page","link":"https:\/\/nowyduninow.info.pl\/archiwum\/?page_id=326","title":{"rendered":"Ochrona przeciwpowodziowa &#8211; informacje"},"content":{"rendered":"<p><b>Wg wskaza\u0144 na wodowskazie w Nowym Duninowie:<\/b><\/p>\n<p><strong><span style=\"color: #ff0000;\">Stan ostrzegawczy<\/span><\/strong>\u00a0dla gminy Nowy Dunin\u00f3w to 170 cm,<br \/>\n<b><br \/>\n<span style=\"color: #ff0000;\">Stan alarmowy<\/span><\/b>\u00a0&#8211; 200 cm.<\/p>\n<p><strong><span style=\"color: #ff0000;\">Kontakt<\/span> z Gminnym Zespo\u0142em Zarz\u0105dzania Kryzysowego:<\/strong><br \/>\nw godzinach pracy Urz\u0119du Gminy oraz podczas sta\u0142ego dy\u017curu: 24\/261-02-36\u00a0lub\u00a0261 02 72<br \/>\npo godzinach pracy Urz\u0119du Gminy:\u00a0501 579 142 lub 512 372 511<\/p>\n<p><strong>AKTUALNE STANY WODY na wodowskazie w Nowym Duninowie:<\/strong><\/p>\n<p><span style=\"color: #800000;\"><strong>11 luty 2021 r.:<\/strong><\/span><\/p>\n<ol>\n<li>godz. 8.30 &#8211; 128 cm (+2)<\/li>\n<\/ol>\n<p><span style=\"color: #800000;\"><strong>12 luty 2021 r.:<\/strong><\/span><\/p>\n<ol>\n<li>godz. 8.30 &#8211; 128 cm (0)<\/li>\n<li>godz. 10.00 &#8211; 128 cm (0)<\/li>\n<li>godz. 20.00 &#8211; 120 cm (-8)<\/li>\n<li>godz, 24.00 &#8211; 120 cm (0)<\/li>\n<\/ol>\n<p style=\"text-align: justify;\">\u00a0<span class=\"d2edcug0 hpfvmrgz qv66sw1b c1et5uql rrkovp55 a8c37x1j keod5gw0 nxhoafnm aigsh9s9 d3f4x2em fe6kdd0r mau55g9w c8b282yb iv3no6db jq4qci2q a3bd9o3v knj5qynh oo9gr5id hzawbc8m\" dir=\"auto\"><strong><span style=\"color: #800000;\">24.02.2021 r.<\/span><\/strong><\/span><\/p>\n<ul>\n<li style=\"text-align: justify;\"><span class=\"d2edcug0 hpfvmrgz qv66sw1b c1et5uql rrkovp55 a8c37x1j keod5gw0 nxhoafnm aigsh9s9 d3f4x2em fe6kdd0r mau55g9w c8b282yb iv3no6db jq4qci2q a3bd9o3v knj5qynh oo9gr5id hzawbc8m\" dir=\"auto\"> godz. 20.00 &#8211; 130 cm.<\/span><\/li>\n<\/ul>\n<p style=\"text-align: justify;\"><span class=\"d2edcug0 hpfvmrgz qv66sw1b c1et5uql rrkovp55 a8c37x1j keod5gw0 nxhoafnm aigsh9s9 d3f4x2em fe6kdd0r mau55g9w c8b282yb iv3no6db jq4qci2q a3bd9o3v knj5qynh oo9gr5id hzawbc8m\" dir=\"auto\"><strong><span style=\"color: #800000;\"> 25.02.2021 r.<\/span> <\/strong><\/span><\/p>\n<ul>\n<li style=\"text-align: justify;\"><span class=\"d2edcug0 hpfvmrgz qv66sw1b c1et5uql rrkovp55 a8c37x1j keod5gw0 nxhoafnm aigsh9s9 d3f4x2em fe6kdd0r mau55g9w c8b282yb iv3no6db jq4qci2q a3bd9o3v knj5qynh oo9gr5id hzawbc8m\" dir=\"auto\">godz. 5.00 &#8211; 135 cm.<br \/>\n<\/span><\/li>\n<\/ul>\n<hr \/>\n<p><strong>AKTUALNE KOMUNIKATY I INFORMACJE<\/strong><\/p>\n<ol>\n<li>Ostrze\u017cenie IMiGW w Warszawie &#8211; silny mr\u00f3z &#8211; <a title=\"Ostrze\u017cenie. 11.02.2021 r.\" href=\"https:\/\/nowyduninow.info.pl\/archiwum\/wp-content\/uploads\/2014\/04\/MZW_1419_MR_20210211115504157.pdf\" target=\"_blank\">pobierz plik pdf<\/a><\/li>\n<li>Informacja hydrologiczna o sytuacji na Wi\u015ble od K\u0119py Polskiej do W\u0142oc\u0142awka &#8211; <a href=\"https:\/\/www.imgw.pl\/wydarzenia\/imgw-pib-informacja-hydrologiczna-o-sytuacji-na-wisle-na-odcinku-od-kepy-polskiej-do\" target=\"_blank\">wejd\u017a<\/a><\/li>\n<li><b><a title=\"IMiGW\" href=\"http:\/\/instytutmeteo.pl\/aktualne-stany-rzek-w-polsce?fbclid=IwAR1b1HH3fN2Kk6Lupe4GQgJFb2sRGZ_Vn4eWCz7bq2VcsKBr5PHVJZF2pn4#\" target=\"_blank\">Bie\u017c\u0105ce informacje o stanie w\u00f3d<\/a><\/b><\/li>\n<\/ol>\n<p>Zarz\u0105dzenie Nr 16\/2021 W\u00f3jta Gminy w Nowym Duninowie z dnia 12\u00a0 lutego 2021 roku w sprawie og\u0142oszenia pogotowia przeciwpowodziowego dla Gminy Nowy Dunin\u00f3w &#8211; <a href=\"http:\/\/Zarz\u0105dzenie Nr 16\/2021 W\u00f3jta Gminy w Nowym Duninowie z dnia 12  lutego 2021 roku w sprawie og\u0142oszenia pogotowia przeciwpowodziowego dla Gminy Nowy Dunin\u00f3w\" data-cke-saved-href=\"http:\/\/Zarz\u0105dzenie Nr 16\/2021 W\u00f3jta Gminy w Nowym Duninowie z dnia 12  lutego 2021 roku w sprawie og\u0142oszenia pogotowia przeciwpowodziowego dla Gminy Nowy Dunin\u00f3w\">pobierz plik pdf<\/a>f<\/p>\n<p>Zarz\u0105dzeniem nr 5\/2021 z dnia 10 lutego 2021 r. Starosta P\u0142ocki wprowadzi\u0142 <strong>stan alarmu przeciwpowodziowego<\/strong>\u00a0 dla miast i gmin Wyszogr\u00f3d i G\u0105bin oraz gmin Ma\u0142a Wie\u015b, Bodzan\u00f3w, S\u0142upno, S\u0142ubice i <strong>Nowy Dunin\u00f3w<\/strong>. Alarm przeciwpowodziowy obowi\u0105zuje <strong>od godz. 12.00 dnia 10\u00a0 lutego 2021 r. do odwo\u0142ania.<\/strong><\/p>\n<p>Pe\u0142ny tekst zarz\u0105dzenia Starosty P\u0142ockiego \u2013 <a title=\"Zarz\u0105dzenie nr 5\/2021\" href=\"https:\/\/nowyduninow.info.pl\/archiwum\/wp-content\/uploads\/2021\/02\/DOC100221-10022021140155.pdf\">pobierz plik pdf <\/a><\/p>\n<hr \/>\n<p><b>PUNKTY ZBI\u00d3RKI:<\/b><br \/>\n1). Szko\u0142a Podstawowa w Nowym Duninowie<br \/>\n2). Szko\u0142a Podstawowa w Soczewce<\/p>\n<hr \/>\n<p><b>WA\u017bNE:<\/b><br \/>\nInformacja o ewentualnej ewakuacji mieszka\u0144c\u00f3w z teren\u00f3<i>w zagro\u017conych powodzi\u0105 przekazana zostanie w postaci komunikatu przez megafony z samochod\u00f3w stra\u017cackich. Uruchomiony zostanie te\u017c system ostrzegania (megafony w Nowym Duninowie i w Soczewce.<\/i><\/p>\n<ul>\n<li><a title=\"Zalecenia na wypadek powodzi\" href=\"https:\/\/nowyduninow.info.pl\/archiwum\/wp-content\/uploads\/2014\/04\/zalecenia.pdf\" target=\"_blank\">ZALECENIA NA WYPADEK POWODZI<\/a><\/li>\n<\/ul>\n<p>&nbsp;<\/p>\n<hr \/>\n<p>&nbsp;<\/p>\n<p><strong>\u00a0<\/strong><\/p>\n<p>&nbsp;<\/p>\n","protected":false},"excerpt":{"rendered":"<p>Wg wskaza\u0144 na wodowskazie w Nowym Duninowie:<\/p>\n<p>Stan ostrzegawczy\u00a0dla gminy Nowy Dunin\u00f3w to 170 cm,<\/p>\n<p>Stan alarmowy\u00a0&#8211; 200 cm.<\/p>\n<p>Kontakt z Gminnym Zespo\u0142em Zarz\u0105dzania Kryzysowego:<br \/>\nw godzinach pracy Urz\u0119du Gminy oraz podczas sta\u0142ego dy\u017curu: 24\/261-02-36\u00a0lub\u00a0261 02 72<br \/>\npo godzinach pracy Urz\u0119du  [&#8230;]<\/p>\n","protected":false},"author":1,"featured_media":0,"parent":0,"menu_order":0,"comment_status":"open","ping_status":"open","template":"","meta":[],"_links":{"self":[{"href":"https:\/\/nowyduninow.info.pl\/archiwum\/index.php?rest_route=\/wp\/v2\/pages\/326"}],"collection":[{"href":"https:\/\/nowyduninow.info.pl\/archiwum\/index.php?rest_route=\/wp\/v2\/pages"}],"about":[{"href":"https:\/\/nowyduninow.info.pl\/archiwum\/index.php?rest_route=\/wp\/v2\/types\/page"}],"author":[{"embeddable":true,"href":"https:\/\/nowyduninow.info.pl\/archiwum\/index.php?rest_route=\/wp\/v2\/users\/1"}],"replies":[{"embeddable":true,"href":"https:\/\/nowyduninow.info.pl\/archiwum\/index.php?rest_route=%2Fwp%2Fv2%2Fcomments&post=326"}],"version-history":[{"count":18,"href":"https:\/\/nowyduninow.info.pl\/archiwum\/index.php?rest_route=\/wp\/v2\/pages\/326\/revisions"}],"predecessor-version":[{"id":11497,"href":"https:\/\/nowyduninow.info.pl\/archiwum\/index.php?rest_route=\/wp\/v2\/pages\/326\/revisions\/11497"}],"wp:attachment":[{"href":"https:\/\/nowyduninow.info.pl\/archiwum\/index.php?rest_route=%2Fwp%2Fv2%2Fmedia&parent=326"}],"curies":[{"name":"wp","href":"https:\/\/api.w.org\/{rel}","templated":true}]}}