{"id":323,"date":"2021-02-24T09:02:37","date_gmt":"2021-02-24T08:02:37","guid":{"rendered":"http:\/\/mckomptech.nazwa.pl\/nowyduninow\/?page_id=323"},"modified":"2025-07-01T10:48:59","modified_gmt":"2025-07-01T08:48:59","slug":"organizacje-pozarzadowe","status":"publish","type":"page","link":"https:\/\/nowyduninow.info.pl\/archiwum\/?page_id=323","title":{"rendered":"Aktualno\u015bci OP"},"content":{"rendered":"<p style=\"text-align: center;\"><strong>KOMUNIKAT Marsza\u0142ka Wojew\u00f3dztwa Mazowieckiego<\/strong><\/p>\n<p><strong> Zaproszenie do wsp\u00f3\u0142tworzenia projektu Rocznego programu wsp\u00f3\u0142pracy wojew\u00f3dztwa mazowieckiego z organizacjami pozarz\u0105dowymi oraz podmiotami wymienionymi w art. 3 ust. 3 ustawy o dzia\u0142alno\u015bci po\u017cytku publicznego i o wolontariacie na 2026 rok\u00a0<\/strong><\/p>\n<li style=\"padding-left: 30px;\"><a href=\"https:\/\/nowyduninow.info.pl\/archiwum\/wp-content\/uploads\/2021\/02\/Komunikat_zaproszenie-do-wsp\u00f3\u0142tworzenia_Program_wsp\u00f3\u0142pracy_2026-2.pdf\" \ntarget=\"_blank\" >KOMUNIKAT<\/a><br \/>\n&nbsp;<\/p>\n<li style=\"padding-left: 30px;\"> FOMULARZ ZG\u0141OSZENIOWY &#8211; <a href=\"https:\/\/ugnowyduninow.bip.org.pl\/pliki\/ugnowyduninow\/formularz_program_wspolpracy_2026.docx\" target=\"_blank\">\u00a0pobierz plik docx<\/a>\n<p>&nbsp;<\/p>\n<hr \/>\n<hr \/>\n<p>&nbsp;<\/p>\n<p style=\"text-align: right;\">Nowy Dunin\u00f3w, dn. 10.02.2025 r.<\/p>\n<p>OiSO.524.1.3.2025.K\u017b<\/p>\n<p>&nbsp;<\/p>\n<p><span style=\"color: #000000;\">Zarz\u0105dzenie nr 18\/2025 W\u00f3jta Gminy Nowy Dunin\u00f3w z dnia 10 lutego 2025 r. w sprawie powo\u0142ania komisji konkursowej do opiniowania ofert na realizacj\u0119 zada\u0144 publicznych w\u00a0zakresie wspierania i upowszechniania kultury fizycznej na terenie gminy Nowy Dunin\u00f3w w 2025 roku.<\/span><\/p>\n<ul>\n<li style=\"padding-left: 30px;\"><a href=\"https:\/\/nowyduninow.info.pl\/wp-content\/uploads\/2021\/02\/zarz_18_2025_komisja_powolanie_bip.pdf\" target=\"_blank\">Zarz\u0105dzenie 18\/2025<\/a><\/li>\n<li style=\"padding-left: 30px;\"><a href=\"https:\/\/nowyduninow.info.pl\/archiwum\/?attachment_id=19984\" rel=\"attachment wp-att-19984\">Formularz_Program_wsp\u00f3\u0142pracy_2026(2)<\/a>\n<\/ul>\n<p>&nbsp;<\/p>\n<hr \/>\n<hr \/>\n<p>&nbsp;<\/p>\n<p style=\"text-align: right;\">Nowy Dunin\u00f3w, dn. 20.01.2025 r.<\/p>\n<p>OiSO.524.1.2.2025.K\u017b<\/p>\n<p>&nbsp;<\/p>\n<p style=\"text-align: center;\"><strong>OG\u0141OSZENIE<\/strong><\/p>\n<p><strong>o naborze kandydat\u00f3w na cz\u0142onk\u00f3w komisji konkursowej opiniuj\u0105cej oferty organizacji pozarz\u0105dowych i innych podmiot\u00f3w wymienionych w art. 3 ust. 3 ustawy na realizacj\u0119 zada\u0144 publicznych gminy Nowy Dunin\u00f3w.\u00a0<\/strong><\/p>\n<p>Og\u0142oszenie o naborze do komisji konkursowej &#8211;\u00a0<a href=\"https:\/\/ugnowyduninow.bip.org.pl\/pliki\/ugnowyduninow\/ogloszenie_524_1_2_2025.pdf?20250120140325\" target=\"_blank\">pobierz plik pdf<\/a><\/p>\n<p>za\u0142\u0105cznik do og\u0142oszenia &#8211;\u00a0<a href=\"https:\/\/ugnowyduninow.bip.org.pl\/pliki\/ugnowyduninow\/zal_oglosz_524_1_2_2025.pdf?20250120140325\" target=\"_blank\">pobierz plik pdf,\u00a0\u00a0<\/a>\u00a0\u00a0<a href=\"https:\/\/ugnowyduninow.bip.org.pl\/pliki\/ugnowyduninow\/zal_ogloszenie_nabor_komisa_20012025.docx\" target=\"_blank\">\u00a0pobierz plik docx<\/a><\/p>\n<hr \/>\n<p>&nbsp;<\/p>\n<hr \/>\n<p>&nbsp;<\/p>\n<p>Nowy Dunin\u00f3w, dn. 16.01.2025 r.<\/p>\n<p><a href=\"https:\/\/ugnowyduninow.bip.org.pl\/pliki\/ugnowyduninow\/zarz_1_2025_kf_konkurs_ogloszenie.pdf?20250204094941\" target=\"_blank\">Zarz\u0105dzenie nr 7\/2025<\/a>\u00a0W\u00f3jta Gminy Nowy Dunin\u00f3w z dnia 16\u00a0stycznia 2025\u00a0r. w sprawie og\u0142oszenia otwartego konkursu ofert na realizacj\u0119 zada\u0144 publicznych w zakresie wspierania i upowszechniania kultury fizycznej na terenie gminy Nowy Dunin\u00f3w w 2025 roku\u00a0 pn. Organizacja zaj\u0119\u0107 i imprez sportowo-rekreacyjnych.<\/p>\n<ul>\n<li>Za\u0142\u0105cznik do Zarz\u0105dzenia nr 7\/2025\u00a0&#8211;\u00a0<a href=\"https:\/\/ugnowyduninow.bip.org.pl\/pliki\/ugnowyduninow\/zal_do_zarz_1_2025_kf_ogloszenie.pdf?20250204094941\" target=\"_blank\">pobierz plik pdf<\/a>\u00a0(Og\u0142oszenie o konkursie)\n<ul>\n<li>Za\u0142\u0105cznik nr 1 do og\u0142oszenia o otwartym konkursie ofert &#8211;\u00a0<a href=\"https:\/\/ugnowyduninow.bip.org.pl\/pliki\/ugnowyduninow\/zal_1_do_ogloszenia_2025_kf_wzor_oferty.pdf?20250204094941\" target=\"_blank\">pobierz plik pdf<\/a>,\u00a0 \u00a0<a href=\"https:\/\/ugnowyduninow.bip.org.pl\/pliki\/ugnowyduninow\/zal_1_do_ogloszenia_2025_kf_wzor_oferty.docx\" target=\"_blank\">pobierz plik docx<\/a><\/li>\n<li>Za\u0142\u0105cznik nr 2 do og\u0142oszenia o otwartym konkursie ofert &#8211;\u00a0<a href=\"https:\/\/ugnowyduninow.bip.org.pl\/pliki\/ugnowyduninow\/zal_2_do_ogloszenia_2025_kf_wizytowka.pdf?20250204094941\" target=\"_blank\">pobierz plik pdf<\/a>,\u00a0 \u00a0<a href=\"https:\/\/ugnowyduninow.bip.org.pl\/pliki\/ugnowyduninow\/zal_2_do_ogloszenia_2025_kf_wizytowka.docx\" target=\"_blank\">pobierz plik docx<\/a><\/li>\n<li>Za\u0142\u0105cznik nr 3\u00a0do og\u0142oszenia o otwartym konkursie ofert &#8211;\u00a0<a href=\"https:\/\/ugnowyduninow.bip.org.pl\/pliki\/ugnowyduninow\/zal_3_do_ogloszenia_2025_kf_oswiadcz.pdf?20250204094941\" target=\"_blank\">pobierz plik pdf<\/a>,\u00a0 \u00a0<a href=\"https:\/\/ugnowyduninow.bip.org.pl\/pliki\/ugnowyduninow\/zal_3_do_ogloszenia_2025_kf_oswiadcz.docx\" target=\"_blank\">pobierz plik docx<\/a><\/li>\n<li>Za\u0142\u0105cznik nr 4\u00a0do og\u0142oszenia o otwartym konkursie ofert &#8211;\u00a0<a href=\"https:\/\/ugnowyduninow.bip.org.pl\/pliki\/ugnowyduninow\/zal_4_do_ogloszenia_2025_kf_rodo.pdf?20250204094941\" target=\"_blank\">pobierz plik pdf,<\/a>\u00a0 \u00a0<a href=\"https:\/\/ugnowyduninow.bip.org.pl\/pliki\/ugnowyduninow\/zal_4_do_ogloszenia_2025_kf_rodo.docx\" target=\"_blank\">pobierz plik docx<\/a><\/li>\n<\/ul>\n<\/li>\n<\/ul>\n<hr \/>\n<p>&nbsp;<\/p>\n<hr \/>\n<p>&nbsp;<\/p>\n<h3><strong>NGO, we\u017a udzia\u0142 w spisie powszechnym mazowieckich organizacji !!!<\/strong><\/h3>\n<p>Federacja Mazowia prowadzi obecnie badanie organizacji pozarz\u0105dowych w wojew\u00f3dztwie mazowieckim pod nazw\u0105 \u201eSpis powszechny mazowieckich organizacji\u201d<\/p>\n<p><strong>We\u017a udzia\u0142 w badaniu, wype\u0142nij ankiet\u0119 i daj si\u0119 policzy\u0107!<\/strong><\/p>\n<p><strong>Im wi\u0119cej wype\u0142nie\u0144, tym bardziej dok\u0142adne wyniki, kt\u00f3re pozwol\u0105 stworzy\u0107<\/strong><strong> obraz mazowieckich organizacji spo\u0142ecznych!<\/strong><br \/>\nAnkieta znajduje si\u0119 pod adresem:\u00a0https:\/\/spismazowiango.webankieta.pl\/<\/p>\n<p>Czas na wype\u0142nienie ankiety jest tylko do 31 grudnia 2024! W\u015br\u00f3d wype\u0142niaj\u0105cych zostan\u0105 rozlosowane bezp\u0142atne konsultacje specjalistyczne oraz szkolenia dedykowane dla ngo.<br \/>\nBadanie jest finansowane ze \u015brodk\u00f3w Narodowego Instytutu Wolno\u015bci-Centrum Rozwoju Spo\u0142ecze\u0144stwa Obywatelskiego, a raport podsumowuj\u0105cy b\u0119dzie dost\u0119pny w lutym 2025 na stronie <a href=\"http:\/\/www.federacjamazowia.org.pl\/\">www.federacjamazowia.org.pl<\/a>.<\/p>\n<p>W razie pyta\u0144 dotycz\u0105cych badania, prosz\u0119 pisa\u0107 na mazowia@mazowia.org.pl<\/p>\n<p><strong><em>Badanie jest sfinansowane ze \u015brodk\u00f3w Narodowego Instytutu Wolno\u015bci &#8211; Centrum Rozwoju Spo\u0142ecze\u0144stwa Obywatelskiego w ramach Rz\u0105dowego Programu Rozwoju Organizacji Obywatelskich\u00a0<\/em><\/strong><a href=\"https:\/\/www.facebook.com\/hashtag\/nowefio?__eep__=6&amp;__cft__%5b0%5d=AZWUG_O0lYkJwbIS2rW2do-v5QKaw8SUYJj4d3UclKtQDhuJmt88JQmumjohq4MgG0kUXD6hamBKzg-G8h94ndW6uxZMPyd_qU9zAyMDJdKoCH8iya_mvujjLZk-EkNDt30V331e6b8P3YOGH0amNR8ljlBS2HiuzJNjXtPNhM1qLG_0E4hu2RLZpeqWh9Xf66OLb4Wgqf_aJvB5G1AxZTJ9&amp;__tn__=*NK-R\"><strong><em>#P<\/em><\/strong><\/a><strong><em>ROO<\/em><\/strong><strong><em>\u00a0na lata 2018-2030.<\/em><\/strong><\/p>\n<p><a href=\"https:\/\/nowyduninow.info.pl\/wp-content\/uploads\/2021\/02\/Szablony-Mazowia-1440x900-\u2013-kopia.png\"><img decoding=\"async\" loading=\"lazy\" class=\"aligncenter size-medium wp-image-19702\" src=\"https:\/\/nowyduninow.info.pl\/wp-content\/uploads\/2021\/02\/Szablony-Mazowia-1440x900-\u2013-kopia-300x188.png\" alt=\"Szablony Mazowia - 1440x900 \u2013 kopia\" width=\"300\" height=\"188\" \/><\/a><\/p>\n<p>&nbsp;<\/p>\n<hr \/>\n<hr \/>\n<p>&nbsp;<\/p>\n<p style=\"text-align: right;\">Nowy Dunin\u00f3w, dn. 29.11.2024 r.<\/p>\n<p>&nbsp;<\/p>\n<h3>Roczny Program Wsp\u00f3\u0142pracy Gminy Nowy Dunin\u00f3w z organizacjami pozarz\u0105dowymi na rok 2025.<\/h3>\n<p><span style=\"color: #000000;\">Uchwa\u0142a Nr 44\/VI\/2024 Rady Gminy Nowy Dunin\u00f3w z dnia 29 listopada 2024 roku w sprawie Rocznego Programu Wsp\u00f3\u0142pracy Gminy Nowy Dunin\u00f3w z organizacjami pozarz\u0105dowymi i podmiotami, o kt\u00f3rych mowa w art. 3 ust. 3 ustawy z dnia 24 kwietnia 2003r. o dzia\u0142alno\u015bci po\u017cytku publicznego i wolontariacie (t.j. Dz. U. z 2024r. poz. 1491) na 2025 rok.<\/span> <a href=chrome-extension:\/\/efaidnbmnnnibpcajpcglclefindmkaj\/https:\/\/ugnowyduninow.bip.org.pl\/pliki\/ugnowyduninow\/44.pdf?20250522091340\" target=\"_blank\"> &#8211; pobierz plik pdf<\/a><\/p>\n<hr \/>\n<hr \/>\n<p>&nbsp;<\/p>\n<p>Nowy Dunin\u00f3w, 11.10.2024 r.<\/p>\n<h3>Konsultacje Programu Wsp\u00f3\u0142pracy na rok 2025.<\/h3>\n<p><a href=\"https:\/\/nowyduninow.info.pl\/wp-content\/uploads\/2021\/02\/infor_z_przeprowadz_konusltacji_NGO_na_25.pdf\">Informacja o przeprowadzonych konsultacjach<\/a><\/p>\n<p><a href=\"https:\/\/nowyduninow.info.pl\/wp-content\/uploads\/2021\/02\/Protokol_konsultacje_org_pozarz_na_25.pdf\">Protok\u00f3\u0142 z przeprowadzonych konsultacji<\/a><\/p>\n<p>ZARZ\u0104DZENIE NR 106\/2024 W\u00d3JTA GMINY NOWY DUNIN\u00d3W z dnia 4 pa\u017adziernika 2024 r. w sprawie przeprowadzenia konsultacji z organizacjami pozarz\u0105dowymi oraz podmiotami wymienionymi w art. 3\u00a0 ust. 3\u00a0 ustawy z dnia 24 kwietnia 2003 r. o dzia\u0142alno\u015bci po\u017cytku publicznego i o wolontariacie projektu Rocznego Programu wsp\u00f3\u0142pracy Gminy Nowy Dunin\u00f3w z organizacjami pozarz\u0105dowymi oraz innymi podmiotami realizuj\u0105cymi zadania publiczne na rok 2025. &#8211;\u00a0<a href=\"https:\/\/nowyduninow.info.pl\/wp-content\/uploads\/2021\/02\/zarz_106_2024_konsultacje_pw_2024_op.pdf\" target=\"_blank\">pobierz plik pdf<\/a><\/p>\n<p>Za\u0142\u0105cznik nr 1 do Zarz\u0105dzenia nr 106\/2024 (Projekt Uchwa\u0142y)-\u00a0<a href=\"https:\/\/nowyduninow.info.pl\/wp-content\/uploads\/2021\/02\/zal_1_zarz_106_2024_projekt_uchwprogram_wsp_op.pdf\" target=\"_blank\">pobierz plik pdf<\/a><\/p>\n<p>Za\u0142\u0105cznik do Za\u0142\u0105cznika nr 1\u00a0(Projekt Programu Wsp\u00f3\u0142pracy) &#8211;\u00a0<a href=\"https:\/\/nowyduninow.info.pl\/wp-content\/uploads\/2021\/02\/zal_Uch_projekt_program_wsp_op_2025.pdf\" target=\"_blank\">pobierz plik pdf<\/a><\/p>\n<p>Za\u0142\u0105cznik nr 2 do Zarz\u0105dzenia nr 106\/2024 (Konsultacje Spo\u0142eczne &#8211; formularz) &#8211; <a href=\"https:\/\/nowyduninow.info.pl\/wp-content\/uploads\/2021\/02\/zal_2_zarz_106_2024_konsultacje_pw_2024_op.pdf\" target=\"_blank\">pobierz plik pdf<\/a>,\u00a0<a href=\"https:\/\/nowyduninow.info.pl\/wp-content\/uploads\/2021\/02\/zal_2_zarz_106_2024_konsultacje_pw_2024_op.docx\" target=\"_blank\">pobierz plik docx<\/a><\/p>\n<p>&nbsp;<\/p>\n<hr \/>\n<hr \/>\n<p>&nbsp;<\/p>\n<p>&nbsp;<\/p>\n<p>&nbsp;<\/p>\n<p>Nowy Dunin\u00f3w, dn. 05.01.2024 r.<\/p>\n<p>OiSO.524.1.2.2024.KM<\/p>\n<p>OG\u0141OSZENIE o naborze kandydat\u00f3w na cz\u0142onk\u00f3w komisji konkursowej opiniuj\u0105cej oferty organizacji pozarz\u0105dowych i innych podmiot\u00f3w wymienionych w art. 3 ust. 3 ustawy na realizacj\u0119 zada\u0144 publicznych gminy Nowy Dunin\u00f3w:<\/p>\n<p>Powi\u0105zane pliki:<\/p>\n<p>Og\u0142oszenie o naborze do komisji konkursowej &#8211; <a href=\"https:\/\/ugnowyduninow.bip.org.pl\/pliki\/ugnowyduninow\/ogloszenie_nabor_komisja_konkursowa_05012024.pdf?20240108102545\">pobierz plik pdf<\/a><\/p>\n<p>za\u0142\u0105cznik do og\u0142oszenia &#8211; <a href=\"https:\/\/ugnowyduninow.bip.org.pl\/pliki\/ugnowyduninow\/zal_ogloszenie_nabor_komisa_05012024.docx\">pobierz plik docx<\/a><\/p>\n<hr \/>\n<p>&nbsp;<\/p>\n<p>02. stycznia 2024 r.<\/p>\n<p style=\"text-align: justify;\">Zarz\u0105dzenie nr 1\/2024 W\u00f3jta Gminy Nowy Dunin\u00f3w z dnia 03 stycznia 2024 r. w sprawie <strong>og\u0142oszenia otwartego konkursu ofert na realizacj\u0119 zada\u0144 publicznych w zakresie wspierania i upowszechniania kultury fizycznej na terenie gminy Nowy Dunin\u00f3w w 2024 roku\u00a0 pn. Organizacja zaj\u0119\u0107 i imprez sportowo-rekreacyjnych<\/strong>. &#8211; <a href=\"\/pliki\/ugnowyduninow\/zarz_1_2024_konkurs_ogloszenie_bip.pdf\" data-cke-saved-href=\"\/pliki\/ugnowyduninow\/zarz_1_2024_konkurs_ogloszenie_bip.pdf\">pobierz plik pdf<\/a><\/p>\n<p style=\"padding-left: 30px;\">Za\u0142\u0105cznik do Zarz\u0105dzenia nr 1\/2024 &#8211; <a href=\"\/pliki\/ugnowyduninow\/zal_zarz_1_2024_ogloszenie_bip.pdf\" data-cke-saved-href=\"\/pliki\/ugnowyduninow\/zal_zarz_1_2024_ogloszenie_bip.pdf\">pobierz plik pdf<\/a> (Og\u0142oszenie o konkursie)<\/p>\n<p style=\"padding-left: 60px;\">Za\u0142\u0105cznik nr 1 do og\u0142oszenia o otwartym konkursie ofert &#8211; <a href=\"\/pliki\/ugnowyduninow\/zal_1_do_ogloszenia_2024_oswiadcz_bip.pdf\" data-cke-saved-href=\"\/pliki\/ugnowyduninow\/zal_1_do_ogloszenia_2024_oswiadcz_bip.pdf\">pobierz plik<\/a><\/p>\n<p style=\"padding-left: 60px;\">Za\u0142\u0105cznik nr 2 do og\u0142oszenia o otwartym konkursie ofert &#8211; <a href=\"\/pliki\/ugnowyduninow\/zal_2_do_ogloszenia_2024_bip.pdf\" data-cke-saved-href=\"\/pliki\/ugnowyduninow\/zal_2_do_ogloszenia_2024_bip.pdf\">pobierz plik<\/a><\/p>\n<p>&nbsp;<\/p>\n<hr \/>\n<hr \/>\n<p>17.10.2023 r.<\/p>\n<h3>Konsultacje programu Wsp\u00f3\u0142pracy na rok 2024.<\/h3>\n<p>ZARZ\u0104DZENIE NR 64\/2023 W\u00d3JTA GMINY NOWY DUNIN\u00d3W z dnia 17 pa\u017adziernika 2023 r. w sprawie przeprowadzenia konsultacji z organizacjami pozarz\u0105dowymi oraz podmiotami wymienionymi w art. 3\u00a0 ust. 3\u00a0 ustawy z dnia 24 kwietnia 2003 r. o dzia\u0142alno\u015bci po\u017cytku publicznego i o wolontariacie projektu Rocznego Programu wsp\u00f3\u0142pracy Gminy Nowy Dunin\u00f3w z organizacjami pozarz\u0105dowymi oraz innymi podmiotami realizuj\u0105cymi zadania publiczne na rok 2024. &#8211; <a href=\"\/pliki\/ugnowyduninow\/zarz_64_2023_konsultacje_pw_2024_op.docx\" data-cke-saved-href=\"\/pliki\/ugnowyduninow\/zarz_64_2023_konsultacje_pw_2024_op.docx\">pobierz plik<\/a><\/p>\n<p>Za\u0142\u0105cznik nr 1 do Zarz\u0105dzenia nr 64\/2023 &#8211; <a href=\"\/pliki\/ugnowyduninow\/zal_1_zarz_64_2023_projekt_uchwprogram_wsp_op.docx\" data-cke-saved-href=\"\/pliki\/ugnowyduninow\/zal_1_zarz_64_2023_projekt_uchwprogram_wsp_op.docx\">pobierz plik<\/a><\/p>\n<p>Za\u0142\u0105cznik do Za\u0142\u0105cznika nr 1 &#8211; <a href=\"\/pliki\/ugnowyduninow\/zal_uch_projekt_program_wsp_op_2024.pdf\" data-cke-saved-href=\"\/pliki\/ugnowyduninow\/zal_uch_projekt_program_wsp_op_2024.pdf\">pobierz plik<\/a> (Projekt Programu Wsp\u00f3\u0142pracy)<\/p>\n<p>Za\u0142\u0105cznik nr 2 do Zarz\u0105dzenia nr 64\/2023 &#8211; <a href=\"\/pliki\/ugnowyduninow\/zal_2_zarz_64_2023_konsultacje_pw_2024_op.docx\" data-cke-saved-href=\"\/pliki\/ugnowyduninow\/zal_2_zarz_64_2023_konsultacje_pw_2024_op.docx\">pobierz plik<\/a><\/p>\n<p>&nbsp;<\/p>\n<p>28 marzec 2023 r.\/ OiSO.1.5.2023.KM<\/p>\n<p>Zarz\u0105dzenie nr 26\/2023 z dnia 28 marca 2023 r. w sprawie og\u0142oszenia wynik\u00f3w otwartego konkursu ofert na realizacj\u0119 zada\u0144 publicznych w zakresie wspierania i upowszechniania kultury fizycznej na terenie gminy Nowy Dunin\u00f3w w 2023 roku. &#8211; <a href=\"\/pliki\/ugnowyduninow\/zarz_26_2023_rozstrzyg_konkurs.pdf\" data-cke-saved-href=\"\/pliki\/ugnowyduninow\/zarz_26_2023_rozstrzyg_konkurs.pdf\">pobierz plik pdf<\/a><\/p>\n<p style=\"padding-left: 30px;\">Za\u0142\u0105cznik do Zarz\u0105dzenia nr 26\/2023 &#8211; <a href=\"\/pliki\/ugnowyduninow\/zal_zarz_26_2023_rozstrzyg_konkurs_wykaz.pdf\" data-cke-saved-href=\"\/pliki\/ugnowyduninow\/zal_zarz_26_2023_rozstrzyg_konkurs_wykaz.pdf\">pobierz plik pdf<\/a><\/p>\n<p>OiSO.524.1.2.2023.KM<\/p>\n<p>Zarz\u0105dzenie nr 25\/2023 W\u00f3jta Gminy Nowy Dunin\u00f3w z dnia 22 marca 2023 r. w sprawie powo\u0142ania komisji konkursowej do opiniowania ofert na realizacj\u0119 zada\u0144 publicznych w zakresie wspierania i upowszechniania kultury fizycznej na terenie gminy Nowy Dunin\u00f3w w 2023 roku.\u00a0 &#8211; <a title=\"Zarz\u0105dzenie nr 25 - powo\u0142anie komisji konkursowej\" href=\"https:\/\/ugnowyduninow.bip.org.pl\/id\/759\" target=\"_blank\">wejd\u017a<\/a><\/p>\n<p style=\"text-align: justify;\" align=\"center\"><a title=\"Og\u0142oszenie o naborze do komisji konkursowej\" href=\"https:\/\/ugnowyduninow.bip.org.pl\/id\/757\" target=\"_blank\"><strong>Og\u0142oszenie o naborze kandydat\u00f3w na cz\u0142onk\u00f3w komisji konkursowej opiniuj\u0105cej oferty organizacji pozarz\u0105dowych i innych podmiot\u00f3w wymienionych w art. 3 ust. 3 ustawy na realizacj\u0119 zada\u0144 publicznych gminy Nowy Dunin\u00f3w. &#8211; wejd\u017c<\/strong><\/a><\/p>\n<hr \/>\n<p style=\"text-align: justify;\">Zarz\u0105dzenie nr 20\/2023 W\u00f3jta Gminy Nowy Dunin\u00f3w z dnia 28 lutego 2023 r. w sprawie <strong>og\u0142oszenia otwartego konkursu ofert na realizacj\u0119 zada\u0144 publicznych w zakresie wspierania i upowszechniania kultury fizycznej na terenie gminy Nowy Dunin\u00f3w w 2023 roku \u00a0pn. Organizacja zaj\u0119\u0107 i imprez sportowo-rekreacyjnych<\/strong> &#8211; <a title=\"Og\u0142oszenie - otwarty konkurs ofert - kultura fizyczna\" href=\"https:\/\/ugnowyduninow.bip.org.pl\/id\/756\" target=\"_blank\">wejd\u017a i sprawd\u017a w BIP<\/a><\/p>\n","protected":false},"excerpt":{"rendered":"<p>KOMUNIKAT Marsza\u0142ka Wojew\u00f3dztwa Mazowieckiego<br \/>\n Zaproszenie do wsp\u00f3\u0142tworzenia projektu Rocznego programu wsp\u00f3\u0142pracy wojew\u00f3dztwa mazowieckiego z organizacjami pozarz\u0105dowymi oraz podmiotami wymienionymi w art. 3 ust. 3 ustawy o dzia\u0142alno\u015bci po\u017cytku publicznego i o wolontariacie na 2026 rok\u00a0<\/p>\n<p>        [&#8230;]<\/p>\n","protected":false},"author":1,"featured_media":0,"parent":0,"menu_order":0,"comment_status":"open","ping_status":"open","template":"","meta":[],"_links":{"self":[{"href":"https:\/\/nowyduninow.info.pl\/archiwum\/index.php?rest_route=\/wp\/v2\/pages\/323"}],"collection":[{"href":"https:\/\/nowyduninow.info.pl\/archiwum\/index.php?rest_route=\/wp\/v2\/pages"}],"about":[{"href":"https:\/\/nowyduninow.info.pl\/archiwum\/index.php?rest_route=\/wp\/v2\/types\/page"}],"author":[{"embeddable":true,"href":"https:\/\/nowyduninow.info.pl\/archiwum\/index.php?rest_route=\/wp\/v2\/users\/1"}],"replies":[{"embeddable":true,"href":"https:\/\/nowyduninow.info.pl\/archiwum\/index.php?rest_route=%2Fwp%2Fv2%2Fcomments&post=323"}],"version-history":[{"count":102,"href":"https:\/\/nowyduninow.info.pl\/archiwum\/index.php?rest_route=\/wp\/v2\/pages\/323\/revisions"}],"predecessor-version":[{"id":19986,"href":"https:\/\/nowyduninow.info.pl\/archiwum\/index.php?rest_route=\/wp\/v2\/pages\/323\/revisions\/19986"}],"wp:attachment":[{"href":"https:\/\/nowyduninow.info.pl\/archiwum\/index.php?rest_route=%2Fwp%2Fv2%2Fmedia&parent=323"}],"curies":[{"name":"wp","href":"https:\/\/api.w.org\/{rel}","templated":true}]}}