{"id":290,"date":"2014-04-22T14:47:35","date_gmt":"2014-04-22T12:47:35","guid":{"rendered":"http:\/\/mckomptech.nazwa.pl\/nowyduninow\/?page_id=290"},"modified":"2019-12-30T09:04:08","modified_gmt":"2019-12-30T08:04:08","slug":"sesje","status":"publish","type":"page","link":"https:\/\/nowyduninow.info.pl\/archiwum\/?page_id=290","title":{"rendered":"Sesje"},"content":{"rendered":"<div><strong><strong>Informacje i transmisje Sesji Rady Gminy dost\u0119pne s\u0105 pod adresem: <a href=\"https:\/\/portal.posiedzenia.pl\/nowyduninow?\">https:\/\/portal.posiedzenia.pl\/nowyduninow<\/a><\/strong><\/strong><\/p>\n<hr \/>\n<\/div>\n<div><a href=\"https:\/\/posiedzenia.pl\/nowyduninow?\"><img decoding=\"async\" loading=\"lazy\" class=\"aligncenter wp-image-10018 size-full\" src=\"https:\/\/nowyduninow.info.pl\/archiwum\/wp-content\/uploads\/2014\/04\/posiedzeniapl.jpg\" alt=\"posiedzeniapl\" width=\"550\" height=\"66\" \/><\/a><\/div>\n<div>\n<hr \/>\n<p>Pod tym samym adresem dost\u0119pne s\u0105 informacje dotycz\u0105ce sk\u0142adu osobowego Rady Gminy, aktualne i archiwalne nagrania sesji, g\u0142osowania, itd.<\/p>\n<\/div>\n<div>Zapraszamy<\/div>\n<hr \/>\n<hr \/>\n","protected":false},"excerpt":{"rendered":"<p>Informacje i transmisje Sesji Rady Gminy dost\u0119pne s\u0105 pod adresem: https:\/\/portal.posiedzenia.pl\/nowyduninow<\/p>\n<p>Pod tym samym adresem dost\u0119pne s\u0105 informacje dotycz\u0105ce sk\u0142adu osobowego Rady Gminy, aktualne i archiwalne nagrania sesji, g\u0142osowania, itd.<\/p>\n<p>Zapraszamy<\/p>\n","protected":false},"author":1,"featured_media":0,"parent":0,"menu_order":0,"comment_status":"open","ping_status":"open","template":"","meta":[],"_links":{"self":[{"href":"https:\/\/nowyduninow.info.pl\/archiwum\/index.php?rest_route=\/wp\/v2\/pages\/290"}],"collection":[{"href":"https:\/\/nowyduninow.info.pl\/archiwum\/index.php?rest_route=\/wp\/v2\/pages"}],"about":[{"href":"https:\/\/nowyduninow.info.pl\/archiwum\/index.php?rest_route=\/wp\/v2\/types\/page"}],"author":[{"embeddable":true,"href":"https:\/\/nowyduninow.info.pl\/archiwum\/index.php?rest_route=\/wp\/v2\/users\/1"}],"replies":[{"embeddable":true,"href":"https:\/\/nowyduninow.info.pl\/archiwum\/index.php?rest_route=%2Fwp%2Fv2%2Fcomments&post=290"}],"version-history":[{"count":9,"href":"https:\/\/nowyduninow.info.pl\/archiwum\/index.php?rest_route=\/wp\/v2\/pages\/290\/revisions"}],"predecessor-version":[{"id":10020,"href":"https:\/\/nowyduninow.info.pl\/archiwum\/index.php?rest_route=\/wp\/v2\/pages\/290\/revisions\/10020"}],"wp:attachment":[{"href":"https:\/\/nowyduninow.info.pl\/archiwum\/index.php?rest_route=%2Fwp%2Fv2%2Fmedia&parent=290"}],"curies":[{"name":"wp","href":"https:\/\/api.w.org\/{rel}","templated":true}]}}