{"id":2807,"date":"2015-10-05T14:13:29","date_gmt":"2015-10-05T12:13:29","guid":{"rendered":"http:\/\/nowyduninow.info.pl\/?page_id=2807"},"modified":"2015-12-14T15:10:32","modified_gmt":"2015-12-14T14:10:32","slug":"gok1","status":"publish","type":"page","link":"https:\/\/nowyduninow.info.pl\/archiwum\/?page_id=2807","title":{"rendered":"GOK &#8211; Aktualno\u015bci"},"content":{"rendered":"<p><strong>Andrzejki<\/strong><\/p>\n<p>25 listopada\u00a0 Gminny O\u015brodek Kultury oraz Wolontariusze z Gminnego\u00a0 Ko\u0142a Emeryt\u00f3w i Rencist\u00f3w w Nowym Duninowie\u00a0 oraz Klub Wolontariusza \u00a0 przygotowali zabaw\u0119 andrzejkow\u0105 dla najm\u0142odszych. Najwi\u0119kszym zainteresowaniem okaza\u0142y si\u0119 zabawy z dzieci\u0144stwa naszych Senior\u00f3w, a konkurencja nazwana Zo\u015bk\u0105 cieszy\u0142a si\u0119 uznaniem dzieci, \u017ce tak niewiele potrzeba, \u017ceby dobrze si\u0119 bawi\u0107. Tradycj\u0105 wieczoru by\u0142y oczywi\u015bcie wr\u00f3\u017cby andrzejkowe poprowadzone przez Wolontariuszy z Klubu.\u00a0\u00a0\u00a0\u00a0\u00a0\u00a0\u00a0\u00a0\u00a0\u00a0\u00a0\u00a0\u00a0\u00a0\u00a0\u00a0 Dzi\u0119kujemy wszystkim za mi\u0142\u0105 zabaw\u0119.<\/p>\n","protected":false},"excerpt":{"rendered":"<p>Andrzejki<\/p>\n<p>25 listopada\u00a0 Gminny O\u015brodek Kultury oraz Wolontariusze z Gminnego\u00a0 Ko\u0142a Emeryt\u00f3w i Rencist\u00f3w w Nowym Duninowie\u00a0 oraz Klub Wolontariusza \u00a0 przygotowali zabaw\u0119 andrzejkow\u0105 dla najm\u0142odszych. Najwi\u0119kszym zainteresowaniem okaza\u0142y si\u0119 zabawy z dzieci\u0144stwa naszych Senior\u00f3w, a konkurencja  [&#8230;]<\/p>\n","protected":false},"author":1,"featured_media":0,"parent":0,"menu_order":0,"comment_status":"open","ping_status":"closed","template":"","meta":[],"_links":{"self":[{"href":"https:\/\/nowyduninow.info.pl\/archiwum\/index.php?rest_route=\/wp\/v2\/pages\/2807"}],"collection":[{"href":"https:\/\/nowyduninow.info.pl\/archiwum\/index.php?rest_route=\/wp\/v2\/pages"}],"about":[{"href":"https:\/\/nowyduninow.info.pl\/archiwum\/index.php?rest_route=\/wp\/v2\/types\/page"}],"author":[{"embeddable":true,"href":"https:\/\/nowyduninow.info.pl\/archiwum\/index.php?rest_route=\/wp\/v2\/users\/1"}],"replies":[{"embeddable":true,"href":"https:\/\/nowyduninow.info.pl\/archiwum\/index.php?rest_route=%2Fwp%2Fv2%2Fcomments&post=2807"}],"version-history":[{"count":3,"href":"https:\/\/nowyduninow.info.pl\/archiwum\/index.php?rest_route=\/wp\/v2\/pages\/2807\/revisions"}],"predecessor-version":[{"id":16770,"href":"https:\/\/nowyduninow.info.pl\/archiwum\/index.php?rest_route=\/wp\/v2\/pages\/2807\/revisions\/16770"}],"wp:attachment":[{"href":"https:\/\/nowyduninow.info.pl\/archiwum\/index.php?rest_route=%2Fwp%2Fv2%2Fmedia&parent=2807"}],"curies":[{"name":"wp","href":"https:\/\/api.w.org\/{rel}","templated":true}]}}