{"id":278,"date":"2014-04-22T14:39:16","date_gmt":"2014-04-22T12:39:16","guid":{"rendered":"http:\/\/mckomptech.nazwa.pl\/nowyduninow\/?page_id=278"},"modified":"2024-08-21T12:36:12","modified_gmt":"2024-08-21T10:36:12","slug":"krus","status":"publish","type":"page","link":"https:\/\/nowyduninow.info.pl\/archiwum\/?page_id=278","title":{"rendered":"KRUS"},"content":{"rendered":"<p style=\"text-align: center;\"><span style=\"color: #993300;\"><strong>Zg\u0142oszenie wypadku przy pracy rolniczej w KRUS<\/strong><\/span><\/p>\n<p style=\"text-align: center;\">Wypadek przy pracy rolniczej zg\u0142aszamy do KRUS jak najwcze\u015bniej, bez zb\u0119dnej zw\u0142oki,<br \/>\ntj. do 14 dni od zdarzenia.<\/p>\n<p style=\"text-align: center;\"><span style=\"text-decoration: underline;\">Pami\u0119taj:<\/span><br \/>\np\u00f3\u017ane zg\u0142oszenie wypadku i zwi\u0105zany z tym brak mo\u017cliwo\u015bci ustalenia jego okoliczno\u015bci,<br \/>\nmog\u0105 skutkowa\u0107 odmow\u0105 prawa do jednorazowego odszkodowania z tytu\u0142u uszczerbku<br \/>\nna zdrowiu lub \u015bmierci wskutek wypadku przy pracy rolniczej.<\/p>\n<p style=\"text-align: center;\"><span style=\"text-decoration: underline;\">Kto i jak mo\u017ce zg\u0142osi\u0107 wypadek?\u00a0<\/span><\/p>\n<p style=\"text-align: center;\">Zg\u0142oszenia wypadku mo\u017ce dokona\u0107 ubezpieczony<br \/>\nposzkodowany lub inna osoba, bezpo\u015brednio w siedzibie PT KRUS w P\u0142ocku lub za<br \/>\npo\u015brednictwem operatora pocztowego, telefonicznie b\u0105d\u017a poprzez platform\u0119 ePUAP<br \/>\nlub portal eKRUS.<br \/>\nPlac\u00f3wka Terenowa KRUS w P\u0142ocku, ul. Otoli\u0144ska 25, tel. 24 267 44 25, plock@krus.gov.pl<\/p>\n<hr \/>\n<hr \/>\n<p style=\"text-align: left;\"><strong>Prezes Kasy Rolniczego Ubezpieczenia Spo\u0142ecznego dr Aleksandra Hadzik zaprasza w\u0142a\u015bcicieli gospodarstw indywidual<\/strong><strong>nych do udzia\u0142u w jubileuszowym Og\u00f3lnokrajowym Konkursie Bezpieczne Gospodarstwo Rolne. <\/strong><\/p>\n<p style=\"text-align: left;\"><a href=\"https:\/\/nowyduninow.info.pl\/wp-content\/uploads\/2014\/04\/plakat_BGR_18_7_2023_d.jpg\"><img decoding=\"async\" loading=\"lazy\" class=\"alignleft size-medium wp-image-14771\" src=\"https:\/\/nowyduninow.info.pl\/wp-content\/uploads\/2014\/04\/plakat_BGR_18_7_2023_d-212x300.jpg\" alt=\"plakat_BGR_18_7_2023_d\" width=\"212\" height=\"300\" \/><\/a><strong>Wa\u017cne terminy:\u00a0<\/strong><br \/>\n21.04.2023 r. &#8211; up\u0142ywa termin zg\u0142aszania udzia\u0142u w Konkursie30.06.2023 r. &#8211; zako\u0144czenie etapu wojew\u00f3dzkiego<br \/>\n10-28 lipca 2023 r. &#8211; wizytacja gospodarstw fina\u0142owych (termin mo\u017ce ulec zmianie).<\/p>\n<ul>\n<li><span style=\"color: #339966;\"><a style=\"color: #339966;\" href=\"https:\/\/www.krus.gov.pl\/fileadmin\/moje_dokumenty\/obrazki\/Dokumenty\/Wydarzenia_2023\/BGR_2023\/Regulamin_BGR_2023_zatw.pdf\" target=\"_blank\">Regulamin XX Og\u00f3lnokrajowego Konkursu Bezpieczne Gospodarstwo Rolne &#8211; otw\u00f3rz<\/a><\/span><\/li>\n<\/ul>\n<p>Wsp\u00f3\u0142organizatorami Konkursu s\u0105: Ministerstwo Rolnictwa i Rozwoju Wsi, Pa\u0144stwowa Inspekcja Pracy oraz Krajowy O\u015brodek Wsparcia Rolnictwa. Konkurs uzyska\u0142 Patronat Honorowy Prezydenta Rzeczypospolitej Polskiej Andrzeja Dudy.<\/p>\n<p>Og\u00f3lnokrajowy Konkurs Bezpieczne Gospodarstwo Rolne realizowany jest od 2003 roku w ramach dzia\u0142a\u0144 na rzecz zmniejszenia liczby wypadk\u00f3w i chor\u00f3b zawodowych rolnik\u00f3w.<br \/>\nCelem Konkursu jest promocja zasad ochrony zdrowia i \u017cycia w gospodarstwie rolnym. Skierowany jest do w\u0142a\u015bcicieli gospodarstw indywidualnych, z kt\u00f3rych przynajmniej jeden z w\u0142a\u015bcicieli jest obj\u0119ty ubezpieczeniem spo\u0142ecznym rolnik\u00f3w. Udzia\u0142 w Konkursie mog\u0105 wzi\u0105\u0107 zar\u00f3wno du\u017ce, jak i ma\u0142e gospodarstwa rolne.<br \/>\nW \u00a0dotychczasowych dziewi\u0119tnastu edycjach udzia\u0142 wzi\u0119\u0142o ponad 22 tysi\u0105ce gospodarstw indywidualnych.<\/p>\n<p>&nbsp;<\/p>\n<p>&nbsp;<\/p>\n<hr \/>\n<p style=\"text-align: right;\"><strong>26 marca 2021 r.<\/strong><\/p>\n<p><strong>Kasa Rolniczego Ubezpieczenia Spo\u0142ecznego zaprasza w\u0142a\u015bcicieli gospodarstw rolnych do udzia\u0142u w XVIII Og\u00f3lnokrajowym Konkursie Bezpieczne Gospodarstwo Rolne. Konkurs Bezpieczne Gospodarstwo Rolne to\u00a0jedno z\u00a0wielu dzia\u0142a\u0144 prewencyjnych Kasy Rolniczego Ubezpieczenia Spo\u0142ecznego, kt\u00f3rych\u00a0celem jest poprawa bezpiecze\u0144stwa i\u00a0higieny pracy w\u00a0gospodarstwach rolnych.<\/strong><\/p>\n<p>Konkurs organizowany jest przez Kas\u0119 Rolniczego Ubezpieczenia Spo\u0142ecznego, we\u00a0wsp\u00f3\u0142pracy z Ministerstwem Rolnictwa i Rozwoju Wsi,\u00a0Pa\u0144stwow\u0105 Inspekcj\u0105 Pracy, Krajowym O\u015brodkiem Wsparcia Rolnictwa i Agencj\u0105 Restrukturyzacji i\u00a0Modernizacji Rolnictwa.<\/p>\n<p>XVIII Og\u00f3lnokrajowy Konkurs Bezpieczne Gospodarstwo Rolne uzyska\u0142 Patronat Honorowy Prezydenta Rzeczypospolitej Polskiej Andrzeja Dudy.<\/p>\n<p>W siedemnastu edycjach Konkursu udzia\u0142 wzi\u0119\u0142o ponad 20 tysi\u0119cy gospodarstw indywidualnych. Ka\u017cdego roku uczestnikom przyznawane s\u0105 cenne nagrody.<\/p>\n<p>W\u0142a\u015bciciele zg\u0142aszanych gospodarstw maj\u0105 okazj\u0119 do\u00a0zaprezentowania swoich warsztat\u00f3w pracy i\u00a0osi\u0105gni\u0119\u0107 zawodowych, zdobycia cennych nagr\u00f3d, a\u00a0tak\u017ce poddania gospodarstwa profesjonalnemu audytowi bezpiecze\u0144stwa pracy, kt\u00f3ry\u00a0przeprowadz\u0105 komisje konkursowe. Podczas eliminacji sprawdz\u0105 one, czy zasady ochrony zdrowia i\u00a0\u017cycia s\u0105 stosowane w\u00a0ocenianym gospodarstwie, a\u00a0tak\u017ce czy wyeliminowane s\u0105 w\u00a0nim zagro\u017cenia wypadkowe.<\/p>\n<p>W sk\u0142ad komisji konkursowych etap\u00f3w regionalnych i wojew\u00f3dzkiego na Mazowszu wchodz\u0105 specjali\u015bci z zakresu bhp w rolnictwie reprezentuj\u0105cy Kas\u0119 Rolniczego Ubezpieczenia Spo\u0142ecznego, Agencj\u0119 Restrukturyzacji i\u00a0Modernizacji Rolnictwa, Krajowy O\u015brodek Wsparcia Rolnictwa, Pa\u0144stwow\u0105 Inspekcj\u0119 Pracy, Mazowiecki O\u015brodek Doradztwa Rolniczego, Mazowieck\u0105 Izb\u0119 Rolnicz\u0105 i inne instytucje dzia\u0142aj\u0105ce w\u00a0\u015brodowisku wiejskim. Zastosowanie si\u0119 do\u00a0ich rad i\u00a0uwag przyczynia si\u0119 do\u00a0wyeliminowania wielu zagro\u017ce\u0144, a\u00a0tym samym do\u00a0zmniejszenia ryzyka wypadk\u00f3w i\u00a0chor\u00f3b zawodowych rolnik\u00f3w oraz\u00a0ich rodzin.<\/p>\n<p>Warunkiem udzia\u0142u w Konkursie jest podleganie ubezpieczeniu spo\u0142ecznemu rolnik\u00f3w przez co najmniej jednego ze wsp\u00f3\u0142w\u0142a\u015bcicieli gospodarstwa rolnego.<\/p>\n<p>Szczeg\u00f3\u0142owe informacje o organizacji Konkursu mo\u017cna uzyska\u0107 w Plac\u00f3wce Terenowej KRUS w P\u0142ocku, ul. Otoli\u0144ska 25\u00a0 (tel. 24\u00a0267 44 25; 24\u00a0267 44 10;\u00a0 e-mail: <a href=\"mailto:plock@krus.gov.pl\">plock@krus.gov.pl<\/a>,) oraz na stronie internetowej Kasy www.krus.gov.pl.<\/p>\n<p>Wa\u017cne terminy:<br \/>\n<strong>23.04.2021 r.<\/strong> \u2013 up\u0142ywa termin zg\u0142aszania udzia\u0142u w Konkursie<br \/>\n<strong>25.06.2021 r.<\/strong> \u2013 zako\u0144czenie etapu wojew\u00f3dzkiego<br \/>\n<strong>07\/08.2021 r.<\/strong> &#8211; wizytacja gospodarstw fina\u0142owych.<\/p>\n<p>Za\u0142\u0105czniki:<\/p>\n<ul>\n<li>Regulamin<\/li>\n<li>Zg\u0142oszenie udzia\u0142u w konkursie (za\u0142\u0105cznik nr 1)<\/li>\n<\/ul>\n<p>WI\u0118CEJ NA STRONIE: <span style=\"color: #3366ff;\">https:\/\/www.krus.gov.pl\/zadania-krus\/prewencja\/xviii-ogolnokrajowy-konkurs-bezpieczne-gospodarstwo-rolne\/\u00a0<\/span><\/p>\n<p>&nbsp;<\/p>\n<hr \/>\n<p style=\"text-align: center;\">APEL o niezw\u0142oczne zg\u0142aszanie wypadk\u00f3w do KRUS<\/p>\n<p>Oddzia\u0142 Regionalny KRUS w Warszawie informuje, \u017ce <strong>zawiadomienie o zaistnieniu zdarzenia wypadkowego jest niezb\u0119dnym warunkiem ubiegania si\u0119 o prawo do jednorazowego odszkodowania<\/strong>. Zg\u0142oszenie wypadku powoduje wszcz\u0119cie post\u0119powania powypadkowego, na kt\u00f3re sk\u0142ada si\u0119 ustalenie rzeczywistych przyczyn okoliczno\u015bci zdarzenia, uznanie b\u0105d\u017a nieuznanie go za wypadek i &#8211; przy spe\u0142nieniu wszystkich wymaganych prawem warunk\u00f3w &#8211; wyp\u0142ata \u015bwiadczenia.<\/p>\n<p>W praktyce rolnicy bardzo cz\u0119sto zg\u0142aszaj\u0105 zdarzenia wypadkowe z do\u015b\u0107 znacznym op\u00f3\u017anieniem. Cho\u0107 prowadzone na szerok\u0105 skal\u0119 akcje informacyjne KRUS o bezzw\u0142ocznym informowaniu o wypadku przyczyni\u0142y si\u0119 do poprawy sytuacji, to jednak nadal w ponad po\u0142owie przypadk\u00f3w w zg\u0142oszenie nast\u0119puje po okresie d\u0142u\u017cszym ni\u017c 14 dni od jego zaistnienia. Zw\u0142oka w zawiadamianiu KRUS jest powa\u017cnym problemem, kt\u00f3ry skutkuje d\u0142u\u017cszym oczekiwaniem poszkodowanego i jego rodziny na uzyskanie jednorazowego odszkodowania.<\/p>\n<p>Wypadek mo\u017cna zg\u0142osi\u0107 w siedzibie Kasy(w ka\u017cdej plac\u00f3wce) osobi\u015bcie albo za po\u015brednictwem, poczty telefonu, lub poczty elektronicznej.<\/p>\n<p><strong>==========================================<\/strong>=================================<\/p>\n<p class=\"desc\"><strong><span style=\"color: #008000;\">Dbasz o\u00a0bezpiecze\u0144stwo \u2013\u00a0dbasz o\u00a0zdrowie i\u00a0\u017cycie<\/span><\/strong><\/p>\n<div>Rolnicy oraz\u00a0wykonuj\u0105cy prace i\u00a0przebywaj\u0105cy w\u00a0gospodarstwie rolnym nara\u017ceni s\u0105 na\u00a0szereg niebezpiecznych czynnik\u00f3w, kt\u00f3re mog\u0105 powodowa\u0107 wypadki oraz\u00a0choroby zawodowe, dlatego te\u017c KRUS przygotowa\u0142 do\u00a0wykonania tzw. list kontrolnych, jako narz\u0119dzi do oceny stanu bezpiecze\u0144stwa w gospodarstwie rolnym.<\/div>\n<p style=\"text-align: left;\">lista kontrolna &#8222;<span style=\"text-decoration: underline;\">Upadek to nie przypadek<\/span>&#8222;:\u00a0 <a href=\"https:\/\/www.krus.gov.pl\/fileadmin\/moje_dokumenty\/obrazki\/Dokumenty\/Wydarzenia_2020\/kampanie_2020\/Lista_Upadek_2020.pdf\">https:\/\/www.krus.gov.pl\/fileadmin\/moje_dokumenty\/obrazki\/Dokumenty\/Wydarzenia_2020\/kampanie_2020\/Lista_Upadek_2020.pdf<\/a><\/p>\n<p style=\"text-align: left;\">Lista kontrolna &#8211; ocena gospodarstwa rolnego pod k\u0105tem zagro\u017ce\u0144 przyczyniaj\u0105cych si\u0119 do zaistnienia wypadk\u00f3w z udzia\u0142em <span style=\"text-decoration: underline;\">maszyn i urz\u0105dze\u0144 rolniczych<\/span>\u201d: <a href=\"https:\/\/www.krus.gov.pl\/fileadmin\/moje_dokumenty\/obrazki\/Dokumenty\/Wydarzenia_2020\/kampanie_2020\/lista_kontrolna_maszyny_2020.pdf\">https:\/\/www.krus.gov.pl\/fileadmin\/moje_dokumenty\/obrazki\/Dokumenty\/Wydarzenia_2020\/kampanie_2020\/lista_kontrolna_maszyny_2020.pdf<\/a><\/p>\n<p style=\"text-align: left;\"><strong>==========================================<\/strong>=================================<\/p>\n<p style=\"text-align: right;\"><a href=\"https:\/\/nowyduninow.info.pl\/wp-content\/uploads\/2014\/04\/TarczaAntykryzysowa_plakat_A4_kolor.jpg\"><img decoding=\"async\" loading=\"lazy\" class=\"size-medium wp-image-10275 alignright\" src=\"https:\/\/nowyduninow.info.pl\/wp-content\/uploads\/2014\/04\/TarczaAntykryzysowa_plakat_A4_kolor-213x300.jpg\" alt=\"TarczaAntykryzysowa_plakat_A3_kolor\" width=\"213\" height=\"300\" \/><\/a><\/p>\n<p><span class=\"css-901oao css-16my406 r-1qd0xha r-ad9z0x r-bcqeeo r-qvutc0\">Najwa\u017cniejsze rozwi\u0105zania\u00a0\u00a0<\/span><span class=\"r-18u37iz\">Tarczy Antykryzysowej<\/span> <span class=\"r-18u37iz\">Rolnictwa<\/span><span class=\"css-901oao css-16my406 r-1qd0xha r-ad9z0x r-bcqeeo r-qvutc0\">. Szczeg\u00f3\u0142y proponowanych rozwi\u0105za\u0144 dla rolnik\u00f3w i ich domownik\u00f3w oraz dla przedsi\u0119biorc\u00f3w w komunikacie Ministerstwa Rolnictwa i Rozwoju Wsi. Szczeg\u00f3\u0142y pod adresem\u00a0<a href=\"https:\/\/www.gov.pl\/web\/rolnictwo\/najwazniejsze-rozwiazania-tarczy-antykryzysowej-dla-rolnictwa\">https:\/\/www.gov.pl\/web\/rolnictwo\/najwazniejsze-rozwiazania-tarczy-antykryzysowej-dla-rolnictwa.<\/a><\/span><\/p>\n<p><strong>==========================================<\/strong>=================================<\/p>\n<p>&nbsp;<\/p>\n<p>UPADKI CHODZ\u0104<br \/>\nPO LUDZIACH<br \/>\n<a href=\"https:\/\/nowyduninow.info.pl\/file.php?file=upadki_krus.doc\">Informacja KRUS o wypadkach &#8211; przeczytaj, to wa\u017cne<\/a>\u00a0Konkurs &#8222;Bezpiecznie na wsi&#8221; rozstrzygni\u0119ty<\/p>\n<p><b><\/b><br \/>\nKasa Rolniczego Ubezpieczenia Spo\u0142ecznego zorganizowa\u0142a i przeprowadzi\u0142a na terenie dzia\u0142ania Plac\u00f3wki Terenowej w P\u0142ocku\u00a0<strong>konkurs plastyczny dla uczni\u00f3w szk\u00f3\u0142 podstawowych<\/strong>\u00a0\u201eBezpiecznie na wsi\u201d.<\/p>\n<p>Celem konkursu by\u0142o promowanie pozytywnych zachowa\u0144 zwi\u0105zanych z prac\u0105 i zabaw\u0105 na terenach wiejskich, poszerzenie wiedzy z zakresu bhp w gospodarstwie rolnym, a tak\u017ce rozbudzanie i rozwijanie wra\u017cliwo\u015bci estetycznej oraz indywidualnych zdolno\u015bci tw\u00f3rczych w\u015br\u00f3d najm\u0142odszych mieszka\u0144c\u00f3w wsi.<\/p>\n<p>Do organizacji konkursu w\u0142\u0105czy\u0142o si\u0119 5 gmin: Bodzan\u00f3w, G\u0105bin, I\u0142\u00f3w, Nowy Dunin\u00f3w oraz P\u0142ock, z kt\u00f3rych udzia\u0142 wzi\u0119\u0142o 251 uczni\u00f3w.<\/p>\n<p>Dotychczas rozstrzygni\u0119to 2 z 3 etap\u00f3w konkursu, w ka\u017cdym etapie nagrodzono 3 uczni\u00f3w w 2 kategoriach wiekowych: klasy 0-3 i 4-6.<\/p>\n<p>Z terenu gminy Nowy Dunin\u00f3w do konkursu przyst\u0105pi\u0142o 15 uczni\u00f3w ze Szko\u0142y Podstawowej im. Ks. Kardyna\u0142a Stefana Wyszy\u0144skiego w Nowym Duninowie.<\/p>\n<p>W\u015br\u00f3d prac z\u0142o\u017conych na konkurs komisja konkursowa, sk\u0142adaj\u0105ca si\u0119 z pracownik\u00f3w KRUS PT w P\u0142ocku oraz przedstawiciela Urz\u0119du Gminy, wy\u0142oni\u0142a zwyci\u0119zc\u00f3w. Zostali nimi:<\/p>\n<ul>\n<li>w grupie klas 0-3 I-sze miejsce zaj\u0119\u0142a praca Karola Adamskiego z II klasy, miejsc II i III nie przyznano,<\/li>\n<li>w grupie klas 4-6 I-sze miejsce zaj\u0119\u0142a praca Pauliny Kaleja z V klasy, II-gie miejsce Natalia Michalska z klasy V, III-cie miejsce Ma\u0142gorzata Cichowicz z klasy IV. Wszyscy laureaci otrzymali nagrody rzeczowe ufundowane przez KRUS oraz W\u00f3jta Pana Miros\u0142awa Krysiaka.<\/li>\n<\/ul>\n<p>Spo\u015br\u00f3d prac nagrodzonych w I etapie z terenu wszystkich gmin bior\u0105cych udzia\u0142 w konkursie, w etapie powiatowym zostali wy\u0142onieni zwyci\u0119zcy r\u00f3wnie\u017c w dw\u00f3ch grupach wiekowych. Nagrody dla laureat\u00f3w zosta\u0142y ufundowane przez KRUS Oddzia\u0142 Regionalny w Warszawie Plac\u00f3wk\u0119 Terenow\u0105 w P\u0142ocku oraz Starost\u0119 P\u0142ockiego Pana Zgorzelskiego i uroczy\u015bcie wr\u0119czone w dniu 20 czerwca w siedzibie Plac\u00f3wki Terenowej KRUS w P\u0142ocku.<\/p>\n<p>Prace nagrodzone w II etapie przechodz\u0105 do oceny przez komisj\u0119 etapu wojew\u00f3dzkiego.<br \/>\n<b><\/b><\/p>\n<p>Komunikat o wypadkach przy pracy i chorobach zawodowych rolnik\u00f3w w 2010 r. dla gminy Nowy Dunin\u00f3w<\/p>\n<p><b><\/b><br \/>\nW 2010 roku z terenu dzia\u0142ania Plac\u00f3wki Terenowej KRUS w P\u0142ocku\u00a0<strong>zg\u0142oszono 216 wypadk\u00f3w<\/strong>, o 15 wi\u0119cej ni\u017c w 2009 roku.<\/p>\n<p>Za wypadek przy pracy rolniczej w rozumieniu ustawy o ubezpieczeniu spo\u0142ecznym rolnik\u00f3w uznano 186 wypadk\u00f3w, w pozosta\u0142ych 30 przypadkach:<\/p>\n<ul>\n<li>19 zdarze\u0144 nie uznano za wypadki przy pracy rolniczej,<\/li>\n<li>5 poszkodowanych nie posiada\u0142o uprawnie\u0144 do ubiegania si\u0119 o jednorazowe odszkodowanie za uszczerbek na zdrowiu spowodowany wypadkiem,<\/li>\n<li>4 poszkodowanych zrezygnowa\u0142o z roszcze\u0144,<\/li>\n<li>1 zdarzenie uznano za wypadek, ale odm\u00f3wiono prawa do odszkodowania z powodu wykonywania pracy w stanie nietrze\u017awo\u015bci,<\/li>\n<li>1 zdarzenie uznano za wypadek, ale odm\u00f3wiono prawa do odszkodowania z powodu ra\u017c\u0105cego niedbalstwa podczas wykonywania pracy.<\/li>\n<\/ul>\n<p><strong>Najwi\u0119cej wypadk\u00f3w<\/strong>\u00a0zaistnia\u0142o\u00a0<strong>w grupach<\/strong>: \u201eupadek os\u00f3b\u201d &#8211; 76 zdarze\u0144, \u201euderzenie, przygniecenie, pogryzienie przez zwierz\u0119ta\u201d &#8211; 27 zdarze\u0144 oraz \u201epochwycenie i uderzenie przez cz\u0119\u015bci ruchome maszyn i urz\u0105dze\u0144\u201d &#8211; 23 zdarzenia.<\/p>\n<p>Na terenie gminy Nowy Dunin\u00f3w zg\u0142oszono 3 wypadki, co stanowi 1,38% wszystkich zg\u0142osze\u0144. 2 wypadki zg\u0142oszono w grupie \u201eupadek os\u00f3b\u201d, a 1 w grupie \u201einne zdarzenia\u201d.<\/p>\n<p>Na terenie gminy nie odnotowano zg\u0142oszenia choroby zawodowej.<br \/>\n<b><\/b><\/p>\n<p>IX Og\u00f3lnokrajowy Konkurs na Bezpieczne Gospodarstwo Rolne<\/p>\n<p>Rozpoczyna si\u0119 nowa edycja konkursu na bezpieczne gospodarstwo rolne. Organizatorami Og\u00f3lnokrajowego Konkursu ,,<strong>Bezpieczne Gospodarstwo Rolne\u201d<\/strong>\u00a0s\u0105: Kasa Rolniczego Ubezpieczenia Spo\u0142ecznego, Ministerstwo Rolnictwa i Rozwoju Wsi , Pa\u0144stwowa Inspekcja Pracy oraz inne instytucje i organizacje dzia\u0142aj\u0105ce na rzecz poprawy bezpiecze\u0144stwa pracy w rolnictwie.<\/p>\n<p>IX edycja konkursu odbywa si\u0119 pod honorowym patronatem prezydenta Bronis\u0142awa Komorowskiego.<\/p>\n<p>W kategorii gospodarstw indywidualnych w konkursie mog\u0105 uczestniczy\u0107 osoby pe\u0142noletnie prowadz\u0105ce indywidualna rolnicz\u0105 dzia\u0142alno\u015b\u0107 produkcyjn\u0105. Warunkiem uczestnictwa jest zg\u0142oszenie gospodarstwa rolnego do konkursu w najbli\u017cszej plac\u00f3wce terenowej KRUS w terminie do 15 marca 2011 r.<br \/>\nPrzy ocenie b\u0119d\u0105 brane pod uwag\u0119: \u0142ad i porz\u0105dek w obr\u0119bie podw\u00f3rza, zabudowa\u0144 i stanowisk pracy, stan budynk\u00f3w inwentarskich i gospodarczych, wyposa\u017cenie maszyn i urz\u0105dze\u0144 u\u017cywanych w gospodarstwie w os\u0142ony ruchomych cz\u0119\u015bci, podpory i inne zabezpieczenia, stan techniczny pilarek tarczowych i \u0142a\u0144cuchowych, warunki obs\u0142ugi i bytowania zwierz\u0105t gospodarskich oraz stosowanie, stan i jako\u015b\u0107 \u015brodk\u00f3w ochrony osobistej.<br \/>\nZach\u0119camy do wzi\u0119cia udzia\u0142u w konkursie.<\/p>\n<p>Na laureat\u00f3w czekaj\u0105 cenne nagrody.<\/p>\n<p>&nbsp;<\/p>\n<p>Szczeg\u00f3\u0142owe informacje i formularz zg\u0142oszenia do konkursu mo\u017cna uzyska\u0107 w plac\u00f3wkach KRUS, w przedstawicielstwach wsp\u00f3\u0142organizator\u00f3w oraz w prasie i na stronie internetowej:\u00a0<a href=\"http:\/\/www.krus.gov.pl\/\">www.krus.gov.pl<\/a>.<\/p>\n<p><strong>KRUS INFORMUJE<\/strong><\/p>\n<p><strong>\u00a0<\/strong><\/p>\n<p><strong>ZASADY BEZPIECZE\u0143STWA PRACY W GOSPODARSTWIE ROLNYM<\/strong><\/p>\n<p>&nbsp;<\/p>\n<p>Nowy rok to w\u0142a\u015bciwy czas na przypomnienie zasad bezpiecznej pracy w gospodarstwie rolnym, poniewa\u017c wkr\u00f3tce rozpoczn\u0105 si\u0119 wzmo\u017cone prace polowe.<\/p>\n<p>&nbsp;<\/p>\n<p>\u015arodowisko i prace wykonywane przez rolnik\u00f3w s\u0105 bardzo r\u00f3\u017cnorodne. Powoduje to, i\u017c jest on nara\u017cony na szereg niebezpiecznych, szkodliwych czynnik\u00f3w. Ponadto czas pracy jest nienormowany i cz\u0119sto przekracza osiem godzin dziennie. Stres, po\u015bpiech, niedostateczna koncentracja uwagi na wykonanej czynno\u015bci, to tak\u017ce czynniki wp\u0142ywaj\u0105ce na wzrost wypadk\u00f3w w rolnictwie. Najwi\u0119kszy udzia\u0142 w zg\u0142aszanych wypadkach maj\u0105 wypadki, do kt\u00f3rych dosz\u0142o na skutek upadku os\u00f3b. Najcz\u0119\u015bciej podczas przemieszczania si\u0119 po podw\u00f3rzu, czy w budynkach inwentarskich (po\u015blizgni\u0119cie, potkni\u0119cie, upadek z drabiny). Przyczyn\u0105 mo\u017ce by\u0107 chocia\u017cby \u015bliska, nier\u00f3wna nawierzchnia, czy u\u017cywanie nieodpowiedniego obuwia, niew\u0142a\u015bciwe zabezpieczenia. Po upadkach, na drugim miejscu s\u0105 wypadki powsta\u0142e podczas pracy ze zwierz\u0119tami (uderzenia, przygniecenia i ugryzienia przez zwierz\u0119ta). W dalszej kolejno\u015bci plasuj\u0105 si\u0119 wypadki, do kt\u00f3rych dosz\u0142o w wyniku pochwycenia przez ruchome cz\u0119\u015bci maszyn i urz\u0105dze\u0144, np. pilarki tarczowe i \u0142a\u0144cuchowe. Aby zmniejszy\u0107 lub ca\u0142kowicie wyeliminowa\u0107 ryzyko powstania wymienionych zdarze\u0144 wypadkowych zalecamy:<\/p>\n<ul>\n<li><strong>U\u017cywa\u0107 odpowiedniego obuwia (trzewiki na protektorowanej, antypo\u015blizgowej podeszwie)<\/strong><\/li>\n<li><strong>Ograniczy\u0107 \u015blisko\u015b\u0107 nawierzchni, ci\u0105g\u00f3w komunikacyjnych poprzez usuwanie \u015bniegu, oczyszczanie nawierzchni w pomieszczeniach inwentarskich, na podw\u00f3rzu<\/strong><\/li>\n<li><strong>Utwardzi\u0107 i wyr\u00f3wna\u0107 nawierzchni\u0119 podw\u00f3rza<\/strong><\/li>\n<li><strong>Usun\u0105\u0107 zb\u0119dne przedmioty, substancje, a pozosta\u0142e prawid\u0142owo sk\u0142adowa\u0107<\/strong><\/li>\n<li><strong>Stosowa\u0107 odpowiednie drabiny posiadaj\u0105ce zabezpieczenia przed obsuni\u0119ciem<\/strong><\/li>\n<li><strong>Stosowa\u0107 wszelkiego rodzaju zabezpieczenia stanowiska pracy, maszyn i innych urz\u0105dze\u0144 np. uchwyty, barierki, os\u0142ony<\/strong><\/li>\n<li><strong>Ostro\u017cno\u015b\u0107 i w\u0142a\u015bciwy spos\u00f3b obs\u0142ugi podczas pracy ze zwierz\u0119tami<\/strong><\/li>\n<li><strong>Zachowanie nale\u017cytej koncentracji, ostro\u017cno\u015b\u0107 i brak pospiechu podczas obs\u0142ugi maszyn rolniczych i urz\u0105dze\u0144<\/strong><\/li>\n<\/ul>\n<p>&nbsp;<\/p>\n<p>&nbsp;<\/p>\n<p>To tylko przyk\u0142ady jak ograniczy\u0107 lub wyeliminowa\u0107 zagro\u017cenia jakie na co dzie\u0144 wi\u0105\u017c\u0105 si\u0119 z praca rolnika. Sposob\u00f3w na kszta\u0142towanie bezpiecznej pracy rolnika jest wiele, ale tylko do niego samego nale\u017cy decyzja co zrobi i jak bardzo zale\u017cy mu na unikni\u0119ciu zagro\u017ce\u0144 i podniesienia bezpiecze\u0144stwa nie tylko w\u0142asnego, ale tak\u017ce jego najbli\u017cszych.<\/p>\n<p>&nbsp;<\/p>\n<p>Kasa Rolniczego Ubezpieczenia Spo\u0142ecznego zach\u0119ca wszystkich rolnik\u00f3w do wprowadzenia w gospodarstwach zmian poprawiaj\u0105cych bezpiecze\u0144stwo pracy oraz do przestrzegania podstawowych zasad BHP.<\/p>\n<p>Je\u017celi jednak dojdzie do wypadku, przypominamy i\u017c nale\u017cy zg\u0142osi\u0107 go w najbli\u017cszej plac\u00f3wce terenowej KRUS, jak najwcze\u015bniej (bez zb\u0119dnej zw\u0142oki). Wypadek zg\u0142osi\u0107 mo\u017ce sam poszkodowany, cz\u0142onek rodziny, albo inna osoba (osobi\u015bcie, telefonicznie, na pi\u015bmie lub poczt\u0105 elektroniczn\u0105).<\/p>\n","protected":false},"excerpt":{"rendered":"<p>Zg\u0142oszenie wypadku przy pracy rolniczej w KRUS<br \/>\nWypadek przy pracy rolniczej zg\u0142aszamy do KRUS jak najwcze\u015bniej, bez zb\u0119dnej zw\u0142oki,<br \/>\ntj. do 14 dni od zdarzenia.<br \/>\nPami\u0119taj:<br \/>\np\u00f3\u017ane zg\u0142oszenie wypadku i zwi\u0105zany z tym brak mo\u017cliwo\u015bci ustalenia jego okoliczno\u015bci,<br \/>\nmog\u0105 skutkowa\u0107 odmow\u0105 prawa do  [&#8230;]<\/p>\n","protected":false},"author":1,"featured_media":0,"parent":0,"menu_order":0,"comment_status":"open","ping_status":"open","template":"","meta":[],"_links":{"self":[{"href":"https:\/\/nowyduninow.info.pl\/archiwum\/index.php?rest_route=\/wp\/v2\/pages\/278"}],"collection":[{"href":"https:\/\/nowyduninow.info.pl\/archiwum\/index.php?rest_route=\/wp\/v2\/pages"}],"about":[{"href":"https:\/\/nowyduninow.info.pl\/archiwum\/index.php?rest_route=\/wp\/v2\/types\/page"}],"author":[{"embeddable":true,"href":"https:\/\/nowyduninow.info.pl\/archiwum\/index.php?rest_route=\/wp\/v2\/users\/1"}],"replies":[{"embeddable":true,"href":"https:\/\/nowyduninow.info.pl\/archiwum\/index.php?rest_route=%2Fwp%2Fv2%2Fcomments&post=278"}],"version-history":[{"count":16,"href":"https:\/\/nowyduninow.info.pl\/archiwum\/index.php?rest_route=\/wp\/v2\/pages\/278\/revisions"}],"predecessor-version":[{"id":18027,"href":"https:\/\/nowyduninow.info.pl\/archiwum\/index.php?rest_route=\/wp\/v2\/pages\/278\/revisions\/18027"}],"wp:attachment":[{"href":"https:\/\/nowyduninow.info.pl\/archiwum\/index.php?rest_route=%2Fwp%2Fv2%2Fmedia&parent=278"}],"curies":[{"name":"wp","href":"https:\/\/api.w.org\/{rel}","templated":true}]}}