{"id":275,"date":"2014-04-22T14:38:37","date_gmt":"2014-04-22T12:38:37","guid":{"rendered":"http:\/\/mckomptech.nazwa.pl\/nowyduninow\/?page_id=275"},"modified":"2014-04-22T14:38:37","modified_gmt":"2014-04-22T12:38:37","slug":"szkolenia","status":"publish","type":"page","link":"https:\/\/nowyduninow.info.pl\/archiwum\/?page_id=275","title":{"rendered":"Szkolenia"},"content":{"rendered":"<p><strong>&#8222;Szansa dla rolnika &#8211; agroturystyka&#8221;<\/strong><\/p>\n<div style=\"color: #363636;\">Zak\u0142ad Doskonalenia Zawodowego w P\u0142ocku realizuje projekt pt. &#8222;<b>Szansa dla Rolnika &#8211; Agroturystyka<\/b>&#8221; wsp\u00f3\u0142finansowany przez Uni\u0119 Europejsk\u0105 w ramach Europejskiego Funduszu Spo\u0142ecznego (Poddzia\u0142anie 8.1.2 &#8222;Wsparcie proces\u00f3w adaptacyjnych i modernizacyjnych w regionie&#8221;). Do projektu w\u0142\u0105czy\u0142a si\u0119\u00a0<b>Fundacja AKTYWNI RAZEM<\/b>, kt\u00f3rej cz\u0142onkiem jest m.in. gmina Nowy Dunin\u00f3w. Dlatego te\u017c\u00a0<b>zach\u0119camy mieszka\u0144c\u00f3w gminy do zapoznania si\u0119 z projektem i ewentualnego przyst\u0105pienia do niego.<\/b><\/div>\n<hr style=\"color: #363636;\" \/>\n<p><a style=\"color: #000000;\" href=\"http:\/\/www.pojezierzegostyninskie.pl\/index.php?p=16&amp;i=79\" target=\"_blank\">FUNDACJA &#8222;AKTYWNI RAZEM &#8211; SZCZEG\u00d3\u0141Y PROJEKTU&#8221;<\/a><\/p>\n","protected":false},"excerpt":{"rendered":"<p>&#8222;Szansa dla rolnika &#8211; agroturystyka&#8221;<br \/>\nZak\u0142ad Doskonalenia Zawodowego w P\u0142ocku realizuje projekt pt. &#8222;Szansa dla Rolnika &#8211; Agroturystyka&#8221; wsp\u00f3\u0142finansowany przez Uni\u0119 Europejsk\u0105 w ramach Europejskiego Funduszu Spo\u0142ecznego (Poddzia\u0142anie 8.1.2 &#8222;Wsparcie proces\u00f3w adaptacyjnych i modernizacyjnych w  [&#8230;]<\/p>\n","protected":false},"author":1,"featured_media":0,"parent":0,"menu_order":0,"comment_status":"open","ping_status":"open","template":"","meta":[],"_links":{"self":[{"href":"https:\/\/nowyduninow.info.pl\/archiwum\/index.php?rest_route=\/wp\/v2\/pages\/275"}],"collection":[{"href":"https:\/\/nowyduninow.info.pl\/archiwum\/index.php?rest_route=\/wp\/v2\/pages"}],"about":[{"href":"https:\/\/nowyduninow.info.pl\/archiwum\/index.php?rest_route=\/wp\/v2\/types\/page"}],"author":[{"embeddable":true,"href":"https:\/\/nowyduninow.info.pl\/archiwum\/index.php?rest_route=\/wp\/v2\/users\/1"}],"replies":[{"embeddable":true,"href":"https:\/\/nowyduninow.info.pl\/archiwum\/index.php?rest_route=%2Fwp%2Fv2%2Fcomments&post=275"}],"version-history":[{"count":1,"href":"https:\/\/nowyduninow.info.pl\/archiwum\/index.php?rest_route=\/wp\/v2\/pages\/275\/revisions"}],"predecessor-version":[{"id":276,"href":"https:\/\/nowyduninow.info.pl\/archiwum\/index.php?rest_route=\/wp\/v2\/pages\/275\/revisions\/276"}],"wp:attachment":[{"href":"https:\/\/nowyduninow.info.pl\/archiwum\/index.php?rest_route=%2Fwp%2Fv2%2Fmedia&parent=275"}],"curies":[{"name":"wp","href":"https:\/\/api.w.org\/{rel}","templated":true}]}}