{"id":2706,"date":"2015-09-20T11:47:55","date_gmt":"2015-09-20T09:47:55","guid":{"rendered":"http:\/\/nowyduninow.info.pl\/?page_id=2706"},"modified":"2015-10-18T13:10:49","modified_gmt":"2015-10-18T11:10:49","slug":"fotoreportaze","status":"publish","type":"page","link":"https:\/\/nowyduninow.info.pl\/archiwum\/?page_id=2706","title":{"rendered":"Fotoreporta\u017ce"},"content":{"rendered":"<p>&nbsp;<\/p>\n<table style=\"row-span: 1; text-align: center; width: 534px;\" border=\"1\">\n<tbody>\n<tr>\n<td style=\"width: 150px;\">\u00a0<a href=\"https:\/\/nowyduninow.info.pl\/archiwum\/galeria\/jarmark_duninowski_15\/index.html\" target=\"_blank\"><img decoding=\"async\" loading=\"lazy\" class=\"aligncenter wp-image-2745 size-full\" src=\"https:\/\/nowyduninow.info.pl\/archiwum\/wp-content\/uploads\/2015\/09\/g_05-09-19_007_km.jpg\" alt=\"g_05-09-19_007_km\" width=\"148\" height=\"113\" \/><\/a><\/td>\n<td>19 wrze\u015bnia 2015. Nowy Dunin\u00f3w.<br \/>\n<a href=\"https:\/\/nowyduninow.info.pl\/archiwum\/galeria\/jarmark_duninowski_15\/index.html\" target=\"_blank\">Jarmark Duninowski &#8211; Duninowskie Dary Lasu<\/a><\/td>\n<\/tr>\n<tr>\n<td style=\"width: 150px;\"><a href=\"https:\/\/nowyduninow.info.pl\/archiwum\/galeria\/wedkarskie_2015\/index.html\" target=\"_blank\"><img decoding=\"async\" loading=\"lazy\" class=\"aligncenter wp-image-2772 size-full\" src=\"https:\/\/nowyduninow.info.pl\/archiwum\/wp-content\/uploads\/2015\/09\/g_05-09-06_245_km.jpg\" alt=\"g_05-09-06_245_km\" width=\"148\" height=\"113\" \/><\/a><\/td>\n<td>6 wrze\u015bnia 2015. Soczewka.<br \/>\n<a href=\"https:\/\/nowyduninow.info.pl\/archiwum\/galeria\/wedkarskie_2015\/index.html\" target=\"_blank\">VII Otwarte Zawody Sp\u0142awikowe o Puchar W\u00f3jta Gminy Nowy Dunin\u00f3w<\/a><\/td>\n<\/tr>\n<tr>\n<td style=\"width: 150px;\"><a href=\"https:\/\/nowyduninow.info.pl\/archiwum\/galeria\/dozynki_powiatowe_15\/index.html\" target=\"_blank\"><img decoding=\"async\" loading=\"lazy\" class=\"aligncenter size-full wp-image-2851\" src=\"https:\/\/nowyduninow.info.pl\/archiwum\/wp-content\/uploads\/2015\/09\/dozynki_powiatowe_15.jpg\" alt=\"dozynki_powiatowe_15\" width=\"148\" height=\"113\" \/><\/a><\/td>\n<td>6 wrze\u015bnia 2015. Bodzan\u00f3w.<br \/>\n<a href=\"https:\/\/nowyduninow.info.pl\/archiwum\/galeria\/dozynki_powiatowe_15\/index.html\" target=\"_blank\">Do\u017cynki Powiatu P\u0142ockiego.<\/a>(zdj. autor: K. Ludwiczak)<\/td>\n<\/tr>\n<tr>\n<td style=\"width: 150px;\"><a href=\"https:\/\/nowyduninow.info.pl\/archiwum\/galeria\/zawody_pozarnicze_15\" target=\"_blank\"><img decoding=\"async\" loading=\"lazy\" class=\"aligncenter size-full wp-image-2744\" src=\"https:\/\/nowyduninow.info.pl\/archiwum\/wp-content\/uploads\/2015\/09\/g_05-08-30_067_km.jpg\" alt=\"g_05-08-30_067_km\" width=\"148\" height=\"113\" \/><\/a><\/td>\n<td>30 sierpnia 2015. Nowy Dunin\u00f3w.<br \/>\n<a href=\"https:\/\/nowyduninow.info.pl\/archiwum\/galeria\/zawody_pozarnicze_15\" target=\"_blank\">Gminne Zawody Sportowo &#8211; Po\u017carnicze<\/a><\/td>\n<\/tr>\n<tr>\n<td style=\"width: 150px;\">\u00a0<a href=\"https:\/\/nowyduninow.info.pl\/archiwum\/galeria\/piknik_wakacyjny_duninow_15\" target=\"_blank\"><img decoding=\"async\" loading=\"lazy\" class=\"aligncenter size-full wp-image-2743\" src=\"https:\/\/nowyduninow.info.pl\/archiwum\/wp-content\/uploads\/2015\/09\/g_05-08-23_140_km.jpg\" alt=\"g_05-08-23_140_km\" width=\"148\" height=\"113\" \/><\/a><\/td>\n<td>22 sierpnia 2015. Nowy Dunin\u00f3w.<br \/>\nIV Piknik Wakacyjny<\/td>\n<\/tr>\n<tr>\n<td style=\"width: 150px;\">\u00a0<a href=\"https:\/\/nowyduninow.info.pl\/archiwum\/galeria\/piknik_wak_soczewka_15\/index.html\" target=\"_blank\"><img decoding=\"async\" loading=\"lazy\" class=\"aligncenter size-full wp-image-2770\" src=\"https:\/\/nowyduninow.info.pl\/archiwum\/wp-content\/uploads\/2015\/09\/o_05-08-08_039_km.jpg\" alt=\"o_05-08-08_039_km\" width=\"148\" height=\"113\" \/><\/a><\/td>\n<td>\u00a08 sierpnia 2015. Soczewka.<br \/>\nII Turniej Pi\u0142ki No\u017cnej Wolnych Dru\u017cyn<br \/>\nIV Piknik Wakacyjny<\/td>\n<\/tr>\n<tr>\n<td style=\"width: 150px;\">\u00a0<a href=\"https:\/\/nowyduninow.info.pl\/archiwum\/galeria\/turniej_solectw_2015\" target=\"_blank\"><img decoding=\"async\" loading=\"lazy\" class=\"aligncenter size-full wp-image-2769\" src=\"https:\/\/nowyduninow.info.pl\/archiwum\/wp-content\/uploads\/2015\/09\/o_05-08-01_199_km.jpg\" alt=\"o_05-08-01_199_km\" width=\"148\" height=\"113\" \/><\/a><\/td>\n<td>1 sierpnia 2015. Nowy Dunin\u00f3w.<br \/>\nIV Gminny Turniej So\u0142ectw<\/td>\n<\/tr>\n<tr>\n<td style=\"width: 150px;\">\u00a0<a href=\"https:\/\/nowyduninow.info.pl\/archiwum\/galeria\/regaty_2015\/index.html\" target=\"_blank\"><img decoding=\"async\" loading=\"lazy\" class=\"aligncenter size-full wp-image-2768\" src=\"https:\/\/nowyduninow.info.pl\/archiwum\/wp-content\/uploads\/2015\/09\/o_05-07-18_296_km.jpg\" alt=\"o_05-07-18_296_km\" width=\"148\" height=\"113\" \/><\/a><\/td>\n<td>18 lipca 2015. Nowy Dunin\u00f3w<br \/>\nXIII, XV i XX Regaty \u017beglarskie<\/td>\n<\/tr>\n<tr>\n<td style=\"width: 150px;\">\u00a0<a href=\"https:\/\/nowyduninow.info.pl\/archiwum\/galeria\/forum_przedsiebiorczosci\/index.html\" target=\"_blank\"><img decoding=\"async\" loading=\"lazy\" class=\"aligncenter size-full wp-image-2774\" src=\"https:\/\/nowyduninow.info.pl\/archiwum\/wp-content\/uploads\/2015\/09\/IMG_1533.jpg\" alt=\"IMG_1533\" width=\"148\" height=\"113\" \/><\/a><\/td>\n<td>26 czerwca 2015. Soczewka<br \/>\nForum Przedsi\u0119biorczo\u015bci<\/td>\n<\/tr>\n<tr>\n<td style=\"width: 150px;\">\u00a0<a href=\"https:\/\/nowyduninow.info.pl\/archiwum\/galeria\/zakonczenie_cz2\/index.html\" target=\"_blank\"><img decoding=\"async\" loading=\"lazy\" class=\"aligncenter size-full wp-image-2775\" src=\"https:\/\/nowyduninow.info.pl\/archiwum\/wp-content\/uploads\/2015\/09\/IMG_1318.jpg\" alt=\"IMG_1318\" width=\"148\" height=\"113\" \/><\/a><\/td>\n<td>26 czerwca 2015. Nowy Dunin\u00f3w<br \/>\nZako\u0144czenie roku szkolnego<\/td>\n<\/tr>\n<tr>\n<td style=\"width: 150px;\">\u00a0<a href=\"https:\/\/nowyduninow.info.pl\/archiwum\/galeria\/zakonczenie_6_3_2015\/index.html\" target=\"_blank\"><img decoding=\"async\" loading=\"lazy\" class=\"aligncenter size-full wp-image-2766\" src=\"https:\/\/nowyduninow.info.pl\/archiwum\/wp-content\/uploads\/2015\/09\/o_05-06-25_092_km.jpg\" alt=\"o_05-06-25_092_km\" width=\"148\" height=\"113\" \/><\/a><\/td>\n<td>25 czerwca 2015. Nowy Dunin\u00f3w<br \/>\nZako\u0144czenie roku szkolnego klas III i VI<\/td>\n<\/tr>\n<tr>\n<td style=\"width: 150px;\">\u00a0<img decoding=\"async\" loading=\"lazy\" class=\"aligncenter size-full wp-image-2765\" src=\"https:\/\/nowyduninow.info.pl\/archiwum\/wp-content\/uploads\/2015\/09\/o_05-06-15_017_km.jpg\" alt=\"o_05-06-15_017_km\" width=\"148\" height=\"113\" \/><\/td>\n<td>15 czerwca 2015. Nowy Dunin\u00f3w.Konkurs KRUS<br \/>\nBezpiecznie na wsi &#8222;Zwierzaki to nie pluszaki&#8221;<\/td>\n<\/tr>\n<tr>\n<td style=\"width: 150px;\">\u00a0<a href=\"https:\/\/nowyduninow.info.pl\/archiwum\/galeria\/rodzinny_rajd\/index.html\" target=\"_blank\"><img decoding=\"async\" loading=\"lazy\" class=\"aligncenter size-full wp-image-2764\" src=\"https:\/\/nowyduninow.info.pl\/archiwum\/wp-content\/uploads\/2015\/09\/o_05-06-14_088_km.jpg\" alt=\"o_05-06-14_088_km\" width=\"148\" height=\"113\" \/><\/a><\/td>\n<td>14 czerwca 2015. Teren Gminy<br \/>\nRodzinny Rajd Rowerowy<\/td>\n<\/tr>\n<tr>\n<td style=\"width: 150px;\">\u00a0<a href=\"https:\/\/nowyduninow.info.pl\/archiwum\/galeria\/dzien_dziecka_2015\/index.html\" target=\"_blank\"><img decoding=\"async\" loading=\"lazy\" class=\"aligncenter size-full wp-image-2763\" src=\"https:\/\/nowyduninow.info.pl\/archiwum\/wp-content\/uploads\/2015\/09\/o_05-06-07_098_km.jpg\" alt=\"o_05-06-07_098_km\" width=\"140\" height=\"105\" \/><\/a><\/td>\n<td>07 czerwca 2015. Nowy Dunin\u00f3w<br \/>\nDzie\u0144 Dziecka na stadionie.<\/td>\n<\/tr>\n<tr>\n<td style=\"width: 150px;\">\u00a0<a href=\"https:\/\/nowyduninow.info.pl\/archiwum\/galeria\/dziendziecka15\/index.html\" target=\"_blank\"><img decoding=\"async\" loading=\"lazy\" class=\"aligncenter size-full wp-image-2761\" src=\"https:\/\/nowyduninow.info.pl\/archiwum\/wp-content\/uploads\/2015\/09\/o_05-05-30_312_km.jpg\" alt=\"o_05-05-30_312_km\" width=\"148\" height=\"113\" \/><\/a><\/td>\n<td>1 czerwca 2015. Nowy Dunin\u00f3w &#8211; Dzie\u0144 Dziecka30 maja 2015.<br \/>\nLipianki &#8211; &#8222;Lipiankowy Dzie\u0144 U\u015bmiechu&#8221;<\/td>\n<\/tr>\n<tr>\n<td style=\"width: 150px;\">\u00a0<a href=\"https:\/\/nowyduninow.info.pl\/archiwum\/galeria\/turniej15\/index.html\" target=\"_blank\"><img decoding=\"async\" loading=\"lazy\" class=\"aligncenter size-full wp-image-2762\" src=\"https:\/\/nowyduninow.info.pl\/archiwum\/wp-content\/uploads\/2015\/09\/o_05-05-31_046_km.jpg\" alt=\"o_05-05-31_046_km\" width=\"148\" height=\"113\" \/><\/a><\/td>\n<td>31 maja 2015. Nowy Dunin\u00f3w<br \/>\nTurniej Pi\u0142ki No\u017cnej<\/td>\n<\/tr>\n<tr>\n<td style=\"width: 150px;\">\u00a0<a href=\"https:\/\/nowyduninow.info.pl\/archiwum\/galeria\/boruta\/index.html\" target=\"_blank\"><img decoding=\"async\" loading=\"lazy\" class=\"aligncenter size-full wp-image-2760\" src=\"https:\/\/nowyduninow.info.pl\/archiwum\/wp-content\/uploads\/2015\/09\/o_05-05-30_164_km.jpg\" alt=\"o_05-05-30_164_km\" width=\"148\" height=\"113\" \/><\/a><\/td>\n<td>\u00a030 maja 2015 r.<br \/>\nNowy Dunin\u00f3w &#8211; Dzie\u0144 Dziecka w &#8222;Borucie&#8221;<\/td>\n<\/tr>\n<tr>\n<td style=\"width: 150px;\">\u00a0<a href=\"https:\/\/nowyduninow.info.pl\/archiwum\/galeria\/dst2015\/index.html\" target=\"_blank\"><img decoding=\"async\" loading=\"lazy\" class=\"aligncenter size-full wp-image-2759\" src=\"https:\/\/nowyduninow.info.pl\/archiwum\/wp-content\/uploads\/2015\/09\/o_05-05-29_049_km.jpg\" alt=\"o_05-05-29_049_km\" width=\"148\" height=\"113\" \/><\/a><\/td>\n<td>\u00a029 maja 2015. P\u0142ock<br \/>\nDzie\u0144 Samorz\u0105du Terytorialnego<\/td>\n<\/tr>\n<tr>\n<td style=\"width: 150px;\">\u00a0<img decoding=\"async\" loading=\"lazy\" class=\"aligncenter size-full wp-image-2758\" src=\"https:\/\/nowyduninow.info.pl\/archiwum\/wp-content\/uploads\/2015\/09\/o_05-05-28_035_ug.jpg\" alt=\"o_05-05-28_035_ug\" width=\"148\" height=\"113\" \/><\/td>\n<td>28 maja 2015.<br \/>\n<span class=\"st\">Obchody 34 rocznicy \u015bmiercie S\u0142ugi Bo\u017cego kard. Stefana Wyszy\u0144skiego<\/span><\/td>\n<\/tr>\n<tr>\n<td style=\"width: 150px;\">\u00a0<img decoding=\"async\" loading=\"lazy\" class=\"aligncenter size-full wp-image-2757\" src=\"https:\/\/nowyduninow.info.pl\/archiwum\/wp-content\/uploads\/2015\/09\/o_05-04-27_014_ug.jpg\" alt=\"o_05-04-27_014_ug\" width=\"148\" height=\"113\" \/><\/td>\n<td>27 kwietnia. Nowy Dunin\u00f3w.<br \/>\nCztery Pory Roku<\/td>\n<\/tr>\n<tr>\n<td style=\"width: 150px;\"><a href=\"https:\/\/nowyduninow.info.pl\/archiwum\/galeria\/75_rocznica_katyn\/index.html\" target=\"_blank\"><img decoding=\"async\" loading=\"lazy\" class=\"aligncenter size-full wp-image-2755\" src=\"https:\/\/nowyduninow.info.pl\/archiwum\/wp-content\/uploads\/2015\/09\/o_05-04-19_254_km.jpg\" alt=\"o_05-04-19_254_km\" width=\"148\" height=\"113\" \/><\/a><\/td>\n<td>19 kwietnia 2015. Nowy Dunin\u00f3w.75 rocznica zbrodni katy\u0144skiej<\/td>\n<\/tr>\n<tr>\n<td style=\"width: 150px;\">\u00a0<a href=\"https:\/\/nowyduninow.info.pl\/archiwum\/galeria\/turniej_tenis_2015\/index.html\" target=\"_blank\"><img decoding=\"async\" loading=\"lazy\" class=\"aligncenter size-full wp-image-2756\" src=\"https:\/\/nowyduninow.info.pl\/archiwum\/wp-content\/uploads\/2015\/09\/o_05-04-19_412_km.jpg\" alt=\"o_05-04-19_412_km\" width=\"148\" height=\"113\" \/><\/a><\/td>\n<td>19 kwietnia 2015. Nowy Dunin\u00f3w.<br \/>\nTurniej Tenisa Sto\u0142owego.<\/td>\n<\/tr>\n<tr>\n<td style=\"width: 150px;\"><a href=\"https:\/\/nowyduninow.info.pl\/archiwum\/galeria\/dzien_ziemi_2015\/index.html\" target=\"_blank\"><img decoding=\"async\" loading=\"lazy\" class=\"aligncenter size-full wp-image-2754\" src=\"https:\/\/nowyduninow.info.pl\/archiwum\/wp-content\/uploads\/2015\/09\/o_05-04-15_017_km.jpg\" alt=\"o_05-04-15_017_km\" width=\"148\" height=\"113\" \/><\/a><\/td>\n<td>14 kwietnia 2015. Lipianki<br \/>\nDzie\u0144 Ziemi.<\/td>\n<\/tr>\n<tr>\n<td style=\"width: 150px;\">\u00a0<img decoding=\"async\" loading=\"lazy\" class=\"aligncenter size-full wp-image-2753\" src=\"https:\/\/nowyduninow.info.pl\/archiwum\/wp-content\/uploads\/2015\/09\/o_05-03-29_053_km.jpg\" alt=\"o_05-03-29_053_km\" width=\"140\" height=\"105\" \/><\/td>\n<td>\u00a029 marca 2015. Soczewka.<br \/>\nKonkurs na najwy\u017csz\u0105 palm\u0119 wielkanocn\u0105.<\/td>\n<\/tr>\n<tr>\n<td style=\"width: 150px;\">\u00a0<img decoding=\"async\" loading=\"lazy\" class=\"aligncenter size-full wp-image-2752\" src=\"https:\/\/nowyduninow.info.pl\/archiwum\/wp-content\/uploads\/2015\/09\/o_05-03-28_100_km.jpg\" alt=\"o_05-03-28_100_km\" width=\"148\" height=\"113\" \/><\/td>\n<td>28 marca 2015. Lipianki<br \/>\nWalne Zebranie Stowarzyszenia &#8222;Nasze Lipianki&#8221;<\/td>\n<\/tr>\n<tr>\n<td style=\"width: 150px;\">\u00a0<a href=\"https:\/\/nowyduninow.info.pl\/archiwum\/galeria\/21_03_2015\/index.html\" target=\"_blank\"><img decoding=\"async\" loading=\"lazy\" class=\"aligncenter size-full wp-image-2751\" src=\"https:\/\/nowyduninow.info.pl\/archiwum\/wp-content\/uploads\/2015\/09\/o_05-03-21_169_km.jpg\" alt=\"o_05-03-21_169_km\" width=\"148\" height=\"113\" \/><\/a><\/td>\n<td>21 marca 2015. Nowy Dunin\u00f3w &#8211; Walne Zebranie OSP Lipianki &#8211; warsztaty wielkanocne<\/td>\n<\/tr>\n<tr>\n<td style=\"width: 150px;\">\u00a0<a href=\"https:\/\/nowyduninow.info.pl\/archiwum\/galeria\/spotkanie_emerytow\/index.html\" target=\"_blank\"><img decoding=\"async\" loading=\"lazy\" class=\"aligncenter size-full wp-image-2749\" src=\"https:\/\/nowyduninow.info.pl\/archiwum\/wp-content\/uploads\/2015\/09\/o_05-03-10_141_km.jpg\" alt=\"o_05-03-10_141_km\" width=\"148\" height=\"113\" \/><\/a><\/td>\n<td>10 marca 2015 r. Nowy Dunin\u00f3w<br \/>\nSpotkanie Ko\u0142a Emeryt\u00f3w i Rencist\u00f3w.<\/td>\n<\/tr>\n<tr>\n<td style=\"width: 150px;\">\u00a0<a href=\"https:\/\/nowyduninow.info.pl\/archiwum\/galeria\/dzien_kobiet_2015\/index.html\" target=\"_blank\"><img decoding=\"async\" loading=\"lazy\" class=\"aligncenter size-full wp-image-2748\" src=\"https:\/\/nowyduninow.info.pl\/archiwum\/wp-content\/uploads\/2015\/09\/o_05-03-06_140_km.jpg\" alt=\"o_05-03-06_140_km\" width=\"148\" height=\"113\" \/><\/a><\/td>\n<td>6 marca 2015. Nowy Dunin\u00f3w<br \/>\n&#8222;By\u0107 kobiet\u0105&#8221;. Spotkanie Klubu Wolontariusza.<\/td>\n<\/tr>\n<tr>\n<td style=\"width: 150px;\">\u00a0<a href=\"https:\/\/nowyduninow.info.pl\/archiwum\/galeria\/konkurs_strazacki_2015\/index.html\" target=\"_blank\"><img decoding=\"async\" loading=\"lazy\" class=\"aligncenter size-full wp-image-2747\" src=\"https:\/\/nowyduninow.info.pl\/archiwum\/wp-content\/uploads\/2015\/09\/o_05-02-25_097_km.jpg\" alt=\"o_05-02-25_097_km\" width=\"148\" height=\"113\" \/><\/a><\/td>\n<td>25 luty 2015. Nowy Dunin\u00f3w<br \/>\nGminny Konkurs Wiedzy Po\u017carniczej<\/td>\n<\/tr>\n<tr>\n<td style=\"width: 150px;\">\u00a0<a href=\"https:\/\/nowyduninow.info.pl\/archiwum\/galeria\/czerwony_kapturek\/index.html\" target=\"_blank\"><img decoding=\"async\" loading=\"lazy\" class=\"aligncenter size-full wp-image-2746\" src=\"https:\/\/nowyduninow.info.pl\/archiwum\/wp-content\/uploads\/2015\/09\/o_05-01-31_067_km.jpg\" alt=\"o_05-01-31_067_km\" width=\"148\" height=\"113\" \/><\/a><\/td>\n<td>31 stycznia 2015. Soczewka.<br \/>\nSpotkanie Noworoczne<\/td>\n<\/tr>\n<\/tbody>\n<\/table>\n","protected":false},"excerpt":{"rendered":"<p>&nbsp;<\/p>\n<p>\u00a0<br \/>\n19 wrze\u015bnia 2015. Nowy Dunin\u00f3w.<br \/>\nJarmark Duninowski &#8211; Duninowskie Dary Lasu<\/p>\n<p>6 wrze\u015bnia 2015. Soczewka.<br \/>\nVII Otwarte Zawody Sp\u0142awikowe o Puchar W\u00f3jta Gminy Nowy Dunin\u00f3w<\/p>\n<p>6 wrze\u015bnia 2015. Bodzan\u00f3w.<br \/>\nDo\u017cynki Powiatu P\u0142ockiego.(zdj. autor: K. Ludwiczak)<\/p>\n<p>30 sierpnia 2015.  [&#8230;]<\/p>\n","protected":false},"author":1,"featured_media":0,"parent":0,"menu_order":0,"comment_status":"open","ping_status":"closed","template":"","meta":[],"_links":{"self":[{"href":"https:\/\/nowyduninow.info.pl\/archiwum\/index.php?rest_route=\/wp\/v2\/pages\/2706"}],"collection":[{"href":"https:\/\/nowyduninow.info.pl\/archiwum\/index.php?rest_route=\/wp\/v2\/pages"}],"about":[{"href":"https:\/\/nowyduninow.info.pl\/archiwum\/index.php?rest_route=\/wp\/v2\/types\/page"}],"author":[{"embeddable":true,"href":"https:\/\/nowyduninow.info.pl\/archiwum\/index.php?rest_route=\/wp\/v2\/users\/1"}],"replies":[{"embeddable":true,"href":"https:\/\/nowyduninow.info.pl\/archiwum\/index.php?rest_route=%2Fwp%2Fv2%2Fcomments&post=2706"}],"version-history":[{"count":22,"href":"https:\/\/nowyduninow.info.pl\/archiwum\/index.php?rest_route=\/wp\/v2\/pages\/2706\/revisions"}],"predecessor-version":[{"id":3070,"href":"https:\/\/nowyduninow.info.pl\/archiwum\/index.php?rest_route=\/wp\/v2\/pages\/2706\/revisions\/3070"}],"wp:attachment":[{"href":"https:\/\/nowyduninow.info.pl\/archiwum\/index.php?rest_route=%2Fwp%2Fv2%2Fmedia&parent=2706"}],"curies":[{"name":"wp","href":"https:\/\/api.w.org\/{rel}","templated":true}]}}