{"id":268,"date":"2014-04-22T14:36:25","date_gmt":"2014-04-22T12:36:25","guid":{"rendered":"http:\/\/mckomptech.nazwa.pl\/nowyduninow\/?page_id=268"},"modified":"2014-04-22T14:36:25","modified_gmt":"2014-04-22T12:36:25","slug":"francuzi-w-dzierzaznie","status":"publish","type":"page","link":"https:\/\/nowyduninow.info.pl\/archiwum\/?page_id=268","title":{"rendered":"Francuzi w Dzierz\u0105znie"},"content":{"rendered":"<p><strong>Wizyta m\u0142odzie\u017cy francuskiej w gospodarstwie Pa\u0144stwa Ma\u015blanych<a href=\"http:\/\/mckomptech.nazwa.pl\/nowyduninow\/wp-content\/uploads\/2014\/04\/fotore.jpg\"><img decoding=\"async\" loading=\"lazy\" class=\"alignright size-thumbnail wp-image-269\" src=\"http:\/\/mckomptech.nazwa.pl\/nowyduninow\/wp-content\/uploads\/2014\/04\/fotore-150x150.jpg\" alt=\"fotore\" width=\"150\" height=\"150\" \/><\/a><\/strong><\/p>\n<p>Wiele wyrzecze\u0144 ale wspania\u0142e efektyRok 2005 w gospodarstwie Pa\u0144stwa Ma\u015blanych z Dzierz\u0105zni obfituje w mi\u0142e wydarzenia. We wrze\u015bniu Pani Gra\u017cyna pe\u0142ni\u0142a podczas VII Do\u017cynek Powiatu P\u0142ockiego rol\u0119 Staro\u015bciny Do\u017cynek, 20 pa\u017cdziernika za\u015b Pa\u0144stwo Ma\u015blani wraz z dzie\u0107mi podejmowali u siebie delegacj\u0119 m\u0142odzie\u017cy francuskiej goszcz\u0105cej w Zespole Szk\u00f3\u0142 Rolniczych w P\u0142ocku.<\/p>\n<p><a href=\"https:\/\/nowyduninow.info.pl\/archiwum\/module.php?op=galery&amp;cmd=2\">fotoreporta\u017c<\/a><\/p>\n","protected":false},"excerpt":{"rendered":"<p>Wizyta m\u0142odzie\u017cy francuskiej w gospodarstwie Pa\u0144stwa Ma\u015blanych<\/p>\n<p>Wiele wyrzecze\u0144 ale wspania\u0142e efektyRok 2005 w gospodarstwie Pa\u0144stwa Ma\u015blanych z Dzierz\u0105zni obfituje w mi\u0142e wydarzenia. We wrze\u015bniu Pani Gra\u017cyna pe\u0142ni\u0142a podczas VII Do\u017cynek Powiatu P\u0142ockiego rol\u0119 Staro\u015bciny Do\u017cynek, 20 pa\u017cdziernika  [&#8230;]<\/p>\n","protected":false},"author":1,"featured_media":0,"parent":0,"menu_order":0,"comment_status":"open","ping_status":"open","template":"","meta":[],"_links":{"self":[{"href":"https:\/\/nowyduninow.info.pl\/archiwum\/index.php?rest_route=\/wp\/v2\/pages\/268"}],"collection":[{"href":"https:\/\/nowyduninow.info.pl\/archiwum\/index.php?rest_route=\/wp\/v2\/pages"}],"about":[{"href":"https:\/\/nowyduninow.info.pl\/archiwum\/index.php?rest_route=\/wp\/v2\/types\/page"}],"author":[{"embeddable":true,"href":"https:\/\/nowyduninow.info.pl\/archiwum\/index.php?rest_route=\/wp\/v2\/users\/1"}],"replies":[{"embeddable":true,"href":"https:\/\/nowyduninow.info.pl\/archiwum\/index.php?rest_route=%2Fwp%2Fv2%2Fcomments&post=268"}],"version-history":[{"count":1,"href":"https:\/\/nowyduninow.info.pl\/archiwum\/index.php?rest_route=\/wp\/v2\/pages\/268\/revisions"}],"predecessor-version":[{"id":270,"href":"https:\/\/nowyduninow.info.pl\/archiwum\/index.php?rest_route=\/wp\/v2\/pages\/268\/revisions\/270"}],"wp:attachment":[{"href":"https:\/\/nowyduninow.info.pl\/archiwum\/index.php?rest_route=%2Fwp%2Fv2%2Fmedia&parent=268"}],"curies":[{"name":"wp","href":"https:\/\/api.w.org\/{rel}","templated":true}]}}