{"id":235,"date":"2014-04-22T14:11:06","date_gmt":"2014-04-22T12:11:06","guid":{"rendered":"http:\/\/mckomptech.nazwa.pl\/nowyduninow\/?page_id=235"},"modified":"2014-04-22T14:12:24","modified_gmt":"2014-04-22T12:12:24","slug":"ziemia-duninowska","status":"publish","type":"page","link":"https:\/\/nowyduninow.info.pl\/archiwum\/?page_id=235","title":{"rendered":"Ziemia duninowska"},"content":{"rendered":"<p style=\"text-align: justify;\">Historia &#8211; \u015bwiadek czasu, \u015bwiat\u0142o prawdy, \u017cycie pami\u0119ci, nauczycielka \u017cycia, zwiastunka przysz\u0142o\u015bci<\/p>\n<p style=\"text-align: right;\">Cyceron<\/p>\n<hr \/>\n<p style=\"text-align: justify;\"><span style=\"color: #008000;\">\u00a0Historia ziem duninowskich tak d\u0142uga jak bogata warta jest studi\u00f3w nad ni\u0105. Dlatego te\u017c wdzi\u0119czni jeste\u015bmy osobom kt\u00f3re po\u015bwi\u0119caj\u0105 sw\u00f3j cenny, prywatny zupe\u0142nie czas na odkrywanie kolejnych fakt\u00f3w zaistnia\u0142ych w \u017cyciu naszych przodk\u00f3w.<\/span><\/p>\n<p style=\"text-align: justify;\"><span style=\"color: #008000;\">\u017byczyliby\u015bmy sobie, by zaanga\u017cowanie ich nie gas\u0142o, a niekwestionowany profesjonalizm przyczyni\u0142 si\u0119 do przyj\u0119cia ich w poczet najbardziej zas\u0142u\u017conych dla tych ziem.<\/span><\/p>\n<p style=\"text-align: justify;\"><span style=\"color: #008000;\">Ju\u017c niebawem, w tym w\u0142a\u015bnie miejscu pojawi si\u0119 kolejne opracowanie z zakresu historii ziem duninowskich.<\/span><\/p>\n<hr \/>\n<p style=\"text-align: right;\"><strong>Historia Ziem duninowskich ma ponad 1000 lat.<\/strong><\/p>\n<p style=\"text-align: justify;\">Osadnictwo na ziemiach duninowskich ma bardzo star\u0105 tradycj\u0119 si\u0119gaj\u0105c\u0105 okresu neolitu. Pierwsze wzmianki pisane o Nowym Duninowie pochodz\u0105 z XII wieku.<\/p>\n<p style=\"text-align: justify;\">Z wykopalisk archeologicznych wynika, \u017ce tereny te zamieszkiwa\u0142a ludno\u015b\u0107, kt\u00f3ra zajmowa\u0142a si\u0119 rolnictwem, my\u015blistwem, rybo\u0142\u00f3wstwem.<\/p>\n<p style=\"text-align: justify;\">Sama nazwa Dunin\u00f3w znana by\u0142a ju\u017c w XII wieku i pochodzi najprawdopodobniej od imienia legendarnego w\u0142a\u015bciciela lub woja kr\u00f3lewskiego Dunina &#8211; jednego z przedstawicieli s\u0142ynnego rodu Dunin\u00f3w. To w\u0142a\u015bnie protoplasta rodu Dunin\u00f3w (herbu \u0142ab\u0119d\u017a) Piotr Dunin zbudowa\u0142 ko\u015bci\u00f3\u0142 i klasztor w 1224 roku w Ko\u015bcielnej Wsi w pobli\u017cu Kalisza i osadzi\u0142 w nim zakonnik\u00f3w benedyktyn\u00f3w z P\u0142ocka.<\/p>\n<p style=\"text-align: justify;\">Znacz\u0105cym wydarzeniem w historii naszego regionu by\u0142a przeprawa wojsk W\u0142adys\u0142awa Jagie\u0142\u0142y przez Wis\u0142\u0119, a by\u0142 to rok 1414. Jagie\u0142\u0142o wraca\u0142 w\u00f3wczas z wyprawy przeciw Krzy\u017cakom. Wojska przeprawia\u0142y si\u0119 przez specjalnie w tym celu zbudowany most \u0142y\u017cwowy na Wi\u015ble w\u0142a\u015bnie pod Duninowem.<\/p>\n<p style=\"text-align: justify;\">W 1462 roku ziemia gostyni\u0144ska zosta\u0142a w\u0142\u0105czona do Korony przez Kazimierza Jagiello\u0144czyka. 14 grudnia 1462 roku Kr\u00f3l po odebraniu na zamku w Gostyninie przysi\u0119gi na wierno\u015b\u0107 od rycerstwa, urz\u0119dnik\u00f3w i mieszczan ziemi gostyni\u0144skiej zr\u00f3wna\u0142 jej mieszka\u0144c\u00f3w w prawach i przywilejach z mieszka\u0144cami innych ziem Korony.<\/p>\n<p style=\"text-align: justify;\">Od 1771 roku gospodarzem wsi Dunin\u00f3w by\u0142 Andrzej Gostomski &#8211; podkomorzy malborski, a nast\u0119pnie rodzina Morsztyn\u00f3w, Potockich i Biesierskich a\u017c do III rozbioru Polski.<\/p>\n<p style=\"text-align: justify;\">Gdy Rosja i Prusy dokona\u0142y w 1773 roku kolejnego rozbioru ziem Polskich Dunin\u00f3w przypad\u0142 Prusom. Nast\u0119pnie po utworzeniu Ksi\u0119stwa Warszawskiego i kolejno Kr\u00f3lestwa Polskiego w 1815r. znalaz\u0142 si\u0119 w ich granicach, na obszarze obwodu gostyni\u0144skiego ze stolic\u0105 w Kutnie.<\/p>\n<p style=\"text-align: justify;\">Po III rozbiorze kr\u00f3l pruski Fryderyk Wilhelm obdarowa\u0142 dobrami Dunin\u00f3w wraz ze wszystkimi przyleg\u0142o\u015bciami jenera\u0142a &#8211; majora Gebharda G. L. Bluchera \u2013 pogromcy Napoleona. Genera\u0142 szybko popad\u0142 w d\u0142ugi, a to zmusi\u0142o go do sprzeda\u017cy maj\u0105tku, kt\u00f3ry odkupi\u0142 w 1803 roku za zezwoleniem kr\u00f3la pruskiego dyrektor banku w Elbl\u0105gu \u2013 G. C. Struensee. Umieraj\u0105c w 1829 roku swoj\u0105 spadkobierczyni\u0105 uczyni\u0142 wnuczk\u0119 &#8211; Luiz\u0119 Marchond, kt\u00f3ra jeszcze w tym samym roku po\u015blubi\u0142a Karola Albrechta Wilhelma barona Von Ike. On za\u015b sprzeda\u0142 swoje dobra Schildau \u2013 obecnie Wojan\u00f3w k\/ Jeleniej G\u00f3ry na \u015al\u0105sku i osiedlili si\u0119 w Duninowie. Maj\u0105tek ten w\u00f3wczas liczy\u0142 26108 m\u00f3rg.<\/p>\n<p style=\"text-align: justify;\">Niemiecki arystokrata wykupi\u0142 od parafii Dunin\u00f3w wszystkie pola, \u0142\u0105ki, zagajniki, prawo wa\u017cenia i sprzedawania piwa i gorza\u0142ki. Wzni\u00f3s\u0142 zesp\u00f3\u0142 solidnych budynk\u00f3w gospodarczych i mieszkalnych z ceg\u0142y, zachowanych a nawet u\u017cytkowanych do dzi\u015b. Wykarczowa\u0142 6170 m\u00f3rg magdeburskich grunt\u00f3w, na kt\u00f3rych utworzono 6 nowych kolonii czynszowych sk\u0142adaj\u0105cych si\u0119 ze 133 osad. Za\u0142o\u017cy\u0142 7 nowych folwark\u00f3w m.in. \u015arodo\u0144, Trzcianno, Je\u017cewo, Stary Dunin\u00f3w, znany wcze\u015bniej jako Ma\u0142y Dunin\u00f3w) zaprowadzaj\u0105c w nich hodowl\u0119 rasowych owiec, byd\u0142a i koni.<\/p>\n<p style=\"text-align: justify;\">Zaj\u0105\u0142 si\u0119 urz\u0105dzeniem trzech szk\u00f3\u0142 elementarnych: w Duninowie, Karolewie i \u0141adnem.<\/p>\n<p style=\"text-align: justify;\">Przyj\u0105\u0142 pisemne zobowi\u0105zanie na wybudowanie murowanego Ko\u015bcio\u0142a ewangelickiego (1871) wraz z mieszkalnymi budynkami, tzw. \u201ePastor\u00f3wka\u201d istniej\u0105ca do dzi\u015b. W\u0142a\u015bcicel Duninowa wywi\u0105za\u0142 si\u0119 ze zobowi\u0105zania i wybudowa\u0142 Ko\u015bci\u00f3\u0142 w Karolewie, kt\u00f3ry w roku 1956 zosta\u0142 rozebrany.<\/p>\n<p style=\"text-align: justify;\">Czas ogromnych przemian polityczno \u2013 spo\u0142eczno &#8211; ekonomicznych oraz wojen przyni\u00f3s\u0142 upadek maj\u0105tk\u00f3w ziemskich tak\u017ce na terenie Duninowa. Czasy \u015bwietno\u015bci naszego regionu min\u0119\u0142y na wiele d\u0142ugich lat.<\/p>\n<p style=\"text-align: justify;\">Dzi\u015b Gmina pr\u00f3cz dziedzictwa ubieg\u0142ych wiek\u00f3w; wspania\u0142ych zabytk\u00f3w i bogatej historii, ma przysz\u0142o\u015b\u0107, kt\u00f3ra zale\u017cy od nas mieszka\u0144c\u00f3w. Bogactwa, kt\u00f3re da\u0142a nam natura i zostawili przodkowie pozwalaj\u0105 patrze\u0107 w przysz\u0142o\u015b\u0107 z optymizmem. Musimy wykorzysta\u0107 to co ju\u017c mamy buduj\u0105c Jutro Gminy Nowy Dunin\u00f3w.<\/p>\n<p style=\"text-align: justify;\">Zapraszamy wszystkich do zwiedzania naszej Gminy. Zapewniamy, \u017ce warto u nas pozosta\u0107 d\u0142u\u017cej. Mamy kilka ciekawych obiekt\u00f3w zabytkowych: Zesp\u00f3\u0142 Pa\u0142acowo \u2013 Parkowy rodziny Ike Duninowskich, sk\u0142adaj\u0105cy si\u0119 z: Pa\u0142acu, tzw. Pa\u0142acyku My\u015bliwskiego oraz zameczku neogotyckiego z I po\u0142owy XIXw.Obiekty te otoczone s\u0105 ci\u0105giem staw\u00f3w, kiedy\u015b rybnych, niestety dzi\u015b osuszone.Na uwag\u0119 zas\u0142uguje te\u017c okaza\u0142y ko\u015bci\u00f3\u0142 neogotycki w Duninowie ufundowany przez Ike Duninowskiech z polichromi\u0105 rodziny Drapiewskich, grobowiec rodzinny Duninowskich i Ko\u015bci\u00f3\u0142 \u015aw. Tr\u00f3jcy na cmentarzu parafialnym oraz liczne pomniki przyrody (s\u0142ynna lipa czy cho\u0107by \u015bwierk sitkajski). Na uwag\u0119 zas\u0142uguje r\u00f3wnie\u017c po\u0142o\u017cony na terenie naszej gminy ko\u015bci\u00f3\u0142 neogotycki w Soczewce.<\/p>\n<p style=\"text-align: justify;\">Zapraszamy Pa\u0144stwa do ma\u0142ej wycieczki turystyczno krajoznawczej po naszym regionie, w kt\u00f3rego sk\u0142ad wchodzi 16 mniejszych i wi\u0119kszych miejscowo\u015bci, o du\u017cych walorach plenerowych.<\/p>\n<p style=\"text-align: justify;\">Zapraszamy<\/p>\n<p style=\"text-align: right;\">opracowa\u0142a: Joanna \u0141ukaszewska i Katarzyna Majchrowska<\/p>\n","protected":false},"excerpt":{"rendered":"<p>Historia &#8211; \u015bwiadek czasu, \u015bwiat\u0142o prawdy, \u017cycie pami\u0119ci, nauczycielka \u017cycia, zwiastunka przysz\u0142o\u015bci<br \/>\nCyceron<\/p>\n<p>\u00a0Historia ziem duninowskich tak d\u0142uga jak bogata warta jest studi\u00f3w nad ni\u0105. Dlatego te\u017c wdzi\u0119czni jeste\u015bmy osobom kt\u00f3re po\u015bwi\u0119caj\u0105 sw\u00f3j cenny, prywatny zupe\u0142nie czas na odkrywanie  [&#8230;]<\/p>\n","protected":false},"author":1,"featured_media":0,"parent":0,"menu_order":0,"comment_status":"open","ping_status":"open","template":"","meta":[],"_links":{"self":[{"href":"https:\/\/nowyduninow.info.pl\/archiwum\/index.php?rest_route=\/wp\/v2\/pages\/235"}],"collection":[{"href":"https:\/\/nowyduninow.info.pl\/archiwum\/index.php?rest_route=\/wp\/v2\/pages"}],"about":[{"href":"https:\/\/nowyduninow.info.pl\/archiwum\/index.php?rest_route=\/wp\/v2\/types\/page"}],"author":[{"embeddable":true,"href":"https:\/\/nowyduninow.info.pl\/archiwum\/index.php?rest_route=\/wp\/v2\/users\/1"}],"replies":[{"embeddable":true,"href":"https:\/\/nowyduninow.info.pl\/archiwum\/index.php?rest_route=%2Fwp%2Fv2%2Fcomments&post=235"}],"version-history":[{"count":2,"href":"https:\/\/nowyduninow.info.pl\/archiwum\/index.php?rest_route=\/wp\/v2\/pages\/235\/revisions"}],"predecessor-version":[{"id":238,"href":"https:\/\/nowyduninow.info.pl\/archiwum\/index.php?rest_route=\/wp\/v2\/pages\/235\/revisions\/238"}],"wp:attachment":[{"href":"https:\/\/nowyduninow.info.pl\/archiwum\/index.php?rest_route=%2Fwp%2Fv2%2Fmedia&parent=235"}],"curies":[{"name":"wp","href":"https:\/\/api.w.org\/{rel}","templated":true}]}}