{"id":228,"date":"2014-04-22T14:01:10","date_gmt":"2014-04-22T12:01:10","guid":{"rendered":"http:\/\/mckomptech.nazwa.pl\/nowyduninow\/?page_id=228"},"modified":"2018-06-30T21:28:29","modified_gmt":"2018-06-30T19:28:29","slug":"gminny-kurier-telewizyjny","status":"publish","type":"page","link":"https:\/\/nowyduninow.info.pl\/archiwum\/?page_id=228","title":{"rendered":"Kurier Gminny"},"content":{"rendered":"<fieldset>\n<legend><span style=\"color: #cc0000;\"><b>REPORTA\u017bE Z GMINY NOWY DUNIN\u00d3W<\/b><\/span><\/legend>\n<p><center><iframe loading=\"lazy\" src=\"http:\/\/www.youtube.com\/embed\/GUzGqufBfEQ\" name=\"filmkm\" width=\"520\" height=\"390\" frameborder=\"3\" scrolling=\"no\" allowfullscreen=\"allowfullscreen\"><\/iframe><\/center><\/fieldset>\n<p>&nbsp;<\/p>\n<fieldset>\n<legend><span style=\"color: #cc0000;\"><b>Gminny Kurier Telewizyjny<\/b><\/span><\/legend>\n<hr style=\"text-align: center; height: 2px; width: 90%; color: #ff0000;\" \/>\n<table style=\"font: normal; font-size: small; font-style: italic;\" width=\"99%\">\n<tbody>\n<tr>\n<td><center><img decoding=\"async\" style=\"border-width: 1px; margin: 6px 6px 3px 6px;\" src=\"https:\/\/nowyduninow.info.pl\/archiwum\/wp-content\/uploads\/2014\/05\/gkt_odc12.jpg\" alt=\"\" \/><\/center><\/td>\n<td style=\"border-top-color: #FAEBD7; border-top-style: groove; border-top-width: thin;\" align=\"center\"><center>gmina Nowy Dunin\u00f3w.<br \/>\nSierpniowe Pikniki w gminie Nowy Dunin\u00f3w.<\/center><\/td>\n<\/tr>\n<tr>\n<td><center><img decoding=\"async\" style=\"border-width: 1px; margin: 6px 6px 3px 6px;\" src=\"https:\/\/nowyduninow.info.pl\/archiwum\/wp-content\/uploads\/2014\/05\/gkt_odc11.jpg\" alt=\"\" \/><\/center><\/td>\n<td style=\"border-top-color: #FAEBD7; border-top-style: groove; border-top-width: thin;\" align=\"center\"><center>gmina Nowy Dunin\u00f3w.<br \/>\nXVIII Regaty \u017beglarskie w Nowym Duninowie.<\/center><\/td>\n<\/tr>\n<tr>\n<td><center><img decoding=\"async\" style=\"border-width: 1px; margin: 6px 6px 3px 6px;\" src=\"https:\/\/nowyduninow.info.pl\/archiwum\/wp-content\/uploads\/2014\/05\/gkt_odc10.jpg\" alt=\"\" \/><\/center><\/td>\n<td style=\"border-top-color: #FAEBD7; border-top-style: groove; border-top-width: thin;\" align=\"center\"><center>gmina Nowy Dunin\u00f3w.<br \/>\nIX Piknik Rodzinny w Nowym Duninowie &#8211; cykl letnich imprez plenerowych otwarty!<\/center><\/td>\n<\/tr>\n<tr>\n<td><center><img decoding=\"async\" style=\"border-width: 1px; margin: 6px 6px 3px 6px;\" src=\"https:\/\/nowyduninow.info.pl\/archiwum\/wp-content\/uploads\/2014\/05\/gkt_odc9.jpg\" alt=\"IX Piknik Rodzinny\" \/><\/center><\/td>\n<td style=\"border-top-color: #FAEBD7; border-top-style: groove; border-top-width: thin;\" align=\"center\"><center>gmina Nowy Dunin\u00f3w.<br \/>\nNowy Duni\u00f3w, Dzierz\u0105zna, Lipianki &#8211; to jest nasze miejsce, tu mo\u017ce by\u0107 Tw\u00f3j dom.<\/center><\/td>\n<\/tr>\n<tr>\n<td><center><img decoding=\"async\" style=\"margin: 6px 3px; border-width: 1px;\" title=\"odc 8\" src=\"https:\/\/nowyduninow.info.pl\/archiwum\/wp-content\/uploads\/2014\/05\/gkt_odc8.jpg\" alt=\"odc 8\" \/><\/center><\/td>\n<td style=\"border-top-color: #FAEBD7; border-top-style: groove; border-top-width: thin;\" align=\"center\"><center>gmina Nowy Dunin\u00f3w.<br \/>\nRozpoczynamy letni sezon turystyczny 2013.<\/center><\/td>\n<\/tr>\n<tr>\n<td><center><img decoding=\"async\" style=\"border-width: 1px; margin: 6px 3px 6px 3px;\" title=\"odc 7\" src=\"https:\/\/nowyduninow.info.pl\/archiwum\/wp-content\/uploads\/2014\/05\/gkt_odc7.jpg\" alt=\"odc 7\" \/><\/center><\/td>\n<td style=\"border-top-color: #FAEBD7; border-top-style: groove; border-top-width: thin;\" align=\"center\"><center>gmina Nowy Dunin\u00f3w.<br \/>\nNowe rozwi\u0105zania w zakresie gospodarowania odpadami<\/center><\/td>\n<\/tr>\n<tr>\n<td><center><img decoding=\"async\" style=\"border-width: 1px; margin: 6px 6px 3px 6px;\" src=\"https:\/\/nowyduninow.info.pl\/archiwum\/wp-content\/uploads\/2014\/05\/gkt_odc6.jpg\" alt=\"\" \/><\/center><\/td>\n<td style=\"border-top-color: #FAEBD7; border-top-style: groove; border-top-width: thin;\" align=\"center\"><center>gmina Nowy Dunin\u00f3w.<br \/>\nZimowe zagro\u017cenie powodziowe.<\/center><\/td>\n<\/tr>\n<tr>\n<td><center><img decoding=\"async\" style=\"border-width: 1px; margin: 6px 6px 3px 6px;\" src=\"https:\/\/nowyduninow.info.pl\/archiwum\/wp-content\/uploads\/2014\/05\/gkt_odc5.jpg\" alt=\"\" \/><\/center><\/td>\n<td style=\"border-top-color: #FAEBD7; border-top-style: groove; border-top-width: thin;\" align=\"center\"><center>gmina Nowy Dunin\u00f3w.<br \/>\nNZOZ &#8222;Rodzina&#8221;zaprasza.<\/center><\/td>\n<\/tr>\n<tr>\n<td><center><img decoding=\"async\" style=\"border-width: 1px; margin: 6px 6px 3px 6px;\" src=\"https:\/\/nowyduninow.info.pl\/archiwum\/wp-content\/uploads\/2014\/05\/zyczenia_noworoczne.jpg\" alt=\"\" \/><\/center><\/td>\n<td style=\"border-top-color: #FAEBD7; border-top-style: groove; border-top-width: thin;\" align=\"center\"><center>gmina Nowy Dunin\u00f3w.<br \/>\nDobrego 2013 roku \u017cycz\u0105 pose\u0142 Piotr Zgorzelski i w\u00f3jt gminy Nowy Dunin\u00f3w Miros\u0142aw Krysiak.<\/center><\/td>\n<\/tr>\n<tr>\n<td><center><img decoding=\"async\" style=\"border-width: 1px; margin: 6px 6px 3px 6px;\" src=\"https:\/\/nowyduninow.info.pl\/archiwum\/wp-content\/uploads\/2014\/05\/gkt_odc4.jpg\" alt=\"\" \/><\/center><\/td>\n<td style=\"border-top-color: #FAEBD7; border-top-style: groove; border-top-width: thin;\" align=\"center\"><center>gmina Nowy Dunin\u00f3w.<br \/>\n&#8222;Wis\u0142a&#8221;&#8221; Nowy Dunin\u00f3w w czo\u0142\u00f3wce P\u0142ockiej Ligi Okr\u0119gowej.<\/center><\/td>\n<\/tr>\n<tr>\n<td><center><img decoding=\"async\" style=\"border-width: 1px; margin: 6px 6px 3px 6px;\" src=\"https:\/\/nowyduninow.info.pl\/archiwum\/wp-content\/uploads\/2014\/05\/gkt_odc3.jpg\" alt=\"\" \/><\/center><\/td>\n<td style=\"border-top-color: #FAEBD7; border-top-style: groove; border-top-width: thin;\" align=\"center\"><center>gmina Nowy Dunin\u00f3w.<br \/>\nJesienne imprezy sportowe i rekreacyjne na terenie gminy.<\/center><\/td>\n<\/tr>\n<tr>\n<td><center><img decoding=\"async\" style=\"border-width: 1px; margin: 6px 6px 3px 6px;\" src=\"https:\/\/nowyduninow.info.pl\/archiwum\/wp-content\/uploads\/2014\/05\/gkt_odc2.jpg\" alt=\"\" \/><\/center><\/td>\n<td style=\"border-top-color: #FAEBD7; border-top-style: groove; border-top-width: thin;\" align=\"center\"><center>gmina Nowy Dunin\u00f3w.<br \/>\nOdbudowa staw\u00f3w w zabytkowym zespole pa\u0142acowo &#8211; parkowym w Nowym Duninowie.<\/center><\/td>\n<\/tr>\n<tr>\n<td><center><img decoding=\"async\" style=\"border-width: 1px; margin: 6px 6px 3px 6px;\" src=\"https:\/\/nowyduninow.info.pl\/archiwum\/wp-content\/uploads\/2014\/05\/gkt_odc1.jpg\" alt=\"\" \/><\/center><\/td>\n<td style=\"border-top-color: #FAEBD7; border-top-style: groove; border-top-width: thin;\" align=\"center\"><center>gmina Nowy Dunin\u00f3w.<br \/>\nRegaty \u017beglarskie w Nowym Duninowie.<\/center><\/td>\n<\/tr>\n<\/tbody>\n<\/table>\n<\/fieldset>\n","protected":false},"excerpt":{"rendered":"<p>REPORTA\u017bE Z GMINY NOWY DUNIN\u00d3W<br \/>\n&nbsp;<br \/>\nGminny Kurier Telewizyjny<\/p>\n<p>gmina Nowy Dunin\u00f3w.<br \/>\nSierpniowe Pikniki w gminie Nowy Dunin\u00f3w.<\/p>\n<p>gmina Nowy Dunin\u00f3w.<br \/>\nXVIII Regaty \u017beglarskie w Nowym Duninowie.<\/p>\n<p>gmina Nowy Dunin\u00f3w.<br \/>\nIX Piknik Rodzinny w Nowym Duninowie &#8211; cykl letnich imprez  [&#8230;]<\/p>\n","protected":false},"author":1,"featured_media":0,"parent":0,"menu_order":0,"comment_status":"open","ping_status":"open","template":"","meta":[],"_links":{"self":[{"href":"https:\/\/nowyduninow.info.pl\/archiwum\/index.php?rest_route=\/wp\/v2\/pages\/228"}],"collection":[{"href":"https:\/\/nowyduninow.info.pl\/archiwum\/index.php?rest_route=\/wp\/v2\/pages"}],"about":[{"href":"https:\/\/nowyduninow.info.pl\/archiwum\/index.php?rest_route=\/wp\/v2\/types\/page"}],"author":[{"embeddable":true,"href":"https:\/\/nowyduninow.info.pl\/archiwum\/index.php?rest_route=\/wp\/v2\/users\/1"}],"replies":[{"embeddable":true,"href":"https:\/\/nowyduninow.info.pl\/archiwum\/index.php?rest_route=%2Fwp%2Fv2%2Fcomments&post=228"}],"version-history":[{"count":6,"href":"https:\/\/nowyduninow.info.pl\/archiwum\/index.php?rest_route=\/wp\/v2\/pages\/228\/revisions"}],"predecessor-version":[{"id":8081,"href":"https:\/\/nowyduninow.info.pl\/archiwum\/index.php?rest_route=\/wp\/v2\/pages\/228\/revisions\/8081"}],"wp:attachment":[{"href":"https:\/\/nowyduninow.info.pl\/archiwum\/index.php?rest_route=%2Fwp%2Fv2%2Fmedia&parent=228"}],"curies":[{"name":"wp","href":"https:\/\/api.w.org\/{rel}","templated":true}]}}