{"id":19737,"date":"2025-01-15T19:10:34","date_gmt":"2025-01-15T18:10:34","guid":{"rendered":"http:\/\/nowyduninow.info.pl\/?page_id=19737"},"modified":"2025-02-07T08:50:22","modified_gmt":"2025-02-07T07:50:22","slug":"interpelacje","status":"publish","type":"page","link":"https:\/\/nowyduninow.info.pl\/archiwum\/?page_id=19737","title":{"rendered":"Interpelacje"},"content":{"rendered":"<p style=\"text-align: center;\"><span style=\"text-decoration: underline;\">Interpelacja z dnia 30\u00a0stycznia 2025 r.<\/span><\/p>\n<ul>\n<li>6\/2025 &#8211;<a href=\"https:\/\/ugnowyduninow.bip.org.pl\/pliki\/ugnowyduninow\/int_nr_6.pdf?20250207084027\" target=\"_blank\">\u00a0Interpelacja<\/a>\u00a0dotycz\u0105ca naprawy przepust\u00f3w w drodze gminnej we wsi Dzierz\u0105zna\n<ul>\n<li><a href=\"https:\/\/ugnowyduninow.bip.org.pl\/pliki\/ugnowyduninow\/przekaz.pdf?20250207084027\" target=\"_blank\">przekazanie interpelacji<\/a>,\u00a0odpowied\u017a na interpelacj\u0119,<\/li>\n<\/ul>\n<\/li>\n<\/ul>\n<p style=\"text-align: center;\"><span style=\"text-decoration: underline;\">Interpelacja z dnia 30 stycznia 2025 r.<\/span><\/p>\n<ul>\n<li>5\/2025 &#8211;\u00a0<a href=\"https:\/\/ugnowyduninow.bip.org.pl\/pliki\/ugnowyduninow\/int_nr_5.pdf?20250207084027\" target=\"_blank\">Interpelacja<\/a>\u00a0dotycz\u0105ca odpowiedzi W\u00f3jta Karola Gutkowicza z dnia 21.01.2025 roku na interpelacj\u0119 z dnia 14.01.2025 roku\n<ul>\n<li><a href=\"https:\/\/ugnowyduninow.bip.org.pl\/pliki\/ugnowyduninow\/przekaz.pdf?20250207084027\" target=\"_blank\">przekazanie interpelacji<\/a>,\u00a0odpowied\u017a na interpelacj\u0119,<\/li>\n<\/ul>\n<\/li>\n<\/ul>\n<p style=\"text-align: center;\"><span style=\"text-decoration: underline;\">Interpelacja z dnia 17\u00a0stycznia 2025 r.<\/span><\/p>\n<ul>\n<li>4\/2025 &#8211; <a href=\"\/pliki\/ugnowyduninow\/doc01058920250120123533.pdf\" target=\"_blank\" data-cke-saved-href=\"\/pliki\/ugnowyduninow\/doc01058920250120123533.pdf\">Interpelacja<\/a> dotycz\u0105ca profilu &#8222;Gmina\u00a0Nowy Dunin\u00f3w&#8221; na portalu spo\u0142eczno\u015bciowym Facebook\n<ul>\n<li><a href=\"\/pliki\/ugnowyduninow\/przekazanie_inter.pdf\" target=\"_blank\" data-cke-saved-href=\"\/pliki\/ugnowyduninow\/przekazanie_inter.pdf\">przekazanie interpelacji<\/a>, <a href=\"\/pliki\/ugnowyduninow\/odpo.pdf\" target=\"_blank\" data-cke-saved-href=\"\/pliki\/ugnowyduninow\/odpo.pdf\">odpowied\u017a na interpelacj\u0119<\/a>,<\/li>\n<\/ul>\n<\/li>\n<\/ul>\n<p style=\"text-align: center;\"><span style=\"text-decoration: underline;\">Interpelacja z dnia 15 stycznia 2025 r.<\/span><\/p>\n<ul>\n<li>3\/2025 &#8211;<a href=\"https:\/\/ugnowyduninow.bip.org.pl\/pliki\/ugnowyduninow\/i%20gutorska_20250120121446.pdf?20250122130823\" target=\"_blank\">\u00a0Interpelacja<\/a>\u00a0dotycz\u0105ca osadzenia betonowych s\u0142up\u00f3w oraz ogrodzenia w granicach drogi gminnej w m. Dzierz\u0105zna oraz braku informacji zwrotnej o wynikach przeprowadzonego post\u0119powania administracyjnego przez Powiatowego Inspektora Nadzoru Budowlanego w P\u0142ocku\n<ul>\n<li><a href=\"https:\/\/ugnowyduninow.bip.org.pl\/pliki\/ugnowyduninow\/przekazanie_inter.pdf?20250122130823\" target=\"_blank\">przekazanie interpelacji<\/a>,\u00a0<a href=\"https:\/\/ugnowyduninow.bip.org.pl\/pliki\/ugnowyduninow\/odp_i._gutorska.pdf?20250122130823\" target=\"_blank\">odpowied\u017a na interpelacj\u0119<\/a>,<\/li>\n<\/ul>\n<\/li>\n<\/ul>\n<p style=\"text-align: center;\"><span style=\"text-decoration: underline;\">Interpelacja z dnia 15\u00a0stycznia 2025 r.<\/span><\/p>\n<ul>\n<li>2\/2025 &#8211;<a href=\"https:\/\/ugnowyduninow.bip.org.pl\/pliki\/ugnowyduninow\/odsniezanie.pdf?20250122130823\" target=\"_blank\">\u00a0Interpelacja<\/a>\u00a0dotycz\u0105ca od\u015bnie\u017cania terenu Gminy Nowy Dunin\u00f3w\n<ul>\n<li><a href=\"https:\/\/ugnowyduninow.bip.org.pl\/pliki\/ugnowyduninow\/przekazanie_inter.pdf?20250122130823\" target=\"_blank\">przekazanie interpelacji,<\/a>\u00a0<a href=\"https:\/\/ugnowyduninow.bip.org.pl\/pliki\/ugnowyduninow\/odp_odsniez.pdf?20250122130823\" target=\"_blank\">odpowied\u017a na interpelacj\u0119<\/a>,<\/li>\n<\/ul>\n<\/li>\n<\/ul>\n<p style=\"text-align: center;\"><span style=\"text-decoration: underline;\">Interpelacja z dnia 10 stycznia 2025 r.<\/span><\/p>\n<ul>\n<li>1\/2025 &#8211;\u00a0<a href=\"https:\/\/ugnowyduninow.bip.org.pl\/pliki\/ugnowyduninow\/interpelacja_1_2025.pdf?20250122130823\" target=\"_blank\">Interpelacja<\/a>\u00a0dotycz\u0105ca udzielenia informacji nt. spotkania zorganizowanego po sesji Rady Gminy Nowy Dunin\u00f3w\n<ul>\n<li><a href=\"https:\/\/ugnowyduninow.bip.org.pl\/pliki\/ugnowyduninow\/doc01054120250115171920.pdf?20250122130823\" target=\"_blank\">przekazanie interpelacji<\/a>,\u00a0<a href=\"https:\/\/ugnowyduninow.bip.org.pl\/pliki\/ugnowyduninow\/odp._spotkanie.pdf?20250122130823\" target=\"_blank\">odpowied\u017a na interpelacj\u0119<\/a>,<\/li>\n<\/ul>\n<\/li>\n<\/ul>\n<hr \/>\n","protected":false},"excerpt":{"rendered":"<p>Interpelacja z dnia 30\u00a0stycznia 2025 r.<\/p>\n<p>\t6\/2025 &#8211;\u00a0Interpelacja\u00a0dotycz\u0105ca naprawy przepust\u00f3w w drodze gminnej we wsi Dzierz\u0105zna<\/p>\n<p>\tprzekazanie interpelacji,\u00a0odpowied\u017a na interpelacj\u0119,<\/p>\n<p>Interpelacja z dnia 30 stycznia 2025 r.<\/p>\n<p>\t5\/2025 &#8211;\u00a0Interpelacja\u00a0dotycz\u0105ca odpowiedzi W\u00f3jta Karola  [&#8230;]<\/p>\n","protected":false},"author":16,"featured_media":0,"parent":0,"menu_order":0,"comment_status":"closed","ping_status":"closed","template":"","meta":[],"_links":{"self":[{"href":"https:\/\/nowyduninow.info.pl\/archiwum\/index.php?rest_route=\/wp\/v2\/pages\/19737"}],"collection":[{"href":"https:\/\/nowyduninow.info.pl\/archiwum\/index.php?rest_route=\/wp\/v2\/pages"}],"about":[{"href":"https:\/\/nowyduninow.info.pl\/archiwum\/index.php?rest_route=\/wp\/v2\/types\/page"}],"author":[{"embeddable":true,"href":"https:\/\/nowyduninow.info.pl\/archiwum\/index.php?rest_route=\/wp\/v2\/users\/16"}],"replies":[{"embeddable":true,"href":"https:\/\/nowyduninow.info.pl\/archiwum\/index.php?rest_route=%2Fwp%2Fv2%2Fcomments&post=19737"}],"version-history":[{"count":11,"href":"https:\/\/nowyduninow.info.pl\/archiwum\/index.php?rest_route=\/wp\/v2\/pages\/19737\/revisions"}],"predecessor-version":[{"id":19848,"href":"https:\/\/nowyduninow.info.pl\/archiwum\/index.php?rest_route=\/wp\/v2\/pages\/19737\/revisions\/19848"}],"wp:attachment":[{"href":"https:\/\/nowyduninow.info.pl\/archiwum\/index.php?rest_route=%2Fwp%2Fv2%2Fmedia&parent=19737"}],"curies":[{"name":"wp","href":"https:\/\/api.w.org\/{rel}","templated":true}]}}