{"id":19443,"date":"2024-12-03T11:51:25","date_gmt":"2024-12-03T10:51:25","guid":{"rendered":"http:\/\/nowyduninow.info.pl\/?page_id=19443"},"modified":"2024-12-03T14:16:06","modified_gmt":"2024-12-03T13:16:06","slug":"ankieta-diagnozy-problemu-ubostwa-energetycznego-w-gminie-nowy-duninow","status":"publish","type":"page","link":"https:\/\/nowyduninow.info.pl\/archiwum\/?page_id=19443","title":{"rendered":"Ankieta &#8211; diagnoza problemu ub\u00f3stwa energetycznego w Gminie Nowy Dunin\u00f3w"},"content":{"rendered":"<p><strong>Szanowni Mieszka\u0144cy Gminy Nowy Dunin\u00f3w,<\/strong><\/p>\n<p>W\u00f3jt Gminy Nowy Dunin\u00f3w zwraca si\u0119 z uprzejm\u0105 pro\u015bb\u0105 do wszystkich mieszka\u0144c\u00f3w naszej gminy o wype\u0142nienie ankiety dotycz\u0105cej\u00a0<strong>diagnozy problemu ub\u00f3stwa energetycznego w Gminie Nowy Dunin\u00f3w<\/strong>.<\/p>\n<p>Pa\u0144stwa udzia\u0142 w badaniu jest niezwykle wa\u017cny, poniewa\u017c pozyskane dzi\u0119ki ankiecie informacje pozwol\u0105 nam lepiej zrozumie\u0107 skal\u0119 i charakter tego problemu. Na ich podstawie b\u0119dziemy mogli wypracowa\u0107 skuteczne rozwi\u0105zania maj\u0105ce na celu wsparcie os\u00f3b dotkni\u0119tych ub\u00f3stwem energetycznym.<\/p>\n<p>Ankiet\u0119 mo\u017cna wype\u0142ni\u0107 anonimowo lub podaj\u0105c swoje podstawowe dane, kt\u00f3re b\u0119d\u0105 wykorzystywane wy\u0142\u0105cznie na potrzeby opracowania analizy problemu ub\u00f3stwa, a w przypadku pojawienia si\u0119 program\u00f3w pomocowych, do przekazania informacji jak mo\u017cna z nich skorzysta\u0107. \u00a0Formularz mo\u017cna wype\u0142ni\u0107\u00a0<strong>online<\/strong>\u00a0pod wskazanym linkiem\u00a0<a href=\"https:\/\/forms.gle\/BcqqsTsqWjN4Wdpm8\">https:\/\/forms.gle\/BcqqsTsqWjN4Wdpm8<\/a><\/p>\n<p>&nbsp;<\/p>\n<p>Serdecznie dzi\u0119kujemy za zaanga\u017cowanie i pomoc w tworzeniu lepszego \u015brodowiska \u017cycia dla wszystkich mieszka\u0144c\u00f3w naszej gminy!<\/p>\n<p><a href=\"https:\/\/nowyduninow.info.pl\/archiwum\/wp-content\/uploads\/2024\/12\/Analiza-Ub\u00f3stwa-Energetycznego.png\"><img decoding=\"async\" loading=\"lazy\" class=\"aligncenter size-medium wp-image-19464\" src=\"https:\/\/nowyduninow.info.pl\/archiwum\/wp-content\/uploads\/2024\/12\/Analiza-Ub\u00f3stwa-Energetycznego-300x251.png\" alt=\"Analiza Ub\u00f3stwa Energetycznego\" width=\"300\" height=\"251\" \/><\/a><\/p>\n","protected":false},"excerpt":{"rendered":"<p>Szanowni Mieszka\u0144cy Gminy Nowy Dunin\u00f3w,<\/p>\n<p>W\u00f3jt Gminy Nowy Dunin\u00f3w zwraca si\u0119 z uprzejm\u0105 pro\u015bb\u0105 do wszystkich mieszka\u0144c\u00f3w naszej gminy o wype\u0142nienie ankiety dotycz\u0105cej\u00a0diagnozy problemu ub\u00f3stwa energetycznego w Gminie Nowy Dunin\u00f3w.<\/p>\n<p>Pa\u0144stwa udzia\u0142 w badaniu jest niezwykle wa\u017cny, poniewa\u017c  [&#8230;]<\/p>\n","protected":false},"author":16,"featured_media":0,"parent":0,"menu_order":0,"comment_status":"closed","ping_status":"closed","template":"","meta":[],"_links":{"self":[{"href":"https:\/\/nowyduninow.info.pl\/archiwum\/index.php?rest_route=\/wp\/v2\/pages\/19443"}],"collection":[{"href":"https:\/\/nowyduninow.info.pl\/archiwum\/index.php?rest_route=\/wp\/v2\/pages"}],"about":[{"href":"https:\/\/nowyduninow.info.pl\/archiwum\/index.php?rest_route=\/wp\/v2\/types\/page"}],"author":[{"embeddable":true,"href":"https:\/\/nowyduninow.info.pl\/archiwum\/index.php?rest_route=\/wp\/v2\/users\/16"}],"replies":[{"embeddable":true,"href":"https:\/\/nowyduninow.info.pl\/archiwum\/index.php?rest_route=%2Fwp%2Fv2%2Fcomments&post=19443"}],"version-history":[{"count":3,"href":"https:\/\/nowyduninow.info.pl\/archiwum\/index.php?rest_route=\/wp\/v2\/pages\/19443\/revisions"}],"predecessor-version":[{"id":19467,"href":"https:\/\/nowyduninow.info.pl\/archiwum\/index.php?rest_route=\/wp\/v2\/pages\/19443\/revisions\/19467"}],"wp:attachment":[{"href":"https:\/\/nowyduninow.info.pl\/archiwum\/index.php?rest_route=%2Fwp%2Fv2%2Fmedia&parent=19443"}],"curies":[{"name":"wp","href":"https:\/\/api.w.org\/{rel}","templated":true}]}}