{"id":19209,"date":"2024-11-08T11:09:38","date_gmt":"2024-11-08T10:09:38","guid":{"rendered":"http:\/\/nowyduninow.info.pl\/?page_id=19209"},"modified":"2025-06-24T08:45:01","modified_gmt":"2025-06-24T06:45:01","slug":"mazowsze-bez-smogu","status":"publish","type":"page","link":"https:\/\/nowyduninow.info.pl\/archiwum\/?page_id=19209","title":{"rendered":"Mazowsze bez smogu &#8211; informacja o projekcie"},"content":{"rendered":"<p>&nbsp;<\/p>\n<p><a href=\"https:\/\/nowyduninow.info.pl\/archiwum\/wp-content\/uploads\/2024\/11\/fema-logo-ue-1024x93.jpg\" alt=\"Poziomy podstawowy kolorowy\" width=\"512\" height=\"46\" class=\"aligncenter size-large wp-image-19979\"><img decoding=\"async\" loading=\"lazy\" class=\"aligncenter wp-image-19211\" src=\"https:\/\/nowyduninow.info.pl\/archiwum\/wp-content\/uploads\/2024\/11\/fema-logo-ue-1024x93.jpg\" width=\"512\" height=\"46\" class=\"aligncenter size-large wp-image-19979\" \/><\/a><\/p>\n<p><img decoding=\"async\" loading=\"lazy\" src=\"https:\/\/nowyduninow.info.pl\/archiwum\/wp-content\/uploads\/2024\/11\/thumbnail_Outlook-z5s4l0ai.png\" alt=\"thumbnail_Outlook-z5s4l0ai\" width=\"345\" height=\"72\" class=\"aligncenter size-full wp-image-19980\" \/><\/p>\n<p><\/a><\/p>\n<p>&nbsp;<\/p>\n<p>&nbsp;<\/p>\n<p><strong>Gmina Nowy Dunin\u00f3w realizuje projekt \u201eMazowsze bez Smogu\u201d<\/strong><\/p>\n<p>&nbsp;<\/p>\n<p><strong>Projekt pn. \u201eMazowsze bez smogu\u201d, realizowany w ramach Priorytetu II \u201eFundusze Europejskie na zielony rozw\u00f3j Mazowsza\u201d dla Dzia\u0142ania 2(i) \u201eWspieranie efektywno\u015bci energetycznej i redukcji emisji gaz\u00f3w cieplarnianych\u201d Funduszy Europejskich dla Mazowsza 2021-2027.<\/strong><\/p>\n<p>Gmina Nowy Dunin\u00f3w zosta\u0142a zakwalifikowana do uczestnictwa w projekcie \u201eMazowsze bez Smogu\u201d, realizowanego w ramach FEM 2021-2027, kt\u00f3rego liderem jest Wojew\u00f3dztwo Mazowieckie. Gmina Nowy Dunin\u00f3w realizuje projekt &#8222;Mazowsze bez smogu&#8221; jako Partner. Link do strony Projektu prowadzonej przez Lidera <a href=\"http:\/\/www.powietrze@mazovia.pl\" title=\"www.powietrze@mazovia.pl\" rel=\"noopener\" target=\"_blank\">www.powietrze@mazovia.pl<\/a><\/p>\n<p>Projekt ma na celu wsparcie jednostek samorz\u0105du terytorialnego we wdra\u017caniu Programu Ochrony Powietrza dla stref w wojew\u00f3dztwie mazowieckim. Ponadto, zak\u0142ada ograniczenie emisji i zmniejszenie st\u0119\u017ce\u0144: py\u0142u zwieszonego PM10 I PM2,5, B(a)P oraz dwutlenku azotu. Umowa partnerska zawarta pomi\u0119dzy Samorz\u0105dem Wojew\u00f3dztwa Mazowieckiego a Gmin\u0105 Nowy Dunin\u00f3w nr\u00a0 B\/UMWM-UF\/UM\/PZ\/2366\/2023 zosta\u0142a podpisana w dniu 22.12.2023r.<\/p>\n<p>G\u0142\u00f3wnym celem projektu jest poprawa jako\u015bci powietrza w wojew\u00f3dztwie mazowieckim.<\/p>\n<p>Cel ten zostanie spe\u0142niony poprzez zatrudnienie Ekodoradcy, kt\u00f3ry b\u0119dzie:<\/p>\n<ul>\n<li>udziela\u0107 informacji na temat mo\u017cliwo\u015bci pozyskania dotacji na wymian\u0119 \u017ar\u00f3de\u0142 ciep\u0142a, instalacj\u0119 odnawialnych \u017ar\u00f3de\u0142 energii, oraz termomodernizacj\u0119 budynk\u00f3w,<\/li>\n<li>wspiera\u0107 mieszka\u0144c\u00f3w w zakresie przygotowania wniosk\u00f3w o dofinansowanie,<\/li>\n<li>bra\u0107 udzia\u0142 w kontrolach palenisk realizowanych na terenie gminy Nowy Dunin\u00f3w,<\/li>\n<li>monitorowa\u0107 stan \u017ar\u00f3de\u0142 ciep\u0142a,<\/li>\n<li>zleca\u0107 badania pr\u00f3bek popio\u0142u,<\/li>\n<li>koordynowa\u0107 dzia\u0142ania informacyjno-edukacyjne realizowane w ramach projektu,<\/li>\n<li>poprawia\u0107 system komunikacji mi\u0119dzy jst, a mieszka\u0144cami,<\/li>\n<li>prowadzi\u0107 dzia\u0142ania edukacyjno-informacyjne na szczeblu lokalnym,<\/li>\n<li>diagnozowa\u0107 ub\u00f3stwo energetyczne.<\/li>\n<\/ul>\n<p>&nbsp;<\/p>\n<p>Z projektu skorzystaj\u0105 wszyscy zainteresowani mieszka\u0144cy wojew\u00f3dztwa mazowieckiego, kt\u00f3rzy zg\u0142osz\u0105 si\u0119 do Urz\u0119d\u00f3w\u00a0 Gmin i Miast\u00a0 w celu uzyskania pomocy, oraz wskazania rozwi\u0105za\u0144 ekologicznych mo\u017cliwych do zastosowania w swoich gospodarstwach domowych. Niniejszy projekt zak\u0142ada doprowadzenie do poprawy jako\u015bci powietrza, poprzez zapewnienie sieci ekodoradc\u00f3w, a tak\u017ce dost\u0119pu do informacji i mo\u017cliwo\u015bci aktywnej ich wymiany pomi\u0119dzy gmin\u0105 i innymi podmiotami zainteresowanymi i zwi\u0105zanymi z ochron\u0105 powietrza. W zakresie projektu znajd\u0105 si\u0119 dzia\u0142ania realizowane przez gmin\u0119:<\/p>\n<ul>\n<li>doradztwo energetyczne i ekologiczne<\/li>\n<li>edukacja ekologiczna \u2013 realizowana poprzez dzia\u0142ania informacyjno-edukacyjne<\/li>\n<\/ul>\n<p>prowadzone na szczeblu wojew\u00f3dzkim i lokalnym.<\/p>\n<p>&nbsp;<\/p>\n<p>W ramach projektu zrealizowane zostan\u0105 zadania polegaj\u0105ce na zatrudnieniu ekodoradcy, wyposa\u017cenie stanowiska pracy ekodoradcy, wyposa\u017cenie ekodoradcy<br \/>\nw narz\u0119dzia i us\u0142ugi niezb\u0119dne do prowadzenia kontroli, finansowane dzia\u0142a\u0144 na rzecz mieszka\u0144c\u00f3w audyt\u00f3w energetycznych i przegl\u0105d\u00f3w kominiarskich w gospodarstwach domowych i ubogich energetycznie, prowadzenie dzia\u0142a\u0144 edukacyjnych, zakup samochodu s\u0142u\u017cbowego oraz opracowanie diagnozy ub\u00f3stwa energetycznego wskazuj\u0105cej liczb\u0119 piec\u00f3w do wymiany. Grup\u0105 docelow\u0105 projektu s\u0105 mieszka\u0144cy gminy Nowy Dunin\u00f3w. Doradztwo realizowane przez Gmin\u0119 dla mieszka\u0144c\u00f3w w ramach projektu realizowane b\u0119dzie przez ekodoradc\u0119. B\u0119dzie on stanowi\u0107 wsparcie w realizacji dzia\u0142a\u0144 z zakresu ochrony powietrza, ale nie tylko. B\u0119dzie r\u00f3wnie\u017c wsparciem pracownik\u00f3w w zakresie energetyki i dziedzin pokrewnych ochronie powietrza, m.in. w zakresie wykorzystania dost\u0119pnych narz\u0119dzi i przepis\u00f3w prawa. Jednocze\u015bnie ekodoradca stanowi\u0107 b\u0119dzie wsparcie mieszka\u0144c\u00f3w w d\u0105\u017ceniu do poprawy jako\u015bci \u017cycia i zdrowia. Ponadto ekodoradca swoim dzia\u0142aniem i postaw\u0105 b\u0119dzie kreowa\u0142 wizerunek jako podmiotu wiarygodnego, kompetentnego i otwartego na mieszka\u0144ca, wychodz\u0105cego naprzeciw potrzebom mieszka\u0144c\u00f3w i podejmuj\u0105cego si\u0119 najci\u0119\u017cszych zada\u0144 w celu ochrony zdrowia mieszka\u0144c\u00f3w i ochrony \u015brodowiska, w kt\u00f3rym \u017cyj\u0105. Ekodoradca b\u0119dzie stanowi\u0142 wykwalifikowan\u0105 kadr\u0119 pracownicz\u0105 i b\u0119dzie posiada\u0107 kompetencje pozwalaj\u0105ce na realizacj\u0119 powierzonych im dzia\u0142a\u0144. To wszystko \u0142\u0105czy\u0107 si\u0119 b\u0119dzie z efektywn\u0105 komunikacj\u0105 z mieszka\u0144cami. <\/p>\n<p><strong>Ekodoradca w Urz\u0119dzie Gminy w Nowym Duninowie:<\/strong><br \/>\nRafa\u0142 Winnicki<br \/>\nekodoradca@nowyduninow.info.pl<br \/>\ntel.: 452-075-811<\/p>\n<p>Realizacja programu obejmie lata 2024-2028 a \u0142\u0105czny koszt projektu wynosi<\/p>\n<p><strong>1\u00a0406\u00a0968,58 z\u0142<\/strong>.<\/p>\n<p>Lider projektu: Wojew\u00f3dztwo Mazowieckie<\/p>\n<p>Ca\u0142kowita warto\u015b\u0107 projektu:\u00a0 <strong>1\u00a0406\u00a0968,58 z\u0142<\/strong><\/p>\n<p>Dofinansowanie ze \u015brodk\u00f3w Funduszy Europejskich: <strong>1\u00a0195\u00a0923,29 z\u0142<\/strong><\/p>\n<p>\u015arodki w\u0142asne: <strong>211\u00a0045,29 z\u0142<\/strong><\/p>\n<p>&nbsp;<\/p>\n<p><strong>#FunduszeUE <\/strong><\/p>\n<p><strong>#FunduszeEuropejskie<\/strong><\/p>\n","protected":false},"excerpt":{"rendered":"<p>&nbsp;<\/p>\n<p>&nbsp;<\/p>\n<p>&nbsp;<\/p>\n<p>Gmina Nowy Dunin\u00f3w realizuje projekt \u201eMazowsze bez Smogu\u201d<\/p>\n<p>&nbsp;<\/p>\n<p>Projekt pn. \u201eMazowsze bez smogu\u201d, realizowany w ramach Priorytetu II \u201eFundusze Europejskie na zielony rozw\u00f3j Mazowsza\u201d dla Dzia\u0142ania 2(i) \u201eWspieranie efektywno\u015bci energetycznej i redukcji emisji gaz\u00f3w  [&#8230;]<\/p>\n","protected":false},"author":16,"featured_media":0,"parent":0,"menu_order":0,"comment_status":"closed","ping_status":"closed","template":"","meta":[],"_links":{"self":[{"href":"https:\/\/nowyduninow.info.pl\/archiwum\/index.php?rest_route=\/wp\/v2\/pages\/19209"}],"collection":[{"href":"https:\/\/nowyduninow.info.pl\/archiwum\/index.php?rest_route=\/wp\/v2\/pages"}],"about":[{"href":"https:\/\/nowyduninow.info.pl\/archiwum\/index.php?rest_route=\/wp\/v2\/types\/page"}],"author":[{"embeddable":true,"href":"https:\/\/nowyduninow.info.pl\/archiwum\/index.php?rest_route=\/wp\/v2\/users\/16"}],"replies":[{"embeddable":true,"href":"https:\/\/nowyduninow.info.pl\/archiwum\/index.php?rest_route=%2Fwp%2Fv2%2Fcomments&post=19209"}],"version-history":[{"count":8,"href":"https:\/\/nowyduninow.info.pl\/archiwum\/index.php?rest_route=\/wp\/v2\/pages\/19209\/revisions"}],"predecessor-version":[{"id":19981,"href":"https:\/\/nowyduninow.info.pl\/archiwum\/index.php?rest_route=\/wp\/v2\/pages\/19209\/revisions\/19981"}],"wp:attachment":[{"href":"https:\/\/nowyduninow.info.pl\/archiwum\/index.php?rest_route=%2Fwp%2Fv2%2Fmedia&parent=19209"}],"curies":[{"name":"wp","href":"https:\/\/api.w.org\/{rel}","templated":true}]}}