{"id":19113,"date":"2024-09-27T21:27:24","date_gmt":"2024-09-27T19:27:24","guid":{"rendered":"http:\/\/nowyduninow.info.pl\/?page_id=19113"},"modified":"2024-09-27T21:29:52","modified_gmt":"2024-09-27T19:29:52","slug":"cyberbezpieczenstwo","status":"publish","type":"page","link":"https:\/\/nowyduninow.info.pl\/archiwum\/?page_id=19113","title":{"rendered":"Cyberbezpiecze\u0144stwo"},"content":{"rendered":"<p>Realizuj\u0105c obowi\u0105zek wynikaj\u0105cy z ustawy z dnia 5 lipca 2018 r. o krajowym systemie cyberbezpiecze\u0144stwa (Dz.U. z 2020 r. poz. 1369 ze zm.) zach\u0119camy do zapoznania si\u0119 z materia\u0142ami i informacjami, kt\u00f3re przybli\u017caj\u0105 i pozwalaj\u0105 zrozumie\u0107 zagro\u017cenia zwi\u0105zane z\u00a0cyberbezpiecze\u0144stwem, a tak\u017ce zawieraj\u0105 wskaz\u00f3wki w zakresie stosowania skutecznych sposob\u00f3w zabezpieczania si\u0119 przed tymi zagro\u017ceniami:<\/p>\n<p>1. Biuletyn<strong>\u00a0OUCH!\u00a0<\/strong>To cykliczny, darmowy zestaw porad bezpiecze\u0144stwa dla u\u017cytkownik\u00f3w komputer\u00f3w. Ka\u017cde wydanie zawiera kr\u00f3tkie, przyst\u0119pne przedstawienie wybranego zagadnienia z bezpiecze\u0144stwa komputerowego wraz z list\u0105 wskaz\u00f3wek, jak mo\u017cna chroni\u0107 siebie, swoich najbli\u017cszych i swoj\u0105 organizacj\u0119. Z polsk\u0105 wersj\u0105 Biuletynu\u00a0<strong>OUCH!\u00a0<\/strong>mo\u017cna zapozna\u0107 si\u0119 na stronie internetowej NASK \u2013 Pa\u0144stwowego Instytutu Badawczego, pod adresem\u00a0<a href=\"https:\/\/www.cert.pl\/ouch\/\">https:\/\/www.cert.pl\/ouch\/<\/a>.<\/p>\n<p>Zadaniem NASK jest poszukiwanie i wdra\u017canie rozwi\u0105za\u0144 s\u0142u\u017c\u0105cych rozwojowi sieci teleinformatycznych w Polsce oraz poprawie ich efektywno\u015bci i\u00a0bezpiecze\u0144stwa. Instytut prowadzi badania naukowe, prace rozwojowe, a tak\u017ce dzia\u0142alno\u015b\u0107 operacyjn\u0105 na rzecz bezpiecze\u0144stwa polskiej cywilnej cyberprzestrzeni. Wa\u017cnym elementem dzia\u0142alno\u015bci NASK jest edukacja u\u017cytkownik\u00f3w sieci teleinformatycznych.<\/p>\n<p>Na stronie cert.pl publikowane s\u0105 roczne raporty zawieraj\u0105ce zebrane dane o zagro\u017ceniach dla polskich u\u017cytkownik\u00f3w internetu, w tym r\u00f3wnie\u017c opisy najciekawszych nowych zagro\u017ce\u0144 i podatno\u015bci, z kt\u00f3rymi warto si\u0119 zapozna\u0107. Raporty dost\u0119pne s\u0105 pod adresem:\u00a0<a href=\"https:\/\/www.cert.pl\/publikacje\/\">https:\/\/www.cert.pl\/publikacje\/<\/a>.<\/p>\n<p>Na stronie cert.pl znajdziemy r\u00f3wnie\u017c materia\u0142y i poradniki z zakresu cyberbezpiecze\u0144stwa, a tak\u017ce List\u0119 ostrze\u017ce\u0144 \u2013 Zestawienie domen prowadz\u0105cych z\u0142o\u015bliw\u0105 aktywno\u015b\u0107<\/p>\n<p><strong>2. ST\u00d3J.POMY\u015aL.PO\u0141\u0104CZ.\u00a0<\/strong>To portal, kt\u00f3ry jest polsk\u0105 wersj\u0105 mi\u0119dzynarodowej kampanii\u00a0<strong>STOP.THINK.CONNECT.<\/strong>\u2122 (<strong>ST\u00d3J<\/strong>: Zanim skorzystasz z Internetu, dowiedz si\u0119 jak by\u0107 bezpiecznym w sieci oraz unika\u0107 potencjalnych zagro\u017ce\u0144.\u00a0<strong>POMY\u015aL<\/strong>: Po\u015bwi\u0119\u0107 chwil\u0119, aby upewni\u0107 si\u0119, \u017ce droga do wirtualnego \u015bwiata jest bezpieczna. Sprawd\u017a, czy nie wy\u015bwietlaj\u0105 si\u0119 komunikaty ostrzegawcze. Korzystaj z sieci z rozwag\u0105, pami\u0119taj\u0105c nie tylko o sobie, ale i o Twoim otoczeniu.\u00a0<strong>PO\u0141\u0104CZ<\/strong>: Ciesz si\u0119 mo\u017cliwo\u015bciami, jakie daje bezpiecznej korzystanie z Internetu) maj\u0105cej na celu zwi\u0119kszanie poziomu \u015bwiadomo\u015bci spo\u0142ecznej i promowanie bezpiecze\u0144stwa w cyberprzestrzeni.<\/p>\n<p>Na stronie internetowej kampanii mo\u017cna zapozna\u0107 si\u0119 z dobrymi praktykami, jak r\u00f3wnie\u017c z innymi materia\u0142ami i wskaz\u00f3wkami dotycz\u0105cymi cyberbezpiecze\u0144stwa. Inicjatyw\u0119 w Polsce koordynuje zesp\u00f3\u0142 CERT Polska, znajduj\u0105cy si\u0119 w strukturze NASK.<\/p>\n<p><a href=\"https:\/\/stojpomyslpolacz.pl\/\">https:\/\/stojpomyslpolacz.pl<\/a><\/p>\n<p>3. Dodatkowo zach\u0119camy do zapoznania si\u0119 z poradnikami zamieszczonymi na stronach wsp\u00f3\u0142tworzonych przez NASK:<\/p>\n<p><a href=\"https:\/\/www.saferinternet.pl\/materialy-edukacyjne\/poradniki-i-broszury.html\">https:\/\/www.saferinternet.pl<\/a><\/p>\n<p><a href=\"https:\/\/akademia.nask.pl\/\">https:\/\/akademia.nask.pl<\/a><\/p>\n","protected":false},"excerpt":{"rendered":"<p>Realizuj\u0105c obowi\u0105zek wynikaj\u0105cy z ustawy z dnia 5 lipca 2018 r. o krajowym systemie cyberbezpiecze\u0144stwa (Dz.U. z 2020 r. poz. 1369 ze zm.) zach\u0119camy do zapoznania si\u0119 z materia\u0142ami i informacjami, kt\u00f3re przybli\u017caj\u0105 i pozwalaj\u0105 zrozumie\u0107 zagro\u017cenia zwi\u0105zane z\u00a0cyberbezpiecze\u0144stwem, a tak\u017ce zawieraj\u0105  [&#8230;]<\/p>\n","protected":false},"author":16,"featured_media":0,"parent":0,"menu_order":0,"comment_status":"closed","ping_status":"closed","template":"","meta":[],"_links":{"self":[{"href":"https:\/\/nowyduninow.info.pl\/archiwum\/index.php?rest_route=\/wp\/v2\/pages\/19113"}],"collection":[{"href":"https:\/\/nowyduninow.info.pl\/archiwum\/index.php?rest_route=\/wp\/v2\/pages"}],"about":[{"href":"https:\/\/nowyduninow.info.pl\/archiwum\/index.php?rest_route=\/wp\/v2\/types\/page"}],"author":[{"embeddable":true,"href":"https:\/\/nowyduninow.info.pl\/archiwum\/index.php?rest_route=\/wp\/v2\/users\/16"}],"replies":[{"embeddable":true,"href":"https:\/\/nowyduninow.info.pl\/archiwum\/index.php?rest_route=%2Fwp%2Fv2%2Fcomments&post=19113"}],"version-history":[{"count":2,"href":"https:\/\/nowyduninow.info.pl\/archiwum\/index.php?rest_route=\/wp\/v2\/pages\/19113\/revisions"}],"predecessor-version":[{"id":19117,"href":"https:\/\/nowyduninow.info.pl\/archiwum\/index.php?rest_route=\/wp\/v2\/pages\/19113\/revisions\/19117"}],"wp:attachment":[{"href":"https:\/\/nowyduninow.info.pl\/archiwum\/index.php?rest_route=%2Fwp%2Fv2%2Fmedia&parent=19113"}],"curies":[{"name":"wp","href":"https:\/\/api.w.org\/{rel}","templated":true}]}}