{"id":18637,"date":"2024-09-08T20:14:14","date_gmt":"2024-09-08T18:14:14","guid":{"rendered":"http:\/\/nowyduninow.info.pl\/?page_id=18637"},"modified":"2024-09-08T20:14:51","modified_gmt":"2024-09-08T18:14:51","slug":"zawody-sportowo","status":"publish","type":"page","link":"https:\/\/nowyduninow.info.pl\/archiwum\/?page_id=18637","title":{"rendered":"Zawody Sportowo-Po\u017carnicze w Nowym Duninowie 2024"},"content":{"rendered":"<div dir=\"auto\">Zawody Sportowo-Po\u017carnicze w gminie Nowy Dunin\u00f3w za nami!<\/div>\n<div dir=\"auto\"><\/div>\n<div dir=\"auto\">7 wrze\u015bnia 2024 roku\u00a0odby\u0142y si\u0119 emocjonuj\u0105ce Zawody Sportowo-Po\u017carnicze w gminie Nowy Dunin\u00f3w. Wydarzenie zgromadzi\u0142o licznych widz\u00f3w i kibic\u00f3w.<\/div>\n<div dir=\"auto\">Nasze jednostki OSP, tj. OSP Nowy Dunin\u00f3w, OSP Lipianki, OSP Dzierz\u0105zna oraz MDP Dzierz\u0105zna, zaprezentowa\u0142y swoje niesamowite umiej\u0119tno\u015bci w konkurencjach takich jak sztafeta po\u017carnicza oraz \u0107wiczenia bojowe. Rywalizacja by\u0142a zaci\u0119ta, a ka\u017cdy z uczestnik\u00f3w da\u0142 z siebie wszystko, pokazuj\u0105c pe\u0142ne zaanga\u017cowanie i ducha walki.<\/div>\n<div dir=\"auto\">Zwyci\u0119zc\u0105 zawod\u00f3w zosta\u0142a dru\u017cyna OSP Nowy Dunin\u00f3w, kt\u00f3ra okaza\u0142a si\u0119 bezkonkurencyjna! Gratulacje dla nich oraz wszystkich jednostek, kt\u00f3re wzi\u0119\u0142y udzia\u0142 w zawodach \u2013 ka\u017cda z dru\u017cyn pokaza\u0142a wysoki poziom i gotowo\u015b\u0107 do niesienia pomocy.<\/div>\n<div dir=\"auto\">Dzi\u0119kujemy wszystkim za obecno\u015b\u0107, fantastyczne kibicowanie oraz wsparcie dla naszych stra\u017cak\u00f3w. To by\u0142 wspania\u0142y dzie\u0144 pe\u0142en emocji, kt\u00f3ry na d\u0142ugo zapadnie nam w pami\u0119ci!<\/div>\n<div dir=\"auto\">Do zobaczenia za rok!<\/div>\n<p>&nbsp;<\/p>\n\n\t\t<style type=\"text\/css\">\n\t\t\t#gallery-1 {\n\t\t\t\tmargin: auto;\n\t\t\t}\n\t\t\t#gallery-1 .gallery-item {\n\t\t\t\tfloat: left;\n\t\t\t\tmargin-top: 10px;\n\t\t\t\ttext-align: center;\n\t\t\t\twidth: 25%;\n\t\t\t}\n\t\t\t#gallery-1 img {\n\t\t\t\tborder: 2px solid #cfcfcf;\n\t\t\t}\n\t\t\t#gallery-1 .gallery-caption {\n\t\t\t\tmargin-left: 0;\n\t\t\t}\n\t\t\t\/* see gallery_shortcode() in wp-includes\/media.php *\/\n\t\t<\/style>\n\t\t<div id='gallery-1' class='gallery galleryid-18637 gallery-columns-4 gallery-size-thumbnail'><dl class='gallery-item'>\n\t\t\t<dt class='gallery-icon '>\n\t\t\t\t<a href='https:\/\/nowyduninow.info.pl\/wp-content\/uploads\/2024\/09\/IMG_2181.jpg'>IMG_2181<\/a>\n\t\t\t<\/dt><\/dl><dl class='gallery-item'>\n\t\t\t<dt class='gallery-icon '>\n\t\t\t\t<a href='https:\/\/nowyduninow.info.pl\/wp-content\/uploads\/2024\/09\/IMG_2397.jpg'>IMG_2397<\/a>\n\t\t\t<\/dt><\/dl><dl class='gallery-item'>\n\t\t\t<dt class='gallery-icon '>\n\t\t\t\t<a href='https:\/\/nowyduninow.info.pl\/wp-content\/uploads\/2024\/09\/IMG_2399.jpg'>IMG_2399<\/a>\n\t\t\t<\/dt><\/dl><dl class='gallery-item'>\n\t\t\t<dt class='gallery-icon '>\n\t\t\t\t<a href='https:\/\/nowyduninow.info.pl\/wp-content\/uploads\/2024\/09\/IMG_2401.jpg'>IMG_2401<\/a>\n\t\t\t<\/dt><\/dl><br style=\"clear: both\" \/><dl class='gallery-item'>\n\t\t\t<dt class='gallery-icon '>\n\t\t\t\t<a href='https:\/\/nowyduninow.info.pl\/wp-content\/uploads\/2024\/09\/IMG_2174.jpg'>IMG_2174<\/a>\n\t\t\t<\/dt><\/dl><dl class='gallery-item'>\n\t\t\t<dt class='gallery-icon '>\n\t\t\t\t<a href='https:\/\/nowyduninow.info.pl\/wp-content\/uploads\/2024\/09\/IMG_2176.jpg'>IMG_2176<\/a>\n\t\t\t<\/dt><\/dl><dl class='gallery-item'>\n\t\t\t<dt class='gallery-icon '>\n\t\t\t\t<a href='https:\/\/nowyduninow.info.pl\/wp-content\/uploads\/2024\/09\/IMG_2177.jpg'>IMG_2177<\/a>\n\t\t\t<\/dt><\/dl><dl class='gallery-item'>\n\t\t\t<dt class='gallery-icon '>\n\t\t\t\t<a href='https:\/\/nowyduninow.info.pl\/wp-content\/uploads\/2024\/09\/IMG_2178.jpg'>IMG_2178<\/a>\n\t\t\t<\/dt><\/dl><br style=\"clear: both\" \/><dl class='gallery-item'>\n\t\t\t<dt class='gallery-icon '>\n\t\t\t\t<a href='https:\/\/nowyduninow.info.pl\/wp-content\/uploads\/2024\/09\/IMG_2179.jpg'>IMG_2179<\/a>\n\t\t\t<\/dt><\/dl><dl class='gallery-item'>\n\t\t\t<dt class='gallery-icon '>\n\t\t\t\t<a href='https:\/\/nowyduninow.info.pl\/wp-content\/uploads\/2024\/09\/IMG_2180.jpg'>IMG_2180<\/a>\n\t\t\t<\/dt><\/dl><dl class='gallery-item'>\n\t\t\t<dt class='gallery-icon '>\n\t\t\t\t<a href='https:\/\/nowyduninow.info.pl\/wp-content\/uploads\/2024\/09\/IMG_2183.jpg'>IMG_2183<\/a>\n\t\t\t<\/dt><\/dl><dl class='gallery-item'>\n\t\t\t<dt class='gallery-icon '>\n\t\t\t\t<a href='https:\/\/nowyduninow.info.pl\/wp-content\/uploads\/2024\/09\/IMG_2185.jpg'>IMG_2185<\/a>\n\t\t\t<\/dt><\/dl><br style=\"clear: both\" \/><dl class='gallery-item'>\n\t\t\t<dt class='gallery-icon '>\n\t\t\t\t<a href='https:\/\/nowyduninow.info.pl\/wp-content\/uploads\/2024\/09\/IMG_2187.jpg'>IMG_2187<\/a>\n\t\t\t<\/dt><\/dl><dl class='gallery-item'>\n\t\t\t<dt class='gallery-icon '>\n\t\t\t\t<a href='https:\/\/nowyduninow.info.pl\/wp-content\/uploads\/2024\/09\/IMG_2189.jpg'>IMG_2189<\/a>\n\t\t\t<\/dt><\/dl><dl class='gallery-item'>\n\t\t\t<dt class='gallery-icon '>\n\t\t\t\t<a href='https:\/\/nowyduninow.info.pl\/wp-content\/uploads\/2024\/09\/IMG_2190.jpg'>IMG_2190<\/a>\n\t\t\t<\/dt><\/dl><dl class='gallery-item'>\n\t\t\t<dt class='gallery-icon '>\n\t\t\t\t<a href='https:\/\/nowyduninow.info.pl\/wp-content\/uploads\/2024\/09\/IMG_2193.jpg'>IMG_2193<\/a>\n\t\t\t<\/dt><\/dl><br style=\"clear: both\" \/><dl class='gallery-item'>\n\t\t\t<dt class='gallery-icon '>\n\t\t\t\t<a href='https:\/\/nowyduninow.info.pl\/wp-content\/uploads\/2024\/09\/IMG_2197.jpg'>IMG_2197<\/a>\n\t\t\t<\/dt><\/dl><dl class='gallery-item'>\n\t\t\t<dt class='gallery-icon '>\n\t\t\t\t<a href='https:\/\/nowyduninow.info.pl\/wp-content\/uploads\/2024\/09\/IMG_2199.jpg'>IMG_2199<\/a>\n\t\t\t<\/dt><\/dl><dl class='gallery-item'>\n\t\t\t<dt class='gallery-icon '>\n\t\t\t\t<a href='https:\/\/nowyduninow.info.pl\/wp-content\/uploads\/2024\/09\/IMG_2200.jpg'>IMG_2200<\/a>\n\t\t\t<\/dt><\/dl><dl class='gallery-item'>\n\t\t\t<dt class='gallery-icon '>\n\t\t\t\t<a href='https:\/\/nowyduninow.info.pl\/wp-content\/uploads\/2024\/09\/IMG_2202.jpg'>IMG_2202<\/a>\n\t\t\t<\/dt><\/dl><br style=\"clear: both\" \/><dl class='gallery-item'>\n\t\t\t<dt class='gallery-icon '>\n\t\t\t\t<a href='https:\/\/nowyduninow.info.pl\/wp-content\/uploads\/2024\/09\/IMG_2205.jpg'>IMG_2205<\/a>\n\t\t\t<\/dt><\/dl><dl class='gallery-item'>\n\t\t\t<dt class='gallery-icon '>\n\t\t\t\t<a href='https:\/\/nowyduninow.info.pl\/wp-content\/uploads\/2024\/09\/IMG_2206.jpg'>IMG_2206<\/a>\n\t\t\t<\/dt><\/dl><dl class='gallery-item'>\n\t\t\t<dt class='gallery-icon '>\n\t\t\t\t<a href='https:\/\/nowyduninow.info.pl\/wp-content\/uploads\/2024\/09\/IMG_2207.jpg'>IMG_2207<\/a>\n\t\t\t<\/dt><\/dl><dl class='gallery-item'>\n\t\t\t<dt class='gallery-icon '>\n\t\t\t\t<a href='https:\/\/nowyduninow.info.pl\/wp-content\/uploads\/2024\/09\/IMG_2210.jpg'>IMG_2210<\/a>\n\t\t\t<\/dt><\/dl><br style=\"clear: both\" \/><dl class='gallery-item'>\n\t\t\t<dt class='gallery-icon '>\n\t\t\t\t<a href='https:\/\/nowyduninow.info.pl\/wp-content\/uploads\/2024\/09\/IMG_2211.jpg'>IMG_2211<\/a>\n\t\t\t<\/dt><\/dl><dl class='gallery-item'>\n\t\t\t<dt class='gallery-icon '>\n\t\t\t\t<a href='https:\/\/nowyduninow.info.pl\/wp-content\/uploads\/2024\/09\/IMG_2215.jpg'>IMG_2215<\/a>\n\t\t\t<\/dt><\/dl><dl class='gallery-item'>\n\t\t\t<dt class='gallery-icon '>\n\t\t\t\t<a href='https:\/\/nowyduninow.info.pl\/wp-content\/uploads\/2024\/09\/IMG_2216.jpg'>IMG_2216<\/a>\n\t\t\t<\/dt><\/dl><dl class='gallery-item'>\n\t\t\t<dt class='gallery-icon '>\n\t\t\t\t<a href='https:\/\/nowyduninow.info.pl\/wp-content\/uploads\/2024\/09\/IMG_2218.jpg'>IMG_2218<\/a>\n\t\t\t<\/dt><\/dl><br style=\"clear: both\" \/><dl class='gallery-item'>\n\t\t\t<dt class='gallery-icon '>\n\t\t\t\t<a href='https:\/\/nowyduninow.info.pl\/wp-content\/uploads\/2024\/09\/IMG_2222.jpg'>IMG_2222<\/a>\n\t\t\t<\/dt><\/dl><dl class='gallery-item'>\n\t\t\t<dt class='gallery-icon '>\n\t\t\t\t<a href='https:\/\/nowyduninow.info.pl\/wp-content\/uploads\/2024\/09\/IMG_2223.jpg'>IMG_2223<\/a>\n\t\t\t<\/dt><\/dl><dl class='gallery-item'>\n\t\t\t<dt class='gallery-icon '>\n\t\t\t\t<a href='https:\/\/nowyduninow.info.pl\/wp-content\/uploads\/2024\/09\/IMG_2225.jpg'>IMG_2225<\/a>\n\t\t\t<\/dt><\/dl><dl class='gallery-item'>\n\t\t\t<dt class='gallery-icon '>\n\t\t\t\t<a href='https:\/\/nowyduninow.info.pl\/wp-content\/uploads\/2024\/09\/IMG_2226.jpg'>IMG_2226<\/a>\n\t\t\t<\/dt><\/dl><br style=\"clear: both\" \/><dl class='gallery-item'>\n\t\t\t<dt class='gallery-icon '>\n\t\t\t\t<a href='https:\/\/nowyduninow.info.pl\/wp-content\/uploads\/2024\/09\/IMG_2229.jpg'>IMG_2229<\/a>\n\t\t\t<\/dt><\/dl><dl class='gallery-item'>\n\t\t\t<dt class='gallery-icon '>\n\t\t\t\t<a href='https:\/\/nowyduninow.info.pl\/wp-content\/uploads\/2024\/09\/IMG_2230.jpg'>IMG_2230<\/a>\n\t\t\t<\/dt><\/dl><dl class='gallery-item'>\n\t\t\t<dt class='gallery-icon '>\n\t\t\t\t<a href='https:\/\/nowyduninow.info.pl\/wp-content\/uploads\/2024\/09\/IMG_2232.jpg'>IMG_2232<\/a>\n\t\t\t<\/dt><\/dl><dl class='gallery-item'>\n\t\t\t<dt class='gallery-icon '>\n\t\t\t\t<a href='https:\/\/nowyduninow.info.pl\/wp-content\/uploads\/2024\/09\/IMG_2235.jpg'>IMG_2235<\/a>\n\t\t\t<\/dt><\/dl><br style=\"clear: both\" \/><dl class='gallery-item'>\n\t\t\t<dt class='gallery-icon '>\n\t\t\t\t<a href='https:\/\/nowyduninow.info.pl\/wp-content\/uploads\/2024\/09\/IMG_2236.jpg'>IMG_2236<\/a>\n\t\t\t<\/dt><\/dl><dl class='gallery-item'>\n\t\t\t<dt class='gallery-icon '>\n\t\t\t\t<a href='https:\/\/nowyduninow.info.pl\/wp-content\/uploads\/2024\/09\/IMG_2239.jpg'>IMG_2239<\/a>\n\t\t\t<\/dt><\/dl><dl class='gallery-item'>\n\t\t\t<dt class='gallery-icon '>\n\t\t\t\t<a href='https:\/\/nowyduninow.info.pl\/wp-content\/uploads\/2024\/09\/IMG_2242.jpg'>IMG_2242<\/a>\n\t\t\t<\/dt><\/dl><dl class='gallery-item'>\n\t\t\t<dt class='gallery-icon '>\n\t\t\t\t<a href='https:\/\/nowyduninow.info.pl\/wp-content\/uploads\/2024\/09\/IMG_2247.jpg'>IMG_2247<\/a>\n\t\t\t<\/dt><\/dl><br style=\"clear: both\" \/><dl class='gallery-item'>\n\t\t\t<dt class='gallery-icon '>\n\t\t\t\t<a href='https:\/\/nowyduninow.info.pl\/wp-content\/uploads\/2024\/09\/IMG_2249.jpg'>IMG_2249<\/a>\n\t\t\t<\/dt><\/dl><dl class='gallery-item'>\n\t\t\t<dt class='gallery-icon '>\n\t\t\t\t<a href='https:\/\/nowyduninow.info.pl\/wp-content\/uploads\/2024\/09\/IMG_2250.jpg'>IMG_2250<\/a>\n\t\t\t<\/dt><\/dl><dl class='gallery-item'>\n\t\t\t<dt class='gallery-icon '>\n\t\t\t\t<a href='https:\/\/nowyduninow.info.pl\/wp-content\/uploads\/2024\/09\/IMG_2252.jpg'>IMG_2252<\/a>\n\t\t\t<\/dt><\/dl><dl class='gallery-item'>\n\t\t\t<dt class='gallery-icon '>\n\t\t\t\t<a href='https:\/\/nowyduninow.info.pl\/wp-content\/uploads\/2024\/09\/IMG_2253.jpg'>IMG_2253<\/a>\n\t\t\t<\/dt><\/dl><br style=\"clear: both\" \/><dl class='gallery-item'>\n\t\t\t<dt class='gallery-icon '>\n\t\t\t\t<a href='https:\/\/nowyduninow.info.pl\/wp-content\/uploads\/2024\/09\/IMG_2258.jpg'>IMG_2258<\/a>\n\t\t\t<\/dt><\/dl><dl class='gallery-item'>\n\t\t\t<dt class='gallery-icon '>\n\t\t\t\t<a href='https:\/\/nowyduninow.info.pl\/wp-content\/uploads\/2024\/09\/IMG_2259.jpg'>IMG_2259<\/a>\n\t\t\t<\/dt><\/dl><dl class='gallery-item'>\n\t\t\t<dt class='gallery-icon '>\n\t\t\t\t<a href='https:\/\/nowyduninow.info.pl\/wp-content\/uploads\/2024\/09\/IMG_2262.jpg'>IMG_2262<\/a>\n\t\t\t<\/dt><\/dl><dl class='gallery-item'>\n\t\t\t<dt class='gallery-icon '>\n\t\t\t\t<a href='https:\/\/nowyduninow.info.pl\/wp-content\/uploads\/2024\/09\/IMG_2264.jpg'>IMG_2264<\/a>\n\t\t\t<\/dt><\/dl><br style=\"clear: both\" \/><dl class='gallery-item'>\n\t\t\t<dt class='gallery-icon '>\n\t\t\t\t<a href='https:\/\/nowyduninow.info.pl\/wp-content\/uploads\/2024\/09\/IMG_2265.jpg'>IMG_2265<\/a>\n\t\t\t<\/dt><\/dl><dl class='gallery-item'>\n\t\t\t<dt class='gallery-icon '>\n\t\t\t\t<a href='https:\/\/nowyduninow.info.pl\/wp-content\/uploads\/2024\/09\/IMG_2271.jpg'>IMG_2271<\/a>\n\t\t\t<\/dt><\/dl><dl class='gallery-item'>\n\t\t\t<dt class='gallery-icon '>\n\t\t\t\t<a href='https:\/\/nowyduninow.info.pl\/wp-content\/uploads\/2024\/09\/IMG_2272.jpg'>IMG_2272<\/a>\n\t\t\t<\/dt><\/dl><dl class='gallery-item'>\n\t\t\t<dt class='gallery-icon '>\n\t\t\t\t<a href='https:\/\/nowyduninow.info.pl\/wp-content\/uploads\/2024\/09\/IMG_2273.jpg'>IMG_2273<\/a>\n\t\t\t<\/dt><\/dl><br style=\"clear: both\" \/><dl class='gallery-item'>\n\t\t\t<dt class='gallery-icon '>\n\t\t\t\t<a href='https:\/\/nowyduninow.info.pl\/wp-content\/uploads\/2024\/09\/IMG_2275.jpg'>IMG_2275<\/a>\n\t\t\t<\/dt><\/dl><dl class='gallery-item'>\n\t\t\t<dt class='gallery-icon '>\n\t\t\t\t<a href='https:\/\/nowyduninow.info.pl\/wp-content\/uploads\/2024\/09\/IMG_2276.jpg'>IMG_2276<\/a>\n\t\t\t<\/dt><\/dl><dl class='gallery-item'>\n\t\t\t<dt class='gallery-icon '>\n\t\t\t\t<a href='https:\/\/nowyduninow.info.pl\/wp-content\/uploads\/2024\/09\/IMG_2281.jpg'>IMG_2281<\/a>\n\t\t\t<\/dt><\/dl><dl class='gallery-item'>\n\t\t\t<dt class='gallery-icon '>\n\t\t\t\t<a href='https:\/\/nowyduninow.info.pl\/wp-content\/uploads\/2024\/09\/IMG_2282.jpg'>IMG_2282<\/a>\n\t\t\t<\/dt><\/dl><br style=\"clear: both\" \/><dl class='gallery-item'>\n\t\t\t<dt class='gallery-icon '>\n\t\t\t\t<a href='https:\/\/nowyduninow.info.pl\/wp-content\/uploads\/2024\/09\/IMG_2284.jpg'>IMG_2284<\/a>\n\t\t\t<\/dt><\/dl><dl class='gallery-item'>\n\t\t\t<dt class='gallery-icon '>\n\t\t\t\t<a href='https:\/\/nowyduninow.info.pl\/wp-content\/uploads\/2024\/09\/IMG_2285.jpg'>IMG_2285<\/a>\n\t\t\t<\/dt><\/dl><dl class='gallery-item'>\n\t\t\t<dt class='gallery-icon '>\n\t\t\t\t<a href='https:\/\/nowyduninow.info.pl\/wp-content\/uploads\/2024\/09\/IMG_2287.jpg'>IMG_2287<\/a>\n\t\t\t<\/dt><\/dl><dl class='gallery-item'>\n\t\t\t<dt class='gallery-icon '>\n\t\t\t\t<a href='https:\/\/nowyduninow.info.pl\/wp-content\/uploads\/2024\/09\/IMG_2288.jpg'>IMG_2288<\/a>\n\t\t\t<\/dt><\/dl><br style=\"clear: both\" \/><dl class='gallery-item'>\n\t\t\t<dt class='gallery-icon '>\n\t\t\t\t<a href='https:\/\/nowyduninow.info.pl\/wp-content\/uploads\/2024\/09\/IMG_2290.jpg'>IMG_2290<\/a>\n\t\t\t<\/dt><\/dl><dl class='gallery-item'>\n\t\t\t<dt class='gallery-icon '>\n\t\t\t\t<a href='https:\/\/nowyduninow.info.pl\/wp-content\/uploads\/2024\/09\/IMG_2292.jpg'>IMG_2292<\/a>\n\t\t\t<\/dt><\/dl><dl class='gallery-item'>\n\t\t\t<dt class='gallery-icon '>\n\t\t\t\t<a href='https:\/\/nowyduninow.info.pl\/wp-content\/uploads\/2024\/09\/IMG_2293.jpg'>IMG_2293<\/a>\n\t\t\t<\/dt><\/dl><dl class='gallery-item'>\n\t\t\t<dt class='gallery-icon '>\n\t\t\t\t<a href='https:\/\/nowyduninow.info.pl\/wp-content\/uploads\/2024\/09\/IMG_2295.jpg'>IMG_2295<\/a>\n\t\t\t<\/dt><\/dl><br style=\"clear: both\" \/><dl class='gallery-item'>\n\t\t\t<dt class='gallery-icon '>\n\t\t\t\t<a href='https:\/\/nowyduninow.info.pl\/wp-content\/uploads\/2024\/09\/IMG_2296.jpg'>IMG_2296<\/a>\n\t\t\t<\/dt><\/dl><dl class='gallery-item'>\n\t\t\t<dt class='gallery-icon '>\n\t\t\t\t<a href='https:\/\/nowyduninow.info.pl\/wp-content\/uploads\/2024\/09\/IMG_2299.jpg'>IMG_2299<\/a>\n\t\t\t<\/dt><\/dl><dl class='gallery-item'>\n\t\t\t<dt class='gallery-icon '>\n\t\t\t\t<a href='https:\/\/nowyduninow.info.pl\/wp-content\/uploads\/2024\/09\/IMG_2304.jpg'>IMG_2304<\/a>\n\t\t\t<\/dt><\/dl><dl class='gallery-item'>\n\t\t\t<dt class='gallery-icon '>\n\t\t\t\t<a href='https:\/\/nowyduninow.info.pl\/wp-content\/uploads\/2024\/09\/IMG_2311.jpg'>IMG_2311<\/a>\n\t\t\t<\/dt><\/dl><br style=\"clear: both\" \/><dl class='gallery-item'>\n\t\t\t<dt class='gallery-icon '>\n\t\t\t\t<a href='https:\/\/nowyduninow.info.pl\/wp-content\/uploads\/2024\/09\/IMG_2314.jpg'>IMG_2314<\/a>\n\t\t\t<\/dt><\/dl><dl class='gallery-item'>\n\t\t\t<dt class='gallery-icon '>\n\t\t\t\t<a href='https:\/\/nowyduninow.info.pl\/wp-content\/uploads\/2024\/09\/IMG_2316.jpg'>IMG_2316<\/a>\n\t\t\t<\/dt><\/dl><dl class='gallery-item'>\n\t\t\t<dt class='gallery-icon '>\n\t\t\t\t<a href='https:\/\/nowyduninow.info.pl\/wp-content\/uploads\/2024\/09\/IMG_2318.jpg'>IMG_2318<\/a>\n\t\t\t<\/dt><\/dl><dl class='gallery-item'>\n\t\t\t<dt class='gallery-icon '>\n\t\t\t\t<a href='https:\/\/nowyduninow.info.pl\/wp-content\/uploads\/2024\/09\/IMG_2327.jpg'>IMG_2327<\/a>\n\t\t\t<\/dt><\/dl><br style=\"clear: both\" \/><dl class='gallery-item'>\n\t\t\t<dt class='gallery-icon '>\n\t\t\t\t<a href='https:\/\/nowyduninow.info.pl\/wp-content\/uploads\/2024\/09\/IMG_2328.jpg'>IMG_2328<\/a>\n\t\t\t<\/dt><\/dl><dl class='gallery-item'>\n\t\t\t<dt class='gallery-icon '>\n\t\t\t\t<a href='https:\/\/nowyduninow.info.pl\/wp-content\/uploads\/2024\/09\/IMG_2329.jpg'>IMG_2329<\/a>\n\t\t\t<\/dt><\/dl><dl class='gallery-item'>\n\t\t\t<dt class='gallery-icon '>\n\t\t\t\t<a href='https:\/\/nowyduninow.info.pl\/wp-content\/uploads\/2024\/09\/IMG_2331.jpg'>IMG_2331<\/a>\n\t\t\t<\/dt><\/dl><dl class='gallery-item'>\n\t\t\t<dt class='gallery-icon '>\n\t\t\t\t<a href='https:\/\/nowyduninow.info.pl\/wp-content\/uploads\/2024\/09\/IMG_2334.jpg'>IMG_2334<\/a>\n\t\t\t<\/dt><\/dl><br style=\"clear: both\" \/><dl class='gallery-item'>\n\t\t\t<dt class='gallery-icon '>\n\t\t\t\t<a href='https:\/\/nowyduninow.info.pl\/wp-content\/uploads\/2024\/09\/IMG_2335.jpg'>IMG_2335<\/a>\n\t\t\t<\/dt><\/dl><dl class='gallery-item'>\n\t\t\t<dt class='gallery-icon '>\n\t\t\t\t<a href='https:\/\/nowyduninow.info.pl\/wp-content\/uploads\/2024\/09\/IMG_2341.jpg'>IMG_2341<\/a>\n\t\t\t<\/dt><\/dl><dl class='gallery-item'>\n\t\t\t<dt class='gallery-icon '>\n\t\t\t\t<a href='https:\/\/nowyduninow.info.pl\/wp-content\/uploads\/2024\/09\/IMG_2342.jpg'>IMG_2342<\/a>\n\t\t\t<\/dt><\/dl><dl class='gallery-item'>\n\t\t\t<dt class='gallery-icon '>\n\t\t\t\t<a href='https:\/\/nowyduninow.info.pl\/wp-content\/uploads\/2024\/09\/IMG_2343.jpg'>IMG_2343<\/a>\n\t\t\t<\/dt><\/dl><br style=\"clear: both\" \/><dl class='gallery-item'>\n\t\t\t<dt class='gallery-icon '>\n\t\t\t\t<a href='https:\/\/nowyduninow.info.pl\/wp-content\/uploads\/2024\/09\/IMG_2394.jpg'>IMG_2394<\/a>\n\t\t\t<\/dt><\/dl><dl class='gallery-item'>\n\t\t\t<dt class='gallery-icon '>\n\t\t\t\t<a href='https:\/\/nowyduninow.info.pl\/wp-content\/uploads\/2024\/09\/IMG_2346.jpg'>IMG_2346<\/a>\n\t\t\t<\/dt><\/dl><dl class='gallery-item'>\n\t\t\t<dt class='gallery-icon '>\n\t\t\t\t<a href='https:\/\/nowyduninow.info.pl\/wp-content\/uploads\/2024\/09\/IMG_2349.jpg'>IMG_2349<\/a>\n\t\t\t<\/dt><\/dl><dl class='gallery-item'>\n\t\t\t<dt class='gallery-icon '>\n\t\t\t\t<a href='https:\/\/nowyduninow.info.pl\/wp-content\/uploads\/2024\/09\/IMG_2351.jpg'>IMG_2351<\/a>\n\t\t\t<\/dt><\/dl><br style=\"clear: both\" \/><dl class='gallery-item'>\n\t\t\t<dt class='gallery-icon '>\n\t\t\t\t<a href='https:\/\/nowyduninow.info.pl\/wp-content\/uploads\/2024\/09\/IMG_2352.jpg'>IMG_2352<\/a>\n\t\t\t<\/dt><\/dl><dl class='gallery-item'>\n\t\t\t<dt class='gallery-icon '>\n\t\t\t\t<a href='https:\/\/nowyduninow.info.pl\/wp-content\/uploads\/2024\/09\/IMG_2353.jpg'>IMG_2353<\/a>\n\t\t\t<\/dt><\/dl><dl class='gallery-item'>\n\t\t\t<dt class='gallery-icon '>\n\t\t\t\t<a href='https:\/\/nowyduninow.info.pl\/wp-content\/uploads\/2024\/09\/IMG_2356.jpg'>IMG_2356<\/a>\n\t\t\t<\/dt><\/dl><dl class='gallery-item'>\n\t\t\t<dt class='gallery-icon '>\n\t\t\t\t<a href='https:\/\/nowyduninow.info.pl\/wp-content\/uploads\/2024\/09\/IMG_2357.jpg'>IMG_2357<\/a>\n\t\t\t<\/dt><\/dl><br style=\"clear: both\" \/><dl class='gallery-item'>\n\t\t\t<dt class='gallery-icon '>\n\t\t\t\t<a href='https:\/\/nowyduninow.info.pl\/wp-content\/uploads\/2024\/09\/IMG_2358.jpg'>IMG_2358<\/a>\n\t\t\t<\/dt><\/dl><dl class='gallery-item'>\n\t\t\t<dt class='gallery-icon '>\n\t\t\t\t<a href='https:\/\/nowyduninow.info.pl\/wp-content\/uploads\/2024\/09\/IMG_2360.jpg'>IMG_2360<\/a>\n\t\t\t<\/dt><\/dl><dl class='gallery-item'>\n\t\t\t<dt class='gallery-icon '>\n\t\t\t\t<a href='https:\/\/nowyduninow.info.pl\/wp-content\/uploads\/2024\/09\/IMG_2364.jpg'>IMG_2364<\/a>\n\t\t\t<\/dt><\/dl><dl class='gallery-item'>\n\t\t\t<dt class='gallery-icon '>\n\t\t\t\t<a href='https:\/\/nowyduninow.info.pl\/wp-content\/uploads\/2024\/09\/IMG_2365.jpg'>IMG_2365<\/a>\n\t\t\t<\/dt><\/dl><br style=\"clear: both\" \/><dl class='gallery-item'>\n\t\t\t<dt class='gallery-icon '>\n\t\t\t\t<a href='https:\/\/nowyduninow.info.pl\/wp-content\/uploads\/2024\/09\/IMG_2367.jpg'>IMG_2367<\/a>\n\t\t\t<\/dt><\/dl><dl class='gallery-item'>\n\t\t\t<dt class='gallery-icon '>\n\t\t\t\t<a href='https:\/\/nowyduninow.info.pl\/wp-content\/uploads\/2024\/09\/IMG_2370.jpg'>IMG_2370<\/a>\n\t\t\t<\/dt><\/dl><dl class='gallery-item'>\n\t\t\t<dt class='gallery-icon '>\n\t\t\t\t<a href='https:\/\/nowyduninow.info.pl\/wp-content\/uploads\/2024\/09\/IMG_2373.jpg'>IMG_2373<\/a>\n\t\t\t<\/dt><\/dl><dl class='gallery-item'>\n\t\t\t<dt class='gallery-icon '>\n\t\t\t\t<a href='https:\/\/nowyduninow.info.pl\/wp-content\/uploads\/2024\/09\/IMG_2375.jpg'>IMG_2375<\/a>\n\t\t\t<\/dt><\/dl><br style=\"clear: both\" \/><dl class='gallery-item'>\n\t\t\t<dt class='gallery-icon '>\n\t\t\t\t<a href='https:\/\/nowyduninow.info.pl\/wp-content\/uploads\/2024\/09\/IMG_2379.jpg'>IMG_2379<\/a>\n\t\t\t<\/dt><\/dl><dl class='gallery-item'>\n\t\t\t<dt class='gallery-icon '>\n\t\t\t\t<a href='https:\/\/nowyduninow.info.pl\/wp-content\/uploads\/2024\/09\/IMG_2381.jpg'>IMG_2381<\/a>\n\t\t\t<\/dt><\/dl><dl class='gallery-item'>\n\t\t\t<dt class='gallery-icon '>\n\t\t\t\t<a href='https:\/\/nowyduninow.info.pl\/wp-content\/uploads\/2024\/09\/IMG_2383.jpg'>IMG_2383<\/a>\n\t\t\t<\/dt><\/dl><dl class='gallery-item'>\n\t\t\t<dt class='gallery-icon '>\n\t\t\t\t<a href='https:\/\/nowyduninow.info.pl\/wp-content\/uploads\/2024\/09\/IMG_2385.jpg'>IMG_2385<\/a>\n\t\t\t<\/dt><\/dl><br style=\"clear: both\" \/><dl class='gallery-item'>\n\t\t\t<dt class='gallery-icon '>\n\t\t\t\t<a href='https:\/\/nowyduninow.info.pl\/wp-content\/uploads\/2024\/09\/IMG_2386.jpg'>IMG_2386<\/a>\n\t\t\t<\/dt><\/dl><dl class='gallery-item'>\n\t\t\t<dt class='gallery-icon '>\n\t\t\t\t<a href='https:\/\/nowyduninow.info.pl\/wp-content\/uploads\/2024\/09\/IMG_2388.jpg'>IMG_2388<\/a>\n\t\t\t<\/dt><\/dl><dl class='gallery-item'>\n\t\t\t<dt class='gallery-icon '>\n\t\t\t\t<a href='https:\/\/nowyduninow.info.pl\/wp-content\/uploads\/2024\/09\/IMG_2389.jpg'>IMG_2389<\/a>\n\t\t\t<\/dt><\/dl><dl class='gallery-item'>\n\t\t\t<dt class='gallery-icon '>\n\t\t\t\t<a href='https:\/\/nowyduninow.info.pl\/wp-content\/uploads\/2024\/09\/IMG_2393.jpg'>IMG_2393<\/a>\n\t\t\t<\/dt><\/dl><br style=\"clear: both\" \/><dl class='gallery-item'>\n\t\t\t<dt class='gallery-icon '>\n\t\t\t\t<a href='https:\/\/nowyduninow.info.pl\/wp-content\/uploads\/2024\/09\/IMG_2403.jpg'>IMG_2403<\/a>\n\t\t\t<\/dt><\/dl>\n\t\t\t<br style='clear: both' \/>\n\t\t<\/div>\n\n","protected":false},"excerpt":{"rendered":"<p>Zawody Sportowo-Po\u017carnicze w gminie Nowy Dunin\u00f3w za nami!<\/p>\n<p>7 wrze\u015bnia 2024 roku\u00a0odby\u0142y si\u0119 emocjonuj\u0105ce Zawody Sportowo-Po\u017carnicze w gminie Nowy Dunin\u00f3w. Wydarzenie zgromadzi\u0142o licznych widz\u00f3w i kibic\u00f3w.<br \/>\nNasze jednostki OSP, tj. OSP Nowy Dunin\u00f3w, OSP Lipianki, OSP Dzierz\u0105zna oraz MDP Dzierz\u0105zna,  [&#8230;]<\/p>\n","protected":false},"author":16,"featured_media":0,"parent":0,"menu_order":0,"comment_status":"closed","ping_status":"closed","template":"","meta":[],"_links":{"self":[{"href":"https:\/\/nowyduninow.info.pl\/archiwum\/index.php?rest_route=\/wp\/v2\/pages\/18637"}],"collection":[{"href":"https:\/\/nowyduninow.info.pl\/archiwum\/index.php?rest_route=\/wp\/v2\/pages"}],"about":[{"href":"https:\/\/nowyduninow.info.pl\/archiwum\/index.php?rest_route=\/wp\/v2\/types\/page"}],"author":[{"embeddable":true,"href":"https:\/\/nowyduninow.info.pl\/archiwum\/index.php?rest_route=\/wp\/v2\/users\/16"}],"replies":[{"embeddable":true,"href":"https:\/\/nowyduninow.info.pl\/archiwum\/index.php?rest_route=%2Fwp%2Fv2%2Fcomments&post=18637"}],"version-history":[{"count":2,"href":"https:\/\/nowyduninow.info.pl\/archiwum\/index.php?rest_route=\/wp\/v2\/pages\/18637\/revisions"}],"predecessor-version":[{"id":18640,"href":"https:\/\/nowyduninow.info.pl\/archiwum\/index.php?rest_route=\/wp\/v2\/pages\/18637\/revisions\/18640"}],"wp:attachment":[{"href":"https:\/\/nowyduninow.info.pl\/archiwum\/index.php?rest_route=%2Fwp%2Fv2%2Fmedia&parent=18637"}],"curies":[{"name":"wp","href":"https:\/\/api.w.org\/{rel}","templated":true}]}}