{"id":18512,"date":"2024-09-05T19:27:29","date_gmt":"2024-09-05T17:27:29","guid":{"rendered":"http:\/\/nowyduninow.info.pl\/?page_id=18512"},"modified":"2025-04-15T07:43:42","modified_gmt":"2025-04-15T05:43:42","slug":"rozklad-jazdy","status":"publish","type":"page","link":"https:\/\/nowyduninow.info.pl\/archiwum\/?page_id=18512","title":{"rendered":"Rozk\u0142ad Jazdy"},"content":{"rendered":"<p>Rozk\u0142ady jazdy zbiorowego transportu publicznego po terenie Gminy Nowy Dunin\u00f3w,\u00a0<strong>wa\u017cne od 1 stycznia 2025 r. do 31 grudnia 2025r.<\/strong><\/p>\n<p>&#8222;Linia komunikacyjna dofinansowana ze \u015brodk\u00f3w Funduszu rozwoju przewoz\u00f3w autobusowych wojew\u00f3dztwa mazowieckiego&#8221;<\/p>\n<p>Rozk\u0142ad jazdy dla trasy P\u0142ock &#8211; Nowy Dunin\u00f3w &#8211; Nowa Wie\u015b\u00a0 &#8211;\u00a0<a href=\"https:\/\/ugnowyduninow.bip.org.pl\/pliki\/ugnowyduninow\/numer_linii__952.pdf?20250121150440\" target=\"_blank\">pobierz plik pdf<\/a><\/p>\n<ol>\n<li>Nowa Wie\u015b &#8211; Nowy Dunin\u00f3w (nr linii 945) &#8211;\u00a0<a href=\"https:\/\/nowyduninow.info.pl\/archiwum\/wp-content\/uploads\/2024\/09\/Numer-linii_-945_v2.pdf\" target=\"_blank\">pobierz plik<\/a><\/li>\n<li>Nowy Dunin\u00f3w &#8211; Trzcianno &#8211; Nowy Dunin\u00f3w (nr linii 946) &#8211; <a href=\"https:\/\/nowyduninow.info.pl\/archiwum\/wp-content\/uploads\/2024\/09\/Numer-linii_-946_v2.pdf\" target=\"_blank\">pobierz plik<\/a><\/li>\n<li>Nowy Dunin\u00f3w &#8211; Karolewo &#8211; Nowa Wie\u015b &#8211; Nowy Dunin\u00f3w (nr linii 948) &#8211;\u00a0<a href=\"https:\/\/nowyduninow.info.pl\/archiwum\/wp-content\/uploads\/2024\/09\/Numer-linii_-948_v2.pdf\" target=\"_blank\">pobierz plik<\/a><\/li>\n<li>Nowy Dunin\u00f3w &#8211; Brzezinna G\u00f3ra &#8211; \u015arodo\u0144 &#8211; Nowy Dunin\u00f3w (nr linii 949) &#8211;<a href=\"https:\/\/ugnowyduninow.bip.org.pl\/pliki\/ugnowyduninow\/linia949_nowy_duninow_-brzezinna_gora_-_srodon_-_nowy_duninow.png\" target=\"_blank\">\u00a0<\/a><a href=\"https:\/\/nowyduninow.info.pl\/archiwum\/wp-content\/uploads\/2024\/09\/Numer-linii_-949.pdf\" target=\"_blank\">pobierz plik<\/a><\/li>\n<li>Jastrz\u0105bek \u2013 Nowy Dunin\u00f3w I p. Soczewk\u0119 (nr linii 2), Nowy Dunin\u00f3w I p. Soczewk\u0119 &#8211;\u00a0Jastrz\u0105bek\u00a0(nr linii 2) &#8211;\u00a0<a href=\"https:\/\/nowyduninow.info.pl\/archiwum\/wp-content\/uploads\/2024\/09\/Numer-linii_-2.pdf\" target=\"_blank\">pobierz plik<\/a><\/li>\n<li>Lipianki P\u0119tla \u2013 Nowy Dunin\u00f3w I p. Trzcianno (nr Linii 654)<a href=\"https:\/\/ugnowyduninow.bip.org.pl\/pliki\/ugnowyduninow\/linia654_lipianki_petla__-_nowy_duninow_i.png\" target=\"_blank\">,<\/a>\u00a0Nowy Dunin\u00f3w I p. Trzcianno &#8211;\u00a0Lipianki P\u0119tla (nr Linii 654) &#8211;<a href=\"https:\/\/nowyduninow.info.pl\/archiwum\/wp-content\/uploads\/2024\/09\/Numer-linii_-654_v2.pdf\" target=\"_blank\">pobierz plik<\/a><\/li>\n<li>Pop\u0142acin I \u2013 Nowy Dunin\u00f3w p. Soczewk\u0119 (nr linii 951) &#8211;\u00a0<a href=\"https:\/\/nowyduninow.info.pl\/archiwum\/wp-content\/uploads\/2024\/09\/Numer-linii_-951.pdf\" target=\"_blank\">pobierz plik<\/a><\/li>\n<li>Pop\u0142acin I \u2013Nowa Wie\u015b p. Nowy Dunin\u00f3w (nr linii 950)<a href=\"https:\/\/ugnowyduninow.bip.org.pl\/pliki\/ugnowyduninow\/linia950_poplacin_i_-_nowa_wies_p._nowy_duninow.png\" target=\"_blank\">,<\/a>\u00a0Nowa Wie\u015b p. Nowy Dunin\u00f3w &#8211;\u00a0Pop\u0142acin I (nr linii 950) &#8211;\u00a0<a href=\"https:\/\/nowyduninow.info.pl\/archiwum\/wp-content\/uploads\/2024\/09\/Numer-linii_-950.pdf\" target=\"_blank\">pobierz plik<\/a><\/li>\n<li>Nowy Dunin\u00f3w &#8211; Pop\u0142acin I p. Soczewk\u0119 (nr linii 1951) &#8211;\u00a0<a href=\"https:\/\/nowyduninow.info.pl\/archiwum\/wp-content\/uploads\/2024\/09\/Numer-linii_-1951.pdf\" target=\"_blank\">pobierz plik<\/a><\/li>\n<\/ol>\n<p>Oznaczenia :<br \/>\nS &#8211; kursuje w dni nauki szkolnej<br \/>\nD &#8211; kursuje od poniedzia\u0142ku do pi\u0105tku opr\u00f3cz \u015bwi\u0105t<\/p>\n<p>W &#8211; kursuje od poniedzia\u0142ku do pi\u0105tku, opr\u00f3cz \u015bwi\u0105t poza dniami nauki szkolnej<\/p>\n<p>6 &#8211; kursuje w soboty<\/p>\n<p>1-6 &#8211; kursuje od poniedzia\u0142ku do soboty<br \/>\n67W\u00a0&#8211; kursuje w weekendy wakacyjne<\/p>\n<p>&nbsp;<\/p>\n<hr \/>\n<hr \/>\n<p>&nbsp;<\/p>\n<p>&nbsp;<\/p>\n<p><a href=\"https:\/\/nowyduninow.info.pl\/wp-content\/uploads\/2024\/09\/strona-wp-przyg.jpeg\">R<\/a>ozk\u0142ad jazdy autobus\u00f3w z Nowego Duninowa \/ Nowej Wsi do P\u0142ocka oraz z P\u0142ocka do Nowego Duninowa \/ Nowej Wsi &#8211;\u00a0<strong>obowi\u0105zuje od 01.01.2024r. do 31.12.2024r.<\/strong><\/p>\n<p><a href=\"https:\/\/nowyduninow.info.pl\/wp-content\/uploads\/2024\/09\/rozkladjazdy1.jpg\"><br \/>\n<\/a> <a href=\"https:\/\/nowyduninow.info.pl\/wp-content\/uploads\/2024\/09\/rozkladjazdy11.jpg\"><img decoding=\"async\" loading=\"lazy\" class=\"aligncenter size-medium wp-image-18524\" src=\"https:\/\/nowyduninow.info.pl\/wp-content\/uploads\/2024\/09\/rozkladjazdy11-300x195.jpg\" alt=\"rozkladjazdy1\" width=\"300\" height=\"195\" \/><\/a><a href=\"https:\/\/nowyduninow.info.pl\/wp-content\/uploads\/2024\/09\/rozkladjazdy21.jpg\"><img decoding=\"async\" loading=\"lazy\" class=\"aligncenter size-medium wp-image-18525\" src=\"https:\/\/nowyduninow.info.pl\/wp-content\/uploads\/2024\/09\/rozkladjazdy21-300x195.jpg\" alt=\"rozkladjazdy2\" width=\"300\" height=\"195\" \/><\/a><a href=\"https:\/\/nowyduninow.info.pl\/wp-content\/uploads\/2024\/09\/rozkladjazdy2.jpg\"><br \/>\n<\/a><\/p>\n","protected":false},"excerpt":{"rendered":"<p>Rozk\u0142ady jazdy zbiorowego transportu publicznego po terenie Gminy Nowy Dunin\u00f3w,\u00a0wa\u017cne od 1 stycznia 2025 r. do 31 grudnia 2025r.<\/p>\n<p>&#8222;Linia komunikacyjna dofinansowana ze \u015brodk\u00f3w Funduszu rozwoju przewoz\u00f3w autobusowych wojew\u00f3dztwa mazowieckiego&#8221;<\/p>\n<p>Rozk\u0142ad jazdy dla trasy P\u0142ock &#8211; Nowy Dunin\u00f3w &#8211; Nowa  [&#8230;]<\/p>\n","protected":false},"author":16,"featured_media":0,"parent":0,"menu_order":0,"comment_status":"closed","ping_status":"closed","template":"","meta":[],"_links":{"self":[{"href":"https:\/\/nowyduninow.info.pl\/archiwum\/index.php?rest_route=\/wp\/v2\/pages\/18512"}],"collection":[{"href":"https:\/\/nowyduninow.info.pl\/archiwum\/index.php?rest_route=\/wp\/v2\/pages"}],"about":[{"href":"https:\/\/nowyduninow.info.pl\/archiwum\/index.php?rest_route=\/wp\/v2\/types\/page"}],"author":[{"embeddable":true,"href":"https:\/\/nowyduninow.info.pl\/archiwum\/index.php?rest_route=\/wp\/v2\/users\/16"}],"replies":[{"embeddable":true,"href":"https:\/\/nowyduninow.info.pl\/archiwum\/index.php?rest_route=%2Fwp%2Fv2%2Fcomments&post=18512"}],"version-history":[{"count":9,"href":"https:\/\/nowyduninow.info.pl\/archiwum\/index.php?rest_route=\/wp\/v2\/pages\/18512\/revisions"}],"predecessor-version":[{"id":19940,"href":"https:\/\/nowyduninow.info.pl\/archiwum\/index.php?rest_route=\/wp\/v2\/pages\/18512\/revisions\/19940"}],"wp:attachment":[{"href":"https:\/\/nowyduninow.info.pl\/archiwum\/index.php?rest_route=%2Fwp%2Fv2%2Fmedia&parent=18512"}],"curies":[{"name":"wp","href":"https:\/\/api.w.org\/{rel}","templated":true}]}}