{"id":18011,"date":"2024-08-15T15:58:31","date_gmt":"2024-08-15T13:58:31","guid":{"rendered":"http:\/\/nowyduninow.info.pl\/?page_id=18011"},"modified":"2024-09-30T15:17:44","modified_gmt":"2024-09-30T13:17:44","slug":"standardy-ochrony-maloletnich","status":"publish","type":"page","link":"https:\/\/nowyduninow.info.pl\/archiwum\/?page_id=18011","title":{"rendered":"Standardy Ochrony Ma\u0142oletnich"},"content":{"rendered":"<p>W zwi\u0105zku z organizacj\u0105 dowozu do szk\u00f3\u0142 Gmina Nowy Dunin\u00f3w publikuje Standardy Ochrony Ma\u0142oletnich.<\/p>\n<p>&nbsp;<\/p>\n<p><a href=\"https:\/\/nowyduninow.info.pl\/wp-content\/uploads\/2024\/08\/Zarz_Nr_102_2024.pdf\" target=\"_blank\">Zarz\u0105dzenie<\/a>\u00a0w sprawie wprowadzenia Standard\u00f3w Ochrony Ma\u0142oletnich<\/p>\n<p><a href=\"https:\/\/nowyduninow.info.pl\/wp-content\/uploads\/2024\/08\/Za\u0142_Nr_1_do_Zarz_Nr_102_2024.pdf\" target=\"_blank\">Za\u0142\u0105cznik Nr 1 do Zarz\u0105dzenia<\/a><\/p>\n<p><a href=\"https:\/\/nowyduninow.info.pl\/wp-content\/uploads\/2024\/08\/Za\u0142_Nr_2_do_Zarz_Nr_102_2024.pdf\" target=\"_blank\">Za\u0142\u0105cznik Nr 2 do Zarz\u0105dzenia<\/a><\/p>\n<p><a href=\"https:\/\/nowyduninow.info.pl\/wp-content\/uploads\/2024\/08\/standardy-grafika.jpeg\"><img decoding=\"async\" loading=\"lazy\" class=\"aligncenter size-medium wp-image-18020\" src=\"https:\/\/nowyduninow.info.pl\/wp-content\/uploads\/2024\/08\/standardy-grafika-300x127.jpeg\" alt=\"standardy grafika\" width=\"300\" height=\"127\" \/><\/a><\/p>\n<p>&nbsp;<\/p>\n","protected":false},"excerpt":{"rendered":"<p>W zwi\u0105zku z organizacj\u0105 dowozu do szk\u00f3\u0142 Gmina Nowy Dunin\u00f3w publikuje Standardy Ochrony Ma\u0142oletnich.<\/p>\n<p>&nbsp;<\/p>\n<p>Zarz\u0105dzenie\u00a0w sprawie wprowadzenia Standard\u00f3w Ochrony Ma\u0142oletnich<\/p>\n<p>Za\u0142\u0105cznik Nr 1 do Zarz\u0105dzenia<\/p>\n<p>Za\u0142\u0105cznik Nr 2 do Zarz\u0105dzenia<\/p>\n<p>&nbsp;<\/p>\n","protected":false},"author":16,"featured_media":0,"parent":0,"menu_order":0,"comment_status":"closed","ping_status":"closed","template":"","meta":[],"_links":{"self":[{"href":"https:\/\/nowyduninow.info.pl\/archiwum\/index.php?rest_route=\/wp\/v2\/pages\/18011"}],"collection":[{"href":"https:\/\/nowyduninow.info.pl\/archiwum\/index.php?rest_route=\/wp\/v2\/pages"}],"about":[{"href":"https:\/\/nowyduninow.info.pl\/archiwum\/index.php?rest_route=\/wp\/v2\/types\/page"}],"author":[{"embeddable":true,"href":"https:\/\/nowyduninow.info.pl\/archiwum\/index.php?rest_route=\/wp\/v2\/users\/16"}],"replies":[{"embeddable":true,"href":"https:\/\/nowyduninow.info.pl\/archiwum\/index.php?rest_route=%2Fwp%2Fv2%2Fcomments&post=18011"}],"version-history":[{"count":7,"href":"https:\/\/nowyduninow.info.pl\/archiwum\/index.php?rest_route=\/wp\/v2\/pages\/18011\/revisions"}],"predecessor-version":[{"id":19136,"href":"https:\/\/nowyduninow.info.pl\/archiwum\/index.php?rest_route=\/wp\/v2\/pages\/18011\/revisions\/19136"}],"wp:attachment":[{"href":"https:\/\/nowyduninow.info.pl\/archiwum\/index.php?rest_route=%2Fwp%2Fv2%2Fmedia&parent=18011"}],"curies":[{"name":"wp","href":"https:\/\/api.w.org\/{rel}","templated":true}]}}