{"id":15976,"date":"2023-08-16T14:39:19","date_gmt":"2023-08-16T12:39:19","guid":{"rendered":"http:\/\/nowyduninow.info.pl\/?page_id=15976"},"modified":"2023-08-23T16:17:32","modified_gmt":"2023-08-23T14:17:32","slug":"piknik-bezpieczenstwo","status":"publish","type":"page","link":"https:\/\/nowyduninow.info.pl\/archiwum\/?page_id=15976","title":{"rendered":"Piknik bezpieczenstwo"},"content":{"rendered":"<hr \/>\n<p><strong>\u201eGMINA NOWY DUNIN\u00d3W STAWIA NA BEZPIECZE\u0143STWO\u201d<\/strong><\/p>\n<p><strong>2 wrze\u015bnia 2023 r. od godz. 16:00 do 20:00 Bulwar nad Wis\u0142\u0105<\/strong><\/p>\n<p>W programie:<\/p>\n<ul>\n<li><strong><em>Pokaz woz\u00f3w stra\u017cackich, sprz\u0119tu ratowniczo-ga\u015bniczego oraz pojazd\u00f3w policyjnych<\/em><\/strong><\/li>\n<li><strong><em>Pogadanki na temat zasad i bezpiecze\u0144stwa w ruchu drogowym<\/em><\/strong><\/li>\n<li><strong><em>Pokazy: resuscytacji kr\u0105\u017ceniowo-oddechowej, gaszenia po\u017caru i bezpiecznego korzystania z urz\u0105dze\u0144 gastronomicznych<\/em><\/strong><\/li>\n<li><strong><em>Konkurs plastyczny \u201eMoja bezpieczna droga do domu\u201d<\/em><\/strong><\/li>\n<li><strong><em>Odczytanie listu otwartego od dzieci do rodzic\u00f3w<\/em><\/strong><\/li>\n<li><strong><em>Animacje, gry oraz zabawy dla ca\u0142ej rodziny<\/em><\/strong><\/li>\n<li><strong><em>Stoiska gastronomiczne z tradycyjnymi potrawami<\/em><\/strong><\/li>\n<\/ul>\n<hr \/>\n<p>Regulamin konkursu plastycznego &#8211; <a href=\"https:\/\/nowyduninow.info.pl\/wp-content\/uploads\/2023\/08\/Regulamin_konkursu_plast..pdf\" target=\"_blank\">pobierz plik pdf<\/a><\/p>\n<p>Zaproszenie na Piknik &#8211; <a href=\"https:\/\/nowyduninow.info.pl\/wp-content\/uploads\/2023\/08\/Program-Pikniku.pdf\" target=\"_blank\">pobierz plik pdf<\/a><\/p>\n<hr \/>\n<p>&nbsp;<\/p>\n\n\t\t<style type=\"text\/css\">\n\t\t\t#gallery-1 {\n\t\t\t\tmargin: auto;\n\t\t\t}\n\t\t\t#gallery-1 .gallery-item {\n\t\t\t\tfloat: left;\n\t\t\t\tmargin-top: 10px;\n\t\t\t\ttext-align: center;\n\t\t\t\twidth: 25%;\n\t\t\t}\n\t\t\t#gallery-1 img {\n\t\t\t\tborder: 2px solid #cfcfcf;\n\t\t\t}\n\t\t\t#gallery-1 .gallery-caption {\n\t\t\t\tmargin-left: 0;\n\t\t\t}\n\t\t\t\/* see gallery_shortcode() in wp-includes\/media.php *\/\n\t\t<\/style>\n\t\t<div id='gallery-1' class='gallery galleryid-15976 gallery-columns-4 gallery-size-thumbnail'><dl class='gallery-item'>\n\t\t\t<dt class='gallery-icon '>\n\t\t\t\t<a href='https:\/\/nowyduninow.info.pl\/wp-content\/uploads\/2023\/08\/Program-Pikniku.jpg'>Program Pikniku<\/a>\n\t\t\t<\/dt><\/dl><dl class='gallery-item'>\n\t\t\t<dt class='gallery-icon '>\n\t\t\t\t<a href='https:\/\/nowyduninow.info.pl\/wp-content\/uploads\/2023\/08\/Regulamin_konkursu_plast._Strona_1.jpg'>Regulamin_konkursu_plast._Strona_1<\/a>\n\t\t\t<\/dt><\/dl><dl class='gallery-item'>\n\t\t\t<dt class='gallery-icon '>\n\t\t\t\t<a href='https:\/\/nowyduninow.info.pl\/wp-content\/uploads\/2023\/08\/Regulamin_konkursu_plast._Strona_2.jpg'>Regulamin_konkursu_plast._Strona_2<\/a>\n\t\t\t<\/dt><\/dl><dl class='gallery-item'>\n\t\t\t<dt class='gallery-icon '>\n\t\t\t\t<a href='https:\/\/nowyduninow.info.pl\/wp-content\/uploads\/2023\/08\/Regulamin_konkursu_plast._Strona_3.jpg'>Regulamin_konkursu_plast._Strona_3<\/a>\n\t\t\t<\/dt><\/dl><br style=\"clear: both\" \/>\n\t\t<\/div>\n\n<p class=\"wpview-selection-before\">\n","protected":false},"excerpt":{"rendered":"<p>\u201eGMINA NOWY DUNIN\u00d3W STAWIA NA BEZPIECZE\u0143STWO\u201d<\/p>\n<p>2 wrze\u015bnia 2023 r. od godz. 16:00 do 20:00 Bulwar nad Wis\u0142\u0105<\/p>\n<p>W programie:<\/p>\n<p>\tPokaz woz\u00f3w stra\u017cackich, sprz\u0119tu ratowniczo-ga\u015bniczego oraz pojazd\u00f3w policyjnych<br \/>\n\tPogadanki na temat zasad i bezpiecze\u0144stwa w ruchu drogowym<br \/>\n\tPokazy: resuscytacji  [&#8230;]<\/p>\n","protected":false},"author":1,"featured_media":0,"parent":0,"menu_order":0,"comment_status":"closed","ping_status":"closed","template":"","meta":[],"_links":{"self":[{"href":"https:\/\/nowyduninow.info.pl\/archiwum\/index.php?rest_route=\/wp\/v2\/pages\/15976"}],"collection":[{"href":"https:\/\/nowyduninow.info.pl\/archiwum\/index.php?rest_route=\/wp\/v2\/pages"}],"about":[{"href":"https:\/\/nowyduninow.info.pl\/archiwum\/index.php?rest_route=\/wp\/v2\/types\/page"}],"author":[{"embeddable":true,"href":"https:\/\/nowyduninow.info.pl\/archiwum\/index.php?rest_route=\/wp\/v2\/users\/1"}],"replies":[{"embeddable":true,"href":"https:\/\/nowyduninow.info.pl\/archiwum\/index.php?rest_route=%2Fwp%2Fv2%2Fcomments&post=15976"}],"version-history":[{"count":2,"href":"https:\/\/nowyduninow.info.pl\/archiwum\/index.php?rest_route=\/wp\/v2\/pages\/15976\/revisions"}],"predecessor-version":[{"id":15980,"href":"https:\/\/nowyduninow.info.pl\/archiwum\/index.php?rest_route=\/wp\/v2\/pages\/15976\/revisions\/15980"}],"wp:attachment":[{"href":"https:\/\/nowyduninow.info.pl\/archiwum\/index.php?rest_route=%2Fwp%2Fv2%2Fmedia&parent=15976"}],"curies":[{"name":"wp","href":"https:\/\/api.w.org\/{rel}","templated":true}]}}