{"id":15867,"date":"2023-08-03T14:03:47","date_gmt":"2023-08-03T12:03:47","guid":{"rendered":"http:\/\/nowyduninow.info.pl\/?page_id=15867"},"modified":"2023-08-18T14:51:01","modified_gmt":"2023-08-18T12:51:01","slug":"viii-turniej-pilki-noznej-dzikich-druzyn","status":"publish","type":"page","link":"https:\/\/nowyduninow.info.pl\/archiwum\/?page_id=15867","title":{"rendered":"VIII Turniej Pi\u0142ki No\u017cnej Dzikich Dru\u017cyn"},"content":{"rendered":"<hr \/>\n<p>18 sierpnia 2023 r.<\/p>\n<p>Organizatorzy zamykaj\u0105 list\u0119 startow\u0105. Czas goni. Ilo\u015bci nagr\u00f3d, medali, etc ustalone, posi\u0142ki zam\u00f3wione. Mamy nadziej\u0119, \u017ce pogoda dopisze. S\u0142o\u0144ca nie obawiamy si\u0119. B\u0119d\u0105 stra\u017cacy z OSP Dzierz\u0105zna zaopatrzeni w zbiornik wody do sch\u0142odzenia :). Ostateczna liczba dru\u017cyn to 15. Ostatni\u0105 dru\u017cyn\u0105, kt\u00f3ra chcia\u0142a bardzo zagra\u0107 w Turnieju, a Patron Honorowy wydarzenia Starosta P\u0142ocki mocno ich wspiera\u0142 w drodze do Soczewki, to Ekipa Zimnego Lecha (sami o sobie: &#8222;ratownicy i stra\u017cacy&#8221;). I tak dochodzimy do momentu, gdy trzeba podj\u0105\u0107 decyzj\u0119 o zmianie systemu rozgrywek. O tym b\u0119dziemy informowali w poniedzia\u0142ek. Je\u017celi kt\u00f3ra\u015b z dru\u017cyn chce si\u0119 wycofa\u0107 z Turnieju, prosimy o kontakt do wtorku (22.08.2023 r.) &#8211; k.majchrowska@nowyduninow.info.pl, tel. 242610236 lub 512 372 522.<\/p>\n<p>1.\u00a0\u00a0 \u00a0PLUTON EGZEKUCYJNY \u2013 kpt. Pawe\u0142 S\u0142awi\u0144ski<br \/>\n2.\u00a0\u00a0 \u00a0FC KRZAKI \u0141\u0104KA WIE\u015a \u2013 kpt. Tomasz Cie\u0107wierz<br \/>\n3.\u00a0\u00a0 \u00a0STAROSTA TEAM \u2013 kpt. Sylwester Ziemkiewicz<br \/>\n4.\u00a0\u00a0 \u00a0MANCHESTER \u2013 kpt. Patryk Opala<br \/>\n5.\u00a0\u00a0 \u00a0POGROMCY POPRZECZEK \u2013 kpt. Andrzej Bucze\u0144<br \/>\n6.\u00a0\u00a0 \u00a0Braterskie Asy \u2013 kpt. Maciej Skulski<br \/>\n7.\u00a0\u00a0 \u00a0OLD &amp; BOYE \u2013 kpt. \u0141ukasz Szyma\u0144ski<br \/>\n8.\u00a0\u00a0 \u00a0UKS Dunin\u00f3w \u2013 kpt. Dawid K\u0119dzierski<br \/>\n9.\u00a0\u00a0 \u00a0Holiday For Free \u2013 kpt. Piotr Szulczewski<br \/>\n10.\u00a0\u00a0 \u00a0UKRAINA \u2013 kpt. Kor\u017cewich Anatoliy<br \/>\n11.\u00a0\u00a0 \u00a0M\u0142odzie\u017c\u00f3wka \u2013 kpt. Robert Komuda<br \/>\n12.\u00a0\u00a0 \u00a0UA \u2013 kpt. Shakirov Serhiy<br \/>\n13.\u00a0\u00a0 \u00a0GKS Fala Nowy Dunin\u00f3w \u2013 kpt. Zbigniew Ciesielski<br \/>\n14.\u00a0\u00a0 \u00a0All Stars Gostynin \u2013 kpt. Miko\u0142aj Nosalski<br \/>\n15.\u00a0\u00a0 \u00a0Ekipa Zimnego Lecha \u2013 kpt. Piotr Buczkowski<\/p>\n<hr \/>\n<p>17 sierpnia 2023 r.<\/p>\n<p style=\"text-align: justify;\"><span class=\"x193iq5w xeuugli x13faqbe x1vvkbs x1xmvt09 x1lliihq x1s928wv xhkezso x1gmr53x x1cpjm7i x1fgarty x1943h6x xudqn12 x3x7a5m x6prxxf xvq8zen xo1l8bm xzsf02u\" dir=\"auto\"><strong>26 sierpnia 23 r. o godz. 15.00 spotykamy si\u0119 przy Szkole Filialnej w Soczewce.<\/strong> Rozpoczynamy Turniejem pi\u0142ki no\u017cnej, a zaraz potem tradycyjnie bawimy si\u0119 do godz. 1.00 na Pikniku.<br \/>\nDobre jedzenie i nie tylko gwarantuje <strong>Nadwi\u015bla\u0144skie Stowarzyszenie w Woli Brwile\u0144skiej i KGW Wola Brwile\u0144ska<\/strong>, muzyk\u0119 zapewnia zesp\u00f3\u0142 <strong>DEMIX<\/strong>, a w\u00f3jt zaprasza dzieciak\u00f3w na <strong>darmowe dmucha\u0144ce<\/strong> i kilka innych atrakcji, w tym konkursy z nagrodami.<br \/>\n<strong>Starosta P\u0142ocki<\/strong> obj\u0105\u0142 wydarzenie <strong>patronatem honorowym<\/strong>, ale przy\u0142\u0105czy\u0142 si\u0119 tak\u017ce do zapewnienia nagr\u00f3d dla najlepszych zawodnik\u00f3w. Ca\u0142o\u015b\u0107 zadania to dzie\u0142o nie tylko samorz\u0105du gminy, ale tak\u017ce <strong>Fundacji Bez Granic i Samorz\u0105du Wojew\u00f3dztwa Mazowieckiego<\/strong> oraz <strong>LKS Wis\u0142a Nowy Dunin\u00f3w<\/strong>. Wspiera\u0107 nas b\u0119d\u0105 r\u00f3wnie\u017c stra\u017cacy z<strong> OSP Dzierz\u0105zna<\/strong> &#8211; to te\u017c ju\u017c tradycja <span class=\"x3nfvp2 x1j61x8r x1fcty0u xdj266r xhhsvwb xat24cr xgzva0m xxymvpz xlup9mm x1kky2od\"><img decoding=\"async\" loading=\"lazy\" src=\"https:\/\/static.xx.fbcdn.net\/images\/emoji.php\/v9\/t4c\/1\/16\/1f642.png\" alt=\"\" width=\"16\" height=\"16\" \/>.<\/span><\/span><\/p>\n<p style=\"text-align: justify;\">&#8212;&#8212;&#8212;&#8212;&#8212;&#8212;&#8212;&#8212;&#8212;&#8212;&#8212;<\/p>\n<div>\n<div class=\"\" dir=\"auto\">\n<div id=\":rj2:\" class=\"x1iorvi4 x1pi30zi x1swvt13 xjkvuk6\" data-ad-comet-preview=\"message\" data-ad-preview=\"message\">\n<div class=\"x78zum5 xdt5ytf xz62fqu x16ldp7u\">\n<div class=\"xu06os2 x1ok221b\">\n<div class=\"xdj266r x11i5rnm xat24cr x1mh8g0r x1vvkbs x126k92a\">\n<div dir=\"auto\">Z ostatniej chwili:<\/div>\n<div dir=\"auto\">&#8211; zmiany w Regulaminie Turnieju: \u00a7 2. UCZESTNICTWO pkt. 5 otrzymuje brzmienie: \u201eLiczba dru\u017cyn jest ograniczona max. 14 zespo\u0142\u00f3w. O starcie w turnieju decyduje kolejno\u015b\u0107 zg\u0142osze\u0144.<\/div>\n<div dir=\"auto\">&#8211; jako partner wydarzenia zg\u0142osi\u0142o si\u0119 znane nam wszystkim <a class=\"x1i10hfl xjbqb8w x6umtig x1b1mbwd xaqea5y xav7gou x9f619 x1ypdohk xt0psk2 xe8uvvx xdj266r x11i5rnm xat24cr x1mh8g0r xexx8yu x4uap5 x18d9i69 xkhd6sd x16tdsg8 x1hl2dhg xggy1nq x1a2a7pz xt0b8zv x1qq9wsj xo1l8bm\" tabindex=\"0\" href=\"https:\/\/www.facebook.com\/kolo.wedkarz.plock?__cft__[0]=AZX6YUORi71UXG4Bz1poAEowJA5q_QyYZq1pxg6O96T7HBpt4LPBAN9Kpo8rh7xc_h53B21MmY1RovRfzBGFtNKTT4Ts2EghooxrgUla_SaYG8IjVuEJua_Is0jpNYRbXJDcVCHusl9Clr8PxMS0cvID&amp;__tn__=-]K-R\"><span class=\"xt0psk2\">Ko\u0142o W\u0119dkarz P\u0142ock<\/span><\/a>\u201d. W\u0119dkarze ufunduj\u0105 nagrody i \u017ceby by\u0142o ciekawiej, nie powiemy jakie. Dla bardzo ciekawskich \u2013 bardzo wakacyjne <span class=\"x3nfvp2 x1j61x8r x1fcty0u xdj266r xhhsvwb xat24cr xgzva0m xxymvpz xlup9mm x1kky2od\"><img decoding=\"async\" loading=\"lazy\" src=\"https:\/\/static.xx.fbcdn.net\/images\/emoji.php\/v9\/t57\/1\/16\/1f609.png\" alt=\"\" width=\"16\" height=\"16\" \/><\/span><\/div>\n<\/div>\n<\/div>\n<\/div>\n<\/div>\n<\/div>\n<\/div>\n<p style=\"text-align: justify;\">&#8212;&#8212;&#8212;&#8212;&#8212;&#8212;&#8212;&#8212;&#8212;&#8212;&#8211;<\/p>\n<p style=\"text-align: justify;\"><span class=\"x193iq5w xeuugli x13faqbe x1vvkbs x1xmvt09 x1lliihq x1s928wv xhkezso x1gmr53x x1cpjm7i x1fgarty x1943h6x xudqn12 x3x7a5m x6prxxf xvq8zen xo1l8bm xzsf02u\" dir=\"auto\"><a href=\"https:\/\/nowyduninow.info.pl\/wp-content\/uploads\/2023\/08\/plakat_tdd2023_druk.jpg\"><img decoding=\"async\" loading=\"lazy\" class=\"aligncenter size-full wp-image-15929\" src=\"https:\/\/nowyduninow.info.pl\/wp-content\/uploads\/2023\/08\/plakat_tdd2023_druk_534.jpg\" alt=\"plakat_tdd2023_druk_534\" width=\"534\" height=\"755\" \/><\/a><br \/>\n=======================<br \/>\nZg\u0142oszenia dru\u017cyn do turnieju: Katarzyna Majchrowska, k.majchrowska@nowyduninow.info.pl lub przez Messengera<br \/>\n&#8212;&#8212;&#8212;&#8212;&#8212;&#8212;&#8212;&#8212;&#8212;&#8212;&#8212;&#8212;&#8212;<br \/>\nA oto lista dru\u017cyn startuj\u0105cych w Turnieju:<br \/>\n<\/span><\/p>\n<table>\n<tbody>\n<tr>\n<td width=\"595\">1.\u00a0\u00a0\u00a0\u00a0\u00a0\u00a0\u00a0\u00a0\u00a0\u00a0\u00a0\u00a0\u00a0\u00a0\u00a0\u00a0\u00a0\u00a0 PLUTON EGZEKUCYJNY \u2013 kpt. Pawe\u0142 S\u0142awi\u0144ski<\/td>\n<\/tr>\n<tr>\n<td width=\"595\">2.\u00a0\u00a0\u00a0\u00a0\u00a0\u00a0\u00a0\u00a0\u00a0\u00a0\u00a0\u00a0\u00a0\u00a0\u00a0\u00a0\u00a0\u00a0 FC KRZAKI \u0141\u0104KA WIE\u015a \u2013 kpt. Tomasz Cie\u0107wierz<\/td>\n<\/tr>\n<tr>\n<td width=\"595\">3.\u00a0\u00a0\u00a0\u00a0\u00a0\u00a0\u00a0\u00a0\u00a0\u00a0\u00a0\u00a0\u00a0\u00a0\u00a0\u00a0\u00a0\u00a0 STAROSTA TEAM \u2013 kpt. Sylwester Ziemkiewicz<\/td>\n<\/tr>\n<tr>\n<td width=\"595\">4.\u00a0\u00a0\u00a0\u00a0\u00a0\u00a0\u00a0\u00a0\u00a0\u00a0\u00a0\u00a0\u00a0\u00a0\u00a0\u00a0\u00a0\u00a0 MANCHESTER \u2013 kpt. Patryk Opala<\/td>\n<\/tr>\n<tr>\n<td width=\"595\">5.\u00a0\u00a0\u00a0\u00a0\u00a0\u00a0\u00a0\u00a0\u00a0\u00a0\u00a0\u00a0\u00a0\u00a0\u00a0\u00a0\u00a0\u00a0 POGROMCY POPRZECZEK \u2013 kpt. Andrzej Bucze\u0144<\/td>\n<\/tr>\n<tr>\n<td width=\"595\">6.\u00a0\u00a0\u00a0\u00a0\u00a0\u00a0\u00a0\u00a0\u00a0\u00a0\u00a0\u00a0\u00a0\u00a0\u00a0\u00a0\u00a0\u00a0 Braterskie Asy \u2013 kpt. Maciej Skulski<\/td>\n<\/tr>\n<tr>\n<td width=\"595\">7.\u00a0\u00a0\u00a0\u00a0\u00a0\u00a0\u00a0\u00a0\u00a0\u00a0\u00a0\u00a0\u00a0\u00a0\u00a0\u00a0\u00a0\u00a0 OLD &amp; BOYE \u2013 kpt. \u0141ukasz Szyma\u0144ski<\/td>\n<\/tr>\n<tr>\n<td width=\"595\">8.\u00a0\u00a0\u00a0\u00a0\u00a0\u00a0\u00a0\u00a0\u00a0\u00a0\u00a0\u00a0\u00a0\u00a0\u00a0\u00a0\u00a0\u00a0 UKS Dunin\u00f3w \u2013 kpt. Dawid K\u0119dzierski<\/td>\n<\/tr>\n<tr>\n<td width=\"595\">9.\u00a0\u00a0\u00a0\u00a0\u00a0\u00a0\u00a0\u00a0\u00a0\u00a0\u00a0\u00a0\u00a0\u00a0\u00a0\u00a0\u00a0\u00a0 Holiday For Free \u2013 kpt. Piotr Szulczewski<\/td>\n<\/tr>\n<tr>\n<td width=\"595\">10.\u00a0\u00a0\u00a0\u00a0\u00a0\u00a0\u00a0\u00a0\u00a0\u00a0\u00a0\u00a0\u00a0 UKRAINA \u2013 kpt. Kor\u017cewich Anatoliy<\/td>\n<\/tr>\n<tr>\n<td width=\"595\">11.\u00a0\u00a0\u00a0\u00a0\u00a0\u00a0\u00a0\u00a0\u00a0\u00a0\u00a0\u00a0\u00a0 M\u0142odzie\u017c\u00f3wka \u2013 kpt. Robert Komuda<\/td>\n<\/tr>\n<tr>\n<td width=\"595\">12.\u00a0\u00a0\u00a0\u00a0\u00a0\u00a0\u00a0\u00a0\u00a0\u00a0\u00a0\u00a0\u00a0 UA \u2013 kpt. Shakirov Serhiy<\/td>\n<\/tr>\n<tr>\n<td width=\"595\">13.\u00a0\u00a0\u00a0\u00a0\u00a0\u00a0\u00a0\u00a0\u00a0\u00a0\u00a0\u00a0\u00a0 GKS Fala Nowy Dunin\u00f3w \u2013 kpt. Zbigniew Ciesielski<\/td>\n<\/tr>\n<tr>\n<td width=\"595\">14.\u00a0\u00a0\u00a0\u00a0\u00a0\u00a0\u00a0\u00a0\u00a0\u00a0\u00a0\u00a0\u00a0 All Stars Gostynin \u2013 kpt. Miko\u0142aj Nosalski<\/td>\n<\/tr>\n<\/tbody>\n<\/table>\n<p style=\"text-align: justify;\"><span class=\"x193iq5w xeuugli x13faqbe x1vvkbs x1xmvt09 x1lliihq x1s928wv xhkezso x1gmr53x x1cpjm7i x1fgarty x1943h6x xudqn12 x3x7a5m x6prxxf xvq8zen xo1l8bm xzsf02u\" dir=\"auto\"><br \/>\n==========================<br \/>\n<span style=\"color: #800000;\">Zadanie publiczne pod nazw\u0105: VIII Turniej Dzikich Dru\u017cyn o Puchar W\u00f3jta Gminy Nowy Dunin\u00f3w po\u0142\u0105czony &#8211; Piknik Soczewka 2023 dofinansowane ze \u015brodk\u00f3w z bud\u017cetu Wojew\u00f3dztwa Mazowieckiego<\/span><br \/>\n=========================<\/span><\/p>\n<hr \/>\n<p>&nbsp;<\/p>\n<p>Po raz \u00f3smy zapraszamy amatorki i amator\u00f3w pi\u0142ki no\u017cnej w ka\u017cdym wieku do Soczewki na Turniej Pi\u0142ki No\u017cnej \u201cDzikich Dru\u017cyn\u201d (wcze\u015bniej &#8222;Wolnych Dru\u017cyn&#8221; o puchar W\u00f3jta Gminy Nowy Dunin\u00f3w pod honorowym patronatem Starosty P\u0142ockiego.<\/p>\n<p>Tradycyjnie przy okazji Turnieju Fundacja Bez Granic oraz W\u00f3jt zapraszaj\u0105 na Piknik. Po\u0142\u0105czenie tych dw\u00f3ch wydarze\u0144 \u015bwietnie si\u0119 sprawdzi\u0142o. Maluchy, kt\u00f3re niekoniecznie s\u0105 zainteresowane (jeszcze) pi\u0142k\u0105 no\u017cn\u0105 w wykonaniu mam i tatusi\u00f3w, mog\u0105 bawi\u0107 si\u0119 na drugim boisku lub korzysta\u0107 z dmuchanych zje\u017cd\u017calni i skaka\u0107 pod niebo na bungee &#8211; tym razem zupe\u0142nie bez bilet\u00f3w od godz. 15.00 do godz. 21.00.<\/p>\n<p>Co\u015b jeszcze dla nich si\u0119 znajdzie. Pomo\u017ce w tym Fundacja Bez Granic z Damianem Krysiakiem i Oliwi\u0105 Cyrankowsk\u0105, Marsza\u0142ek Wojew\u00f3dztwa Mazowieckiego Adam Struzik, Nadwi\u015bla\u0144skie Stowarzyszenie w Woli Brwile\u0144skiej, KGW w Woli Brwile\u0144skiej, OSP Dzierz\u0105zna\u00a0 i Gminny O\u015brodek Kultury w Nowym Duninowie z siedzib\u0105 w Soczewce, czyli Katarzyna Ludwiczak.<\/p>\n<p>Jak zwykle w takich razach o dobre jedzenie i co\u015b do picia zadba Nadwi\u015bla\u0144skie Stowarzyszenie w Woli Brwile\u0144skiej.<\/p>\n<p>Pi\u0142karzy te\u017c nakarmimy. Dobr\u0105 muzyk\u0105 i nag\u0142o\u015bnieniem zajmie si\u0119 od lat wsp\u00f3\u0142pracuj\u0105cy z gmin\u0105 Nowy Dunin\u00f3w DEMIX.<\/p>\n<p>Na razie to tyle.<\/p>\n<p><img decoding=\"async\" loading=\"lazy\" class=\"aligncenter size-full wp-image-15881\" src=\"https:\/\/nowyduninow.info.pl\/wp-content\/uploads\/2023\/08\/naglowek_tdd_23_534.jpg\" alt=\"naglowek_tdd_23_534\" width=\"534\" height=\"117\" \/><\/p>\n<p>Czekamy na zg\u0142oszenia dru\u017cyn. W za\u0142\u0105cznikach i na stronie internetowej <a href=\"https:\/\/nowyduninow.info.pl\">https:\/\/nowyduninow.info.pl<\/a> znajdziecie wszystkie formularze niezb\u0119dne do zg\u0142oszenia dru\u017cyny. Macie czas do 16 sierpnia 2023 r.<\/p>\n<p><span style=\"color: #800000;\">Potrzebne Pliki:<\/span><\/p>\n<ol>\n<li><span style=\"color: #800000;\">Regulamin Turnieju &#8211; wersja z dnia 18.08.2023 r. \u2013 <a title=\"Regulamin - v.18.08.2023 r.\" href=\"https:\/\/nowyduninow.info.pl\/wp-content\/uploads\/2023\/08\/regulamin_tdd_2023_v4_180823.pdf\" target=\"_blank\">pobierz pdf<\/a><\/span><\/li>\n<li><span style=\"color: #800000;\">Formularz zg\u0142oszenia dru\u017cyny \u2013 <a title=\"Formularz zg\u0142oszenia dru\u017cyny\" href=\"https:\/\/nowyduninow.info.pl\/wp-content\/uploads\/2023\/08\/regulamin_tdd_2023_v4_180823_Strona_5.jpg\" target=\"_blank\">pobierz pdf \/ <\/a><a title=\"Formularz zg\u0142oszenia dru\u017cyny\" href=\"https:\/\/nowyduninow.info.pl\/wp-content\/uploads\/2023\/08\/zgloszenie_twd_20231.doc\" target=\"_blank\">pobierz plik doc<\/a><\/span><\/li>\n<li><span style=\"color: #800000;\">Formularz Zgody rodzica\/ opiekuna \u2013 <a title=\"Zgoda opiekuna\" href=\"https:\/\/nowyduninow.info.pl\/wp-content\/uploads\/2023\/08\/zgoda_przetwarzanie_twd_2023.pdf\" target=\"_blank\">pobierz pdf<\/a>\/ <a href=\"https:\/\/nowyduninow.info.pl\/wp-content\/uploads\/2023\/08\/zgoda_przetwarzanie_twd_2023.doc\" target=\"_blank\">pobierz plik doc<\/a><\/span><\/li>\n<\/ol>\n","protected":false},"excerpt":{"rendered":"<p>18 sierpnia 2023 r.<\/p>\n<p>Organizatorzy zamykaj\u0105 list\u0119 startow\u0105. Czas goni. Ilo\u015bci nagr\u00f3d, medali, etc ustalone, posi\u0142ki zam\u00f3wione. Mamy nadziej\u0119, \u017ce pogoda dopisze. S\u0142o\u0144ca nie obawiamy si\u0119. B\u0119d\u0105 stra\u017cacy z OSP Dzierz\u0105zna zaopatrzeni w zbiornik wody do sch\u0142odzenia :). Ostateczna liczba dru\u017cyn to  [&#8230;]<\/p>\n","protected":false},"author":1,"featured_media":0,"parent":0,"menu_order":0,"comment_status":"closed","ping_status":"closed","template":"","meta":[],"_links":{"self":[{"href":"https:\/\/nowyduninow.info.pl\/archiwum\/index.php?rest_route=\/wp\/v2\/pages\/15867"}],"collection":[{"href":"https:\/\/nowyduninow.info.pl\/archiwum\/index.php?rest_route=\/wp\/v2\/pages"}],"about":[{"href":"https:\/\/nowyduninow.info.pl\/archiwum\/index.php?rest_route=\/wp\/v2\/types\/page"}],"author":[{"embeddable":true,"href":"https:\/\/nowyduninow.info.pl\/archiwum\/index.php?rest_route=\/wp\/v2\/users\/1"}],"replies":[{"embeddable":true,"href":"https:\/\/nowyduninow.info.pl\/archiwum\/index.php?rest_route=%2Fwp%2Fv2%2Fcomments&post=15867"}],"version-history":[{"count":14,"href":"https:\/\/nowyduninow.info.pl\/archiwum\/index.php?rest_route=\/wp\/v2\/pages\/15867\/revisions"}],"predecessor-version":[{"id":15960,"href":"https:\/\/nowyduninow.info.pl\/archiwum\/index.php?rest_route=\/wp\/v2\/pages\/15867\/revisions\/15960"}],"wp:attachment":[{"href":"https:\/\/nowyduninow.info.pl\/archiwum\/index.php?rest_route=%2Fwp%2Fv2%2Fmedia&parent=15867"}],"curies":[{"name":"wp","href":"https:\/\/api.w.org\/{rel}","templated":true}]}}