{"id":15537,"date":"2023-06-19T12:29:48","date_gmt":"2023-06-19T10:29:48","guid":{"rendered":"http:\/\/nowyduninow.info.pl\/?page_id=15537"},"modified":"2023-06-19T13:03:26","modified_gmt":"2023-06-19T11:03:26","slug":"piknik-ekologiczny-15-lipiec-2023-r","status":"publish","type":"page","link":"https:\/\/nowyduninow.info.pl\/archiwum\/?page_id=15537","title":{"rendered":"Piknik ekologiczny. 15 lipiec 2023 r."},"content":{"rendered":"<p style=\"text-align: justify;\"><span style=\"color: #008000;\"><strong>Gmina Nowy Dunin\u00f3w pozyska\u0142a dotacj\u0119 w kwocie 30 000,00 z\u0142. na dofinansowanie realizacji zadania pn. Ekologiczny piknik rodzinny pod has\u0142em \u201eGmina Nowy Dunin\u00f3w stawia na ekologi\u0119\u201d.<\/strong><\/span><\/p>\n<p style=\"text-align: justify;\">Wydarzenie odb\u0119dzie si\u0119 w dniu <strong>15 lipca 2023 r., w godz. od 10:00 do 20:00.<\/strong><\/p>\n<hr \/>\n<p style=\"text-align: justify;\">\n<p style=\"text-align: justify;\"><strong><a title=\"Program Pikniku\" href=\"https:\/\/nowyduninow.info.pl\/archiwum\/wp-content\/uploads\/2023\/06\/Program_Pikniku_15_07_2023r.pdf\" target=\"_blank\">Program Pikniku &#8211; pobierz plik pdf<\/a><\/strong><\/p>\n<hr \/>\n\n\t\t<style type=\"text\/css\">\n\t\t\t#gallery-1 {\n\t\t\t\tmargin: auto;\n\t\t\t}\n\t\t\t#gallery-1 .gallery-item {\n\t\t\t\tfloat: left;\n\t\t\t\tmargin-top: 10px;\n\t\t\t\ttext-align: center;\n\t\t\t\twidth: 33%;\n\t\t\t}\n\t\t\t#gallery-1 img {\n\t\t\t\tborder: 2px solid #cfcfcf;\n\t\t\t}\n\t\t\t#gallery-1 .gallery-caption {\n\t\t\t\tmargin-left: 0;\n\t\t\t}\n\t\t\t\/* see gallery_shortcode() in wp-includes\/media.php *\/\n\t\t<\/style>\n\t\t<div id='gallery-1' class='gallery galleryid-15537 gallery-columns-3 gallery-size-thumbnail'><dl class='gallery-item'>\n\t\t\t<dt class='gallery-icon '>\n\t\t\t\t<a href='https:\/\/nowyduninow.info.pl\/wp-content\/uploads\/2023\/06\/01-WFOSiGW.jpg'>WFOSiGW pVa<\/a>\n\t\t\t<\/dt>\n\t\t\t\t<dd class='wp-caption-text gallery-caption' id='gallery-1-15547'>\n\t\t\t\thttps:\/\/wfosigw.pl\/\n\t\t\t\t<\/dd><\/dl><dl class='gallery-item'>\n\t\t\t<dt class='gallery-icon '>\n\t\t\t\t<a href='https:\/\/nowyduninow.info.pl\/wp-content\/uploads\/2023\/06\/Promocja_Pikniku_15_07_2023r.jpg'>Promocja_Pikniku_15_07_2023r<\/a>\n\t\t\t<\/dt>\n\t\t\t\t<dd class='wp-caption-text gallery-caption' id='gallery-1-15543'>\n\t\t\t\thttps:\/\/wfosigw.pl\/\n\t\t\t\t<\/dd><\/dl><dl class='gallery-item'>\n\t\t\t<dt class='gallery-icon '>\n\t\t\t\t<a href='https:\/\/nowyduninow.info.pl\/wp-content\/uploads\/2023\/06\/Program_Pikniku_15_07_2023r.jpg'>Program_Pikniku_15_07_2023r<\/a>\n\t\t\t<\/dt>\n\t\t\t\t<dd class='wp-caption-text gallery-caption' id='gallery-1-15541'>\n\t\t\t\thttps:\/\/wfosigw.pl\/\n\t\t\t\t<\/dd><\/dl><br style=\"clear: both\" \/>\n\t\t<\/div>\n\n<hr \/>\n<p style=\"text-align: justify;\">Celem Ekologicznego pikniku rodzinnego pod has\u0142em \u201eGmina Nowy Dunin\u00f3w stawia na ekologi\u0119\u201d jest zwi\u0119kszenie \u015bwiadomo\u015bci ekologicznej w\u015br\u00f3d dzieci z oddzia\u0142\u00f3w przedszkolnych i uczni\u00f3w Szko\u0142y Podstawowej im. ks. Kardyna\u0142a Stefana Wyszy\u0144skiego w Nowym Duninowie ze Szko\u0142\u0105 Filialn\u0105 w Soczewce oraz pozosta\u0142ych uczestnik\u00f3w wydarzenia, w szczeg\u00f3lno\u015bci poprzez:<br \/>\n1) zach\u0119canie do podejmowania praktycznych dzia\u0142a\u0144 na rzecz ochrony \u015brodowiska za pomoc\u0105 codziennych zachowa\u0144, postaw i wybor\u00f3w proekologicznych;<br \/>\n2) przekazanie wiedzy ekologicznej w szczeg\u00f3lno\u015bci, w zakresie roli zieleni w poprawie jako\u015bci powietrza oraz recyklingu i upcyklingu;<br \/>\n3) przekazanie wiedzy w zakresie prawid\u0142owej gospodarki odpadami;<br \/>\n4) przekazanie wiedzy na temat alternatywnych \u017ar\u00f3de\u0142 energii;<br \/>\n5) kszta\u0142towanie wi\u0119zi emocjonalnej z przyrod\u0105, wra\u017cliwo\u015bci na jej pi\u0119kno i harmoni\u0119;<br \/>\n6) rozbudzanie ciekawo\u015bci poznawczej;<br \/>\n7) zapoznanie z nadwi\u015bla\u0144sk\u0105 przyrod\u0105 oraz metodami jej ochrony przed degradacj\u0105.<\/p>\n<p style=\"text-align: justify;\">Dla Uczestnik\u00f3w Pikniku zaplanowanych zosta\u0142o szereg atrakcji nawi\u0105zuj\u0105cych do tematyki ochrony \u015brodowiska naturalnego. W piknikowym programie znalaz\u0142y si\u0119 mi\u0119dzy innymi: rejs edukacyjny po rzece Wi\u015ble, konkurs wiedzy ekologicznej, pokaz \u201eEko Mody\u201d, ekologiczno- sprawno\u015bciowe gry i zabawy, wystawa multimedialna ro\u015blin antysmogowych i miododajnych, warsztaty ekologiczne.<br \/>\nZwyci\u0119zcy konkurs\u00f3w otrzymaj\u0105 atrakcyjne nagrody g\u0142\u00f3wne, natomiast pozostali Uczestnicy zmaga\u0144 konkursowych &#8211; nagrody pocieszenia.<\/p>\n<hr \/>\n<p style=\"text-align: justify;\"><a title=\"Regulamin konkursu\" href=\"https:\/\/nowyduninow.info.pl\/wp-content\/uploads\/2023\/06\/Regulamin_konkurs\u00f3w_gier_zaj\u0119\u0107_Piknik_15_07_2023r.pdf\" target=\"_blank\"><strong>Regulamin konkursu &#8211; pobierz plik pdf<\/strong><\/a><\/p>\n<hr \/>\n<p style=\"text-align: justify;\">Na najm\u0142odszych Uczestnik\u00f3w Pikniku b\u0119d\u0105 czeka\u0107: nielimitowany plac zabaw i wata cukrowa oraz inne atrakcje typu malowanie twarzy, zaplatanie warkoczyk\u00f3w.<\/p>\n<p style=\"text-align: justify;\">Ekologiczny piknik rodzinny pod has\u0142em \u201e<strong>Gmina Nowy Dunin\u00f3w stawia na ekologi\u0119<\/strong>\u201d stwarza przestrze\u0144 do zdobycia cennej wiedzy na temat szeroko rozumianej ekologii poprzez doskona\u0142\u0105 zabaw\u0119 i relaks w gronie rodzinnym.<\/p>\n<p style=\"text-align: justify;\">Serdecznie zapraszam<br \/>\nW\u00f3jt Gminy Nowy Dunin\u00f3w<br \/>\n-\/\/-<br \/>\nMiros\u0142aw Krysiak<\/p>\n","protected":false},"excerpt":{"rendered":"<p>Gmina Nowy Dunin\u00f3w pozyska\u0142a dotacj\u0119 w kwocie 30 000,00 z\u0142. na dofinansowanie realizacji zadania pn. Ekologiczny piknik rodzinny pod has\u0142em \u201eGmina Nowy Dunin\u00f3w stawia na ekologi\u0119\u201d.<br \/>\nWydarzenie odb\u0119dzie si\u0119 w dniu 15 lipca 2023 r., w godz. od 10:00 do 20:00.<\/p>\n<p>Program Pikniku &#8211; pobierz plik  [&#8230;]<\/p>\n","protected":false},"author":1,"featured_media":0,"parent":0,"menu_order":0,"comment_status":"closed","ping_status":"closed","template":"","meta":[],"_links":{"self":[{"href":"https:\/\/nowyduninow.info.pl\/archiwum\/index.php?rest_route=\/wp\/v2\/pages\/15537"}],"collection":[{"href":"https:\/\/nowyduninow.info.pl\/archiwum\/index.php?rest_route=\/wp\/v2\/pages"}],"about":[{"href":"https:\/\/nowyduninow.info.pl\/archiwum\/index.php?rest_route=\/wp\/v2\/types\/page"}],"author":[{"embeddable":true,"href":"https:\/\/nowyduninow.info.pl\/archiwum\/index.php?rest_route=\/wp\/v2\/users\/1"}],"replies":[{"embeddable":true,"href":"https:\/\/nowyduninow.info.pl\/archiwum\/index.php?rest_route=%2Fwp%2Fv2%2Fcomments&post=15537"}],"version-history":[{"count":4,"href":"https:\/\/nowyduninow.info.pl\/archiwum\/index.php?rest_route=\/wp\/v2\/pages\/15537\/revisions"}],"predecessor-version":[{"id":15549,"href":"https:\/\/nowyduninow.info.pl\/archiwum\/index.php?rest_route=\/wp\/v2\/pages\/15537\/revisions\/15549"}],"wp:attachment":[{"href":"https:\/\/nowyduninow.info.pl\/archiwum\/index.php?rest_route=%2Fwp%2Fv2%2Fmedia&parent=15537"}],"curies":[{"name":"wp","href":"https:\/\/api.w.org\/{rel}","templated":true}]}}