{"id":14010,"date":"2022-08-22T13:43:35","date_gmt":"2022-08-22T11:43:35","guid":{"rendered":"http:\/\/nowyduninow.info.pl\/?page_id=14010"},"modified":"2023-09-08T14:52:44","modified_gmt":"2023-09-08T12:52:44","slug":"duninowskie-swieto-plonow-i-darow-wisly","status":"publish","type":"page","link":"https:\/\/nowyduninow.info.pl\/archiwum\/?page_id=14010","title":{"rendered":"Duninowskie \u015awi\u0119to Plon\u00f3w i Dar\u00f3w Wis\u0142y"},"content":{"rendered":"<p><strong>Duninowskie \u015awi\u0119to Plon\u00f3w i Dar\u00f3w Wis\u0142y 2023.<\/strong><\/p>\n<p>Wydarzenie wsp\u00f3\u0142finansowane z bud\u017cetu Wojew\u00f3dztwa Mazowieckiego w ramach promocji rolnictwa w Wojew\u00f3dztwie Mazowieckim.<br \/>\n#25latMazowsze<br \/>\nMazowsze serce Polski<\/p>\n<p><iframe loading=\"lazy\" style=\"border: none; overflow: hidden;\" src=\"https:\/\/www.facebook.com\/plugins\/video.php?height=476&amp;href=https%3A%2F%2Fwww.facebook.com%2Fgminanowyduninow%2Fvideos%2F831102941754316%2F&amp;show_text=false&amp;width=267&amp;t=0\" width=\"267\" height=\"476\" frameborder=\"0\" scrolling=\"no\" allowfullscreen=\"allowfullscreen\"><\/iframe><\/p>\n<div dir=\"auto\">\u00a0&#8212;&#8212;&#8212;&#8212;-<\/div>\n<div dir=\"auto\">2 wrze\u015bnia 2023 r. Gmina Nowy Dunin\u00f3w i <a class=\"x1i10hfl xjbqb8w x6umtig x1b1mbwd xaqea5y xav7gou x9f619 x1ypdohk xt0psk2 xe8uvvx xdj266r x11i5rnm xat24cr x1mh8g0r xexx8yu x4uap5 x18d9i69 xkhd6sd x16tdsg8 x1hl2dhg xggy1nq x1a2a7pz xt0b8zv x1qq9wsj xo1l8bm\" tabindex=\"0\" href=\"https:\/\/www.facebook.com\/Mazowsze.serce.Polski?__cft__[0]=AZVMHUU0Uh2Ohk50IE-pDtCGU4x2KUWa_czQGNpG65BiPYaVxXO28U_40kc6KiD9gMNZHBNeTc-jFO9fbaqsPG__A00q7IHYp4YJc2OurzYeSAdpalm9iw5UgtEUaspHAPUoj-VF18MxWTiFIxzwxsNea-CnaImr_v8McoCYzgpHcg&amp;__tn__=-]K-R\"><span class=\"xt0psk2\">Mazowsze serce Polski<\/span><\/a> oraz:<\/div>\n<ul>\n<li dir=\"auto\">Gminny O\u015brodek Kultury w Nowym Duninowie,<\/li>\n<li dir=\"auto\">Nadwi\u015bla\u0144skie Stowarzyszenie w Woli Brwile\u0144skiej i so\u0142ectwo Wola Brwile\u0144ska,<\/li>\n<li dir=\"auto\">Gks Fala i Dziewczyny na Fali,<\/li>\n<li dir=\"auto\">Fundacja &#8222;Bez Granic&#8221;,<\/li>\n<li dir=\"auto\">Klub Senior+ w Soczewce,<\/li>\n<li dir=\"auto\">Ko\u0142o Gospody\u0144 Wiejskich w Woli Brwile\u0144skiej,<\/li>\n<li dir=\"auto\">Ko\u0142o Gospody\u0144 Wiejskich Nadwi\u015blanki w Pop\u0142acinie i so\u0142ectwo Pop\u0142acin,<\/li>\n<li dir=\"auto\">Ko\u0142o Gospody\u0144 Wiejskich Karolewo &#8211; Nowa Wie\u015b i so\u0142ectwo Karolewo &#8211; Nowa Wie\u015b,<\/li>\n<li dir=\"auto\">so\u0142ectwo Nowy Dunin\u00f3w,<\/li>\n<li dir=\"auto\">so\u0142ectwo Trzcianno &#8211; Je\u017cewo,<\/li>\n<li dir=\"auto\">so\u0142ectwo Brwilno Dolne &#8211; Soczewka,<\/li>\n<li dir=\"auto\">so\u0142ectwo Dzierz\u0105zna<\/li>\n<\/ul>\n<div dir=\"auto\"><span class=\"x3nfvp2 x1j61x8r x1fcty0u xdj266r xhhsvwb xat24cr xgzva0m xxymvpz xlup9mm x1kky2od\"><img decoding=\"async\" loading=\"lazy\" src=\"https:\/\/static.xx.fbcdn.net\/images\/emoji.php\/v9\/tfe\/1\/16\/1f44f.png\" alt=\"\" width=\"16\" height=\"16\" \/><\/span><span class=\"x3nfvp2 x1j61x8r x1fcty0u xdj266r xhhsvwb xat24cr xgzva0m xxymvpz xlup9mm x1kky2od\"><img decoding=\"async\" loading=\"lazy\" src=\"https:\/\/static.xx.fbcdn.net\/images\/emoji.php\/v9\/tfe\/1\/16\/1f44f.png\" alt=\"\" width=\"16\" height=\"16\" \/><\/span><span class=\"x3nfvp2 x1j61x8r x1fcty0u xdj266r xhhsvwb xat24cr xgzva0m xxymvpz xlup9mm x1kky2od\"><img decoding=\"async\" loading=\"lazy\" src=\"https:\/\/static.xx.fbcdn.net\/images\/emoji.php\/v9\/tfe\/1\/16\/1f44f.png\" alt=\"\" width=\"16\" height=\"16\" \/><\/span><span class=\"x3nfvp2 x1j61x8r x1fcty0u xdj266r xhhsvwb xat24cr xgzva0m xxymvpz xlup9mm x1kky2od\"><img decoding=\"async\" loading=\"lazy\" src=\"https:\/\/static.xx.fbcdn.net\/images\/emoji.php\/v9\/t64\/1\/16\/1f91d.png\" alt=\"\" width=\"16\" height=\"16\" \/><\/span><span class=\"x3nfvp2 x1j61x8r x1fcty0u xdj266r xhhsvwb xat24cr xgzva0m xxymvpz xlup9mm x1kky2od\"><img decoding=\"async\" loading=\"lazy\" src=\"https:\/\/static.xx.fbcdn.net\/images\/emoji.php\/v9\/t64\/1\/16\/1f91d.png\" alt=\"\" width=\"16\" height=\"16\" \/><\/span>&#8211; wsp\u00f3\u0142autorzy Duninowskie \u015awi\u0119to Plon\u00f3w i Dar\u00f3w Wis\u0142y.<\/div>\n<div dir=\"auto\">==================<\/div>\n<div dir=\"auto\" style=\"text-align: justify;\">Pomagali niezast\u0105pieni stra\u017cacy z OSP Nowy Dunin\u00f3w i OSP Lipianki, delegacja z LKS Wis\u0142a Nowy Dunin\u00f3w, Radni Rady Gmina Nowy Dunin\u00f3w. Dzi\u0119kujemy pani Zofia Garwacka za pi\u0119kny wieniec, za opraw\u0119 muzyczn\u0105 mszy \u015bw. paniom Joasi i Renacie. Serdeczne podzi\u0119kowania kierujemy do ks. Rafa\u0142 Gutkowski proboszcza Parafia \u015bw. Miko\u0142aja w Duninowie, a wszystkich go\u015bci Duninowskie \u015awi\u0119to Plon\u00f3w i Dar\u00f3w Wis\u0142y gor\u0105co pozdrawiamy, tak\u017ce w imieniu Starost\u00f3w Ewy Motyli\u0144skiej i Piotra B\u0142aszczaka. Przyznacie, \u017ce by\u0142o pysznie, kolorowo. Mi\u0142o by\u0142o spotka\u0107 si\u0119 z wami.<\/div>\n<div dir=\"auto\" style=\"text-align: justify;\">============<\/div>\n<div dir=\"auto\" style=\"text-align: justify;\">Warto jeszcze jedno wydarzenie wspomnie\u0107, kt\u00f3re mia\u0142o miejsce podczas naszego \u015awi\u0119ta Plon\u00f3w. Ot\u00f3\u017c, Sylwester Ziemkiewicz Starosta P\u0142ocki, Iwona Sierocka Wicestarosta P\u0142ocki i Ewa Kowalak Wiceprzewodnicz\u0105ca Rady Powiatu P\u0142ockiego trzem organizacjom pozarz\u0105dowym wr\u0119czyli Medale &#8222;Zas\u0142u\u017cony dla Powiatu P\u0142ockiego&#8221;. Byli to: Stowarzyszenie Ko\u0142o Gospody\u0144 Wiejskich W Sendeniu, Gks Fala, Nadwi\u015bla\u0144skie Stowarzyszenie w Woli Brwile\u0144skiej (Medal \u201eZas\u0142u\u017cony dla Powiatu P\u0142ockiego\u201d to szczeg\u00f3lne wyr\u00f3\u017cnienie i uznanie za wybitne zas\u0142ugi dla rozwoju naszego regionu. Medal przyznaje si\u0119 osobom i podmiotom w obszarze dzia\u0142alno\u015bci: samorz\u0105dowej, gospodarczej, spo\u0142ecznej oraz kulturalno \u2013 o\u015bwiatowej i sportowej). Piotr Zgorzelski Wicemarsza\u0142ek Sejmu RP natomiast, jak sam m\u00f3wi &#8211; jako wyraz wdzi\u0119czno\u015bci za lata wspania\u0142ej wsp\u00f3\u0142pracy &#8211; wr\u0119czy\u0142 so\u0142tysom listy podzi\u0119kowania z drobnymi upominkami.<\/div>\n<div dir=\"auto\">=================================<\/div>\n<div dir=\"auto\">Wydarzenie wsp\u00f3\u0142finansowane z bud\u017cetu wojew\u00f3dztwa Mazowieckiego w ramach promocji rolnictwa w Wojew\u00f3dztwie Mazowieckim.<\/div>\n<div dir=\"auto\"><a class=\"x1i10hfl xjbqb8w x6umtig x1b1mbwd xaqea5y xav7gou x9f619 x1ypdohk xt0psk2 xe8uvvx xdj266r x11i5rnm xat24cr x1mh8g0r xexx8yu x4uap5 x18d9i69 xkhd6sd x16tdsg8 x1hl2dhg xggy1nq x1a2a7pz xt0b8zv x1qq9wsj xo1l8bm\" tabindex=\"0\" href=\"https:\/\/www.facebook.com\/hashtag\/25latmazowsze?__eep__=6&amp;__cft__[0]=AZVMHUU0Uh2Ohk50IE-pDtCGU4x2KUWa_czQGNpG65BiPYaVxXO28U_40kc6KiD9gMNZHBNeTc-jFO9fbaqsPG__A00q7IHYp4YJc2OurzYeSAdpalm9iw5UgtEUaspHAPUoj-VF18MxWTiFIxzwxsNea-CnaImr_v8McoCYzgpHcg&amp;__tn__=*NK-R\">#25latMazowsze<\/a><\/div>\n<div dir=\"auto\"><a class=\"x1i10hfl xjbqb8w x6umtig x1b1mbwd xaqea5y xav7gou x9f619 x1ypdohk xt0psk2 xe8uvvx xdj266r x11i5rnm xat24cr x1mh8g0r xexx8yu x4uap5 x18d9i69 xkhd6sd x16tdsg8 x1hl2dhg xggy1nq x1a2a7pz xt0b8zv x1qq9wsj xo1l8bm\" tabindex=\"0\" href=\"https:\/\/www.facebook.com\/Mazowsze.serce.Polski?__cft__[0]=AZVMHUU0Uh2Ohk50IE-pDtCGU4x2KUWa_czQGNpG65BiPYaVxXO28U_40kc6KiD9gMNZHBNeTc-jFO9fbaqsPG__A00q7IHYp4YJc2OurzYeSAdpalm9iw5UgtEUaspHAPUoj-VF18MxWTiFIxzwxsNea-CnaImr_v8McoCYzgpHcg&amp;__tn__=-]K-R\"><span class=\"xt0psk2\">Mazowsze serce Polski<\/span><\/a><\/div>\n<p>&nbsp;<\/p>\n<hr \/>\n<p>&nbsp;<\/p>\n<p><a href=\"https:\/\/nowyduninow.info.pl\/wp-content\/uploads\/2022\/08\/plakat_swieto_plonow_960.jpg\"><img decoding=\"async\" loading=\"lazy\" class=\"aligncenter size-full wp-image-15985\" src=\"https:\/\/nowyduninow.info.pl\/wp-content\/uploads\/2022\/08\/plakat_swieto_plonow_534.jpg\" alt=\"plakat_swieto_plonow_534\" width=\"534\" height=\"749\" \/><\/a><\/p>\n<p><a href=\"https:\/\/nowyduninow.info.pl\/wp-content\/uploads\/2022\/08\/plakat_swieto_plonow_960.jpg\"><img decoding=\"async\" loading=\"lazy\" class=\"aligncenter size-full wp-image-15985\" src=\"https:\/\/nowyduninow.info.pl\/wp-content\/uploads\/2022\/08\/plakat_swieto_plonow_534.jpg\" alt=\"plakat_swieto_plonow_534\" width=\"534\" height=\"749\" \/><\/a><\/p>\n<hr \/>\n<p>&nbsp;<\/p>\n<p>2 wrze\u015bnia 2023 r. widzimy si\u0119 na VII Duninowskim \u015awi\u0119cie Plon\u00f3w i Dar\u00f3w Wis\u0142y. Piknik po\u0142\u0105czony z jarmarkiem i degustacj\u0105 regionalnych i tradycyjnych mazowieckich potraw. Jednocze\u015bnie zapraszamy lokalnych tw\u00f3rc\u00f3w i artyst\u00f3w z powiatu p\u0142ockiego i szerzej Mazowsza do prezentowania swoich dzie\u0142 i wytwor\u00f3w. Zg\u0142oszenia pod nr tel. 506613534.<\/p>\n<p>Program:<\/p>\n<p>15.00 &#8211;\u00a0 Msza \u015awi\u0119ta Plenerowa, po\u015bwi\u0119cenie dar\u00f3w.<\/p>\n<p>16.00 \u2013 powitanie go\u015bci przez W\u00f3jta gminy, wyst\u0105pienia okoliczno\u015bciowe<\/p>\n<p>&#8211; dzielenie si\u0119 chlebem, ryb\u0105<\/p>\n<p>16.15\u00a0 &#8211; 18.00<\/p>\n<p>&#8211; koncert Ludowego Zespo\u0142u Pie\u015bni i Ta\u0144ca Szczawin Ko\u015bcielny<\/p>\n<p>\u2013 wyst\u0119p muzyczny Weroniki Cie\u0107wierz<\/p>\n<p>\u2013 Miejska Orkiestra D\u0119ta w\u00a0 Gostyninie<\/p>\n<p>18.00 \u2013 Prezentacja\u00a0 stoisk so\u0142ectw i organizacji pozarz\u0105dowych<\/p>\n<p>&#8211; rozstrzygni\u0119cie konkursu kulinarnego na najsmaczniejsze danie g\u0142\u00f3wne i deser\/ciasto<\/p>\n<p>19.00 \u2013 rozstrzygni\u0119cie konkursu plastycznego.<\/p>\n<p>&nbsp;<\/p>\n<hr \/>\n<p>&nbsp;<\/p>\n","protected":false},"excerpt":{"rendered":"<p>Duninowskie \u015awi\u0119to Plon\u00f3w i Dar\u00f3w Wis\u0142y 2023.<\/p>\n<p>Wydarzenie wsp\u00f3\u0142finansowane z bud\u017cetu Wojew\u00f3dztwa Mazowieckiego w ramach promocji rolnictwa w Wojew\u00f3dztwie Mazowieckim.<br \/>\n#25latMazowsze<br \/>\nMazowsze serce Polski<\/p>\n<p>\u00a0&#8212;&#8212;&#8212;&#8212;-<br \/>\n2 wrze\u015bnia 2023 r. Gmina Nowy Dunin\u00f3w i Mazowsze serce Polski  [&#8230;]<\/p>\n","protected":false},"author":1,"featured_media":0,"parent":0,"menu_order":0,"comment_status":"closed","ping_status":"closed","template":"","meta":[],"_links":{"self":[{"href":"https:\/\/nowyduninow.info.pl\/archiwum\/index.php?rest_route=\/wp\/v2\/pages\/14010"}],"collection":[{"href":"https:\/\/nowyduninow.info.pl\/archiwum\/index.php?rest_route=\/wp\/v2\/pages"}],"about":[{"href":"https:\/\/nowyduninow.info.pl\/archiwum\/index.php?rest_route=\/wp\/v2\/types\/page"}],"author":[{"embeddable":true,"href":"https:\/\/nowyduninow.info.pl\/archiwum\/index.php?rest_route=\/wp\/v2\/users\/1"}],"replies":[{"embeddable":true,"href":"https:\/\/nowyduninow.info.pl\/archiwum\/index.php?rest_route=%2Fwp%2Fv2%2Fcomments&post=14010"}],"version-history":[{"count":6,"href":"https:\/\/nowyduninow.info.pl\/archiwum\/index.php?rest_route=\/wp\/v2\/pages\/14010\/revisions"}],"predecessor-version":[{"id":15987,"href":"https:\/\/nowyduninow.info.pl\/archiwum\/index.php?rest_route=\/wp\/v2\/pages\/14010\/revisions\/15987"}],"wp:attachment":[{"href":"https:\/\/nowyduninow.info.pl\/archiwum\/index.php?rest_route=%2Fwp%2Fv2%2Fmedia&parent=14010"}],"curies":[{"name":"wp","href":"https:\/\/api.w.org\/{rel}","templated":true}]}}