{"id":13920,"date":"2022-07-29T08:32:44","date_gmt":"2022-07-29T06:32:44","guid":{"rendered":"http:\/\/nowyduninow.info.pl\/?page_id=13920"},"modified":"2022-08-01T09:28:13","modified_gmt":"2022-08-01T07:28:13","slug":"regaty-zeglarskie-2022","status":"publish","type":"page","link":"https:\/\/nowyduninow.info.pl\/archiwum\/?page_id=13920","title":{"rendered":"Regaty \u017beglarskie 2022"},"content":{"rendered":"<p><strong><span style=\"color: #800000;\">I po Regatach &#8230; \ud83d\ude09<\/span><\/strong><\/p>\n<ul>\n<li><a title=\"Wyniki Regat \u017beglarskich. nowy Dunin\u00f3w 2022\" href=\"https:\/\/nowyduninow.info.pl\/wp-content\/uploads\/2022\/07\/wyniki-Regat-Dunin\u00f3w-2022.pdf\" target=\"_blank\">Oto wyniki:Otw\u00f3rz plik pdf<\/a><\/li>\n<li>Sprawozdanie &#8211; <a title=\"Sprawozdanie\" href=\"https:\/\/nowyduninow.info.pl\/wp-content\/uploads\/2022\/07\/sprawozdanie-sg-Nowy-Dunin\u00f3w-2022.pdf\" target=\"_blank\">otw\u00f3rz plik pdf<\/a><\/li>\n<\/ul>\n<hr \/>\n<p>&nbsp;<\/p>\n<p><span style=\"color: #ff0000;\"><strong>Oto zdobywcy Puchar\u00f3w:<\/strong><\/span><\/p>\n<ul>\n<li><span style=\"color: #800000;\">Puchar W\u00f3jta Gminy dla klubu kt\u00f3ry zdoby\u0142 najwi\u0119ksz\u0105 ilo\u015b\u0107 punkt\u00f3w w regatach (\u201eZa zaj\u0119cie I miejsca zespo\u0142owego\u201d liczonego wg. P\u017bGP):<\/span><\/li>\n<\/ul>\n<p><span style=\"color: #800000;\"><strong>Jacht Klub Boruta<\/strong><\/span><\/p>\n<ul>\n<li><span style=\"color: #800000;\">Puchar Starosty otrzyma\u0142a za\u0142oga, kt\u00f3ra uzyska\u0142a najwi\u0119ksz\u0105 ilo\u015b\u0107 punkt\u00f3w w\u00a0regatach (\u201edla zwyci\u0119zcy w najliczniejszej klasie\u201d):<\/span><\/li>\n<\/ul>\n<p><span style=\"color: #800000;\"><strong>Za\u0142oga \u201eJustki\u201d ze sternikiem Piotrem Just.<\/strong><\/span><\/p>\n<ul>\n<li><span style=\"color: #800000;\">Puchar Marsza\u0142ka otrzyma sternik najszybszego jachtu bior\u0105cego udzia\u0142 w\u00a0regatach:<\/span><\/li>\n<\/ul>\n<p><span style=\"color: #800000;\"><strong>Sternik Witold Reszkowski na jachcie \u201eStorm\u201d<\/strong><\/span><\/p>\n<ul>\n<li>Puchar Pos\u0142a na Sejm RP Pana Piotra Zgorzelskiego otrzyma najstarszy sternik jachtu bior\u0105cego udzia\u0142 w regatach:<\/li>\n<\/ul>\n<p><strong>Sternik Miros\u0142aw Ko\u0142eczek<\/strong><\/p>\n<ul>\n<li>Puchar Prezesa Jacht Klubu BORUTA dla najm\u0142odszego sternika jachtu bior\u0105cego udzia\u0142 w regatach:<\/li>\n<\/ul>\n<p><strong>Przemys\u0142aw Makowski <\/strong>z Jacht Klub Boruta<\/p>\n<ul>\n<li>Puchar Prezesa Pabianickiego Klubu Sport\u00f3w Wodnych otrzyma za\u0142oga bior\u0105ca udzia\u0142 w regatach, kt\u00f3ra oceniania b\u0119dzie pod k\u0105tem: niesienia pomocy innym jachtom, ust\u0119powania prawa drogi nie doprowadzaj\u0105c do kolizji z innymi jachtami, stosowania si\u0119 do wszystkich zalece\u0144 Komisji Regatowej jak i ww. przepis\u00f3w oraz dbaniem o \u015brodowisko naturalne:<\/li>\n<\/ul>\n<p><strong>Robert Fr\u0105czak<\/strong><\/p>\n<hr \/>\n<p>&nbsp;<\/p>\n<p><iframe loading=\"lazy\" style=\"border: none; overflow: hidden;\" src=\"https:\/\/www.facebook.com\/plugins\/video.php?height=314&amp;href=https%3A%2F%2Fwww.facebook.com%2Fgminanowyduninow%2Fvideos%2F739225443976176%2F&amp;show_text=true&amp;width=560&amp;t=0\" width=\"560\" height=\"429\" frameborder=\"0\" scrolling=\"no\" allowfullscreen=\"allowfullscreen\"><\/iframe><\/p>\n<hr \/>\n<p><span style=\"color: #800000;\"><strong>16 lipiec 2022 r.:<\/strong><\/span><\/p>\n<p>Tak si\u0119 dzia\u0142o \ud83d\ude42<br \/>\n<iframe loading=\"lazy\" style=\"border: none; overflow: hidden;\" src=\"https:\/\/www.facebook.com\/plugins\/video.php?height=314&amp;href=https%3A%2F%2Fwww.facebook.com%2Fgminanowyduninow%2Fvideos%2F546734470517889%2F&amp;show_text=false&amp;width=560&amp;t=0\" width=\"560\" height=\"314\" frameborder=\"0\" scrolling=\"no\" allowfullscreen=\"allowfullscreen\"><\/iframe><\/p>\n<hr \/>\n<p><iframe loading=\"lazy\" style=\"border: none; overflow: hidden;\" src=\"https:\/\/www.facebook.com\/plugins\/video.php?height=476&amp;href=https%3A%2F%2Fwww.facebook.com%2Fgminanowyduninow%2Fvideos%2F1075294676405162%2F&amp;show_text=false&amp;width=267&amp;t=0\" width=\"267\" height=\"476\" frameborder=\"0\" scrolling=\"no\" allowfullscreen=\"allowfullscreen\"><\/iframe><\/p>\n<p><iframe loading=\"lazy\" style=\"border: none; overflow: hidden;\" src=\"https:\/\/www.facebook.com\/plugins\/video.php?height=314&amp;href=https%3A%2F%2Fwww.facebook.com%2Fgminanowyduninow%2Fvideos%2F570804514780787%2F&amp;show_text=false&amp;width=560&amp;t=0\" width=\"560\" height=\"314\" frameborder=\"0\" scrolling=\"no\" allowfullscreen=\"allowfullscreen\"><\/iframe><\/p>\n<hr \/>\n<p><iframe loading=\"lazy\" style=\"border: none; overflow: hidden;\" src=\"https:\/\/www.facebook.com\/plugins\/video.php?height=476&amp;href=https%3A%2F%2Fwww.facebook.com%2Fgminanowyduninow%2Fvideos%2F505827664645541%2F&amp;show_text=false&amp;width=267&amp;t=0\" width=\"267\" height=\"476\" frameborder=\"0\" scrolling=\"no\" allowfullscreen=\"allowfullscreen\"><\/iframe><\/p>\n<hr \/>\n<p><iframe loading=\"lazy\" style=\"border: none; overflow: hidden;\" src=\"https:\/\/www.facebook.com\/plugins\/video.php?height=314&amp;href=https%3A%2F%2Fwww.facebook.com%2Fgminanowyduninow%2Fvideos%2F1102064840393124%2F&amp;show_text=false&amp;width=560&amp;t=0\" width=\"560\" height=\"314\" frameborder=\"0\" scrolling=\"no\" allowfullscreen=\"allowfullscreen\"><\/iframe><\/p>\n<hr \/>\n<p><iframe loading=\"lazy\" style=\"border: none; overflow: hidden;\" src=\"https:\/\/www.facebook.com\/plugins\/video.php?height=314&amp;href=https%3A%2F%2Fwww.facebook.com%2Fgminanowyduninow%2Fvideos%2F1156288005151919%2F&amp;show_text=false&amp;width=560&amp;t=0\" width=\"560\" height=\"314\" frameborder=\"0\" scrolling=\"no\" allowfullscreen=\"allowfullscreen\"><\/iframe><\/p>\n<hr \/>\n<p>&nbsp;<\/p>\n<hr \/>\n<p>&nbsp;<\/p>\n<ul>\n<li><a href=\"https:\/\/nowyduninow.info.pl\/?page_id=13920\">https:\/\/nowyduninow.info.pl\/?page_id=13920<\/a><\/li>\n<li><a href=\"https:\/\/nowyduninow.info.pl\/?p=13840\">https:\/\/nowyduninow.info.pl\/?p=13840<\/a><\/li>\n<li><a href=\"https:\/\/nowyduninow.info.pl\/?p=13830\">https:\/\/nowyduninow.info.pl\/?p=13830<\/a><\/li>\n<\/ul>\n<p>&nbsp;<\/p>\n<p>11 lipiec 2022 r.:<\/p>\n<ul>\n<li>Mamy plakat: https:\/\/nowyduninow.info.pl\/?p=13840<\/li>\n<\/ul>\n<p><a href=\"https:\/\/nowyduninow.info.pl\/wp-content\/uploads\/2022\/07\/plakat-A2_NOWY-DUNINOW_regaty-2022_int-nowy_1200.jpg\"><img decoding=\"async\" loading=\"lazy\" class=\"aligncenter size-full wp-image-13843\" src=\"https:\/\/nowyduninow.info.pl\/wp-content\/uploads\/2022\/07\/plakat-A2_NOWY-DUNINOW_regaty-2022_int-nowy_5341.jpg\" alt=\"plakat A2_NOWY DUNINOW_regaty 2022_int nowy_534\" width=\"534\" height=\"755\" \/><\/a>7 lipiec 2022 r.<\/p>\n<p>W\u00f3jt Gminy Miros\u0142aw Krysiak, Marsza\u0142ek Wojew\u00f3dztwa Mazowieckiego Adam Struzik i Starosta P\u0142ocki Sylwester Ziemkiewicz zapraszaj\u0105 dzieci z terenu gminy Nowy Dunin\u00f3w na rejs statkiem z P\u0142ocka do Nowego Duninowa w dniu Regat \u017beglarskich, tj. 16 lipca 2022 r.<\/p>\n<p>Rejs jest bezp\u0142atny, ale ze wzgl\u0119du na ograniczon\u0105 ilo\u015b\u0107 miejsc wymagana jest rejestracja i odbi\u00f3r bilet\u00f3w u pracownika Urz\u0119du Gminy. Pami\u0119ta\u0107 te\u017c nale\u017cy, \u017ce dziecko nie mo\u017ce p\u0142yn\u0105\u0107 samo. Wymagana jest obecno\u015b\u0107 opiekuna.<\/p>\n<p>Zg\u0142oszenia b\u0119dziemy przyjmowali od pi\u0105tku 8 lipca 2022 roku pod nr telefon: <strong>+48512 372 522 lub 242610236 wew. 116<\/strong> w godzinach pracy Urz\u0119du Gminy.<\/p>\n<p><strong>Odbi\u00f3r bilet\u00f3w od poniedzia\u0142ku 11.07. br do\u00a0 \u015brody 13.07 br.<\/strong><\/p>\n<p><img decoding=\"async\" loading=\"lazy\" class=\"aligncenter size-full wp-image-13831\" src=\"https:\/\/nowyduninow.info.pl\/wp-content\/uploads\/2022\/07\/168_2019-07-13_8469_org_km_534.jpg\" alt=\"168_2019 07 13_8469_org_km_534\" width=\"534\" height=\"360\" \/><\/p>\n<p>5 lipiec 2022 r.<\/p>\n<p><span class=\"d2edcug0 hpfvmrgz qv66sw1b c1et5uql lr9zc1uh a8c37x1j fe6kdd0r mau55g9w c8b282yb keod5gw0 nxhoafnm aigsh9s9 d3f4x2em iv3no6db jq4qci2q a3bd9o3v b1v8xokw oo9gr5id hzawbc8m\" dir=\"auto\">Kolejne wiadomo\u015bci z gminy Nowy Dunin\u00f3w, czyli: absolutorium dla W\u00f3jta Krysiaka za 2021 rok, kolejne inwestycje i pozyskane na nie pieni\u0105dze (droga w Lipiankach, \u015bwietlica w Pop\u0142acinie, rozbudowa oczyszczalni \u015bciek\u00f3w i sieci kanalizacyjnej w Nowym Duninowie, kanalizacja w Karolewie, plany budowy przedszkola i du\u017co mniejszych zada\u0144 dofinansowanych z bud\u017cetu samorz\u0105du wojew\u00f3dztwa mazowieckiego). Tak\u017ce o Biesiadzie \u015awi\u0119toja\u0144skiej i o lipcowych Regatach \u017beglarskich w Nowym Duninowie, kt\u00f3re odb\u0119d\u0105 si\u0119 16 lipca.<\/span><br \/>\n<iframe loading=\"lazy\" title=\"YouTube video player\" src=\"https:\/\/www.youtube.com\/embed\/2BFPXEk6rqE\" width=\"560\" height=\"315\" frameborder=\"0\" allowfullscreen=\"allowfullscreen\"><\/iframe><br \/>\n19 maja:<\/p>\n<ul>\n<li>Zaczynamy: https:\/\/nowyduninow.info.pl\/?p=13670<\/li>\n<\/ul>\n<p>&nbsp;<\/p>\n<p>&nbsp;<\/p>\n<p>Jak wszystkim wiadomo, <strong>XXV Regaty \u017beglarskie w Nowym Duninowie o trzy puchary odb\u0119d\u0105 si\u0119 16 lipca 2022.<\/strong><\/p>\n<p>W miniony wtorek (17.05.2022 r.) odby\u0142o si\u0119 <strong>spotkanie z \u017ceglarzami i przedstawicielem WOPR-u w P\u0142ocku<\/strong>. Stan\u0119li do wsp\u00f3\u0142organizacji Regat: niezawodny Oddzia\u0142 \u017beglarsko \u2013 Motorowodny PTTK \u201cMorka\u201d w P\u0142ocku, P\u0142ocki Okr\u0119gowy Zwi\u0105zek \u017beglarski, Klub \u017beglarski \u201eHals\u201d, Jachtklub \u201eBoruta\u201d, Pabianicki Klub \u017beglarski. Potwierdzi\u0142 te\u017c gotowo\u015b\u0107 Zgierski Klub Sport\u00f3w Wodnych. Czekamy na odzew z K\u017b Petrochemia. G\u0142\u00f3wnym tematem wtorkowego spotkania by\u0142a organizacja samych zawod\u00f3w. POZ\u017b przygotowuje ju\u017c zawiadomienie o Regatach.<\/p>\n<p>Po raz pierwszy w lipcowych regatach b\u0119d\u0105 zorganizowane dwie trasy. Jedna z nich wyznaczona zostanie dla <strong>dzieci startuj\u0105cych w klasie Optimist<\/strong>. Start dzieci to zas\u0142uga przede wszystkim Klubu \u017beglarskiego \u201eHals\u201d, kt\u00f3ry wsp\u00f3\u0142pracuje od d\u0142u\u017cszego czasu z nasz\u0105 lokaln\u0105 \u201eFal\u0105\u201d.<\/p>\n<p><strong>Rezerwujcie w swoich kalendarzach czas na spotkanie w porcie w Nowym Duninowie. 16 lipca 2022 r. od godz. 10.00.<\/strong><\/p>\n","protected":false},"excerpt":{"rendered":"<p>I po Regatach &#8230; \ud83d\ude09<\/p>\n<p>\tOto wyniki:Otw\u00f3rz plik pdf<br \/>\n\tSprawozdanie &#8211; otw\u00f3rz plik pdf<\/p>\n<p>&nbsp;<\/p>\n<p>Oto zdobywcy Puchar\u00f3w:<\/p>\n<p>\tPuchar W\u00f3jta Gminy dla klubu kt\u00f3ry zdoby\u0142 najwi\u0119ksz\u0105 ilo\u015b\u0107 punkt\u00f3w w regatach (\u201eZa zaj\u0119cie I miejsca zespo\u0142owego\u201d liczonego wg. P\u017bGP):<\/p>\n<p>Jacht Klub Boruta<\/p>\n<p>\tPuchar  [&#8230;]<\/p>\n","protected":false},"author":1,"featured_media":0,"parent":0,"menu_order":0,"comment_status":"closed","ping_status":"closed","template":"","meta":[],"_links":{"self":[{"href":"https:\/\/nowyduninow.info.pl\/archiwum\/index.php?rest_route=\/wp\/v2\/pages\/13920"}],"collection":[{"href":"https:\/\/nowyduninow.info.pl\/archiwum\/index.php?rest_route=\/wp\/v2\/pages"}],"about":[{"href":"https:\/\/nowyduninow.info.pl\/archiwum\/index.php?rest_route=\/wp\/v2\/types\/page"}],"author":[{"embeddable":true,"href":"https:\/\/nowyduninow.info.pl\/archiwum\/index.php?rest_route=\/wp\/v2\/users\/1"}],"replies":[{"embeddable":true,"href":"https:\/\/nowyduninow.info.pl\/archiwum\/index.php?rest_route=%2Fwp%2Fv2%2Fcomments&post=13920"}],"version-history":[{"count":17,"href":"https:\/\/nowyduninow.info.pl\/archiwum\/index.php?rest_route=\/wp\/v2\/pages\/13920\/revisions"}],"predecessor-version":[{"id":13949,"href":"https:\/\/nowyduninow.info.pl\/archiwum\/index.php?rest_route=\/wp\/v2\/pages\/13920\/revisions\/13949"}],"wp:attachment":[{"href":"https:\/\/nowyduninow.info.pl\/archiwum\/index.php?rest_route=%2Fwp%2Fv2%2Fmedia&parent=13920"}],"curies":[{"name":"wp","href":"https:\/\/api.w.org\/{rel}","templated":true}]}}