{"id":13863,"date":"2022-07-26T08:57:17","date_gmt":"2022-07-26T06:57:17","guid":{"rendered":"http:\/\/nowyduninow.info.pl\/?page_id=13863"},"modified":"2022-08-02T15:38:14","modified_gmt":"2022-08-02T13:38:14","slug":"vii-turniej-wolnych-druzyn-soczewka-2022","status":"publish","type":"page","link":"https:\/\/nowyduninow.info.pl\/archiwum\/?page_id=13863","title":{"rendered":"VII Turniej Wolnych Dru\u017cyn. Soczewka 2022."},"content":{"rendered":"<p style=\"text-align: justify;\"><img decoding=\"async\" loading=\"lazy\" class=\"aligncenter size-full wp-image-13964\" src=\"https:\/\/nowyduninow.info.pl\/archiwum\/wp-content\/uploads\/2022\/07\/lista_zglosz_druzyn_2022_twd_534.jpg\" alt=\"lista_zglosz_druzyn_2022_twd_534\" width=\"534\" height=\"534\" \/><\/p>\n<hr \/>\n<p style=\"text-align: justify;\">\n<p style=\"text-align: justify;\">27.07.2022 r.<\/p>\n<div class=\"\" dir=\"auto\">\n<div id=\"jsc_c_25w\" class=\"ecm0bbzt hv4rvrfc ihqw7lf3 dati1w0a\" data-ad-comet-preview=\"message\" data-ad-preview=\"message\">\n<div class=\"j83agx80 cbu4d94t ew0dbk1b irj2b8pg\">\n<div class=\"qzhwtbm6 knvmm38d\">\n<div class=\"kvgmc6g5 cxmmr5t8 oygrvhab hcukyx3x c1et5uql ii04i59q\">\n<div dir=\"auto\"><a href=\"https:\/\/nowyduninow.info.pl\/wp-content\/uploads\/2022\/07\/wydarzenie_piknik1.png\"><img decoding=\"async\" loading=\"lazy\" class=\"alignright wp-image-13889 size-medium\" src=\"https:\/\/nowyduninow.info.pl\/wp-content\/uploads\/2022\/07\/wydarzenie_piknik1-300x157.png\" alt=\"wydarzenie_piknik\" width=\"300\" height=\"157\" \/><\/a>Liczymy na Pa\u0144stwa obecno\u015b\u0107 6.08.2022 od godz. 16.00 w Soczewce.<\/div>\n<div dir=\"auto\">Jest zgoda Starosty P\u0142ockiego <a class=\"oajrlxb2 g5ia77u1 qu0x051f esr5mh6w e9989ue4 r7d6kgcz rq0escxv nhd2j8a9 nc684nl6 p7hjln8o kvgmc6g5 cxmmr5t8 oygrvhab hcukyx3x jb3vyjys rz4wbd8a qt6c0cv9 a8nywdso i1ao9s8h esuyzwwr f1sip0of lzcic4wl gpro0wi8 q66pz984 b1v8xokw\" tabindex=\"0\" href=\"https:\/\/www.facebook.com\/sylwester.ziemkiewicz.9?__cft__[0]=AZUQP2Svc2Rz0Mb34x6vGhZaq_2KF96U4ZZLPp-T9M_UWAdmpPWwQA_SfrDTsxGSU836Nn87SIOshIhOIzlwfr4-cnc2PPoqWtfzGCkaohO66ZR4yhBMDGbN3GCSK5GauKBKH2f0zdeJ0QkoFewbQYNeSAVEi5KJWXojugPCTwUjVr0d8-csRv-eQK0pj09bXaI&amp;__tn__=-]K-R\"><span class=\"nc684nl6\">Sylwester Ziemkiewicz<\/span><\/a> na obj\u0119cie <a class=\"oajrlxb2 g5ia77u1 qu0x051f esr5mh6w e9989ue4 r7d6kgcz rq0escxv nhd2j8a9 nc684nl6 p7hjln8o kvgmc6g5 cxmmr5t8 oygrvhab hcukyx3x jb3vyjys rz4wbd8a qt6c0cv9 a8nywdso i1ao9s8h esuyzwwr f1sip0of lzcic4wl gpro0wi8 q66pz984 b1v8xokw\" tabindex=\"0\" href=\"https:\/\/www.facebook.com\/events\/819435736101737\/?__cft__[0]=AZUQP2Svc2Rz0Mb34x6vGhZaq_2KF96U4ZZLPp-T9M_UWAdmpPWwQA_SfrDTsxGSU836Nn87SIOshIhOIzlwfr4-cnc2PPoqWtfzGCkaohO66ZR4yhBMDGbN3GCSK5GauKBKH2f0zdeJ0QkoFewbQYNeSAVEi5KJWXojugPCTwUjVr0d8-csRv-eQK0pj09bXaI&amp;__tn__=-UK-R\"><span class=\"nc684nl6\">VII Turniej Pi\u0142ki No\u017cnej Wolnych Dru\u017cyn o Puchar W\u00f3jta Gminy Nowy Dunin\u00f3w\/ Piknik Wakacyjny<\/span><\/a> Honorowym Patronatem. Dzi\u0119kujemy <span class=\"pq6dq46d tbxw36s4 knj5qynh kvgmc6g5 ditlmg2l oygrvhab nvdbi5me sf5mxxl7 gl3lb2sf hhz5lgdu\"><img decoding=\"async\" loading=\"lazy\" src=\"https:\/\/static.xx.fbcdn.net\/images\/emoji.php\/v9\/t4c\/1\/16\/1f642.png\" alt=\"\" width=\"16\" height=\"16\" \/><\/span> Marsza\u0142ek Wojew\u00f3dztwa Mazowieckiego <a class=\"oajrlxb2 g5ia77u1 qu0x051f esr5mh6w e9989ue4 r7d6kgcz rq0escxv nhd2j8a9 nc684nl6 p7hjln8o kvgmc6g5 cxmmr5t8 oygrvhab hcukyx3x jb3vyjys rz4wbd8a qt6c0cv9 a8nywdso i1ao9s8h esuyzwwr f1sip0of lzcic4wl gpro0wi8 q66pz984 b1v8xokw\" tabindex=\"0\" href=\"https:\/\/www.facebook.com\/struzikadam?__cft__[0]=AZUQP2Svc2Rz0Mb34x6vGhZaq_2KF96U4ZZLPp-T9M_UWAdmpPWwQA_SfrDTsxGSU836Nn87SIOshIhOIzlwfr4-cnc2PPoqWtfzGCkaohO66ZR4yhBMDGbN3GCSK5GauKBKH2f0zdeJ0QkoFewbQYNeSAVEi5KJWXojugPCTwUjVr0d8-csRv-eQK0pj09bXaI&amp;__tn__=-]K-R\"><span class=\"nc684nl6\">Adam Struzik<\/span><\/a> tak\u017ce udzieli\u0142 nam wsparcia. Podsumowuj\u0105c, 6 sierpnia w Soczewce odb\u0119dzie si\u0119 presti\u017cowa impreza sportowo &#8211; rekreacyjna, na kt\u00f3rej mi\u0142o b\u0119dzie nam Was go\u015bci\u0107. Do zobaczenia na boisku przy Szkole Filialnej w Soczewce (ul. ks. Paw\u0142a Kwiatkowskiego 1).<\/div>\n<div dir=\"auto\">Serdecznie dzi\u0119kujemy za deklaracj\u0119 wsparcia <a class=\"oajrlxb2 g5ia77u1 qu0x051f esr5mh6w e9989ue4 r7d6kgcz rq0escxv nhd2j8a9 nc684nl6 p7hjln8o kvgmc6g5 cxmmr5t8 oygrvhab hcukyx3x jb3vyjys rz4wbd8a qt6c0cv9 a8nywdso i1ao9s8h esuyzwwr f1sip0of lzcic4wl gpro0wi8 q66pz984 b1v8xokw\" tabindex=\"0\" href=\"https:\/\/www.facebook.com\/Fundacja-Bez-Granic-100211118888329\/?__cft__[0]=AZUQP2Svc2Rz0Mb34x6vGhZaq_2KF96U4ZZLPp-T9M_UWAdmpPWwQA_SfrDTsxGSU836Nn87SIOshIhOIzlwfr4-cnc2PPoqWtfzGCkaohO66ZR4yhBMDGbN3GCSK5GauKBKH2f0zdeJ0QkoFewbQYNeSAVEi5KJWXojugPCTwUjVr0d8-csRv-eQK0pj09bXaI&amp;__tn__=kK-R\"><span class=\"nc684nl6\">Fundacja &#8222;Bez Granic&#8221;<\/span><\/a>, <a class=\"oajrlxb2 g5ia77u1 qu0x051f esr5mh6w e9989ue4 r7d6kgcz rq0escxv nhd2j8a9 nc684nl6 p7hjln8o kvgmc6g5 cxmmr5t8 oygrvhab hcukyx3x jb3vyjys rz4wbd8a qt6c0cv9 a8nywdso i1ao9s8h esuyzwwr f1sip0of lzcic4wl gpro0wi8 q66pz984 b1v8xokw\" tabindex=\"0\" href=\"https:\/\/www.facebook.com\/profile.php?id=100063494176214&amp;__cft__[0]=AZUQP2Svc2Rz0Mb34x6vGhZaq_2KF96U4ZZLPp-T9M_UWAdmpPWwQA_SfrDTsxGSU836Nn87SIOshIhOIzlwfr4-cnc2PPoqWtfzGCkaohO66ZR4yhBMDGbN3GCSK5GauKBKH2f0zdeJ0QkoFewbQYNeSAVEi5KJWXojugPCTwUjVr0d8-csRv-eQK0pj09bXaI&amp;__tn__=-]K-R\"><span class=\"nc684nl6\">Gminny O\u015brodek Kultury w Nowym Duninowie<\/span><\/a>, <a class=\"oajrlxb2 g5ia77u1 qu0x051f esr5mh6w e9989ue4 r7d6kgcz rq0escxv nhd2j8a9 nc684nl6 p7hjln8o kvgmc6g5 cxmmr5t8 oygrvhab hcukyx3x jb3vyjys rz4wbd8a qt6c0cv9 a8nywdso i1ao9s8h esuyzwwr f1sip0of lzcic4wl gpro0wi8 q66pz984 b1v8xokw\" tabindex=\"0\" href=\"https:\/\/www.facebook.com\/Nadwi%C5%9Bla%C5%84skie-Stowarzyszenie-w-Woli-Brwile%C5%84skiej-571999109608587\/?__cft__[0]=AZUQP2Svc2Rz0Mb34x6vGhZaq_2KF96U4ZZLPp-T9M_UWAdmpPWwQA_SfrDTsxGSU836Nn87SIOshIhOIzlwfr4-cnc2PPoqWtfzGCkaohO66ZR4yhBMDGbN3GCSK5GauKBKH2f0zdeJ0QkoFewbQYNeSAVEi5KJWXojugPCTwUjVr0d8-csRv-eQK0pj09bXaI&amp;__tn__=kK-R\"><span class=\"nc684nl6\">Nadwi\u015bla\u0144skie Stowarzyszenie w Woli Brwile\u0144skiej<\/span><\/a> i OSP Dzierz\u0105zna. Tak\u017ce Pani Iwonie Sierockiej i Ewie Kowalak za pomoc \ud83d\ude42<\/div>\n<\/div>\n<\/div>\n<\/div>\n<\/div>\n<\/div>\n<hr \/>\n<p style=\"text-align: justify;\">Po raz si\u00f3dmy zapraszamy amatorki i amator\u00f3w pi\u0142ki no\u017cnej w ka\u017cdym wieku do Soczewki na Turniej Pi\u0142ki No\u017cnej &#8222;Wolnych Dru\u017cyn&#8221; o puchar W\u00f3jta Gminy Nowy Dunin\u00f3w. Czekamy na decyzj\u0119 Starosty P\u0142ockiego Sylwestra Ziemkiewicza w sprawie obj\u0119cia nad imprez\u0105 Honorowego Patronatu, ale dzi\u015b ju\u017c wiemy, \u017ce przedstawiciele samorz\u0105du powiatu b\u0119d\u0105 z nami 6 sierpnia br.<\/p>\n<p style=\"text-align: justify;\">Tradycyjnie przy okazji Turnieju w\u00f3jt zaprasza na Piknik Wakacyjny. Po\u0142\u0105czenie tych dw\u00f3ch wydarze\u0144 \u015bwietnie si\u0119 sprawdzi\u0142o. Maluchy, kt\u00f3re niekoniecznie s\u0105 zainteresowane (jeszcze) pi\u0142k\u0105 no\u017cn\u0105 w wykonaniu mam i tatusi\u00f3w, mog\u0105 bawi\u0107 si\u0119 na drugim boisku lub korzysta\u0107 z dmuchanych zje\u017cd\u017calni i skaka\u0107 pod niebo na bungee. Co\u015b jeszcze dla nich si\u0119 znajdzie. Pomo\u017ce w tym Fundacja Bez Granic z Damianem Krysiakiem i Oliwi\u0105 Cyrankowsk\u0105, Marsza\u0142ek Wojew\u00f3dztwa Mazowieckiego Adam Struzik i Gminny O\u015brodek Kultury w Nowym Duninowie z siedzib\u0105 w Soczewce, czyli Katarzyna Ludwiczak.<\/p>\n<p style=\"text-align: justify;\">Jak zwykle w takich razach o dobre jedzenie i co\u015b do picia zadba Nadwi\u015bla\u0144skie Stowarzyszenie w Woli Brwile\u0144skiej.<\/p>\n<p style=\"text-align: justify;\">Pi\u0142karzy te\u017c nakarmimy. Dobr\u0105 muzyk\u0105 i nag\u0142o\u015bnieniem zajmie si\u0119 od lat wsp\u00f3\u0142pracuj\u0105cy z gmin\u0105 Nowy Dunin\u00f3w DEMIX.<\/p>\n<p style=\"text-align: justify;\">Na razie to tyle.<\/p>\n<p style=\"text-align: justify;\">Czekamy na zg\u0142oszenia dru\u017cyn. W za\u0142\u0105cznikach i na stronie internetowej <a href=\"https:\/\/nowyduninow.info.pl\">https:\/\/nowyduninow.info.pl<\/a> znajdziecie wszystkie formularze niezb\u0119dne do zg\u0142oszenia dru\u017cyny. Macie czas do 1 sierpnia.<\/p>\n<p><span style=\"color: #800000;\">Potrzebne Pliki:<\/span><\/p>\n<ol>\n<li><span style=\"color: #800000;\">Regulamin Turnieju &#8211; pobierz pdf<\/span><\/li>\n<li><span style=\"color: #800000;\">Formularz zg\u0142oszenia dru\u017cyny &#8211; pobierz pdf<\/span><\/li>\n<li><span style=\"color: #800000;\">Formularz Zgody rodzica\/ opiekuna &#8211; pobierz pdf<\/span><\/li>\n<\/ol>\n","protected":false},"excerpt":{"rendered":"<p>27.07.2022 r.<\/p>\n<p>Liczymy na Pa\u0144stwa obecno\u015b\u0107 6.08.2022 od godz. 16.00 w Soczewce.<br \/>\nJest zgoda Starosty P\u0142ockiego Sylwester Ziemkiewicz na obj\u0119cie VII Turniej Pi\u0142ki No\u017cnej Wolnych Dru\u017cyn o Puchar W\u00f3jta Gminy Nowy Dunin\u00f3w\/ Piknik Wakacyjny Honorowym Patronatem. Dzi\u0119kujemy   [&#8230;]<\/p>\n","protected":false},"author":1,"featured_media":0,"parent":0,"menu_order":0,"comment_status":"closed","ping_status":"closed","template":"","meta":[],"_links":{"self":[{"href":"https:\/\/nowyduninow.info.pl\/archiwum\/index.php?rest_route=\/wp\/v2\/pages\/13863"}],"collection":[{"href":"https:\/\/nowyduninow.info.pl\/archiwum\/index.php?rest_route=\/wp\/v2\/pages"}],"about":[{"href":"https:\/\/nowyduninow.info.pl\/archiwum\/index.php?rest_route=\/wp\/v2\/types\/page"}],"author":[{"embeddable":true,"href":"https:\/\/nowyduninow.info.pl\/archiwum\/index.php?rest_route=\/wp\/v2\/users\/1"}],"replies":[{"embeddable":true,"href":"https:\/\/nowyduninow.info.pl\/archiwum\/index.php?rest_route=%2Fwp%2Fv2%2Fcomments&post=13863"}],"version-history":[{"count":6,"href":"https:\/\/nowyduninow.info.pl\/archiwum\/index.php?rest_route=\/wp\/v2\/pages\/13863\/revisions"}],"predecessor-version":[{"id":13965,"href":"https:\/\/nowyduninow.info.pl\/archiwum\/index.php?rest_route=\/wp\/v2\/pages\/13863\/revisions\/13965"}],"wp:attachment":[{"href":"https:\/\/nowyduninow.info.pl\/archiwum\/index.php?rest_route=%2Fwp%2Fv2%2Fmedia&parent=13863"}],"curies":[{"name":"wp","href":"https:\/\/api.w.org\/{rel}","templated":true}]}}