{"id":1301,"date":"2014-12-17T15:09:51","date_gmt":"2014-12-17T14:09:51","guid":{"rendered":"http:\/\/nowyduninow.info.pl\/?page_id=1301"},"modified":"2022-03-09T12:35:55","modified_gmt":"2022-03-09T11:35:55","slug":"pomoce-ngo","status":"publish","type":"page","link":"https:\/\/nowyduninow.info.pl\/archiwum\/?page_id=1301","title":{"rendered":"Pomoce NGO"},"content":{"rendered":"<p style=\"text-align: right;\">14.12.2018 r.<\/p>\n<p>&nbsp;<\/p>\n<p>======================================<\/p>\n<ul>\n<li>Serwis dla organizacji pozarz\u0105dowych &#8211; TU znajdziecie wszystko, co dotyczy funkcjonowania stowarzysze\u0144, fundacji, etc. Autorzy serwisu udost\u0119pniaj\u0105 r\u00f3wnie\u017c wzory przydatnych formularzy oraz najbardziej aktualne informacje. Warto tu zagl\u0105da\u0107: <span style=\"color: #800000;\"><a style=\"color: #800000;\" href=\"http:\/\/www.ngo.pl\/\" target=\"_blank\">http:\/\/www.ngo.pl<\/a><\/span><\/li>\n<\/ul>\n","protected":false},"excerpt":{"rendered":"<p>14.12.2018 r.<br \/>\n&nbsp;<\/p>\n<p>======================================<\/p>\n<p>\tSerwis dla organizacji pozarz\u0105dowych &#8211; TU znajdziecie wszystko, co dotyczy funkcjonowania stowarzysze\u0144, fundacji, etc. Autorzy serwisu udost\u0119pniaj\u0105 r\u00f3wnie\u017c wzory przydatnych formularzy oraz najbardziej aktualne informacje. Warto tu  [&#8230;]<\/p>\n","protected":false},"author":1,"featured_media":0,"parent":0,"menu_order":0,"comment_status":"open","ping_status":"closed","template":"","meta":[],"_links":{"self":[{"href":"https:\/\/nowyduninow.info.pl\/archiwum\/index.php?rest_route=\/wp\/v2\/pages\/1301"}],"collection":[{"href":"https:\/\/nowyduninow.info.pl\/archiwum\/index.php?rest_route=\/wp\/v2\/pages"}],"about":[{"href":"https:\/\/nowyduninow.info.pl\/archiwum\/index.php?rest_route=\/wp\/v2\/types\/page"}],"author":[{"embeddable":true,"href":"https:\/\/nowyduninow.info.pl\/archiwum\/index.php?rest_route=\/wp\/v2\/users\/1"}],"replies":[{"embeddable":true,"href":"https:\/\/nowyduninow.info.pl\/archiwum\/index.php?rest_route=%2Fwp%2Fv2%2Fcomments&post=1301"}],"version-history":[{"count":6,"href":"https:\/\/nowyduninow.info.pl\/archiwum\/index.php?rest_route=\/wp\/v2\/pages\/1301\/revisions"}],"predecessor-version":[{"id":13132,"href":"https:\/\/nowyduninow.info.pl\/archiwum\/index.php?rest_route=\/wp\/v2\/pages\/1301\/revisions\/13132"}],"wp:attachment":[{"href":"https:\/\/nowyduninow.info.pl\/archiwum\/index.php?rest_route=%2Fwp%2Fv2%2Fmedia&parent=1301"}],"curies":[{"name":"wp","href":"https:\/\/api.w.org\/{rel}","templated":true}]}}