{"id":13,"date":"2014-02-25T14:54:49","date_gmt":"2014-02-25T13:54:49","guid":{"rendered":"http:\/\/mckomptech.nazwa.pl\/nowyduninow\/?page_id=13"},"modified":"2025-07-24T13:55:30","modified_gmt":"2025-07-24T11:55:30","slug":"polecamy","status":"publish","type":"page","link":"https:\/\/nowyduninow.info.pl\/archiwum\/?page_id=13","title":{"rendered":"Tablica og\u0142osze\u0144"},"content":{"rendered":"<hr \/>\n<h6 style=\"text-align: center;\"><strong>OG\u0141OSZENIE STAROSTY GOSTYNI\u0143SKIEGO<\/strong><\/h6>\n<p style=\"text-align: center;\">Urz\u0105d Gminy w Nowym Duninowie, zgodnie z pismem Starosty Gostyni\u0144skiego, umieszcza na stronie internetowej decyzj\u0119 z dnia 21 lipca 2025 r. w sprawie ustalenia wysoko\u015bci odszkodowania za nieruchomo\u015b\u0107 po\u0142o\u017con\u0105 w obr\u0119bie 0007 Grodziska, gmina Nowy Dunin\u00f3w, oznaczon\u0105 jako dzia\u0142ki nr 254\/2, 256\/2, 258\/1, 263\/1.<\/p>\n<p style=\"text-align: left;\"><a href=\"https:\/\/nowyduninow.info.pl\/archiwum\/wp-content\/uploads\/2014\/02\/683_30_decyzja_starostwo_gostynin.pdf\">DECYZJA GK.683.30.2024.AS<\/a><\/p>\n<hr \/>\n<hr \/>\n<h6 style=\"text-align: center;\"><strong>OG\u0141OSZENIE STAROSTY GOSTYNI\u0143SKIEGO<\/strong><\/h6>\n<p style=\"text-align: center;\">Urz\u0105d Gminy w Nowym Duninowie, zgodnie z pismem Starosty Gostyni\u0144skiego, umieszcza na stronie internetowej decyzj\u0119 z dnia 21 lipca 2025 r. w sprawie ustalenia wysoko\u015bci odszkodowania za nieruchomo\u015b\u0107 po\u0142o\u017con\u0105 w obr\u0119bie 0007 Grodziska, gmina Nowy Dunin\u00f3w, oznaczon\u0105 jako dzia\u0142ka nr 206\/7.<\/p>\n<p style=\"text-align: left;\"><a href=\"https:\/\/nowyduninow.info.pl\/archiwum\/wp-content\/uploads\/2014\/02\/683_34_decyzja_starostwo_gostynin.pdf\">DECYZJA GK.683.34.2024.AS<\/a><\/a><\/p>\n<hr \/>\n<hr \/>\n<h6 style=\"text-align: center;\"><strong>OBWIESZCZENIE<\/strong><\/h6>\n<p style=\"text-align: center;\">W\u00f3jta Gminy Nowy Dunin\u00f3w z dnia 5 maja 2025 roku w sprawie wprowadzenia bezp\u0142atnego transportu do i z lokalu wyborczego w\u0142a\u015bciwego dla miejsca zamieszkania (lub pobytu), w kt\u00f3rym wyborca zosta\u0142 uj\u0119ty w spisie wyborc\u00f3w w sta\u0142ych obwodach g\u0142osowania na terenie Gminy Nowy Dunin\u00f3w<\/p>\n<p style=\"text-align: left;\"><a href=\"https:\/\/nowyduninow.info.pl\/archiwum\/wp-content\/uploads\/2014\/02\/obwieszczenie.pdf\">obwieszczenie<\/a><\/p>\n<hr \/>\n<p>PLAN DY\u017bURU<br \/>\nURZ\u0104D GMINY W NOWYM DUNINOWIE<\/p>\n<p>Informujemy, \u017ce w dniu 18 kwietnia 2025 roku, w zwi\u0105zku ze skr\u00f3ceniem czasu pracy Urz\u0119du Gminy Nowy Dunin\u00f3w do godziny 12:00, w godzinach: od 12:00 do 15:00 w budynku Urz\u0119du przy ul. Osiedlowej 1, 09-505 Nowy Dunin\u00f3w, pok\u00f3j nr 9, pe\u0142niony b\u0119dzie dy\u017cur w sk\u0142adzie:<\/p>\n<p>pe\u0142nomocnik wyborczy<\/p>\n<p>urz\u0119dnik wyborczy<\/p>\n<p>Dy\u017cur b\u0119dzie prowadzony na potrzeby przyjmowania zg\u0142osze\u0144 kandydat\u00f3w na cz\u0142onk\u00f3w obwodowych komisji wyborczych, zg\u0142aszanych przez pe\u0142nomocnik\u00f3w komitet\u00f3w wyborczych dla wybor\u00f3w Prezydenta Rzeczypospolitej Polskiej zarz\u0105dzonych na dzie\u0144 18 maja 2025 r.<\/p>\n<hr \/>\n<h6 style=\"text-align: center;\"><strong>OG\u0141OSZENIE<\/strong><\/h6>\n<p style=\"text-align: center;\">O ZAMIARZE BEZPO\u015aREDNIEGO ZAWARCIA UMOWY O \u015aWIADCZENIE US\u0141UG W ZAKRESIE<\/p>\n<p style=\"text-align: center;\">PUBLICZNEGOTRANSPORTU ZBIOROWEGO W ROKU <strong>2026<\/strong><\/p>\n<p style=\"text-align: left;\"><a href=\"https:\/\/nowyduninow.info.pl\/archiwum\/wp-content\/uploads\/2014\/02\/obw.19_12_24.pdf\" target=\"_blank\">Informacja<\/a><\/p>\n<hr \/>\n<p style=\"text-align: center;\">\n<p style=\"text-align: center;\"><strong>ZAWIADOMIENIE<\/strong><\/p>\n<p style=\"text-align: center;\">o opracowaniu przez Zarz\u0105d Wojew\u00f3dztwa Mazowieckiego Planu gospodarki odpadami dla wojew\u00f3dztwa mazowieckiego 2030 wraz z za\u0142\u0105cznikami i ponownej mo\u017cliwo\u015bci zg\u0142aszania uwag oraz wniosk\u00f3w do dokumentu.<\/p>\n<p><a href=\"\/pliki\/ugnowyduninow\/informacja_-_konsultacje.pdf\" target=\"_blank\" data-cke-saved-href=\"\/pliki\/ugnowyduninow\/informacja_-_konsultacje.pdf\">Informacja<\/a><\/p>\n<p><a href=\"\/pliki\/ugnowyduninow\/zawiadomienie.pdf\" target=\"_blank\" data-cke-saved-href=\"\/pliki\/ugnowyduninow\/zawiadomienie.pdf\">ZAWIADOMIENIE<\/a><\/p>\n<ul>\n<li><a href=\"\/pliki\/ugnowyduninow\/projekt_planu_gospodarki_odpadami.pdf\" target=\"_blank\" data-cke-saved-href=\"\/pliki\/ugnowyduninow\/projekt_planu_gospodarki_odpadami.pdf\">Projekt Planu Gospodarki Odpadami<\/a>\n<ul>\n<li><a href=\"\/pliki\/ugnowyduninow\/zalacznik_nr_1_plan_inwestycyjny.pdf\" target=\"_blank\" data-cke-saved-href=\"\/pliki\/ugnowyduninow\/zalacznik_nr_1_plan_inwestycyjny.pdf\">Za\u0142\u0105cznik nr 1<\/a><\/li>\n<li><a href=\"\/pliki\/ugnowyduninow\/zalacznik_nr_2_program_zapobiegania_powstawania_odpadow_w_wojewodztwie_mazowieckim.pdf\" target=\"_blank\" data-cke-saved-href=\"\/pliki\/ugnowyduninow\/zalacznik_nr_2_program_zapobiegania_powstawania_odpadow_w_wojewodztwie_mazowieckim.pdf\">Za\u0142\u0105cznik nr 2<\/a><\/li>\n<li><a href=\"\/pliki\/ugnowyduninow\/zalacznik_nr_3_program_usuwania_wyrobow_zawierajacych_azbest.pdf\" target=\"_blank\" data-cke-saved-href=\"\/pliki\/ugnowyduninow\/zalacznik_nr_3_program_usuwania_wyrobow_zawierajacych_azbest.pdf\">Za\u0142\u0105cznik nr 3<\/a><\/li>\n<li><a href=\"\/pliki\/ugnowyduninow\/zalacznik_nr_4_prognoza_soos.pdf\" target=\"_blank\" data-cke-saved-href=\"\/pliki\/ugnowyduninow\/zalacznik_nr_4_prognoza_soos.pdf\">Za\u0142\u0105cznik nr 4<\/a><\/li>\n<li><a href=\"\/pliki\/ugnowyduninow\/zalacznik_nr_5_wykaz_miejsc_parkingowych.pdf\" target=\"_blank\" data-cke-saved-href=\"\/pliki\/ugnowyduninow\/zalacznik_nr_5_wykaz_miejsc_parkingowych.pdf\">Za\u0142\u0105cznik nr 5<\/a><\/li>\n<\/ul>\n<\/li>\n<li><a href=\"\/pliki\/ugnowyduninow\/formularz_uwag_do_ponownych_konsultacji_w_sprawie_projektu_pgo_wm_2030.xlsx\" target=\"_blank\" data-cke-saved-href=\"\/pliki\/ugnowyduninow\/formularz_uwag_do_ponownych_konsultacji_w_sprawie_projektu_pgo_wm_2030.xlsx\">Formularz uwag do proponowanych konsultacji<\/a><\/li>\n<\/ul>\n<hr \/>\n<hr \/>\n<p>&nbsp;<\/p>\n<p>W imieniu <strong>Parafii Rzymskokatolickiej pw. \u015aw. Miko\u0142aja w Nowym Duninowie <\/strong>zapraszamy do sk\u0142adania ofert na roboty budowlane w ramach zada\u0144 pn.:<\/p>\n<p><span style=\"color: #333399;\"><strong>Konserwacja polichromii wewn\u0105trz ko\u015bcio\u0142a pw. Niepokalanego Pocz\u0119cia NMP<br \/>\n<\/strong><\/span><\/p>\n<p><span style=\"color: #333399;\"><a style=\"color: #333399;\" href=\"https:\/\/nowyduninow.info.pl\/wp-content\/uploads\/2024\/03\/zap-ofertowe-etap-I.pdf\">Zapytanie ofertowe<\/a><\/span><\/p>\n<ul>\n<li><a href=\"https:\/\/nowyduninow.info.pl\/wp-content\/uploads\/2024\/03\/formularz-oferty-Etap-I-26.03.2024.pdf\">Formularz oferty<\/a><\/li>\n<li><a href=\"https:\/\/nowyduninow.info.pl\/wp-content\/uploads\/2024\/03\/wykaz-rob\u00f3t-Etap-I-26.03.2024.pdf\">Wykaz rob\u00f3t<\/a><\/li>\n<li><a href=\"https:\/\/nowyduninow.info.pl\/wp-content\/uploads\/2024\/03\/Przedmiar-I.pdf\">Przedmiar rob\u00f3t <\/a><\/li>\n<li><a href=\"https:\/\/nowyduninow.info.pl\/wp-content\/uploads\/2024\/03\/Umowa-z-wykonawc\u0105-Nowy-Dunin\u00f3w-Etap-I-26.03.2024.pdf\">Umowa z wykonawc\u0105<\/a><\/li>\n<li><a href=\"https:\/\/nowyduninow.info.pl\/wp-content\/uploads\/2024\/03\/O\u015bwiadczenie-wykluczenie-Etap-I-26.03.2024.pdf\">O\u015bwiadczenie &#8211; wykluczenie<\/a><\/li>\n<li><a href=\"https:\/\/nowyduninow.info.pl\/wp-content\/uploads\/2024\/03\/Oswiadczenie-o-zasobie-ludzkim-Etap-I-26.03.2024.pdf\">O\u015bwiadczenie o zasobie ludzkim<\/a><\/li>\n<li><a href=\"https:\/\/nowyduninow.info.pl\/wp-content\/uploads\/2024\/03\/Oswiadczenie-o-wizji-Etap-I-26.03.2024.pdf\">O\u015bwiadczenie o wizji <\/a><\/li>\n<li><a href=\"https:\/\/nowyduninow.info.pl\/wp-content\/uploads\/2024\/03\/Oswiadczenie-o-posiadaniu-ubezpieczenia-Etap-I-26.03.2024.pdf\">O\u015bwiadczenie o posiadaniu ubezpieczenia<\/a><\/li>\n<li><a href=\"https:\/\/nowyduninow.info.pl\/wp-content\/uploads\/2019\/11\/Scan-Decyzja-budowlana-na-remont-konserwatorski-wn\u0119trza2.pdf\">Decyzja budowlana na remont konserwatorski wn\u0119trza<\/a><\/li>\n<li><a href=\"https:\/\/nowyduninow.info.pl\/wp-content\/uploads\/2019\/11\/Scan-Decyzja-konserwatora-na-prace-konserwatorskie-i-roboty1.pdf\">Decyzja konserwatora na prace konserwatorskie i roboty<\/a><\/li>\n<\/ul>\n<p><span style=\"color: #333399;\"><strong>Konserwacja polichromii wewn\u0105trz ko\u015bcio\u0142a pw. Niepokalanego Pocz\u0119cia NMP &#8211; etap II<\/strong><\/span><\/p>\n<p><span style=\"color: #333399;\"><a style=\"color: #333399;\" href=\"https:\/\/nowyduninow.info.pl\/wp-content\/uploads\/2019\/11\/ZAPYTANIE_OFERTOWE_Nowy-Dunin\u00f3w-Etap-II-26.03.2024.pdf\">Zapytanie ofertowe &#8211; etap II<\/a><\/span><\/p>\n<ul>\n<li><a href=\"https:\/\/nowyduninow.info.pl\/wp-content\/uploads\/2019\/11\/formularz-oferty-Etap-II-26.03.2024.pdf\">Formularz oferty<\/a><\/li>\n<li><a href=\"https:\/\/nowyduninow.info.pl\/wp-content\/uploads\/2019\/11\/wykaz-rob\u00f3t-Etap-II-26.03.2024.pdf\">Wykaz rob\u00f3t<\/a><\/li>\n<li><a href=\"https:\/\/nowyduninow.info.pl\/wp-content\/uploads\/2019\/11\/Przedmiar-II.pdf\">Przedmiar rob\u00f3t<\/a><\/li>\n<li><a href=\"https:\/\/nowyduninow.info.pl\/wp-content\/uploads\/2019\/11\/Umowa-z-wykonawc\u0105-Nowy-Dunin\u00f3w-Etap-II-26.03.2024.pdf\">Umowa z wykonawc\u0105<\/a><\/li>\n<li><a href=\"https:\/\/nowyduninow.info.pl\/wp-content\/uploads\/2019\/11\/O\u015bwiadczenie-wykluczenie-Etap-II-26.03.2024.pdf\">O\u015bwiadczenie &#8211; wykluczenie<\/a><\/li>\n<li><a href=\"https:\/\/nowyduninow.info.pl\/wp-content\/uploads\/2019\/11\/Oswiadczenie-o-zasobie-ludzkim-Etap-II-26.03.2024.pdf\">O\u015bwiadczenie o zasobie ludzkim<\/a><\/li>\n<li><a href=\"https:\/\/nowyduninow.info.pl\/wp-content\/uploads\/2019\/11\/Oswiadczenie-o-wizji-Etap-II-26.03.2024.pdf\">O\u015bwiadczenie o wizji<\/a><\/li>\n<li><a href=\"https:\/\/nowyduninow.info.pl\/wp-content\/uploads\/2019\/11\/Oswiadczenie-o-posiadaniu-ubezpieczenia-Etap-II-26.03.2024.pdf\">O\u015bwiadczenie o posiadaniu ubezpieczenia<\/a><\/li>\n<li><a href=\"https:\/\/nowyduninow.info.pl\/wp-content\/uploads\/2019\/11\/Scan-Decyzja-budowlana-na-remont-konserwatorski-wn\u0119trza2.pdf\">Decyzja budowlana na remont konserwatorski wn\u0119trza<\/a><\/li>\n<li><a href=\"https:\/\/nowyduninow.info.pl\/wp-content\/uploads\/2019\/11\/Scan-Decyzja-konserwatora-na-prace-konserwatorskie-i-roboty1.pdf\">Decyzja konserwatora na prace konserwatorskie i roboty<\/a><\/li>\n<\/ul>\n","protected":false},"excerpt":{"rendered":"<p>OG\u0141OSZENIE STAROSTY GOSTYNI\u0143SKIEGO<br \/>\nUrz\u0105d Gminy w Nowym Duninowie, zgodnie z pismem Starosty Gostyni\u0144skiego, umieszcza na stronie internetowej decyzj\u0119 z dnia 21 lipca 2025 r. w sprawie ustalenia wysoko\u015bci odszkodowania za nieruchomo\u015b\u0107 po\u0142o\u017con\u0105 w obr\u0119bie 0007 Grodziska, gmina Nowy Dunin\u00f3w,  [&#8230;]<\/p>\n","protected":false},"author":1,"featured_media":0,"parent":0,"menu_order":0,"comment_status":"open","ping_status":"open","template":"","meta":[],"_links":{"self":[{"href":"https:\/\/nowyduninow.info.pl\/archiwum\/index.php?rest_route=\/wp\/v2\/pages\/13"}],"collection":[{"href":"https:\/\/nowyduninow.info.pl\/archiwum\/index.php?rest_route=\/wp\/v2\/pages"}],"about":[{"href":"https:\/\/nowyduninow.info.pl\/archiwum\/index.php?rest_route=\/wp\/v2\/types\/page"}],"author":[{"embeddable":true,"href":"https:\/\/nowyduninow.info.pl\/archiwum\/index.php?rest_route=\/wp\/v2\/users\/1"}],"replies":[{"embeddable":true,"href":"https:\/\/nowyduninow.info.pl\/archiwum\/index.php?rest_route=%2Fwp%2Fv2%2Fcomments&post=13"}],"version-history":[{"count":39,"href":"https:\/\/nowyduninow.info.pl\/archiwum\/index.php?rest_route=\/wp\/v2\/pages\/13\/revisions"}],"predecessor-version":[{"id":20408,"href":"https:\/\/nowyduninow.info.pl\/archiwum\/index.php?rest_route=\/wp\/v2\/pages\/13\/revisions\/20408"}],"wp:attachment":[{"href":"https:\/\/nowyduninow.info.pl\/archiwum\/index.php?rest_route=%2Fwp%2Fv2%2Fmedia&parent=13"}],"curies":[{"name":"wp","href":"https:\/\/api.w.org\/{rel}","templated":true}]}}