{"id":1299,"date":"2014-12-17T15:09:20","date_gmt":"2014-12-17T14:09:20","guid":{"rendered":"http:\/\/nowyduninow.info.pl\/?page_id=1299"},"modified":"2021-03-05T15:08:01","modified_gmt":"2021-03-05T14:08:01","slug":"rejestr-ngo","status":"publish","type":"page","link":"https:\/\/nowyduninow.info.pl\/archiwum\/?page_id=1299","title":{"rendered":"Rejestr OP"},"content":{"rendered":"<p>Na terenie naszej gminy dzia\u0142a obecnie 6 organizacji pozarz\u0105dowych, poni\u017cej przedstawiamy wykaz i szczeg\u00f3\u0142owe dane:<\/p>\n\n<p><a title=\"rejestr ngo\" href=\"https:\/\/nowyduninow.info.pl\/archiwum\/wp-content\/uploads\/2014\/12\/org_pozarzadowe_rejestr_2012.pdf\" target=\"_blank\">Szczeg\u00f3\u0142owe dane NGO<\/a><\/p>\n","protected":false},"excerpt":{"rendered":"<p>Na terenie naszej gminy dzia\u0142a obecnie 6 organizacji pozarz\u0105dowych, poni\u017cej przedstawiamy wykaz i szczeg\u00f3\u0142owe dane:<\/p>\n<p>Szczeg\u00f3\u0142owe dane NGO<\/p>\n","protected":false},"author":1,"featured_media":0,"parent":0,"menu_order":0,"comment_status":"open","ping_status":"closed","template":"","meta":[],"_links":{"self":[{"href":"https:\/\/nowyduninow.info.pl\/archiwum\/index.php?rest_route=\/wp\/v2\/pages\/1299"}],"collection":[{"href":"https:\/\/nowyduninow.info.pl\/archiwum\/index.php?rest_route=\/wp\/v2\/pages"}],"about":[{"href":"https:\/\/nowyduninow.info.pl\/archiwum\/index.php?rest_route=\/wp\/v2\/types\/page"}],"author":[{"embeddable":true,"href":"https:\/\/nowyduninow.info.pl\/archiwum\/index.php?rest_route=\/wp\/v2\/users\/1"}],"replies":[{"embeddable":true,"href":"https:\/\/nowyduninow.info.pl\/archiwum\/index.php?rest_route=%2Fwp%2Fv2%2Fcomments&post=1299"}],"version-history":[{"count":12,"href":"https:\/\/nowyduninow.info.pl\/archiwum\/index.php?rest_route=\/wp\/v2\/pages\/1299\/revisions"}],"predecessor-version":[{"id":19106,"href":"https:\/\/nowyduninow.info.pl\/archiwum\/index.php?rest_route=\/wp\/v2\/pages\/1299\/revisions\/19106"}],"wp:attachment":[{"href":"https:\/\/nowyduninow.info.pl\/archiwum\/index.php?rest_route=%2Fwp%2Fv2%2Fmedia&parent=1299"}],"curies":[{"name":"wp","href":"https:\/\/api.w.org\/{rel}","templated":true}]}}