{"id":11528,"date":"2021-02-22T08:28:36","date_gmt":"2021-02-22T07:28:36","guid":{"rendered":"http:\/\/nowyduninow.info.pl\/?page_id=11528"},"modified":"2021-03-08T14:38:19","modified_gmt":"2021-03-08T13:38:19","slug":"ogloszenia-innych-podmiotow","status":"publish","type":"page","link":"https:\/\/nowyduninow.info.pl\/archiwum\/?page_id=11528","title":{"rendered":"Og\u0142oszenia innych podmiot\u00f3w"},"content":{"rendered":"<p style=\"text-align: right;\"><strong>25 luty 2021 r.<\/strong><\/p>\n<p>Wi\u0119cej czasu na z\u0142o\u017cenie wniosku o dofinansowanie na inwestycje chroni\u0105ce przed ASF lub powodzi\u0105<\/p>\n<p>Do 29 marca Agencja Restrukturyzacji i Modernizacji Rolnictwa wyd\u0142u\u017cy\u0142a termin sk\u0142adania wniosk\u00f3w o wsparcie na przeciwdzia\u0142anie ASF i powodziom.<\/p>\n<p>Na finansowane z PROW 2014-2020 inwestycje zapobiegaj\u0105ce zniszczeniu potencja\u0142u produkcji rolnej do wykorzystania zosta\u0142o blisko 200 mln z\u0142. Wnioski o to wsparcie mo\u017cna sk\u0142ada\u0107 jeszcze przez ponad miesi\u0105c \u2013 do 29 marca 2021 r. Przypomnijmy, \u017ce nab\u00f3r skierowany jest do dw\u00f3ch grup beneficjent\u00f3w:<\/p>\n<p>Pierwsz\u0105 s\u0105 rolnicy, kt\u00f3rzy chc\u0105 zabezpieczy\u0107 swoje gospodarstwa przed afryka\u0144skim pomorem \u015bwi\u0144 (ASF). Mog\u0105 oni otrzyma\u0107 zwrot do 80 proc. koszt\u00f3w kwalifikowanych (maksymalnie 100 tys. z\u0142otych) inwestycji zapobiegaj\u0105cych rozprzestrzenianiu si\u0119 ASF.<br \/>\nW katalogu inwestycji znajduj\u0105 si\u0119 m. in. budowa (modernizacja) niecki dezynfekcyjnej, wyposa\u017cenie gospodarstwa w urz\u0105dzenie do dezynfekcji, budowa ogrodzenia chlewni lub taka jej przebudowa, by trzoda by\u0142a utrzymywana w odr\u0119bnych pomieszczeniach.<\/p>\n<p>Drug\u0105 grup\u0105 s\u0105 sp\u00f3\u0142ki wodne lub zwi\u0105zki sp\u00f3\u0142ek wodnych, w kt\u00f3rych wi\u0119kszo\u015b\u0107 cz\u0142onk\u00f3w stanowi\u0105 rolnicy posiadaj\u0105cy grunty rolne. I tu mo\u017cna dosta\u0107 zwrot do 80 proc. koszt\u00f3w kwalifikowanych (maksymalnie 1 mln z\u0142otych). Pomoc udzielana jest na inwestycje w sprz\u0119t zmechanizowany s\u0142u\u017c\u0105cy do utrzymania w dobrym stanie urz\u0105dze\u0144 melioracji wodnych wykorzystywanych do cel\u00f3w ochrony gospodarstw przed skutkami powodzi i podtopie\u0144. Pieni\u0105dze mo\u017cna wi\u0119c wykorzysta\u0107 na przyk\u0142ad na zakup koparek, ci\u0105gnik\u00f3w, r\u0119bak\u00f3w do drewna, kos spalinowych czy kosiarek samojezdnych.<\/p>\n<p>Wnioski o przyznanie pomocy mo\u017cna sk\u0142ada\u0107 osobi\u015bcie lub przez upowa\u017cnion\u0105 osob\u0119<br \/>\nw oddzia\u0142ach regionalnych lub biurach powiatowych ARiMR, poprzez platform\u0119 ePUAP<br \/>\nlub przes\u0142a\u0107 rejestrowan\u0105 przesy\u0142k\u0105 pocztow\u0105 nadan\u0105 w plac\u00f3wce Poczty Polskiej.<\/p>\n<p style=\"text-align: left;\">Wi\u0119cej informacji na stronie: <a href=\"http:\/\/www.arimr.gov.pl\">www.arimr.gov.pl<\/a> i pod numerem bezp\u0142atnej infolinii:<br \/>\n800 38 00 84.<\/p>\n<hr \/>\n<p style=\"text-align: left;\"><a href=\"https:\/\/nowyduninow.info.pl\/archiwum\/wp-content\/uploads\/2021\/02\/IW_plakat_zaszczep_pupila_2.jpg\" target=\"_blank\"><img decoding=\"async\" loading=\"lazy\" class=\"alignright wp-image-11539 size-thumbnail\" src=\"https:\/\/nowyduninow.info.pl\/archiwum\/wp-content\/uploads\/2021\/02\/IW_plakat_zaszczep_pupila_2-120x120.jpg\" alt=\"IW_plakat_zaszczep_pupila_(2)\" width=\"120\" height=\"120\" \/><\/a><strong>23.02.2021 r.<\/strong><\/p>\n<p>&nbsp;<\/p>\n<p>Informacja o rozporz\u0105dzeniu Wojewody, ustanawiaj\u0105cym obszar zagro\u017cony w\u015bcieklizn\u0105:<\/p>\n<p><a href=\"https:\/\/www.gov.pl\/web\/uw-mazowiecki\/obszar-zagrozony-wscieklizna-na-terenie-wojewodztwa-mazowieckiego\">https:\/\/www.gov.pl\/web\/uw-mazowiecki\/obszar-zagrozony-wscieklizna-na-terenie-wojewodztwa-mazowieckiego<\/a><\/p>\n<p>&nbsp;<\/p>\n<hr \/>\n<p style=\"text-align: right;\"><strong>23.02.2021 r.<\/strong><\/p>\n<p><strong>Jeszcze przez miesi\u0105c mo\u017cesz z\u0142o\u017cy\u0107 wniosek i otrzyma\u0107 nawet 100 tys. z\u0142 na ochron\u0119 w\u00f3d przed azotanami<\/strong><\/p>\n<p><strong>Do 26 marca, czyli o miesi\u0105c d\u0142u\u017cej, ni\u017c zak\u0142adano pierwotnie, rolnicy, kt\u00f3rzy chc\u0105 w swoich gospodarstwach zrealizowa\u0107 inwestycje maj\u0105ce na celu ochron\u0119 w\u00f3d przed azotanami<br \/>\npochodz\u0105cymi ze \u017ar\u00f3de\u0142 rolniczych, mog\u0105 sk\u0142ada\u0107 w Agencji Restrukturyzacji i Modernizacji Rolnictwa wnioski o dotacj\u0119 na ten cel.<\/strong><\/p>\n<p>Pomoc, finansowana z PROW 2014-2020, jest adresowana do rolnik\u00f3w prowadz\u0105cych ch\u00f3w lub hodowl\u0119 zwierz\u0105t, kt\u00f3rzy planuj\u0105 budow\u0119 urz\u0105dze\u0144 chroni\u0105cych wod\u0119 przed azotanami. Dotacj\u0119 mo\u017cna przeznaczy\u0107<br \/>\nm.in. na budow\u0119, przebudow\u0119 lub zakup zbiornik\u00f3w do przechowywania nawoz\u00f3w naturalnych. Dotyczy to zar\u00f3wno nawoz\u00f3w p\u0142ynnych, jak i p\u0142yt do gromadzenia nawoz\u00f3w naturalnych sta\u0142ych.<br \/>\nW przypadku m\u0142odych rolnik\u00f3w tak\u017ce zbiornik\u00f3w lub p\u0142yt do przechowywania kiszonek. Dofinansowaniu podlega r\u00f3wnie\u017c zakup nowych maszyn i urz\u0105dze\u0144 do aplikacji nawoz\u00f3w naturalnych p\u0142ynnych.<\/p>\n<p>O wsparcie nie mog\u0105 ubiega\u0107 si\u0119 <strong>w\u0142a\u015bciciele ferm drobiu<\/strong> <strong>powy\u017cej 40 tys. stanowisk oraz trzody chlewnej powy\u017cej 2 tys. stanowisk dla \u015bwi\u0144 o wadze ponad 30 kg lub 750 stanowisk dla macior<\/strong>.<\/p>\n<p>Pomoc przyznawana jest w formie refundacji do 50 proc. poniesionych koszt\u00f3w kwalifikowanych inwestycji (60 proc. &#8211; w przypadku inwestycji realizowanych przez m\u0142odych rolnik\u00f3w). Maksymalnie na jedno gospodarstwo mo\u017cna otrzyma\u0107 100 tys. z\u0142.<\/p>\n<p>Wnioski o przyznanie pomocy mo\u017cna sk\u0142ada\u0107 osobi\u015bcie lub przez upowa\u017cnion\u0105 osob\u0119 w oddzia\u0142ach regionalnych lub biurach powiatowych ARiMR. Mo\u017cna je r\u00f3wnie\u017c przes\u0142a\u0107 poprzez platform\u0119 ePUAP lub rejestrowan\u0105 przesy\u0142k\u0105 pocztow\u0105 nadan\u0105 w plac\u00f3wce Poczty Polskiej.<\/p>\n<p>Ka\u017cdy z\u0142o\u017cony wniosek zostanie poddany ocenie punktowej. Suma uzyskanych punkt\u00f3w b\u0119dzie decydowa\u0142a o kolejno\u015bci przys\u0142ugiwania pomocy.<\/p>\n<p style=\"text-align: left;\">Wi\u0119cej informacji na stronie: <a href=\"http:\/\/www.arimr.gov.pl\">www.arimr.gov.pl<\/a> i pod numerem bezp\u0142atnej infolinii: 800 38 00 84<\/p>\n<hr \/>\n<p style=\"text-align: right;\"><strong>22 luty 2021 r.<\/strong><\/p>\n<p><strong><span style=\"text-decoration: underline;\">Og\u0142oszenie<\/span><\/strong><\/p>\n<p><strong>Ruszy\u0142y zapisy do akcji Masz G\u0142os<\/strong><\/p>\n<p><strong>W czasie pandemii wa\u017cna jest wsp\u00f3\u0142praca r\u00f3\u017cnych \u015brodowisk, kt\u00f3re na co dzie\u0144 pracuj\u0105 i funkcjonuj\u0105 na jednym terenie. Razem \u0142atwiej jest zadba\u0107 o edukacj\u0119 online, monitoring stanu drzew w gminie czy dobry projekt do bud\u017cetu obywatelskiego. Wszystkich gotowych do takiego zaanga\u017cowania wspiera program Fundacji Batorego \u2013 akcja Masz G\u0142os, kt\u00f3ry w\u0142a\u015bnie rusza z now\u0105 edycj\u0105.<\/strong><\/p>\n<p>Do akcji Masz G\u0142os 2021 mog\u0105 zg\u0142asza\u0107 si\u0119 organizacje spo\u0142eczne, grupy nieformalne, aktywistki i\u00a0aktywi\u015bci z ca\u0142ej Polski, kt\u00f3rzy chc\u0105 zmienia\u0107 swoje najbli\u017csze otoczenie \u2013 anga\u017cuj\u0105c do wsp\u00f3\u0142pracy mieszka\u0144c\u00f3w i w\u0142adze lokalne. Mog\u0105 zajmowa\u0107 si\u0119 r\u00f3\u017cnymi sprawami: ekologi\u0105, przestrzeni\u0105 publiczn\u0105, lokalnymi przepisami, edukacj\u0105, dzia\u0142aniami na rzecz m\u0142odzie\u017cy, senior\u00f3w, os\u00f3b z\u00a0niepe\u0142nosprawno\u015bciami \u2013 ka\u017cda z tych inicjatyw jest wa\u017cna w akcji Masz G\u0142os. Wystarczy, \u017ce wejd\u0105 na stron\u0119 <a href=\"http:\/\/www.maszglos.pl\">www.maszglos.pl<\/a> i mi\u0119dzy 15 lutego a 8 marca zapisz\u0105 si\u0119 do programu.<\/p>\n<p>Udzia\u0142 w akcji Masz G\u0142os trwa 10 miesi\u0119cy i jest ca\u0142kowicie bezp\u0142atny. Uczestnicy dostaj\u0105 wsparcie merytoryczne, a tak\u017ce pomoc w przygotowaniu planu dzia\u0142ania, okre\u015bleniu celu i realizacji pomys\u0142u we wsp\u00f3\u0142pracy z w\u0142adz\u0105 lokaln\u0105 i otoczeniem. Najlepiej wsp\u00f3\u0142pracuj\u0105ce spo\u0142eczno\u015bci: mieszka\u0144c\u00f3w z\u00a0w\u0142adz\u0105 samorz\u0105dow\u0105 maj\u0105 szans\u0119 na presti\u017cow\u0105 nagrod\u0119 Super Samorz\u0105d, przyznawan\u0105 przez Fundacj\u0119 Batorego. Nagroda przynosi gminie uznanie jako sprawnie funkcjonuj\u0105cej spo\u0142eczno\u015bci samorz\u0105dowej.<\/p>\n<p><strong>Masz G\u0142os zdalnie, Masz G\u0142os realnie. Dzia\u0142aj lokalnie!<\/strong><\/p>\n","protected":false},"excerpt":{"rendered":"<p>25 luty 2021 r.<br \/>\nWi\u0119cej czasu na z\u0142o\u017cenie wniosku o dofinansowanie na inwestycje chroni\u0105ce przed ASF lub powodzi\u0105<\/p>\n<p>Do 29 marca Agencja Restrukturyzacji i Modernizacji Rolnictwa wyd\u0142u\u017cy\u0142a termin sk\u0142adania wniosk\u00f3w o wsparcie na przeciwdzia\u0142anie ASF i powodziom.<\/p>\n<p>Na finansowane z PROW 2014-2020  [&#8230;]<\/p>\n","protected":false},"author":1,"featured_media":0,"parent":0,"menu_order":0,"comment_status":"closed","ping_status":"closed","template":"","meta":[],"_links":{"self":[{"href":"https:\/\/nowyduninow.info.pl\/archiwum\/index.php?rest_route=\/wp\/v2\/pages\/11528"}],"collection":[{"href":"https:\/\/nowyduninow.info.pl\/archiwum\/index.php?rest_route=\/wp\/v2\/pages"}],"about":[{"href":"https:\/\/nowyduninow.info.pl\/archiwum\/index.php?rest_route=\/wp\/v2\/types\/page"}],"author":[{"embeddable":true,"href":"https:\/\/nowyduninow.info.pl\/archiwum\/index.php?rest_route=\/wp\/v2\/users\/1"}],"replies":[{"embeddable":true,"href":"https:\/\/nowyduninow.info.pl\/archiwum\/index.php?rest_route=%2Fwp%2Fv2%2Fcomments&post=11528"}],"version-history":[{"count":6,"href":"https:\/\/nowyduninow.info.pl\/archiwum\/index.php?rest_route=\/wp\/v2\/pages\/11528\/revisions"}],"predecessor-version":[{"id":11542,"href":"https:\/\/nowyduninow.info.pl\/archiwum\/index.php?rest_route=\/wp\/v2\/pages\/11528\/revisions\/11542"}],"wp:attachment":[{"href":"https:\/\/nowyduninow.info.pl\/archiwum\/index.php?rest_route=%2Fwp%2Fv2%2Fmedia&parent=11528"}],"curies":[{"name":"wp","href":"https:\/\/api.w.org\/{rel}","templated":true}]}}