{"id":11293,"date":"2021-01-19T11:12:42","date_gmt":"2021-01-19T10:12:42","guid":{"rendered":"http:\/\/nowyduninow.info.pl\/?page_id=11293"},"modified":"2023-02-28T16:51:18","modified_gmt":"2023-02-28T15:51:18","slug":"aktualnosci","status":"publish","type":"page","link":"https:\/\/nowyduninow.info.pl\/archiwum\/?page_id=11293","title":{"rendered":"Aktualno\u015bci &#8211; door-to-door"},"content":{"rendered":"<p style=\"text-align: justify;\">Informujemy, i\u017c z dniem 31.12.2023 r. zako\u0144czy\u0142o si\u0119 finansowanie realizowanego przez gmin\u0119 projektu pn. \u201eGmina Nowy Dunin\u00f3w stawia na dost\u0119pno\u015b\u0107\u201d z grantu dla jednostek samorz\u0105du terytorialnego, w ramach projektu pn. <strong>&#8222;Us\u0142ugi indywidualnego transportu door-\u00a0to-\u00a0door oraz poprawa dost\u0119pno\u015bci architektonicznej wielorodzinnych budynk\u00f3w mieszkalnych&#8221;<\/strong>, realizowanego w ramach Osi Priorytetowej II. Efektywne polityki publiczne dla rynku pracy, gospodarki i edukacji, Dzia\u0142anie 2.8 Rozw\u00f3j us\u0142ug spo\u0142ecznych \u015bwiadczonych w \u015brodowisku lokalnym Programu Operacyjnego Wiedza Edukacja Rozw\u00f3j 2014-2020.<\/p>\n<p style=\"text-align: justify;\">Pomimo zako\u0144czenia finansowania, <strong><span style=\"color: #800000;\">gmina Nowy Dunin\u00f3w w ramach \u015brodk\u00f3w w\u0142asnych \u00a0nadal realizuje us\u0142ugi indywidualnego transportu door-to-door dla pe\u0142noletnich mieszka\u0144c\u00f3w gminy Nowy Dunin\u00f3w, kt\u00f3rzy posiadaj\u0105 orzeczenie o \u00a0niepe\u0142nosprawno\u015bci lub \u00a0tych, kt\u00f3rzy takiego orzeczenia nie maj\u0105, ale z powodu ograniczonej sprawno\u015bci lub wieku maj\u0105 trudno\u015bci w \u00a0samodzielnym przemieszczaniu si\u0119.<\/span><\/strong><\/p>\n<p style=\"text-align: justify;\">Cel przejazdu w ramach us\u0142ugi door-to-door musi by\u0107 powi\u0105zany z aktywizacj\u0105 spo\u0142eczno-\u00a0zawodow\u0105 os\u00f3b z potrzeb\u0105 wsparcia w zakresie mobilno\u015bci.<\/p>\n<p style=\"text-align: justify;\">Us\u0142ugi w ramach trwa\u0142o\u015bci projektu b\u0119d\u0105 realizowane przez okres 32 m-cy, tj. \u00a0<strong>do \u00a031 \u00a0sierpnia \u00a02025 r.<\/strong> na dotychczasowych zasadach, po wcze\u015bniejszym zg\u0142oszeniu potrzeby przewozu.<\/p>\n<p style=\"text-align: justify;\">Warto podkre\u015bli\u0107, \u017ce cele i dzia\u0142ania projektu znakomicie wpisa\u0142y si\u0119 w faktyczne i realne potrzeby mieszka\u0144c\u00f3w Gminy Nowy Dunin\u00f3w, gdy\u017c us\u0142ugi ciesz\u0105 si\u0119 du\u017cym zapotrzebowaniem w\u015br\u00f3d lokalnej spo\u0142eczno\u015bci. Natomiast zaplanowane wska\u017aniki w \u00a0projekcie zosta\u0142y osi\u0105gni\u0119te i wypracowane przed zako\u0144czeniem dzia\u0142a\u0144.<\/p>\n<p style=\"text-align: justify;\">W okresie realizacji projektu zrealizowano <strong>933 kursy<\/strong> przeje\u017cd\u017caj\u0105c tym samym <strong>63\u00a0195 km<\/strong>. Z \u00a0us\u0142ug darmowego transportu skorzysta\u0142o <strong>76 os\u00f3b<\/strong>, w tym\u00a0 55 kobiet i 21 m\u0119\u017cczyzn.<\/p>\n<p style=\"text-align: justify;\">Szczeg\u00f3\u0142owe informacje na temat realizacji us\u0142ugi transportowej door-to-door mo\u017cna znale\u017a\u0107 tutaj: <a href=\"https:\/\/nowyduninow.info.pl\/?page_id=11289\">https:\/\/nowyduninow.info.pl\/?page_id=11289<\/a><\/p>\n<hr \/>\n\n\t\t<style type=\"text\/css\">\n\t\t\t#gallery-1 {\n\t\t\t\tmargin: auto;\n\t\t\t}\n\t\t\t#gallery-1 .gallery-item {\n\t\t\t\tfloat: left;\n\t\t\t\tmargin-top: 10px;\n\t\t\t\ttext-align: center;\n\t\t\t\twidth: 33%;\n\t\t\t}\n\t\t\t#gallery-1 img {\n\t\t\t\tborder: 2px solid #cfcfcf;\n\t\t\t}\n\t\t\t#gallery-1 .gallery-caption {\n\t\t\t\tmargin-left: 0;\n\t\t\t}\n\t\t\t\/* see gallery_shortcode() in wp-includes\/media.php *\/\n\t\t<\/style>\n\t\t<div id='gallery-1' class='gallery galleryid-11293 gallery-columns-3 gallery-size-thumbnail'><dl class='gallery-item'>\n\t\t\t<dt class='gallery-icon '>\n\t\t\t\t<a href='https:\/\/nowyduninow.info.pl\/wp-content\/uploads\/2023\/02\/01042021_bus_doortodoor.jpg'>01042021_bus_doortodoor<\/a>\n\t\t\t<\/dt><\/dl><dl class='gallery-item'>\n\t\t\t<dt class='gallery-icon '>\n\t\t\t\t<a href='https:\/\/nowyduninow.info.pl\/wp-content\/uploads\/2023\/02\/doorToodoor.jpg'>doorToodoor<\/a>\n\t\t\t<\/dt><\/dl><dl class='gallery-item'>\n\t\t\t<dt class='gallery-icon '>\n\t\t\t\t<a href='https:\/\/nowyduninow.info.pl\/wp-content\/uploads\/2023\/02\/IMG_4521.jpg'>IMG_4521<\/a>\n\t\t\t<\/dt><\/dl><br style=\"clear: both\" \/>\n\t\t<\/div>\n\n<hr>\n<p style=\"text-align: right;\"><a href=\"https:\/\/www.pfron.org.pl\/o-funduszu\/projekty\/projekty-ue\/program-operacyjny-wiedza-edukacja-rozwoj\/uslugi-indywidualnego-transportu-door-to-door-oraz-poprawa-dostepnosci-architektonicznej-wielorodzinnych-budynkow-mieszkalnych\/\"><img decoding=\"async\" loading=\"lazy\" class=\"aligncenter size-full wp-image-11198\" src=\"https:\/\/nowyduninow.info.pl\/wp-content\/uploads\/2020\/12\/news_doortodoor_534.jpg\" alt=\"news_doortodoor_534\" width=\"534\" height=\"174\" \/><\/a><\/p>\n<hr \/>\n<p><a class=\"fancybox image\" href=\"https:\/\/nowyduninow.info.pl\/wp-content\/uploads\/2021\/04\/01042021_bus_doortodoor.jpg\"><img decoding=\"async\" loading=\"lazy\" class=\"aligncenter size-full wp-image-11650\" src=\"https:\/\/nowyduninow.info.pl\/wp-content\/uploads\/2021\/04\/01042021_bus_doortodoor534.jpg\" alt=\"01042021_bus_doortodoor534\" width=\"534\" height=\"356\" \/><\/a>Ruszamy z przewozami od drzwi do drzwi, czyli projektem zwanym<strong> \u201eUs\u0142ugi indywidualnego transportu door-to-door oraz poprawa dost\u0119pno\u015bci architektonicznej wielorodzinnych budynk\u00f3w mieszkalnych\u201d.<\/strong><\/p>\n<p><strong>Od<\/strong> dzi\u015b, tj. <strong>1 kwietnia 2021 r. pod nr tel. 242610236<\/strong> <strong>przyjmujemy zlecenia przewozu<\/strong>.<\/p>\n<p>Kto mo\u017ce skorzysta\u0107 z wsparcia w zakresie przewoz\u00f3w? Ka\u017cdy kto uko\u0144czy\u0142 18 lat oraz spe\u0142nia co najmniej jeden z poni\u017cszych warunk\u00f3w:<\/p>\n<ul>\n<li>posiada orzeczenie o niepe\u0142nosprawno\u015bci lub inny r\u00f3wnowa\u017cny dokument;<\/li>\n<li>osi\u0105gn\u0105\u0142 wiek emerytalny;<\/li>\n<li>porusza si\u0119 na w\u00f3zku inwalidzkim lub o kulach;<\/li>\n<li>posiada ograniczon\u0105 mo\u017cliwo\u015b\u0107 poruszania si\u0119;<\/li>\n<li>jest osob\u0105 niewidom\u0105 lub s\u0142abowidz\u0105c\u0105;<\/li>\n<li>jest osob\u0105 g\u0142uch\u0105 lub s\u0142abos\u0142ysz\u0105c\u0105;<\/li>\n<li>jest osob\u0105 g\u0142uchoniewidom\u0105;<\/li>\n<li>posiada niepe\u0142nosprawno\u015b\u0107 psychiczn\u0105 lub intelektualn\u0105,<\/li>\n<\/ul>\n<p>Cel przejazdu \u00a0w ramach us\u0142ugi door-to-door powinien by\u0107 powi\u0105zany z <strong>aktywizacj\u0105 spo\u0142eczn\u0105, zawodow\u0105, edukacyjn\u0105 lub zdrowotn\u0105<\/strong>.<\/p>\n<p><span style=\"color: #ff0000;\"><strong>Przewozy wykonywane s\u0105 nieodp\u0142atnie, od poniedzia\u0142ku do pi\u0105tku,\u00a0 z wy\u0142\u0105czeniem \u015bwi\u0105t i innych przewidzianych prawem dni wolnych od pracy, w godz. od 9:00 do 15:00.<\/strong><\/span><\/p>\n<p><strong>Zg\u0142oszenia<\/strong> potrzeby wsparcia w zakresie mobilno\u015bci nale\u017cy dokona\u0107 <strong><span style=\"color: #ff0000;\">4 dni przed planowanym przejazdem<\/span>:<\/strong><\/p>\n<ul>\n<li>telefoniczne (tel. <strong>24 261 02 36<\/strong>), w godzinach pracy Urz\u0119du Gminy w Nowym Duninowie;<\/li>\n<li>drog\u0105 mailow\u0105, na adres <strong>ug@nowyduninow.info.pl<\/strong>;<\/li>\n<li>za po\u015brednictwem poczty tradycyjnej na adres: Urz\u0105d Gminy w Nowym Duninowie, ul. Osiedlowa 1, 09-505 Nowy Dunin\u00f3w;<\/li>\n<li>osobi\u015bcie w siedzibie Urz\u0119du, w godzinach pracy Urz\u0119du Gminy w Nowym Duninowie.<\/li>\n<li><span style=\"color: #ff0000;\">Przez internet: <a style=\"color: #ff0000;\" href=\"http:\/\/doortodoor.nowyduninow.info.pl\/sign-up\" target=\"_blank\">http:\/\/doortodoor.nowyduninow.info.pl<\/a><\/span><\/li>\n<\/ul>\n<p>&nbsp;<\/p>\n<hr \/>\n<p>&nbsp;<\/p>\n<p style=\"text-align: right;\">Nowy Dunin\u00f3w dn. 16.03.2021 r.<\/p>\n<p style=\"text-align: center;\"><strong>OG\u0141OSZENIE Nr 1\/2021<\/strong><\/p>\n<p style=\"text-align: center;\"><strong>W\u00d3JTA GMINY NOWY DUNIN\u00d3W<\/strong><\/p>\n<p style=\"text-align: center;\">z dnia 16 marca 2021 r.<\/p>\n<p>W\u00f3jt Gminy Nowy Dunin\u00f3w Miros\u0142aw Krysiak og\u0142asza, \u017ce od 1 kwietnia 2021 r. dla mieszka\u0144c\u00f3w gminy Nowy Dunin\u00f3w w wieku powy\u017cej 18 lat, wykazuj\u0105cych potrzeb\u0119 wsparcia w zakresie mobilno\u015bci, spe\u0142niaj\u0105cych jedn\u0105 z wymienionych przes\u0142anek:<\/p>\n<ul>\n<li>posiadanie orzeczenia o niepe\u0142nosprawno\u015bci lub inny r\u00f3wnowa\u017cny dokument;<\/li>\n<li>wiek emerytalny;<\/li>\n<li>poruszanie si\u0119 na w\u00f3zku inwalidzkim lub o kulach;<\/li>\n<li>posiadanie ograniczonej mo\u017cliwo\u015b\u0107 poruszania si\u0119;<\/li>\n<li>osoby niewidome i s\u0142abowidz\u0105ce;<\/li>\n<li>osoby g\u0142uche i s\u0142abos\u0142ysz\u0105ce;<\/li>\n<li>osoby g\u0142uchoniewidome;<\/li>\n<li>posiadanie niepe\u0142nosprawno\u015bci psychicznej i intelektualnej,<\/li>\n<\/ul>\n<p>zostan\u0105 uruchomione us\u0142ugi transportowe door-to-door.<\/p>\n<p>&nbsp;<\/p>\n<p>Cel przejazdu \u00a0w ramach us\u0142ugi door-to-door powinien by\u0107 powi\u0105zany z aktywizacj\u0105 spo\u0142eczn\u0105, zawodow\u0105, edukacyjn\u0105 lub zdrowotn\u0105 os\u00f3b z potrzeb\u0105 wsparcia w zakresie mobilno\u015bci.<\/p>\n<p>&nbsp;<\/p>\n<p><strong><span style=\"text-decoration: underline;\">Przew\u00f3z wykonywany b\u0119dzie nieodp\u0142atnie, od poniedzia\u0142ku do pi\u0105tku,\u00a0 z wy\u0142\u0105czeniem \u015bwi\u0105t i innych przewidzianych prawem dni wolnych od pracy, w godz. od 9:00 do 15:00.<\/span><\/strong><\/p>\n<p>Zg\u0142oszenia potrzeby wsparcia w zakresie mobilno\u015bci nale\u017cy dokonywa\u0107 z czterodniowym wyprzedzeniem czasowym. Odwo\u0142anie lub rezygnacj\u0119 z us\u0142ugi transportowej door-to-door nale\u017cy zg\u0142osi\u0107 najp\u00f3\u017aniej w dniu poprzedzaj\u0105cym termin jej realizacji zgodnie z zam\u00f3wieniem.<\/p>\n<p>Gmina Nowy Dunin\u00f3w niezw\u0142ocznie poinformuje mieszka\u0144ca o niemo\u017cno\u015bci realizacji us\u0142ugi przewozu door-to-door.<\/p>\n<p>Zg\u0142oszenia us\u0142ugi przewozu door-to-door mo\u017cna dokonywa\u0107 <strong>od 1 kwietnia 2021 r.:<\/strong><\/p>\n<ul>\n<li>telefoniczne, pod numer 24 261 02 36, w godzinach pracy Urz\u0119du Gminy w Nowym Duninowie;<\/li>\n<li>drog\u0105 mailow\u0105, na adres ug@nowyduninow.info.pl;<\/li>\n<li>poprzez aplikacj\u0119 internetow\u0105 do zamawiania przewoz\u00f3w;<\/li>\n<li>na pi\u015bmie za po\u015brednictwem operatora pocztowego;<\/li>\n<li>osobi\u015bcie w siedzibie Urz\u0119du, w godzinach pracy Urz\u0119du Gminy w Nowym Duninowie.<\/li>\n<\/ul>\n<p><strong>Osoba do kontaktu<\/strong>: <strong><span style=\"text-decoration: underline;\">dyspozytor Katarzyna Majchrowska. <\/span><\/strong><\/p>\n<p style=\"text-align: justify;\">Zasi\u0119g terytorialny us\u0142ugi transportowej door-to-door obejmuje obszar powiatu p\u0142ockiego, ze szczeg\u00f3lnym uwzgl\u0119dnieniem obszaru gminy i miasta P\u0142ocka oraz obszary poza terenem powiatu p\u0142ockiego, po\u0142o\u017cone w promieniu 50 km. liczonych od siedziby gminy Nowy Dunin\u00f3w, ze szczeg\u00f3lnym uwzgl\u0119dnieniem miasta Gostynin i W\u0142oc\u0142awek.<\/p>\n<p>Z us\u0142ugi transportowej door-to-door osoba uprawniona mo\u017ce skorzysta\u0107 maksymalnie trzy razy w tygodniu.<\/p>\n<p>W przypadku stwierdzenia, \u017ce z us\u0142ugi transportu door-to-door skorzysta\u0142a osoba nieuprawniona \u2013 osoba taka jest zobowi\u0105zana zwr\u00f3ci\u0107 koszt przejazdu gminie Nowy Dunin\u00f3w.<\/p>\n<p>Na stronie internetowej Urz\u0119du Gminy w Nowym Duninowie: <a href=\"http:\/\/www.nowyduninow.info.pl\">www.nowyduninow.info.pl<\/a>, w zak\u0142adce <strong>DOOR-TO-DOOR<\/strong> dost\u0119pne s\u0105:<\/p>\n<ol>\n<li>bie\u017c\u0105ce informacje dotycz\u0105ce realizacji us\u0142ugi transportowej door-to-door;<\/li>\n<li>tre\u015b\u0107 Regulaminu \u015bwiadczenia us\u0142ug transportowych door-to-door w gminie \u00a0Nowy Dunin\u00f3w;<\/li>\n<li>ZLECENIE przewozu w ramach us\u0142ugi transportowej door-to-door.<\/li>\n<\/ol>\n<p style=\"text-align: right;\">\u00a0W\u00f3jt Gminy Nowy Dunin\u00f3w<\/p>\n<p style=\"text-align: right;\">-\/\/-<\/p>\n<p style=\"text-align: right;\">Miros\u0142aw Krysiak<\/p>\n<hr \/>\n<p style=\"text-align: justify;\">Oferta dotycz\u0105ca zakupu samochodu do przewozu o\u00f3b niepe\u0142nosprawnych w ramach projektu door-to-door (<a href=\"https:\/\/nowyduninow.info.pl\/?page_id=11280\">https:\/\/nowyduninow.info.pl\/?page_id=11280<\/a>) zosta\u0142a wybrana. Dzi\u015b, 5 lutego 2021 r., W\u00f3jt podpisa\u0142 umow\u0119 z firm\u0105 <a title=\"Strona internetowa Auto Serwis Pasikowscy\" href=\"https:\/\/renaultpasikowski.pl\/nowe-renault-trafic-2\/\" target=\"_blank\">Auto Serwis Pasikowski Sp. z o.o.<\/a>. Samoch\u00f3d trafi do nas pod koniec marca 2021 r.<\/p>\n<p style=\"text-align: justify;\">B\u0119dzie wyposa\u017cony m.in. w wind\u0119, wysuwany elektronicznie pr\u00f3g, dodatkowe uchwyty dla os\u00f3b wsiadaj\u0105cych, zabezpieczenia do przewozu os\u00f3b na w\u00f3zkach inwalidzkich.<\/p>\n<p>\u00a0Poni\u017cej filmy z kana\u0142u <span class=\"d2edcug0 hpfvmrgz qv66sw1b c1et5uql rrkovp55 a8c37x1j keod5gw0 nxhoafnm aigsh9s9 d3f4x2em fe6kdd0r mau55g9w c8b282yb mdeji52x a5q79mjw g1cxx5fr knj5qynh m9osqain hzawbc8m\" dir=\"auto\"><span class=\"d2edcug0 hpfvmrgz qv66sw1b c1et5uql rrkovp55 a5q79mjw g1cxx5fr knj5qynh m9osqain\"><span class=\"tojvnm2t a6sixzi8 abs2jz4q a8s20v7p t1p8iaqh k5wvi7nf q3lfd5jv pk4s997a bipmatt0 cebpdrjk qowsmv63 owwhemhu dp1hu0rb dhp61c6y iyyx5f41\">@TruckVanPL<\/span><span class=\"rfua0xdk pmk7jnqg stjgntxs ni8dbmo4 ay7djpcl q45zohi1\">\u00a0<\/span> \u00b7 Magazyn<\/span><\/span><\/p>\n<hr \/>\n<p><iframe loading=\"lazy\" style=\"border: none; overflow: hidden;\" src=\"https:\/\/www.facebook.com\/plugins\/video.php?height=314&amp;href=https%3A%2F%2Fwww.facebook.com%2FTruckVanPL%2Fvideos%2F484063829238725%2F&amp;show_text=false&amp;width=560\" width=\"560\" height=\"314\" frameborder=\"0\" scrolling=\"no\" allowfullscreen=\"allowfullscreen\"><\/iframe><\/p>\n","protected":false},"excerpt":{"rendered":"<p>Informujemy, i\u017c z dniem 31.12.2023 r. zako\u0144czy\u0142o si\u0119 finansowanie realizowanego przez gmin\u0119 projektu pn. \u201eGmina Nowy Dunin\u00f3w stawia na dost\u0119pno\u015b\u0107\u201d z grantu dla jednostek samorz\u0105du terytorialnego, w ramach projektu pn. &#8222;Us\u0142ugi indywidualnego transportu door-\u00a0to-\u00a0door oraz poprawa dost\u0119pno\u015bci  [&#8230;]<\/p>\n","protected":false},"author":1,"featured_media":0,"parent":0,"menu_order":0,"comment_status":"closed","ping_status":"closed","template":"","meta":[],"_links":{"self":[{"href":"https:\/\/nowyduninow.info.pl\/archiwum\/index.php?rest_route=\/wp\/v2\/pages\/11293"}],"collection":[{"href":"https:\/\/nowyduninow.info.pl\/archiwum\/index.php?rest_route=\/wp\/v2\/pages"}],"about":[{"href":"https:\/\/nowyduninow.info.pl\/archiwum\/index.php?rest_route=\/wp\/v2\/types\/page"}],"author":[{"embeddable":true,"href":"https:\/\/nowyduninow.info.pl\/archiwum\/index.php?rest_route=\/wp\/v2\/users\/1"}],"replies":[{"embeddable":true,"href":"https:\/\/nowyduninow.info.pl\/archiwum\/index.php?rest_route=%2Fwp%2Fv2%2Fcomments&post=11293"}],"version-history":[{"count":12,"href":"https:\/\/nowyduninow.info.pl\/archiwum\/index.php?rest_route=\/wp\/v2\/pages\/11293\/revisions"}],"predecessor-version":[{"id":14767,"href":"https:\/\/nowyduninow.info.pl\/archiwum\/index.php?rest_route=\/wp\/v2\/pages\/11293\/revisions\/14767"}],"wp:attachment":[{"href":"https:\/\/nowyduninow.info.pl\/archiwum\/index.php?rest_route=%2Fwp%2Fv2%2Fmedia&parent=11293"}],"curies":[{"name":"wp","href":"https:\/\/api.w.org\/{rel}","templated":true}]}}