{"id":11289,"date":"2021-01-19T11:06:48","date_gmt":"2021-01-19T10:06:48","guid":{"rendered":"http:\/\/nowyduninow.info.pl\/?page_id=11289"},"modified":"2021-11-09T15:05:34","modified_gmt":"2021-11-09T14:05:34","slug":"zlecenie-przewozu","status":"publish","type":"page","link":"https:\/\/nowyduninow.info.pl\/archiwum\/?page_id=11289","title":{"rendered":"Zlecenie przewozu"},"content":{"rendered":"<p><span style=\"color: #ff0000;\">FORMULARZE DO POBRANIA:<\/span><\/p>\n<p><strong><span style=\"color: #800000;\">Poni\u017cej linki do formularzy (za\u0142\u0105czniki do regulaminu):<\/span><\/strong><\/p>\n<p>Zarz\u0105dzenie nr 80\/2021 W\u00f3jta Gminy Nowy Dunin\u00f3w z dnia 03 listopada 2021 r. w sprawie wprowadzenia Regulaminu \u015bwiadczenia us\u0142ug transportowych door-to-door w gminie Nowy Dunin\u00f3w &#8211; <a href=\"https:\/\/ugnowyduninow.bip.org.pl\/pliki\/ugnowyduninow\/zarzadzenie_80_2021_dot._regulaminu.docx\">pobierz plik docx<\/a><\/p>\n<p>Za\u0142\u0105cznik do Zarz\u0105dzenia nr 80\/2021 &#8211; Regulamin &#8211; <a href=\"https:\/\/ugnowyduninow.bip.org.pl\/pliki\/ugnowyduninow\/regulamin_door_to_door_112021.docx\">pobierz plik<\/a><\/p>\n<ul>\n<li>Za\u0142\u0105cznik nr 1 do Regulaminu &#8211;\u00a0<strong><span style=\"color: #800000;\">O\u015bwiadczenie o potrzebie wsparcia w zakresie mobilno\u015bci<\/span><\/strong> &#8211; <a href=\"https:\/\/ugnowyduninow.bip.org.pl\/pliki\/ugnowyduninow\/zalacznik_nr_1_do_regulaminu_swiadczenia_uslug_transportowych_door112021.docx\">pobierz plik<\/a><\/li>\n<li>Za\u0142\u0105cznik nr 2 do Regulaminu &#8211; <strong><span style=\"color: #800000;\">Zlecenie przewozu<\/span><\/strong> &#8211; <a href=\"https:\/\/ugnowyduninow.bip.org.pl\/pliki\/ugnowyduninow\/zalacznik_nr_2_do_regulaminu_swiadczenia_uslug_transportowych_door_112021.docx\">pobierz plik<\/a><\/li>\n<li>Za\u0142\u0105cznik nr 3 do Regulaminu &#8211; <strong><span style=\"color: #800000;\">Zg\u0142oszenie skargi\/reklamacji<\/span><\/strong><span style=\"color: #800000;\">.<\/span> &#8211; <a href=\"https:\/\/ugnowyduninow.bip.org.pl\/pliki\/ugnowyduninow\/zalacznik_nr_3_do_regulaminu_swiadczenia_uslug_transportowych_door_112021.docx\">pobierz plik<\/a><\/li>\n<li>Za\u0142\u0105cznik nr 4 do Regulaminu &#8211; <strong><span style=\"color: #800000;\">Ankieta satysfakcji<\/span><\/strong> &#8211; <a href=\"https:\/\/ugnowyduninow.bip.org.pl\/pliki\/ugnowyduninow\/zalacznik_nr_4_do_regulaminu_swiadczenia_uslug_transportowych_door_112021.docx\">pobierz plik<\/a><\/li>\n<li>Za\u0142\u0105cznik nr 5 do Regulaminu &#8211;\u00a0<strong><span style=\"color: #800000;\">Ankieta dotycz\u0105ca us\u0142ugi transportowej door-to-door<\/span><\/strong> &#8211; <a href=\"https:\/\/ugnowyduninow.bip.org.pl\/pliki\/ugnowyduninow\/zalacznik_nr_5_do_regulaminu_swiadczenia_uslug_transportowych_door_112021.docx\">pobierz plik<\/a><\/li>\n<\/ul>\n<p>&nbsp;<\/p>\n<hr \/>\n<hr \/>\n<p>&nbsp;<\/p>\n","protected":false},"excerpt":{"rendered":"<p>FORMULARZE DO POBRANIA:<\/p>\n<p>Poni\u017cej linki do formularzy (za\u0142\u0105czniki do regulaminu):<\/p>\n<p>Zarz\u0105dzenie nr 80\/2021 W\u00f3jta Gminy Nowy Dunin\u00f3w z dnia 03 listopada 2021 r. w sprawie wprowadzenia Regulaminu \u015bwiadczenia us\u0142ug transportowych door-to-door w gminie Nowy Dunin\u00f3w &#8211; pobierz plik docx<\/p>\n<p>Za\u0142\u0105cznik do  [&#8230;]<\/p>\n","protected":false},"author":1,"featured_media":724,"parent":0,"menu_order":0,"comment_status":"closed","ping_status":"closed","template":"","meta":[],"_links":{"self":[{"href":"https:\/\/nowyduninow.info.pl\/archiwum\/index.php?rest_route=\/wp\/v2\/pages\/11289"}],"collection":[{"href":"https:\/\/nowyduninow.info.pl\/archiwum\/index.php?rest_route=\/wp\/v2\/pages"}],"about":[{"href":"https:\/\/nowyduninow.info.pl\/archiwum\/index.php?rest_route=\/wp\/v2\/types\/page"}],"author":[{"embeddable":true,"href":"https:\/\/nowyduninow.info.pl\/archiwum\/index.php?rest_route=\/wp\/v2\/users\/1"}],"replies":[{"embeddable":true,"href":"https:\/\/nowyduninow.info.pl\/archiwum\/index.php?rest_route=%2Fwp%2Fv2%2Fcomments&post=11289"}],"version-history":[{"count":9,"href":"https:\/\/nowyduninow.info.pl\/archiwum\/index.php?rest_route=\/wp\/v2\/pages\/11289\/revisions"}],"predecessor-version":[{"id":12648,"href":"https:\/\/nowyduninow.info.pl\/archiwum\/index.php?rest_route=\/wp\/v2\/pages\/11289\/revisions\/12648"}],"wp:featuredmedia":[{"embeddable":true,"href":"https:\/\/nowyduninow.info.pl\/archiwum\/index.php?rest_route=\/wp\/v2\/media\/724"}],"wp:attachment":[{"href":"https:\/\/nowyduninow.info.pl\/archiwum\/index.php?rest_route=%2Fwp%2Fv2%2Fmedia&parent=11289"}],"curies":[{"name":"wp","href":"https:\/\/api.w.org\/{rel}","templated":true}]}}