{"id":11280,"date":"2021-01-18T12:31:48","date_gmt":"2021-01-18T11:31:48","guid":{"rendered":"http:\/\/nowyduninow.info.pl\/?page_id=11280"},"modified":"2021-04-25T22:01:16","modified_gmt":"2021-04-25T20:01:16","slug":"door-to-door-o-projekcie","status":"publish","type":"page","link":"https:\/\/nowyduninow.info.pl\/archiwum\/?page_id=11280","title":{"rendered":"Door-to-door &#8211; o projekcie"},"content":{"rendered":"<p style=\"text-align: justify;\"><img decoding=\"async\" loading=\"lazy\" class=\"aligncenter size-full wp-image-11719\" src=\"https:\/\/nowyduninow.info.pl\/archiwum\/wp-content\/uploads\/2014\/02\/door_to_door.jpg\" alt=\"tablica informacyjna door to door\" width=\"534\" height=\"363\" \/><\/p>\n<hr \/>\n<p><strong>Celem Projektu<\/strong> jest zapewnienie dost\u0119pu do instrument\u00f3w aktywizacji spo\u0142eczno-zawodowej dla 48 os\u00f3b z potrzeb\u0105 wsparcia w zakresie mobilno\u015bci zamieszkuj\u0105cych gm. Nowy Dunin\u00f3w poprzez organizacj\u0119 us\u0142ug transportu door-to-door oraz popraw\u0119 dost\u0119pno\u015bci wielorodzinnego budynku mieszkalnego w okresie 01.01.2021-30.11.2022 r.<\/p>\n<p><strong>Planowane efekty:<\/strong><\/p>\n<ul>\n<li>dostosowanie funkcjonuj\u0105cego na terenie gminy transportu zbiorowego do potrzeb os\u00f3b wymagaj\u0105cych wsparcia w zakresie mobilno\u015bci;<\/li>\n<li>u\u0142atwienie dost\u0119pu do us\u0142ug aktywizacji zawodowej;<\/li>\n<li>ograniczenie wykluczenia komunikacyjnego spowodowanego wysokim rozproszeniem zabudowy mieszkaniowej;<\/li>\n<li>ograniczenie niedostosowania architektonicznego w \u00a0budynku wielorodzinnym przy ul. S\u0142onecznej 2, 09-505 Nowy Dunin\u00f3w.<\/li>\n<\/ul>\n<hr \/>\n<p style=\"text-align: justify;\"><a href=\"https:\/\/www.pfron.org.pl\/o-funduszu\/projekty\/projekty-ue\/program-operacyjny-wiedza-edukacja-rozwoj\/uslugi-indywidualnego-transportu-door-to-door-oraz-poprawa-dostepnosci-architektonicznej-wielorodzinnych-budynkow-mieszkalnych\/\"><img decoding=\"async\" loading=\"lazy\" class=\"alignright size-full wp-image-11727\" src=\"https:\/\/nowyduninow.info.pl\/archiwum\/wp-content\/uploads\/2021\/01\/PFRON_wersja_podstawowa_kolor300.jpg\" alt=\"PFRON_wersja podstawowa_RGB\" width=\"300\" height=\"159\" \/><\/a>23 grudnia 2020r. W\u00f3jt Gminy Nowy Dunin\u00f3w podpisa\u0142 umow\u0119 z Pa\u0144stwowym Funduszem Rehabilitacji Os\u00f3b Niepe\u0142nosprawnych, dotycz\u0105c\u0105 realizacji Projektu pn. \u201eGmina Nowy Dunin\u00f3w stawia na dost\u0119pno\u015b\u0107\u201d w ramach konkursu grantowego w ramach projektu pn. &#8222;Us\u0142ugi indywidualnego transportu door-to-door oraz poprawa dost\u0119pno\u015bci architektonicznej wielorodzinnych budynk\u00f3w mieszkalnych&#8221;, realizowanego w ramach Osi Priorytetowej II. Efektywne polityki publiczne dla rynku pracy, gospodarki i edukacji, Dzia\u0142anie 2.8 Rozw\u00f3j us\u0142ug spo\u0142ecznych \u015bwiadczonych w \u015brodowisku lokalnym Programu Operacyjnego Wiedza Edukacja Rozw\u00f3j 2014-2020.<\/p>\n<p style=\"text-align: justify;\">Zgodnie z za\u0142o\u017ceniami projektowymi na terenie naszej gminy funkcjonowa\u0142 b\u0119dzie bezp\u0142atny transport indywidualny dla os\u00f3b z potrzeb\u0105 wsparcia w zakresie transportu z miejsca zamieszkania lub innego miejsca oraz pomoc w dotarciu do miejsca docelowego. Wsparcie w zakresie mobilno\u015bci otrzymaj\u0105 mieszka\u0144cy gminy Nowy Dunin\u00f3w, kt\u00f3rzy uko\u0144czyli 18 rok \u017cycia, maj\u0105cy trudno\u015bci w samodzielnym przemieszczaniu si\u0119 ze wzgl\u0119du na ograniczon\u0105 sprawno\u015b\u0107 (m.in. poruszaj\u0105ce si\u0119 na w\u00f3zkach inwalidzkich, o kulach, niewidome, s\u0142abo widz\u0105ce, starsze i inne). W celu realizacji zaplanowanych dzia\u0142a\u0144 zostanie zakupiony 9-osobowy samoch\u00f3d dostosowany do przewozu os\u00f3b niepe\u0142nosprawnych. Finansowane b\u0119dzie tak\u017ce ubezpieczenie pojazdu, koszty serwisu i zakupu paliwa oraz zatrudnienie kierowcy, a tak\u017ce asystenta kierowcy.<\/p>\n<p style=\"text-align: justify;\">W Projekcie przewidziano r\u00f3wnie\u017c popraw\u0119 dost\u0119pno\u015bci jednego wielorodzinnego budynku mieszkaniowego przy ul. S\u0142onecznej 2 w Nowym Duninowie poprzez instalacj\u0119 urz\u0105dze\u0144 u\u0142atwiaj\u0105cych wej\u015bcie \u2013 domofon\u00f3w oraz wymian\u0119 drzwi wej\u015bciowych na przystosowane do potrzeb os\u00f3b maj\u0105cych trudno\u015bci w samodzielnym przemieszczaniu si\u0119.<\/p>\n<p style=\"text-align: justify;\">Projekt b\u0119dzie realizowany w okresie od 01.01.2021r. do 31.10.2022r. z zapewnieniem 32 miesi\u0119cznego okresu trwa\u0142o\u015bci, tzn. od 01.11.2022r. do 30.06.2025r.<\/p>\n<hr \/>\n<p style=\"text-align: justify;\">\n","protected":false},"excerpt":{"rendered":"<p>Celem Projektu jest zapewnienie dost\u0119pu do instrument\u00f3w aktywizacji spo\u0142eczno-zawodowej dla 48 os\u00f3b z potrzeb\u0105 wsparcia w zakresie mobilno\u015bci zamieszkuj\u0105cych gm. Nowy Dunin\u00f3w poprzez organizacj\u0119 us\u0142ug transportu door-to-door oraz popraw\u0119 dost\u0119pno\u015bci wielorodzinnego budynku mieszkalnego w  [&#8230;]<\/p>\n","protected":false},"author":1,"featured_media":0,"parent":0,"menu_order":0,"comment_status":"closed","ping_status":"closed","template":"","meta":[],"_links":{"self":[{"href":"https:\/\/nowyduninow.info.pl\/archiwum\/index.php?rest_route=\/wp\/v2\/pages\/11280"}],"collection":[{"href":"https:\/\/nowyduninow.info.pl\/archiwum\/index.php?rest_route=\/wp\/v2\/pages"}],"about":[{"href":"https:\/\/nowyduninow.info.pl\/archiwum\/index.php?rest_route=\/wp\/v2\/types\/page"}],"author":[{"embeddable":true,"href":"https:\/\/nowyduninow.info.pl\/archiwum\/index.php?rest_route=\/wp\/v2\/users\/1"}],"replies":[{"embeddable":true,"href":"https:\/\/nowyduninow.info.pl\/archiwum\/index.php?rest_route=%2Fwp%2Fv2%2Fcomments&post=11280"}],"version-history":[{"count":9,"href":"https:\/\/nowyduninow.info.pl\/archiwum\/index.php?rest_route=\/wp\/v2\/pages\/11280\/revisions"}],"predecessor-version":[{"id":11728,"href":"https:\/\/nowyduninow.info.pl\/archiwum\/index.php?rest_route=\/wp\/v2\/pages\/11280\/revisions\/11728"}],"wp:attachment":[{"href":"https:\/\/nowyduninow.info.pl\/archiwum\/index.php?rest_route=%2Fwp%2Fv2%2Fmedia&parent=11280"}],"curies":[{"name":"wp","href":"https:\/\/api.w.org\/{rel}","templated":true}]}}