{"id":11271,"date":"2021-01-14T09:27:17","date_gmt":"2021-01-14T08:27:17","guid":{"rendered":"http:\/\/nowyduninow.info.pl\/?page_id=11271"},"modified":"2021-02-04T10:22:53","modified_gmt":"2021-02-04T09:22:53","slug":"covid","status":"publish","type":"page","link":"https:\/\/nowyduninow.info.pl\/archiwum\/?page_id=11271","title":{"rendered":"Szczepienia przeciw SARS-CoV-2"},"content":{"rendered":"<p style=\"text-align: justify;\"><span style=\"color: #800000;\"><strong>AKTUALNO\u015aCI:<\/strong><\/span><\/p>\n<div class=\"editor-content\">\n<h3>Harmonogram rejestracji<\/h3>\n<div>\n<p>Na konkretny termin szczepienia mog\u0105 zarejestrowa\u0107 si\u0119:<\/p>\n<ul>\n<li>od 15 stycznia 2021 r. osoby, kt\u00f3re sko\u0144czy\u0142y <strong>80 lat<\/strong><\/li>\n<li>od 22 stycznia 2021 r. osoby, kt\u00f3re sko\u0144czy\u0142y <strong>70 lat<\/strong><\/li>\n<\/ul>\n<p>Szczepienia dla tych os\u00f3b rozpoczn\u0105 si\u0119 25 stycznia 2021 r. Informacje jak zarejestrowa\u0107 si\u0119 na szczepienie znajduj\u0105 si\u0119 na stronie <a href=\"https:\/\/www.gov.pl\/web\/szczepimysie\/rejestracja\">https:\/\/www.gov.pl\/web\/szczepimysie\/rejestracja<\/a>.<\/p>\n<\/div>\n<h3>Zg\u0142oszenia dla os\u00f3b 18-69 lat<\/h3>\n<div>\n<p>Od 15 stycznia aktywny jest formularz zg\u0142oszenia na szczepienie. Osoby, kt\u00f3re wy\u015bl\u0105 zg\u0142oszenia, otrzymaj\u0105 wiadomo\u015b\u0107 mailow\u0105 z informacj\u0105 o wystawieniu e-skierowania w momencie kiedy ruszy rejestracja na szczepienia dla ich grupy. Wtedy b\u0119dzie mo\u017cliwe zarejestrowanie si\u0119 na konkretny termin.<\/p>\n<p>Szczeg\u00f3\u0142owe informacje jak zg\u0142osi\u0107 si\u0119 na szczepienia znajduj\u0105 si\u0119 na stronie: <a href=\"https:\/\/www.gov.pl\/web\/szczepimysie\/zgloszenia\">https:\/\/www.gov.pl\/web\/szczepimysie\/zgloszenia<\/a>.<\/p>\n<p>(PODANO ZA: https:\/\/www.gov.pl\/web\/uw-mazowiecki\/narodowy-program-szczepien-w-wojewodztwie-mazowieckim)<\/p>\n<\/div>\n<\/div>\n<hr \/>\n<p style=\"text-align: justify;\"><span style=\"color: #800000;\"><strong>PODSTAWOWE INFORMACJE:<\/strong><\/span><\/p>\n<p style=\"text-align: justify;\">W zwi\u0105zku z rozpocz\u0119ciem szczepie\u0144 przeciwko wirusowi\u00a0 SARS-CoV-2 na terenie gminy Nowy Dunin\u00f3w, w\u00f3jt gminy Nowy Dunin\u00f3w informuje, \u017ce osoby niepe\u0142nosprawne i starsze, kt\u00f3re nie maj\u0105 mo\u017cliwo\u015bci zorganizowania transportu do punktu szczepie\u0144 we w\u0142asnym zakresie, mog\u0105 skorzysta\u0107 z transportu gminnego lub transportu, kt\u00f3rym dysponuj\u0105 OSP.<\/p>\n<hr \/>\n<p><span style=\"color: #800000;\">Infolinia dotycz\u0105ca przewoz\u00f3w: <strong>24\/362-78-67.<\/strong><\/span><\/p>\n<p><strong>Zg\u0142oszenia<\/strong> przyjmowane b\u0119d\u0105 w godz.:<\/p>\n<p>poniedzia\u0142ek, wtorek, czwartek, pi\u0105tek w godz. <strong>8.00 &#8211; 15.00<\/strong><\/p>\n<p>\u015broda w godz. <strong>9.00 &#8211; 16.00<\/strong><\/p>\n<hr \/>\n<p><strong><span style=\"color: #800000;\">Koordynator ds. szczepie\u0144 przeciw SARS-CoV-2 Aleksandra \u017b\u00f3\u0142towska. Tel. 24\/261-02-36 wew. 101; e-mail: ug@nowyduninow.info.pl.<\/span><\/strong><\/p>\n","protected":false},"excerpt":{"rendered":"<p>AKTUALNO\u015aCI:<\/p>\n<p>Harmonogram rejestracji<\/p>\n<p>Na konkretny termin szczepienia mog\u0105 zarejestrowa\u0107 si\u0119:<\/p>\n<p>\tod 15 stycznia 2021 r. osoby, kt\u00f3re sko\u0144czy\u0142y 80 lat<br \/>\n\tod 22 stycznia 2021 r. osoby, kt\u00f3re sko\u0144czy\u0142y 70 lat<\/p>\n<p>Szczepienia dla tych os\u00f3b rozpoczn\u0105 si\u0119 25 stycznia 2021 r. Informacje jak  [&#8230;]<\/p>\n","protected":false},"author":1,"featured_media":0,"parent":0,"menu_order":0,"comment_status":"closed","ping_status":"closed","template":"","meta":[],"_links":{"self":[{"href":"https:\/\/nowyduninow.info.pl\/archiwum\/index.php?rest_route=\/wp\/v2\/pages\/11271"}],"collection":[{"href":"https:\/\/nowyduninow.info.pl\/archiwum\/index.php?rest_route=\/wp\/v2\/pages"}],"about":[{"href":"https:\/\/nowyduninow.info.pl\/archiwum\/index.php?rest_route=\/wp\/v2\/types\/page"}],"author":[{"embeddable":true,"href":"https:\/\/nowyduninow.info.pl\/archiwum\/index.php?rest_route=\/wp\/v2\/users\/1"}],"replies":[{"embeddable":true,"href":"https:\/\/nowyduninow.info.pl\/archiwum\/index.php?rest_route=%2Fwp%2Fv2%2Fcomments&post=11271"}],"version-history":[{"count":7,"href":"https:\/\/nowyduninow.info.pl\/archiwum\/index.php?rest_route=\/wp\/v2\/pages\/11271\/revisions"}],"predecessor-version":[{"id":11339,"href":"https:\/\/nowyduninow.info.pl\/archiwum\/index.php?rest_route=\/wp\/v2\/pages\/11271\/revisions\/11339"}],"wp:attachment":[{"href":"https:\/\/nowyduninow.info.pl\/archiwum\/index.php?rest_route=%2Fwp%2Fv2%2Fmedia&parent=11271"}],"curies":[{"name":"wp","href":"https:\/\/api.w.org\/{rel}","templated":true}]}}