{"id":10692,"date":"2020-08-07T09:34:04","date_gmt":"2020-08-07T07:34:04","guid":{"rendered":"http:\/\/nowyduninow.info.pl\/?page_id=10692"},"modified":"2020-08-21T11:59:17","modified_gmt":"2020-08-21T09:59:17","slug":"powszechny-spis-rolny","status":"publish","type":"page","link":"https:\/\/nowyduninow.info.pl\/archiwum\/?page_id=10692","title":{"rendered":"Powszechny Spis Rolny"},"content":{"rendered":"<p style=\"text-align: justify;\"><a href=\"https:\/\/spisrolny.gov.pl\/\"><img decoding=\"async\" loading=\"lazy\" class=\"aligncenter size-full wp-image-10739\" src=\"https:\/\/nowyduninow.info.pl\/archiwum\/wp-content\/uploads\/2020\/08\/Pakiet-2-zakres-pyta\u0144-grafika-do-wpisu_534.png\" alt=\"spisrolny.gov.pl\" width=\"534\" height=\"281\" \/><\/a><br \/>\n<strong>Powszechny Spis Rolny 2020 \u2013 jakie b\u0119d\u0105 pytania?<\/strong><br \/>\nWyniki spisu rolnego s\u0105 jedynym \u017ar\u00f3d\u0142em pozwalaj\u0105cym dok\u0142adnie scharakteryzowa\u0107 polskie rolnictwo, a zebrane dane pos\u0142u\u017c\u0105 w\u0142adzom lokalnym i centralnym do podejmowania trafnych decyzji strategicznych. Dlatego udzia\u0142 w spisie oraz udzielenie dok\u0142adnych, wyczerpuj\u0105cych i zgodnych z prawd\u0105 odpowiedzi jest w najlepszym interesie samych rolnik\u00f3w.<br \/>\nFormularz spisowy Powszechnego Spisu Rolnego jest podzielony na 11 dzia\u0142\u00f3w. Nale\u017cy pami\u0119ta\u0107, \u017ce nie wszystkie pytania, czy nawet ca\u0142e dzia\u0142y b\u0119d\u0105 dotyczy\u0107 danego gospodarstwa rolnego.<br \/>\nSpis rolny zostanie przeprowadzony od 1 wrze\u015bnia do 30 listopada 2020 r, ale pytania spisowe b\u0119d\u0105 dotyczy\u0107 stanu na dzie\u0144 1 czerwca 2020 r. lub za okres 12 miesi\u0119cy liczony od 2 czerwca 2019 r. do 1 czerwca 2020 r. w\u0142\u0105cznie. Warto po\u015bwi\u0119ci\u0107 chwil\u0119 na przypomnienie sobie i przygotowanie niezb\u0119dnych informacji przed rozpocz\u0119ciem spisu.<br \/>\n<strong>Zakres tematyczny formularza spisowego (dzia\u0142y):<\/strong><br \/>\n\u2013 u\u017cytkowanie grunt\u00f3w;<br \/>\n\u2013 powierzchnia zasiew\u00f3w;<br \/>\n\u2013 zwierz\u0119ta gospodarskie;<br \/>\n\u2013 nawo\u017cenie;<br \/>\n\u2013 ochrona ro\u015blin;<br \/>\n\u2013 budynki gospodarskie;<br \/>\n\u2013 ci\u0105gniki, maszyny i urz\u0105dzenia rolnicze;<br \/>\n\u2013 dzia\u0142alno\u015b\u0107 gospodarcza;<br \/>\n\u2013 struktura dochod\u00f3w gospodarstwa domowego z u\u017cytkownikiem gospodarstwa indywidualnego;<br \/>\n\u2013 aktywno\u015b\u0107 ekonomiczna;<br \/>\n\u2013 ch\u00f3w i hodowla ryb.<\/p>\n<p><span style=\"color: #ff0000;\">Szczeg\u00f3\u0142owy opis poszczeg\u00f3lnych dzia\u0142\u00f3w:<a style=\"color: #ff0000;\" title=\"Spis rolny - warto wiedzie\u0107\" href=\"https:\/\/spisrolny.gov.pl\/warto-wiedziec#sppb-addon-wrapper-1595423106376\" target=\"_blank\"> https:\/\/spisrolny.gov.pl\/warto-wiedziec#sppb-addon-wrapper-1595423106376<\/a><\/span><\/p>\n<p style=\"text-align: justify;\"><strong><span style=\"color: #ff0000;\">WA\u017bNE!<\/span> <\/strong>W spisie nie b\u0119dzie pyta\u0144 o maj\u0105tek rolnik\u00f3w ani o wysoko\u015b\u0107 dochod\u00f3w. W przypadku dochod\u00f3w wymagane b\u0119dzie tylko podanie informacji, jaki w przybli\u017ceniu procentowy udzia\u0142 stanowi\u0105 dochody z prowadzonej dzia\u0142alno\u015bci rolniczej, dzia\u0142alno\u015bci pozarolniczej, pracy najemnej i \u017ar\u00f3de\u0142 niezarobkowych, takich jak emerytury i renty.<br \/>\nWi\u0119cej informacji o spisie na stronie <a title=\"Wi\u0119cej informacji na temat spisu rolnego na stronie https:\/\/spisrolny.gov.pl\" href=\"https:\/\/spisrolny.gov.pl\" target=\"_blank\">https:\/\/spisrolny.gov.pl<\/a><\/p>\n<hr \/>\n<hr \/>\n<p><strong>Chcesz zapyta\u0107 o spis rolny? Zadzwo\u0144!<\/strong><\/p>\n<p>Od 17 sierpnia pod numerem 22 279 99 99 b\u0119dzie dzia\u0142a\u0107 specjalna infolinia Powszechnego Spisu Rolnego 2020.<br \/>\nW sierpniu uruchomiony zostanie nowy kana\u0142 infolinii statystycznej (nr 1) po\u015bwi\u0119cony informacjom o Powszechnym Spisie Rolnym 2020. Zach\u0119camy do skorzystania z tej mo\u017cliwo\u015bci komunikacji wszystkich mieszka\u0144c\u00f3w zainteresowanych informacjami o terminach, metodach spisowych i zakresie pyta\u0144 formularza spisowego.<\/p>\n<p><a href=\"https:\/\/spisrolny.gov.pl\"><img decoding=\"async\" loading=\"lazy\" class=\"aligncenter size-full wp-image-10737\" src=\"https:\/\/nowyduninow.info.pl\/archiwum\/wp-content\/uploads\/2020\/08\/Pakiet-2-infolinia-spisowa-grafika-do-wpisu_534.png\" alt=\"Pakiet 2 infolinia spisowa - grafika do wpisu_534\" width=\"534\" height=\"281\" \/><\/a><\/p>\n<p>We wrze\u015bniu infolinia umo\u017cliwi r\u00f3wnie\u017c przeprowadzenie spisu przez telefon. U\u017cytkownicy gospodarstw rolnych, kt\u00f3rzy z wa\u017cnych powod\u00f3w nie skorzystaj\u0105 z obowi\u0105zkowego samospisu internetowego, b\u0119d\u0105 mogli spisa\u0107 si\u0119 podczas rozmowy z rachmistrzem telefonicznym.<\/p>\n<p>Wi\u0119cej informacji o spisie na stronie <a title=\"Wi\u0119cej informacji na temat spisu rolnego na stronie https:\/\/spisrolny.gov.pl\" href=\"https:\/\/spisrolny.gov.pl\" target=\"_blank\">https:\/\/spisrolny.gov.pl<\/a><\/p>\n<hr \/>\n<hr \/>\n<div id=\"attachment_10690\" style=\"width: 544px\" class=\"wp-caption aligncenter\"><a href=\"https:\/\/spisrolny.gov.pl\/\"><img aria-describedby=\"caption-attachment-10690\" decoding=\"async\" loading=\"lazy\" class=\"size-full wp-image-10690\" src=\"https:\/\/nowyduninow.info.pl\/archiwum\/wp-content\/uploads\/2020\/08\/Grafika-do-wpisu-w-aktualno\u015bciach-na-stronie-gminy_534.png\" alt=\"#LiczySi\u0119Rolnictwo\" width=\"534\" height=\"279\" \/><\/a><p id=\"caption-attachment-10690\" class=\"wp-caption-text\">#LiczySi\u0119Rolnictwo<\/p><\/div>\n<p><strong>Rolniku, wype\u0142nij obowi\u0105zek i we\u017a udzia\u0142 w spisie!<\/strong><\/p>\n<p><strong>Po zako\u0144czeniu \u017cniw rolnicy z ca\u0142ej Polski b\u0119d\u0105 mieli jeszcze jeden bardzo wa\u017cny obowi\u0105zek do wype\u0142nienia. Chodzi o Powszechny Spis Rolny, kt\u00f3ry potrwa od 1 wrze\u015bnia do 30 listopada br. Nie trzeba czeka\u0107 na wizyt\u0119 rachmistrza \u2013 warto spisa\u0107 si\u0119 samemu przez Internet lub um\u00f3wi\u0107 si\u0119 na spis telefoniczny. <\/strong><\/p>\n<p>Powszechny Spis Rolny 2020 obejmie wszystkie gospodarstwa rolne w kraju. To najwa\u017cniejsze badanie polskiego rolnictwa \u2013 jego ostatnia edycja odby\u0142a si\u0119 10 lat temu. Przygotowania do spisu trwaj\u0105 w ca\u0142ym kraju, r\u00f3wnie\u017c w naszej gminie.<\/p>\n<p><strong>Organizacja spisu w naszej gminie <\/strong><\/p>\n<p>Spis rolny rozpocznie si\u0119 we wrze\u015bniu, ale intensywne prace przygotowawcze trwaj\u0105 ju\u017c od d\u0142u\u017cszego czasu. Opr\u00f3cz GUS i Urz\u0119du Statystycznego w Warszawie, kt\u00f3ry nadzoruje organizacj\u0119 spisu na Mazowszu, do pracy w\u0142\u0105czy\u0142 si\u0119 samorz\u0105d lokalny, w tym r\u00f3wnie\u017c nasza gmina. Utworzone zosta\u0142o Gminne Biuro Spisowe, kt\u00f3re odpowiada m.in. za przeprowadzenie naboru kandydat\u00f3w na rachmistrz\u00f3w, organizacj\u0119 gminnego punktu spisowego oraz popularyzacj\u0119 spisu w naszej gminie.<\/p>\n<p>Jednym z najwa\u017cniejszych zada\u0144 Gminnego Biura Spisowego jest przeprowadzenie rekrutacji rachmistrz\u00f3w spisowych. Kandydaci do pracy w naszej gminie maj\u0105 obowi\u0105zek odby\u0107 odpowiednie szkolenie zako\u0144czone egzaminem. Osoby, kt\u00f3re zdadz\u0105 egzamin z najlepszymi wynikami w gminie, w pa\u017adzierniku rozpoczn\u0105 prac\u0119 w terenie.<\/p>\n<p><strong>Dlaczego TRZEBA i WARTO si\u0119 spisa\u0107?<\/strong><\/p>\n<p>Udzia\u0142 w spisie rolnym jest obowi\u0105zkowy. Osoby uchylaj\u0105ce si\u0119 od tego obowi\u0105zku zgodnie z ustaw\u0105 o statystyce publicznej mog\u0105 podlega\u0107 odpowiednim sankcjom. Rolnicy nie maj\u0105 zreszt\u0105 powod\u00f3w do unikania spisu: pytania dotycz\u0105 wy\u0142\u0105cznie danego gospodarstwa i prowadzonej produkcji. Nie ma te\u017c pyta\u0144 o wysoko\u015b\u0107 dochod\u00f3w rolnika, tylko o ich struktur\u0119.<\/p>\n<p>Z punktu widzenia ka\u017cdego rolnika warto sobie u\u015bwiadomi\u0107, \u017ce Powszechny Spis Rolny &#8211; jako badanie obejmuj\u0105ce wszystkie gospodarstwa rolne w kraju &#8211; jest jedynym \u017ar\u00f3d\u0142em informacji pozwalaj\u0105cym na ocen\u0119 stanu polskiego rolnictwa. Dzi\u0119ki niemu mo\u017cemy zdiagnozowa\u0107 bie\u017c\u0105c\u0105 sytuacj\u0119, ale te\u017c zaobserwowa\u0107 zmiany, jakie zasz\u0142y na przestrzeni ostatnich 10 lat w strukturze i dzia\u0142alno\u015bci gospodarstw rolnych.<\/p>\n<p>Zebrane podczas spis\u00f3w rolnych dane s\u0105 wykorzystywane przez instytucje rz\u0105dowe i samorz\u0105dowe \u2013 w tym r\u00f3wnie\u017c przez nasz\u0105 gmin\u0119. Dzi\u0119ki tym danym mo\u017cemy podejmowa\u0107 dzia\u0142ania wspieraj\u0105ce naszych rolnik\u00f3w na poziomie lokalnym. Tym samym poprzez udzia\u0142 w spisie rolnicy po\u015brednio zyskuj\u0105 realny wp\u0142yw na zmiany zachodz\u0105ce w najbli\u017cszym otoczeniu.<\/p>\n<p>Nie mo\u017cna te\u017c zapomina\u0107 o korzy\u015bciach p\u0142yn\u0105cych ze spisu w kontek\u015bcie unijnej polityki rolnej. Jak ka\u017cde pa\u0144stwo UE, Polska jest zobowi\u0105zana do przeprowadzenia spisu rolnego co 10 lat i w podobnym okresie, co inne pa\u0144stwa cz\u0142onkowskie. Chodzi o to, aby zebrane dane by\u0142y por\u00f3wnywalne dla ca\u0142ej Unii. Jest to wa\u017cne przy kszta\u0142towaniu wsp\u00f3lnej polityki rolnej, czyli np. ustalaniu dop\u0142at dla rolnik\u00f3w.<\/p>\n<p><strong>Jakie b\u0119d\u0105 pytania?<\/strong><\/p>\n<p>W spisie rolnym b\u0119d\u0105 zbierane dane dotycz\u0105ce m.in.: po\u0142o\u017cenia i powierzchni gospodarstwa, produkcji ekologicznej, rodzaju u\u017cytkowanych grunt\u00f3w, upraw, zu\u017cycia nawoz\u00f3w, pog\u0142owia zwierz\u0105t gospodarskich, rodzaju budynk\u00f3w gospodarskich, a tak\u017ce wk\u0142adu pracy w gospodarstwo rolne u\u017cytkownika i cz\u0142onk\u00f3w jego gospodarstwa domowego oraz pracownik\u00f3w najemnych. Warto zawczasu przygotowa\u0107 niezb\u0119dne dokumenty i mie\u0107 je przy sobie podczas wype\u0142niania formularza.<\/p>\n<p>Formularz spisowy ma form\u0119 elektroniczn\u0105 i liczba pyta\u0144 b\u0119dzie zale\u017ce\u0107 od dzia\u0142alno\u015bci gospodarstwa. Je\u015bli dany rolnik ogranicza si\u0119 do produkcji na w\u0142asne potrzeby i ma niewiele upraw czy inwentarza \u017cywego, to b\u0119dzie musia\u0142 odpowiedzie\u0107 na mniej pyta\u0144 ni\u017c u\u017cytkownik du\u017cego gospodarstwa o zr\u00f3\u017cnicowanej strukturze produkcyjnej.<\/p>\n<p>W razie w\u0105tpliwo\u015bci co do tre\u015bci czy zakresu pyta\u0144 nale\u017cy si\u0119 skontaktowa\u0107 z infolini\u0105 spisow\u0105: <strong>22 279 99 99<\/strong><\/p>\n<p><strong>Zachowaj list od Prezesa GUS!<\/strong><\/p>\n<p>Ka\u017cdy u\u017cytkownik gospodarstwa rolnego otrzyma jeszcze przed rozpocz\u0119ciem Powszechnego Spisu Rolnego list podpisany przez Prezesa G\u0142\u00f3wnego Urz\u0119du Statystycznego. Opr\u00f3cz informacji skierowanej do odbiorcy o ci\u0105\u017c\u0105cym na nim obowi\u0105zku spisania si\u0119, list zawiera wa\u017cne informacje potrzebne do logowania si\u0119 w aplikacji spisowej. Dlatego pismo Prezesa GUS nale\u017cy zachowa\u0107 &#8211; przynajmniej do momentu pomy\u015blnego zako\u0144czenia samospisu internetowego.<\/p>\n<p><strong>Najlepiej przez Internet \u2013 w domu lub w naszym Urz\u0119dzie <\/strong><\/p>\n<p>Samospis internetowy to kluczowa metoda spisowa i o niej w pierwszej kolejno\u015bci powinni pomy\u015ble\u0107 rolnicy. Jest to metoda wygodna, poniewa\u017c spisa\u0107 si\u0119 mo\u017cna samodzielnie w domu przez komputer lub telefon z dost\u0119pem do Internetu, w dogodnym dla siebie momencie. W obecnej sytuacji samospis internetowy ma t\u0119 wielk\u0105 przewag\u0105 nad bezpo\u015bredni\u0105 rozmow\u0105 z rachmistrzem, \u017ce nie wymaga kontaktu z osobami z zewn\u0105trz.<\/p>\n<p>Dla rolnik\u00f3w, kt\u00f3rzy nie posiadaj\u0105 komputera lub telefonu z dost\u0119pem do Internetu, planowane jest przygotowanie na czas spisu Gminnego Punktu Spisowego, w kt\u00f3rym b\u0119dzie mo\u017cna si\u0119 spisa\u0107 samodzielnie.<\/p>\n<p>Je\u015bli rolnik z jakich\u015b wa\u017cnych powod\u00f3w nie mo\u017ce lub nie chce spisa\u0107 si\u0119 przez Internet, powinien zadzwoni\u0107 na infolini\u0119 spisow\u0105 i spisa\u0107 si\u0119 przez telefon.<\/p>\n<p><strong>Rachmistrze w terenie<\/strong><\/p>\n<p>Je\u015bli rolnik nie skorzysta z \u017cadnej z obu wspomnianych opcji (Internet lub telefon), mo\u017ce spodziewa\u0107 si\u0119 wizyty rachmistrza terenowego. Rolnicy powinni pami\u0119ta\u0107, \u017ce w takim przypadku nie b\u0119d\u0105 ju\u017c mogli odm\u00f3wi\u0107 udzielenia odpowiedzi i prze\u0142o\u017cy\u0107 spisu na inny termin.<\/p>\n<p>Rachmistrz b\u0119dzie mia\u0142 przy sobie specjalny identyfikator wydany przez Urz\u0105d Statystyczny w Warszawie. \u00a0W razie w\u0105tpliwo\u015bci mo\u017cna zweryfikowa\u0107 to\u017csamo\u015b\u0107 rachmistrza dzwoni\u0105c na infolini\u0119 spisow\u0105: <strong>22 279 99 99.<\/strong><\/p>\n<p><strong>Dane b\u0119d\u0105 bezpieczne<\/strong><\/p>\n<p>Zebrane podczas spisu dane chronione s\u0105 tajemnic\u0105 statystyczn\u0105: pod \u017cadnym pozorem, nawet na wniosek organ\u00f3w \u015bcigania, nie mo\u017cna ujawnia\u0107 jednostkowych danych podanych w trakcie bada\u0144 realizowanych na rzecz statystyki publicznej. Obowi\u0105zek zachowania tajemnicy jest na\u0142o\u017cony na wszystkich rachmistrz\u00f3w i pracownik\u00f3w statystyki publicznej.<\/p>\n<p><strong>Spis rolny wa\u017cny dla nas wszystkich<\/strong><\/p>\n<p>Spis rolny jest wydarzeniem o du\u017cym znaczeniu, r\u00f3wnie\u017c dla os\u00f3b nie maj\u0105cych z rolnictwem czy wsi\u0105 wiele wsp\u00f3lnego. Epidemia koronawirusa przypomnia\u0142a nam, jak wa\u017cne jest zapewnienie bezpiecze\u0144stwa \u017cywno\u015bciowego. To przecie\u017c w g\u0142\u00f3wnej mierze rola rolnictwa. Warto wi\u0119c wspiera\u0107 spis rolny, nawet je\u015bli nie jeste\u015bmy rolnikami i nie bierzemy udzia\u0142u w spisie. Mo\u017cna to zrobi\u0107 chocia\u017cby poprzez udost\u0119pnianie informacji o Powszechnym Spisie Rolnym 2020 na swoim profilu w mediach spo\u0142eczno\u015bciowych.<\/p>\n<p>Do aktywnego wspierania promocji spisu rolnego zach\u0119camy zw\u0142aszcza te osoby, kt\u00f3re s\u0105 zaanga\u017cowane w \u017cycie naszej spo\u0142eczno\u015bci lokalnej i udzielaj\u0105 si\u0119 w organizacjach, ko\u0142ach i grupach dzia\u0142aj\u0105cych w naszej gminie. Dzi\u0119ki swojej aktywno\u015bci i bogatej siatce kontakt\u00f3w mog\u0105 dociera\u0107 z najwa\u017cniejszymi informacjami o spisie rolnym do naszych rolnik\u00f3w i ich rodzin.<\/p>\n<p>&nbsp;<\/p>\n<p>PODSTAWOWE INFORMACJE O POWSZECHNYM SPISIE ROLNYM 2020<\/p>\n<p>Termin trwania: 1 wrze\u015bnia \u2013 30 listopada 2020 r., dane zbierane wg stanu na 1 czerwca 2020 r.<\/p>\n<p>Metody spisowe:<br \/>\n1) samospis internetowy,<br \/>\n&#8211; je\u015bli kto\u015b nie posiada odpowiedniego sprz\u0119tu lub Internetu, powinien skorzysta\u0107 z Gminnego Punktu Spisowego w naszym Urz\u0119dzie<br \/>\n2) spis przez telefon,<br \/>\n3) wywiad bezpo\u015bredni z rachmistrzem terenowym (rachmistrze rozpoczn\u0105 prac\u0119 1 pa\u017adziernika 2020 r.).<\/p>\n<p>Infolinia spisowa: 22 279 99 99<\/p>\n<p>Wi\u0119cej informacji o Powszechnym Spisie Rolnym 2020: <a href=\"https:\/\/spisrolny.gov.pl\/\">https:\/\/spisrolny.gov.pl\/<\/a><\/p>\n","protected":false},"excerpt":{"rendered":"<p>Powszechny Spis Rolny 2020 \u2013 jakie b\u0119d\u0105 pytania?<br \/>\nWyniki spisu rolnego s\u0105 jedynym \u017ar\u00f3d\u0142em pozwalaj\u0105cym dok\u0142adnie scharakteryzowa\u0107 polskie rolnictwo, a zebrane dane pos\u0142u\u017c\u0105 w\u0142adzom lokalnym i centralnym do podejmowania trafnych decyzji strategicznych. Dlatego udzia\u0142 w spisie oraz udzielenie  [&#8230;]<\/p>\n","protected":false},"author":1,"featured_media":0,"parent":0,"menu_order":0,"comment_status":"closed","ping_status":"closed","template":"","meta":[],"_links":{"self":[{"href":"https:\/\/nowyduninow.info.pl\/archiwum\/index.php?rest_route=\/wp\/v2\/pages\/10692"}],"collection":[{"href":"https:\/\/nowyduninow.info.pl\/archiwum\/index.php?rest_route=\/wp\/v2\/pages"}],"about":[{"href":"https:\/\/nowyduninow.info.pl\/archiwum\/index.php?rest_route=\/wp\/v2\/types\/page"}],"author":[{"embeddable":true,"href":"https:\/\/nowyduninow.info.pl\/archiwum\/index.php?rest_route=\/wp\/v2\/users\/1"}],"replies":[{"embeddable":true,"href":"https:\/\/nowyduninow.info.pl\/archiwum\/index.php?rest_route=%2Fwp%2Fv2%2Fcomments&post=10692"}],"version-history":[{"count":5,"href":"https:\/\/nowyduninow.info.pl\/archiwum\/index.php?rest_route=\/wp\/v2\/pages\/10692\/revisions"}],"predecessor-version":[{"id":10745,"href":"https:\/\/nowyduninow.info.pl\/archiwum\/index.php?rest_route=\/wp\/v2\/pages\/10692\/revisions\/10745"}],"wp:attachment":[{"href":"https:\/\/nowyduninow.info.pl\/archiwum\/index.php?rest_route=%2Fwp%2Fv2%2Fmedia&parent=10692"}],"curies":[{"name":"wp","href":"https:\/\/api.w.org\/{rel}","templated":true}]}}